{"id":4357,"date":"2020-03-10T16:35:53","date_gmt":"2020-03-10T13:35:53","guid":{"rendered":"https:\/\/nillsestheticcenter.com\/de\/?page_id=4357"},"modified":"2020-04-25T13:22:03","modified_gmt":"2020-04-25T10:22:03","slug":"augenbrauenverpflanzung","status":"publish","type":"page","link":"https:\/\/nillsestheticcenter.com\/de\/augenbrauenverpflanzung\/","title":{"rendered":"Augenbrauenverpflanzung"},"content":{"rendered":"\t\t<div data-elementor-type=\"wp-post\" data-elementor-id=\"4357\" class=\"elementor elementor-4357\" data-elementor-settings=\"[]\">\n\t\t\t<div class=\"elementor-inner\">\n\t\t\t\t<div class=\"elementor-section-wrap\">\n\t\t\t\t\t\t\t<section class=\"elementor-element elementor-element-d5b672e elementor-section-content-top ov-h elementor-section-boxed elementor-section-height-default elementor-section-height-default elementor-section elementor-top-section\" data-id=\"d5b672e\" data-element_type=\"section\" data-settings=\"{&quot;ekit_section_parallax_multi&quot;:&quot;yes&quot;,&quot;ekit_section_parallax_multi_items&quot;:[{&quot;parallax_style&quot;:&quot;onscroll&quot;,&quot;item_source&quot;:&quot;image&quot;,&quot;image&quot;:{&quot;url&quot;:&quot;https:\\\/\\\/nillsestheticcenter.com\\\/de\\\/wp-content\\\/uploads\\\/2019\\\/09\\\/about-info-bg-left.png&quot;,&quot;id&quot;:1722},&quot;shape&quot;:null,&quot;shape_color&quot;:null,&quot;width_type&quot;:&quot;&quot;,&quot;width_type_tablet&quot;:&quot;&quot;,&quot;width_type_mobile&quot;:&quot;&quot;,&quot;custom_width&quot;:null,&quot;custom_width_tablet&quot;:null,&quot;custom_width_mobile&quot;:null,&quot;source_rotate&quot;:{&quot;unit&quot;:&quot;deg&quot;,&quot;size&quot;:0,&quot;sizes&quot;:[]},&quot;source_rotate_tablet&quot;:{&quot;unit&quot;:&quot;px&quot;,&quot;size&quot;:&quot;&quot;,&quot;sizes&quot;:[]},&quot;source_rotate_mobile&quot;:{&quot;unit&quot;:&quot;px&quot;,&quot;size&quot;:&quot;&quot;,&quot;sizes&quot;:[]},&quot;pos_x&quot;:{&quot;unit&quot;:&quot;%&quot;,&quot;size&quot;:0,&quot;sizes&quot;:[]},&quot;pos_x_tablet&quot;:{&quot;unit&quot;:&quot;px&quot;,&quot;size&quot;:&quot;&quot;,&quot;sizes&quot;:[]},&quot;pos_x_mobile&quot;:{&quot;unit&quot;:&quot;px&quot;,&quot;size&quot;:&quot;&quot;,&quot;sizes&quot;:[]},&quot;pos_y&quot;:{&quot;unit&quot;:&quot;%&quot;,&quot;size&quot;:0,&quot;sizes&quot;:[]},&quot;pos_y_tablet&quot;:{&quot;unit&quot;:&quot;px&quot;,&quot;size&quot;:&quot;&quot;,&quot;sizes&quot;:[]},&quot;pos_y_mobile&quot;:{&quot;unit&quot;:&quot;px&quot;,&quot;size&quot;:&quot;&quot;,&quot;sizes&quot;:[]},&quot;animation&quot;:null,&quot;animation_tablet&quot;:null,&quot;animation_mobile&quot;:null,&quot;item_opacity&quot;:&quot;1&quot;,&quot;animation_speed&quot;:null,&quot;animation_iteration_count&quot;:null,&quot;animation_direction&quot;:null,&quot;parallax_speed&quot;:null,&quot;parallax_transform&quot;:&quot;translateY&quot;,&quot;parallax_transform_value&quot;:&quot;250&quot;,&quot;smoothness&quot;:&quot;700&quot;,&quot;offsettop&quot;:&quot;0&quot;,&quot;offsetbottom&quot;:&quot;0&quot;,&quot;maxtilt&quot;:null,&quot;scale&quot;:null,&quot;disableaxis&quot;:null,&quot;zindex&quot;:0,&quot;_id&quot;:&quot;3eee3c3&quot;,&quot;parallax_blur_effect&quot;:{&quot;unit&quot;:&quot;px&quot;,&quot;size&quot;:0,&quot;sizes&quot;:[]},&quot;parallax_blur_effect_tablet&quot;:{&quot;unit&quot;:&quot;px&quot;,&quot;size&quot;:&quot;&quot;,&quot;sizes&quot;:[]},&quot;parallax_blur_effect_mobile&quot;:{&quot;unit&quot;:&quot;px&quot;,&quot;size&quot;:&quot;&quot;,&quot;sizes&quot;:[]}},{&quot;parallax_style&quot;:&quot;onscroll&quot;,&quot;item_source&quot;:&quot;image&quot;,&quot;image&quot;:{&quot;url&quot;:&quot;https:\\\/\\\/nillsestheticcenter.com\\\/de\\\/wp-content\\\/uploads\\\/2019\\\/09\\\/about-info-bg-right.png&quot;,&quot;id&quot;:1721},&quot;shape&quot;:null,&quot;shape_color&quot;:null,&quot;width_type&quot;:&quot;&quot;,&quot;width_type_tablet&quot;:&quot;&quot;,&quot;width_type_mobile&quot;:&quot;&quot;,&quot;custom_width&quot;:null,&quot;custom_width_tablet&quot;:null,&quot;custom_width_mobile&quot;:null,&quot;source_rotate&quot;:{&quot;unit&quot;:&quot;deg&quot;,&quot;size&quot;:0,&quot;sizes&quot;:[]},&quot;source_rotate_tablet&quot;:{&quot;unit&quot;:&quot;px&quot;,&quot;size&quot;:&quot;&quot;,&quot;sizes&quot;:[]},&quot;source_rotate_mobile&quot;:{&quot;unit&quot;:&quot;px&quot;,&quot;size&quot;:&quot;&quot;,&quot;sizes&quot;:[]},&quot;pos_x&quot;:{&quot;unit&quot;:&quot;%&quot;,&quot;size&quot;:90,&quot;sizes&quot;:[]},&quot;pos_x_tablet&quot;:{&quot;unit&quot;:&quot;px&quot;,&quot;size&quot;:&quot;&quot;,&quot;sizes&quot;:[]},&quot;pos_x_mobile&quot;:{&quot;unit&quot;:&quot;px&quot;,&quot;size&quot;:&quot;&quot;,&quot;sizes&quot;:[]},&quot;pos_y&quot;:{&quot;unit&quot;:&quot;px&quot;,&quot;size&quot;:-120,&quot;sizes&quot;:[]},&quot;pos_y_tablet&quot;:{&quot;unit&quot;:&quot;px&quot;,&quot;size&quot;:&quot;&quot;,&quot;sizes&quot;:[]},&quot;pos_y_mobile&quot;:{&quot;unit&quot;:&quot;px&quot;,&quot;size&quot;:&quot;&quot;,&quot;sizes&quot;:[]},&quot;animation&quot;:null,&quot;animation_tablet&quot;:null,&quot;animation_mobile&quot;:null,&quot;item_opacity&quot;:&quot;1&quot;,&quot;animation_speed&quot;:null,&quot;animation_iteration_count&quot;:null,&quot;animation_direction&quot;:null,&quot;parallax_speed&quot;:null,&quot;parallax_transform&quot;:&quot;translateY&quot;,&quot;parallax_transform_value&quot;:&quot;250&quot;,&quot;smoothness&quot;:&quot;700&quot;,&quot;offsettop&quot;:&quot;0&quot;,&quot;offsetbottom&quot;:&quot;0&quot;,&quot;maxtilt&quot;:null,&quot;scale&quot;:null,&quot;disableaxis&quot;:null,&quot;zindex&quot;:0,&quot;_id&quot;:&quot;44a7be1&quot;,&quot;parallax_blur_effect&quot;:{&quot;unit&quot;:&quot;px&quot;,&quot;size&quot;:0,&quot;sizes&quot;:[]},&quot;parallax_blur_effect_tablet&quot;:{&quot;unit&quot;:&quot;px&quot;,&quot;size&quot;:&quot;&quot;,&quot;sizes&quot;:[]},&quot;parallax_blur_effect_mobile&quot;:{&quot;unit&quot;:&quot;px&quot;,&quot;size&quot;:&quot;&quot;,&quot;sizes&quot;:[]}}]}\">\n\t\t\t\t\t\t<div class=\"elementor-container elementor-column-gap-default\">\n\t\t\t\t<div class=\"elementor-row\">\n\t\t\t\t<div class=\"elementor-element elementor-element-ac65cc9 elementor-invisible elementor-column elementor-col-100 elementor-top-column\" data-id=\"ac65cc9\" data-element_type=\"column\" data-settings=\"{&quot;animation&quot;:&quot;fadeInUp&quot;,&quot;animation_delay&quot;:300}\">\n\t\t\t<div class=\"elementor-column-wrap  elementor-element-populated\">\n\t\t\t\t\t<div class=\"elementor-widget-wrap\">\n\t\t\t\t<div class=\"elementor-element elementor-element-65a4666 elementor-widget elementor-widget-heading\" data-id=\"65a4666\" data-element_type=\"widget\" data-widget_type=\"heading.default\">\n\t\t\t\t<div class=\"elementor-widget-container\">\n\t\t\t<h2 class=\"elementor-heading-title elementor-size-default\">Augenbrauenverpflanzung<\/h2>\t\t<\/div>\n\t\t\t\t<\/div>\n\t\t\t\t<div class=\"elementor-element elementor-element-27da09d short_desc elementor-widget elementor-widget-text-editor\" data-id=\"27da09d\" data-element_type=\"widget\" data-widget_type=\"text-editor.default\">\n\t\t\t\t<div class=\"elementor-widget-container\">\n\t\t\t\t\t<div class=\"elementor-text-editor elementor-clearfix\"><p>Ein gutes Aussehen ist f\u00fcr jedermann ein gro\u00dfer Wunsch und sehr wichtig. Der Fortschritt in der Medizin macht immer mehr neue Techniken in der \u00c4sthetik m\u00f6glich. Die Augenbrauenverpflanzung ist genauso durchf\u00fchrbar wie die Haarverpflanzung. Die Augenbrauenverpflanzung wird eingesetzt bei durch Unf\u00e4llen verursachten, Brandnarben und aufgrund von Krankheiten Verlust der Augenbrauen oder von Geburt an keine Augenbrauen. Die eigesetzte Technik f\u00fcr die Augenbrauenverpflanzung ist FUE Methode. Die FUE Methode ist eine leichte Anwendung und ist f\u00fcr jeden in jedem Alter durchf\u00fchrbar. F\u00fcr die Augenbrauenverpflanzung werden unter lokaler An\u00e4sthesie vom Hinterkopf Haarwurzeln entnommen und in die ge\u00f6ffneten Kan\u00e4le eingepflanzt. Diese Eingriffe werden ohne Einen Schnitt durchgef\u00fchrt. Bevor die Augenverpflanzung beginnt werden die Augenbrauen in der gew\u00fcnschten und dem Gesicht passenden Form zur Sicherheit des Patienten mit einem Modellstift markiert um nach dem Eingriff diese Form zu behalten.<\/p><h3><strong>Bei wem sollte eine Augenbrauenverpflanzung durchgef\u00fchrt werden?<\/strong><\/h3><p>Die Augenbrauenverpflanzung sollte bei Patienten die von Geburt an oder durch einen sp\u00e4teren anderen Grund, wenig oder gar keine Augenbrauen haben, oder mit der Form nicht gl\u00fccklich sind durchgef\u00fchrt werden. Es gibt keine Altersgrenze f\u00fcr die Augenbrauenverpflanzung.<\/p><h3><strong>Worauf muss ich bei der Augenbrauenverpflanzung achten?<\/strong><\/h3><p>Das wichtigste bei der Augenbrauenverpflanzung ist die genaue Markierung f\u00fcr die Implantate. Da es nat\u00fcrlich aussehen sollte hat es eine hohe Wichtigkeit. Daher sollte es die richtige Markierung ihrem Gesicht passend sein. Unsere fach\u00e4rztlichen plastischen Chirurgen werden Ihnen bei dieser Ihnen passenden Augenbrauenform behilflich sein und diese f\u00fcr Sie festlegen. Dies ist ein wichtiger Faktor, denn die eingepflanzten Augenbrauenhaare und die Form werden Sie ein Leben lang haben.<\/p><h3><strong>Wie wird die FUE Augenbrauenverpflanzung durchgef\u00fchrt?<\/strong><\/h3><p>Die Augenbrauenverpflanzung ist ein Eingriff mit einer lokalen An\u00e4sthesie. Die lokale An\u00e4sthesie wird zuerst am Hinterkopf f\u00fcr die Haarwurzelentnahmen verabreicht. Danach in die zu der Verpflanzung vorbereiteten markierten Augenbrauen Bereiche verabreicht. Bei der Augenbrauenverpflanzung ist der Patient in einem wachen Zustand und wird keinerlei schmerzen versp\u00fcren. Die Augenbrauenverpflanzung dauert in etwa 1 -2 Stunden Da bei der Augenbrauenverpflanzung keine Schnitte gesetzt werden haben Sie kein Infektionsrisiko und wird auch keine Narben geben.<\/p><h3><strong>Wie viele Haarwurzeln k\u00f6nnen bei der Augenbrauenverpflanzung eingesetzt werden?<\/strong><\/h3><p>Bei der Augenbrauenverpflanzung k\u00f6nnen zwischen 500 \u2013 700 Haarwurzel implantiert werden. Die Zahl kann sich durch die Art und die Fl\u00e4che f\u00fcr die Verpflanzung \u00e4ndern. Nach der Augenbrauenverpflanzung k\u00f6nnte eine weitere Behandlung notwendig sein um die Dichte der Augenbrauen voll zu erlangen.<\/p><h3><strong>Wie geht es nach der Augenbrauenverpflanzung weiter? Sind die eingesetzten Haare von Dauer?<\/strong><\/h3><p>Die eingesetzten Haare sind mit Sicherheit von Dauer. Nach der Augenbraunverpflanzung gibt es kein Duschverbot. Nach dem Eingriff kann es R\u00f6tungen geben und Krusten k\u00f6nnen sich bilden. innerhalb einer Woche werden diese verheilt sein. Um das endg\u00fcltige Ergebnis zu haben ist eine Dauer von 6 \u2013 8 Monaten notwendig.<\/p><\/div>\n\t\t\t\t<\/div>\n\t\t\t\t<\/div>\n\t\t\t\t\t\t<\/div>\n\t\t\t<\/div>\n\t\t<\/div>\n\t\t\t\t\t\t<\/div>\n\t\t\t<\/div>\n\t\t<\/section>\n\t\t\t\t\t\t<\/div>\n\t\t\t<\/div>\n\t\t<\/div>\n\t\t","protected":false},"excerpt":{"rendered":"<p>Augenbrauenverpflanzung Ein gutes Aussehen ist f\u00fcr jedermann ein gro\u00dfer Wunsch und sehr wichtig. Der Fortschritt in der Medizin macht immer mehr neue Techniken in der \u00c4sthetik m\u00f6glich. Die Augenbrauenverpflanzung ist genauso durchf\u00fchrbar wie die Haarverpflanzung. Die Augenbrauenverpflanzung wird eingesetzt bei durch Unf\u00e4llen verursachten, Brandnarben und aufgrund von Krankheiten Verlust der Augenbrauen oder von Geburt an [&hellip;]<\/p>\n","protected":false},"author":2,"featured_media":0,"parent":0,"menu_order":0,"comment_status":"closed","ping_status":"closed","template":"template\/template-page.php","meta":{"footnotes":""},"class_list":["post-4357","page","type-page","status-publish","hentry"],"yoast_head":"<!-- This site is optimized with the Yoast SEO plugin v26.6 - https:\/\/yoast.com\/wordpress\/plugins\/seo\/ -->\n<title>Augenbrauenverpflanzung | Nills Aesthetic<\/title>\n<meta name=\"robots\" content=\"index, follow, max-snippet:-1, max-image-preview:large, max-video-preview:-1\" \/>\n<link rel=\"canonical\" href=\"https:\/\/nillsestheticcenter.com\/de\/augenbrauenverpflanzung\/\" \/>\n<meta property=\"og:locale\" content=\"tr_TR\" \/>\n<meta property=\"og:type\" content=\"article\" \/>\n<meta property=\"og:title\" content=\"Augenbrauenverpflanzung | Nills Aesthetic\" \/>\n<meta property=\"og:description\" content=\"Augenbrauenverpflanzung Ein gutes Aussehen ist f\u00fcr jedermann ein gro\u00dfer Wunsch und sehr wichtig. Der Fortschritt in der Medizin macht immer mehr neue Techniken in der \u00c4sthetik m\u00f6glich. Die Augenbrauenverpflanzung ist genauso durchf\u00fchrbar wie die Haarverpflanzung. Die Augenbrauenverpflanzung wird eingesetzt bei durch Unf\u00e4llen verursachten, Brandnarben und aufgrund von Krankheiten Verlust der Augenbrauen oder von Geburt an [&hellip;]\" \/>\n<meta property=\"og:url\" content=\"https:\/\/nillsestheticcenter.com\/de\/augenbrauenverpflanzung\/\" \/>\n<meta property=\"og:site_name\" content=\"Nills Aesthetic\" \/>\n<meta property=\"article:modified_time\" content=\"2020-04-25T10:22:03+00:00\" \/>\n<meta name=\"twitter:card\" content=\"summary_large_image\" \/>\n<meta name=\"twitter:label1\" content=\"Tahmini okuma s\u00fcresi\" \/>\n\t<meta name=\"twitter:data1\" content=\"2 dakika\" \/>\n<script type=\"application\/ld+json\" class=\"yoast-schema-graph\">{\"@context\":\"https:\/\/schema.org\",\"@graph\":[{\"@type\":\"WebPage\",\"@id\":\"https:\/\/nillsestheticcenter.com\/de\/augenbrauenverpflanzung\/\",\"url\":\"https:\/\/nillsestheticcenter.com\/de\/augenbrauenverpflanzung\/\",\"name\":\"Augenbrauenverpflanzung | Nills Aesthetic\",\"isPartOf\":{\"@id\":\"https:\/\/nillsestheticcenter.com\/de\/#website\"},\"datePublished\":\"2020-03-10T13:35:53+00:00\",\"dateModified\":\"2020-04-25T10:22:03+00:00\",\"breadcrumb\":{\"@id\":\"https:\/\/nillsestheticcenter.com\/de\/augenbrauenverpflanzung\/#breadcrumb\"},\"inLanguage\":\"tr\",\"potentialAction\":[{\"@type\":\"ReadAction\",\"target\":[\"https:\/\/nillsestheticcenter.com\/de\/augenbrauenverpflanzung\/\"]}]},{\"@type\":\"BreadcrumbList\",\"@id\":\"https:\/\/nillsestheticcenter.com\/de\/augenbrauenverpflanzung\/#breadcrumb\",\"itemListElement\":[{\"@type\":\"ListItem\",\"position\":1,\"name\":\"Home\",\"item\":\"https:\/\/nillsestheticcenter.com\/de\/\"},{\"@type\":\"ListItem\",\"position\":2,\"name\":\"Augenbrauenverpflanzung\"}]},{\"@type\":\"WebSite\",\"@id\":\"https:\/\/nillsestheticcenter.com\/de\/#website\",\"url\":\"https:\/\/nillsestheticcenter.com\/de\/\",\"name\":\"Nills Aesthetic\",\"description\":\"\",\"publisher\":{\"@id\":\"https:\/\/nillsestheticcenter.com\/de\/#organization\"},\"potentialAction\":[{\"@type\":\"SearchAction\",\"target\":{\"@type\":\"EntryPoint\",\"urlTemplate\":\"https:\/\/nillsestheticcenter.com\/de\/?s={search_term_string}\"},\"query-input\":{\"@type\":\"PropertyValueSpecification\",\"valueRequired\":true,\"valueName\":\"search_term_string\"}}],\"inLanguage\":\"tr\"},{\"@type\":\"Organization\",\"@id\":\"https:\/\/nillsestheticcenter.com\/de\/#organization\",\"name\":\"Nills Aesthetic\",\"url\":\"https:\/\/nillsestheticcenter.com\/de\/\",\"logo\":{\"@type\":\"ImageObject\",\"inLanguage\":\"tr\",\"@id\":\"https:\/\/nillsestheticcenter.com\/de\/#\/schema\/logo\/image\/\",\"url\":\"https:\/\/nillsestheticcenter.com\/de\/wp-content\/uploads\/2020\/03\/logo.png\",\"contentUrl\":\"https:\/\/nillsestheticcenter.com\/de\/wp-content\/uploads\/2020\/03\/logo.png\",\"width\":267,\"height\":93,\"caption\":\"Nills Aesthetic\"},\"image\":{\"@id\":\"https:\/\/nillsestheticcenter.com\/de\/#\/schema\/logo\/image\/\"}}]}<\/script>\n<!-- \/ Yoast SEO plugin. -->","yoast_head_json":{"title":"Augenbrauenverpflanzung | Nills Aesthetic","robots":{"index":"index","follow":"follow","max-snippet":"max-snippet:-1","max-image-preview":"max-image-preview:large","max-video-preview":"max-video-preview:-1"},"canonical":"https:\/\/nillsestheticcenter.com\/de\/augenbrauenverpflanzung\/","og_locale":"tr_TR","og_type":"article","og_title":"Augenbrauenverpflanzung | Nills Aesthetic","og_description":"Augenbrauenverpflanzung Ein gutes Aussehen ist f\u00fcr jedermann ein gro\u00dfer Wunsch und sehr wichtig. Der Fortschritt in der Medizin macht immer mehr neue Techniken in der \u00c4sthetik m\u00f6glich. Die Augenbrauenverpflanzung ist genauso durchf\u00fchrbar wie die Haarverpflanzung. Die Augenbrauenverpflanzung wird eingesetzt bei durch Unf\u00e4llen verursachten, Brandnarben und aufgrund von Krankheiten Verlust der Augenbrauen oder von Geburt an [&hellip;]","og_url":"https:\/\/nillsestheticcenter.com\/de\/augenbrauenverpflanzung\/","og_site_name":"Nills Aesthetic","article_modified_time":"2020-04-25T10:22:03+00:00","twitter_card":"summary_large_image","twitter_misc":{"Tahmini okuma s\u00fcresi":"2 dakika"},"schema":{"@context":"https:\/\/schema.org","@graph":[{"@type":"WebPage","@id":"https:\/\/nillsestheticcenter.com\/de\/augenbrauenverpflanzung\/","url":"https:\/\/nillsestheticcenter.com\/de\/augenbrauenverpflanzung\/","name":"Augenbrauenverpflanzung | Nills Aesthetic","isPartOf":{"@id":"https:\/\/nillsestheticcenter.com\/de\/#website"},"datePublished":"2020-03-10T13:35:53+00:00","dateModified":"2020-04-25T10:22:03+00:00","breadcrumb":{"@id":"https:\/\/nillsestheticcenter.com\/de\/augenbrauenverpflanzung\/#breadcrumb"},"inLanguage":"tr","potentialAction":[{"@type":"ReadAction","target":["https:\/\/nillsestheticcenter.com\/de\/augenbrauenverpflanzung\/"]}]},{"@type":"BreadcrumbList","@id":"https:\/\/nillsestheticcenter.com\/de\/augenbrauenverpflanzung\/#breadcrumb","itemListElement":[{"@type":"ListItem","position":1,"name":"Home","item":"https:\/\/nillsestheticcenter.com\/de\/"},{"@type":"ListItem","position":2,"name":"Augenbrauenverpflanzung"}]},{"@type":"WebSite","@id":"https:\/\/nillsestheticcenter.com\/de\/#website","url":"https:\/\/nillsestheticcenter.com\/de\/","name":"Nills Aesthetic","description":"","publisher":{"@id":"https:\/\/nillsestheticcenter.com\/de\/#organization"},"potentialAction":[{"@type":"SearchAction","target":{"@type":"EntryPoint","urlTemplate":"https:\/\/nillsestheticcenter.com\/de\/?s={search_term_string}"},"query-input":{"@type":"PropertyValueSpecification","valueRequired":true,"valueName":"search_term_string"}}],"inLanguage":"tr"},{"@type":"Organization","@id":"https:\/\/nillsestheticcenter.com\/de\/#organization","name":"Nills Aesthetic","url":"https:\/\/nillsestheticcenter.com\/de\/","logo":{"@type":"ImageObject","inLanguage":"tr","@id":"https:\/\/nillsestheticcenter.com\/de\/#\/schema\/logo\/image\/","url":"https:\/\/nillsestheticcenter.com\/de\/wp-content\/uploads\/2020\/03\/logo.png","contentUrl":"https:\/\/nillsestheticcenter.com\/de\/wp-content\/uploads\/2020\/03\/logo.png","width":267,"height":93,"caption":"Nills Aesthetic"},"image":{"@id":"https:\/\/nillsestheticcenter.com\/de\/#\/schema\/logo\/image\/"}}]}},"_links":{"self":[{"href":"https:\/\/nillsestheticcenter.com\/de\/wp-json\/wp\/v2\/pages\/4357","targetHints":{"allow":["GET"]}}],"collection":[{"href":"https:\/\/nillsestheticcenter.com\/de\/wp-json\/wp\/v2\/pages"}],"about":[{"href":"https:\/\/nillsestheticcenter.com\/de\/wp-json\/wp\/v2\/types\/page"}],"author":[{"embeddable":true,"href":"https:\/\/nillsestheticcenter.com\/de\/wp-json\/wp\/v2\/users\/2"}],"replies":[{"embeddable":true,"href":"https:\/\/nillsestheticcenter.com\/de\/wp-json\/wp\/v2\/comments?post=4357"}],"version-history":[{"count":12,"href":"https:\/\/nillsestheticcenter.com\/de\/wp-json\/wp\/v2\/pages\/4357\/revisions"}],"predecessor-version":[{"id":5130,"href":"https:\/\/nillsestheticcenter.com\/de\/wp-json\/wp\/v2\/pages\/4357\/revisions\/5130"}],"wp:attachment":[{"href":"https:\/\/nillsestheticcenter.com\/de\/wp-json\/wp\/v2\/media?parent=4357"}],"curies":[{"name":"wp","href":"https:\/\/api.w.org\/{rel}","templated":true}]}}