{"id":4376,"date":"2020-03-11T12:55:40","date_gmt":"2020-03-11T09:55:40","guid":{"rendered":"https:\/\/nillsestheticcenter.com\/de\/?page_id=4376"},"modified":"2020-04-25T13:33:51","modified_gmt":"2020-04-25T10:33:51","slug":"ohrenasthetik","status":"publish","type":"page","link":"https:\/\/nillsestheticcenter.com\/de\/ohrenasthetik\/","title":{"rendered":"Ohren\u00e4sthetik"},"content":{"rendered":"\t\t<div data-elementor-type=\"wp-post\" data-elementor-id=\"4376\" class=\"elementor elementor-4376\" data-elementor-settings=\"[]\">\n\t\t\t<div class=\"elementor-inner\">\n\t\t\t\t<div class=\"elementor-section-wrap\">\n\t\t\t\t\t\t\t<section class=\"elementor-element elementor-element-d5b672e elementor-section-content-top ov-h elementor-section-boxed elementor-section-height-default elementor-section-height-default elementor-section elementor-top-section\" data-id=\"d5b672e\" data-element_type=\"section\" data-settings=\"{&quot;ekit_section_parallax_multi&quot;:&quot;yes&quot;,&quot;ekit_section_parallax_multi_items&quot;:[{&quot;parallax_style&quot;:&quot;onscroll&quot;,&quot;item_source&quot;:&quot;image&quot;,&quot;image&quot;:{&quot;url&quot;:&quot;https:\\\/\\\/nillsestheticcenter.com\\\/de\\\/wp-content\\\/uploads\\\/2019\\\/09\\\/about-info-bg-left.png&quot;,&quot;id&quot;:1722},&quot;shape&quot;:null,&quot;shape_color&quot;:null,&quot;width_type&quot;:&quot;&quot;,&quot;width_type_tablet&quot;:&quot;&quot;,&quot;width_type_mobile&quot;:&quot;&quot;,&quot;custom_width&quot;:null,&quot;custom_width_tablet&quot;:null,&quot;custom_width_mobile&quot;:null,&quot;source_rotate&quot;:{&quot;unit&quot;:&quot;deg&quot;,&quot;size&quot;:0,&quot;sizes&quot;:[]},&quot;source_rotate_tablet&quot;:{&quot;unit&quot;:&quot;px&quot;,&quot;size&quot;:&quot;&quot;,&quot;sizes&quot;:[]},&quot;source_rotate_mobile&quot;:{&quot;unit&quot;:&quot;px&quot;,&quot;size&quot;:&quot;&quot;,&quot;sizes&quot;:[]},&quot;pos_x&quot;:{&quot;unit&quot;:&quot;%&quot;,&quot;size&quot;:0,&quot;sizes&quot;:[]},&quot;pos_x_tablet&quot;:{&quot;unit&quot;:&quot;px&quot;,&quot;size&quot;:&quot;&quot;,&quot;sizes&quot;:[]},&quot;pos_x_mobile&quot;:{&quot;unit&quot;:&quot;px&quot;,&quot;size&quot;:&quot;&quot;,&quot;sizes&quot;:[]},&quot;pos_y&quot;:{&quot;unit&quot;:&quot;%&quot;,&quot;size&quot;:0,&quot;sizes&quot;:[]},&quot;pos_y_tablet&quot;:{&quot;unit&quot;:&quot;px&quot;,&quot;size&quot;:&quot;&quot;,&quot;sizes&quot;:[]},&quot;pos_y_mobile&quot;:{&quot;unit&quot;:&quot;px&quot;,&quot;size&quot;:&quot;&quot;,&quot;sizes&quot;:[]},&quot;animation&quot;:null,&quot;animation_tablet&quot;:null,&quot;animation_mobile&quot;:null,&quot;item_opacity&quot;:&quot;1&quot;,&quot;animation_speed&quot;:null,&quot;animation_iteration_count&quot;:null,&quot;animation_direction&quot;:null,&quot;parallax_speed&quot;:null,&quot;parallax_transform&quot;:&quot;translateY&quot;,&quot;parallax_transform_value&quot;:&quot;250&quot;,&quot;smoothness&quot;:&quot;700&quot;,&quot;offsettop&quot;:&quot;0&quot;,&quot;offsetbottom&quot;:&quot;0&quot;,&quot;maxtilt&quot;:null,&quot;scale&quot;:null,&quot;disableaxis&quot;:null,&quot;zindex&quot;:0,&quot;_id&quot;:&quot;3eee3c3&quot;,&quot;parallax_blur_effect&quot;:{&quot;unit&quot;:&quot;px&quot;,&quot;size&quot;:0,&quot;sizes&quot;:[]},&quot;parallax_blur_effect_tablet&quot;:{&quot;unit&quot;:&quot;px&quot;,&quot;size&quot;:&quot;&quot;,&quot;sizes&quot;:[]},&quot;parallax_blur_effect_mobile&quot;:{&quot;unit&quot;:&quot;px&quot;,&quot;size&quot;:&quot;&quot;,&quot;sizes&quot;:[]}},{&quot;parallax_style&quot;:&quot;onscroll&quot;,&quot;item_source&quot;:&quot;image&quot;,&quot;image&quot;:{&quot;url&quot;:&quot;https:\\\/\\\/nillsestheticcenter.com\\\/de\\\/wp-content\\\/uploads\\\/2019\\\/09\\\/about-info-bg-right.png&quot;,&quot;id&quot;:1721},&quot;shape&quot;:null,&quot;shape_color&quot;:null,&quot;width_type&quot;:&quot;&quot;,&quot;width_type_tablet&quot;:&quot;&quot;,&quot;width_type_mobile&quot;:&quot;&quot;,&quot;custom_width&quot;:null,&quot;custom_width_tablet&quot;:null,&quot;custom_width_mobile&quot;:null,&quot;source_rotate&quot;:{&quot;unit&quot;:&quot;deg&quot;,&quot;size&quot;:0,&quot;sizes&quot;:[]},&quot;source_rotate_tablet&quot;:{&quot;unit&quot;:&quot;px&quot;,&quot;size&quot;:&quot;&quot;,&quot;sizes&quot;:[]},&quot;source_rotate_mobile&quot;:{&quot;unit&quot;:&quot;px&quot;,&quot;size&quot;:&quot;&quot;,&quot;sizes&quot;:[]},&quot;pos_x&quot;:{&quot;unit&quot;:&quot;%&quot;,&quot;size&quot;:90,&quot;sizes&quot;:[]},&quot;pos_x_tablet&quot;:{&quot;unit&quot;:&quot;px&quot;,&quot;size&quot;:&quot;&quot;,&quot;sizes&quot;:[]},&quot;pos_x_mobile&quot;:{&quot;unit&quot;:&quot;px&quot;,&quot;size&quot;:&quot;&quot;,&quot;sizes&quot;:[]},&quot;pos_y&quot;:{&quot;unit&quot;:&quot;px&quot;,&quot;size&quot;:-120,&quot;sizes&quot;:[]},&quot;pos_y_tablet&quot;:{&quot;unit&quot;:&quot;px&quot;,&quot;size&quot;:&quot;&quot;,&quot;sizes&quot;:[]},&quot;pos_y_mobile&quot;:{&quot;unit&quot;:&quot;px&quot;,&quot;size&quot;:&quot;&quot;,&quot;sizes&quot;:[]},&quot;animation&quot;:null,&quot;animation_tablet&quot;:null,&quot;animation_mobile&quot;:null,&quot;item_opacity&quot;:&quot;1&quot;,&quot;animation_speed&quot;:null,&quot;animation_iteration_count&quot;:null,&quot;animation_direction&quot;:null,&quot;parallax_speed&quot;:null,&quot;parallax_transform&quot;:&quot;translateY&quot;,&quot;parallax_transform_value&quot;:&quot;250&quot;,&quot;smoothness&quot;:&quot;700&quot;,&quot;offsettop&quot;:&quot;0&quot;,&quot;offsetbottom&quot;:&quot;0&quot;,&quot;maxtilt&quot;:null,&quot;scale&quot;:null,&quot;disableaxis&quot;:null,&quot;zindex&quot;:0,&quot;_id&quot;:&quot;44a7be1&quot;,&quot;parallax_blur_effect&quot;:{&quot;unit&quot;:&quot;px&quot;,&quot;size&quot;:0,&quot;sizes&quot;:[]},&quot;parallax_blur_effect_tablet&quot;:{&quot;unit&quot;:&quot;px&quot;,&quot;size&quot;:&quot;&quot;,&quot;sizes&quot;:[]},&quot;parallax_blur_effect_mobile&quot;:{&quot;unit&quot;:&quot;px&quot;,&quot;size&quot;:&quot;&quot;,&quot;sizes&quot;:[]}}]}\">\n\t\t\t\t\t\t<div class=\"elementor-container elementor-column-gap-default\">\n\t\t\t\t<div class=\"elementor-row\">\n\t\t\t\t<div class=\"elementor-element elementor-element-ac65cc9 elementor-invisible elementor-column elementor-col-100 elementor-top-column\" data-id=\"ac65cc9\" data-element_type=\"column\" data-settings=\"{&quot;animation&quot;:&quot;fadeInUp&quot;,&quot;animation_delay&quot;:300}\">\n\t\t\t<div class=\"elementor-column-wrap  elementor-element-populated\">\n\t\t\t\t\t<div class=\"elementor-widget-wrap\">\n\t\t\t\t<div class=\"elementor-element elementor-element-65a4666 elementor-widget elementor-widget-heading\" data-id=\"65a4666\" data-element_type=\"widget\" data-widget_type=\"heading.default\">\n\t\t\t\t<div class=\"elementor-widget-container\">\n\t\t\t<h2 class=\"elementor-heading-title elementor-size-default\">Ohren\u00e4sthetik<\/h2>\t\t<\/div>\n\t\t\t\t<\/div>\n\t\t\t\t<div class=\"elementor-element elementor-element-27da09d short_desc elementor-widget elementor-widget-text-editor\" data-id=\"27da09d\" data-element_type=\"widget\" data-widget_type=\"text-editor.default\">\n\t\t\t\t<div class=\"elementor-widget-container\">\n\t\t\t\t\t<div class=\"elementor-text-editor elementor-clearfix\"><p>Ohren, f\u00fcr die eine Ohren\u00e4sthetik Operation aufgrund Formver\u00e4nderungen notwendig ist. Stehohren hat die Bezeichnung aufgrund des gr\u00f6\u00dferen Abstandes zum Kopf. Also abstehender und nach vorne stehend. Vor allem bei Kleinkindern f\u00fchrt es zu psychisch sozialen verhaltungsst\u00f6rendem und emotionalem Verhalten. Bei der Stehohren\u00e4sthetik ist der Eingriff nur am \u00e4u\u00dferen Ohr und mit gr\u00f6\u00dfter Sicherheit und Vertrauen durchgef\u00fchrt. Deswegen gibt es keine Probleme in Hinsicht des H\u00f6rverm\u00f6gens. Da das Wachstum mit 5 \u2013 6 Jahren vollkommen ist, wird ab diesem Alter zu einer Korrektur geraten. Bei Kindern wird es unter Vollnarkose durchgef\u00fchrt. Bei Erwachsenen ist es neben der Vollnarkose auch unter lokaler An\u00e4sthesie durchf\u00fchrbar. Die Stehohren\u00e4sthetik Operation wird am hinteren Ohr durchgef\u00fchrt, daher bleiben keine sichtbaren Narben.<\/p><h3><strong>In welchem Alter ist die Stehohren\u00e4sthetik Operation geeignet?<\/strong><\/h3><p>Die Stehohren\u00e4sthetik Operation ist f\u00fcr jedes Alter geeignet. F\u00fcr Kleinkinder ist es noch vor dem Vorschulantritt empfehlenswert da es unter Kinder zu H\u00e4nseleien kommen kann und die Psyche des Kindes darunter leiden k\u00f6nnte. Die Faktoren sollten dem Kind dementsprechend erkl\u00e4rt werden damit das Kind auch in die Operation einwilligt. Erst wenn das Kind zustimmt wird die Operation durchgef\u00fchrt.<\/p><h3><strong>Worauf muss ich vor der Operation achten?<\/strong><\/h3><p>Wie bei allen anderen Operationen sollte 2 \u2013 3 Wochen vorher kein Aspirin mehr eingenommen und mit dem Rauchen aufgeh\u00f6rt werden. 1 Woche sollten keine blutgerinnenden oder derglichen Mittel mehr eingenommen werden.<\/p><h3><strong>Bleiben Narben nach der Stehohren\u00e4sthetik Operation?<\/strong><\/h3><p>Nach der Operation ist eine feine wei\u00dfe Linie am Hinterohr normal. Von au\u00dfen wird sie nicht zu sehen sein. Da es selbstl\u00f6sende N\u00e4hte sind ist auch kein Entfernen der N\u00e4hte notwendig und es werden auch keine Nahtnarben sichtbar sein.<\/p><h3><strong>Werde ich Schmerzen empfinden?<\/strong><\/h3><p>Unter Vollnarkose werden Sie keinerlei Schmerzen empfinden. Unter lokaler An\u00e4sthesie sp\u00fcren sie die Injektionen zur Bet\u00e4ubung. W\u00e4hrend der Operation werden Die keine Schmerzen empfinden. Durch diese An\u00e4sthesie sind Sie bis zu 12 Stunden nach der Operation schmerzfrei. Nach dieser Behandlung haben Sie keine ernsthaften Schmerzen.<\/p><h3><strong>Wie geht es nach der Operation weiter? Muss ich einen Kopfverband tragen?<\/strong><\/h3><p>Nach der Stehohren\u00e4sthetik Operation bekommen sie einen elastischen Verband und k\u00f6nnen nach Hause gehen. Nach 2 Tagen wird der Verband abgenommen, die Wunden kontrolliert und ein die Ohren abdeckender Verband angebracht. Dieser Verband dient dem Schutz des Patienten. 2 Tage nach der Operation kann wie gewohnt gebadet werden. Der die Ohren abdeckende verband sollte 1 Woche getragen werden. 1 Tag nach der Operation k\u00f6nnen Sie zur Arbeit gehen. In den n\u00e4chsten drei Wochen nach der Operation sollte darauf geachtet werden dass man mit den Ohren nirgendwo ankommt bzw anst\u00f6\u00dft.<\/p><\/div>\n\t\t\t\t<\/div>\n\t\t\t\t<\/div>\n\t\t\t\t\t\t<\/div>\n\t\t\t<\/div>\n\t\t<\/div>\n\t\t\t\t\t\t<\/div>\n\t\t\t<\/div>\n\t\t<\/section>\n\t\t\t\t\t\t<\/div>\n\t\t\t<\/div>\n\t\t<\/div>\n\t\t","protected":false},"excerpt":{"rendered":"<p>Ohren\u00e4sthetik Ohren, f\u00fcr die eine Ohren\u00e4sthetik Operation aufgrund Formver\u00e4nderungen notwendig ist. Stehohren hat die Bezeichnung aufgrund des gr\u00f6\u00dferen Abstandes zum Kopf. Also abstehender und nach vorne stehend. Vor allem bei Kleinkindern f\u00fchrt es zu psychisch sozialen verhaltungsst\u00f6rendem und emotionalem Verhalten. Bei der Stehohren\u00e4sthetik ist der Eingriff nur am \u00e4u\u00dferen Ohr und mit gr\u00f6\u00dfter Sicherheit und [&hellip;]<\/p>\n","protected":false},"author":2,"featured_media":0,"parent":0,"menu_order":0,"comment_status":"closed","ping_status":"closed","template":"template\/template-page.php","meta":{"footnotes":""},"class_list":["post-4376","page","type-page","status-publish","hentry"],"yoast_head":"<!-- This site is optimized with the Yoast SEO plugin v26.6 - https:\/\/yoast.com\/wordpress\/plugins\/seo\/ -->\n<title>Ohren\u00e4sthetik | Nills Aesthetic<\/title>\n<meta name=\"robots\" content=\"index, follow, max-snippet:-1, max-image-preview:large, max-video-preview:-1\" \/>\n<link rel=\"canonical\" href=\"https:\/\/nillsestheticcenter.com\/de\/ohrenasthetik\/\" \/>\n<meta property=\"og:locale\" content=\"tr_TR\" \/>\n<meta property=\"og:type\" content=\"article\" \/>\n<meta property=\"og:title\" content=\"Ohren\u00e4sthetik | Nills Aesthetic\" \/>\n<meta property=\"og:description\" content=\"Ohren\u00e4sthetik Ohren, f\u00fcr die eine Ohren\u00e4sthetik Operation aufgrund Formver\u00e4nderungen notwendig ist. Stehohren hat die Bezeichnung aufgrund des gr\u00f6\u00dferen Abstandes zum Kopf. Also abstehender und nach vorne stehend. Vor allem bei Kleinkindern f\u00fchrt es zu psychisch sozialen verhaltungsst\u00f6rendem und emotionalem Verhalten. Bei der Stehohren\u00e4sthetik ist der Eingriff nur am \u00e4u\u00dferen Ohr und mit gr\u00f6\u00dfter Sicherheit und [&hellip;]\" \/>\n<meta property=\"og:url\" content=\"https:\/\/nillsestheticcenter.com\/de\/ohrenasthetik\/\" \/>\n<meta property=\"og:site_name\" content=\"Nills Aesthetic\" \/>\n<meta property=\"article:modified_time\" content=\"2020-04-25T10:33:51+00:00\" \/>\n<meta name=\"twitter:card\" content=\"summary_large_image\" \/>\n<meta name=\"twitter:label1\" content=\"Tahmini okuma s\u00fcresi\" \/>\n\t<meta name=\"twitter:data1\" content=\"2 dakika\" \/>\n<script type=\"application\/ld+json\" class=\"yoast-schema-graph\">{\"@context\":\"https:\/\/schema.org\",\"@graph\":[{\"@type\":\"WebPage\",\"@id\":\"https:\/\/nillsestheticcenter.com\/de\/ohrenasthetik\/\",\"url\":\"https:\/\/nillsestheticcenter.com\/de\/ohrenasthetik\/\",\"name\":\"Ohren\u00e4sthetik | Nills Aesthetic\",\"isPartOf\":{\"@id\":\"https:\/\/nillsestheticcenter.com\/de\/#website\"},\"datePublished\":\"2020-03-11T09:55:40+00:00\",\"dateModified\":\"2020-04-25T10:33:51+00:00\",\"breadcrumb\":{\"@id\":\"https:\/\/nillsestheticcenter.com\/de\/ohrenasthetik\/#breadcrumb\"},\"inLanguage\":\"tr\",\"potentialAction\":[{\"@type\":\"ReadAction\",\"target\":[\"https:\/\/nillsestheticcenter.com\/de\/ohrenasthetik\/\"]}]},{\"@type\":\"BreadcrumbList\",\"@id\":\"https:\/\/nillsestheticcenter.com\/de\/ohrenasthetik\/#breadcrumb\",\"itemListElement\":[{\"@type\":\"ListItem\",\"position\":1,\"name\":\"Home\",\"item\":\"https:\/\/nillsestheticcenter.com\/de\/\"},{\"@type\":\"ListItem\",\"position\":2,\"name\":\"Ohren\u00e4sthetik\"}]},{\"@type\":\"WebSite\",\"@id\":\"https:\/\/nillsestheticcenter.com\/de\/#website\",\"url\":\"https:\/\/nillsestheticcenter.com\/de\/\",\"name\":\"Nills Aesthetic\",\"description\":\"\",\"publisher\":{\"@id\":\"https:\/\/nillsestheticcenter.com\/de\/#organization\"},\"potentialAction\":[{\"@type\":\"SearchAction\",\"target\":{\"@type\":\"EntryPoint\",\"urlTemplate\":\"https:\/\/nillsestheticcenter.com\/de\/?s={search_term_string}\"},\"query-input\":{\"@type\":\"PropertyValueSpecification\",\"valueRequired\":true,\"valueName\":\"search_term_string\"}}],\"inLanguage\":\"tr\"},{\"@type\":\"Organization\",\"@id\":\"https:\/\/nillsestheticcenter.com\/de\/#organization\",\"name\":\"Nills Aesthetic\",\"url\":\"https:\/\/nillsestheticcenter.com\/de\/\",\"logo\":{\"@type\":\"ImageObject\",\"inLanguage\":\"tr\",\"@id\":\"https:\/\/nillsestheticcenter.com\/de\/#\/schema\/logo\/image\/\",\"url\":\"https:\/\/nillsestheticcenter.com\/de\/wp-content\/uploads\/2020\/03\/logo.png\",\"contentUrl\":\"https:\/\/nillsestheticcenter.com\/de\/wp-content\/uploads\/2020\/03\/logo.png\",\"width\":267,\"height\":93,\"caption\":\"Nills Aesthetic\"},\"image\":{\"@id\":\"https:\/\/nillsestheticcenter.com\/de\/#\/schema\/logo\/image\/\"}}]}<\/script>\n<!-- \/ Yoast SEO plugin. -->","yoast_head_json":{"title":"Ohren\u00e4sthetik | Nills Aesthetic","robots":{"index":"index","follow":"follow","max-snippet":"max-snippet:-1","max-image-preview":"max-image-preview:large","max-video-preview":"max-video-preview:-1"},"canonical":"https:\/\/nillsestheticcenter.com\/de\/ohrenasthetik\/","og_locale":"tr_TR","og_type":"article","og_title":"Ohren\u00e4sthetik | Nills Aesthetic","og_description":"Ohren\u00e4sthetik Ohren, f\u00fcr die eine Ohren\u00e4sthetik Operation aufgrund Formver\u00e4nderungen notwendig ist. Stehohren hat die Bezeichnung aufgrund des gr\u00f6\u00dferen Abstandes zum Kopf. Also abstehender und nach vorne stehend. Vor allem bei Kleinkindern f\u00fchrt es zu psychisch sozialen verhaltungsst\u00f6rendem und emotionalem Verhalten. Bei der Stehohren\u00e4sthetik ist der Eingriff nur am \u00e4u\u00dferen Ohr und mit gr\u00f6\u00dfter Sicherheit und [&hellip;]","og_url":"https:\/\/nillsestheticcenter.com\/de\/ohrenasthetik\/","og_site_name":"Nills Aesthetic","article_modified_time":"2020-04-25T10:33:51+00:00","twitter_card":"summary_large_image","twitter_misc":{"Tahmini okuma s\u00fcresi":"2 dakika"},"schema":{"@context":"https:\/\/schema.org","@graph":[{"@type":"WebPage","@id":"https:\/\/nillsestheticcenter.com\/de\/ohrenasthetik\/","url":"https:\/\/nillsestheticcenter.com\/de\/ohrenasthetik\/","name":"Ohren\u00e4sthetik | Nills Aesthetic","isPartOf":{"@id":"https:\/\/nillsestheticcenter.com\/de\/#website"},"datePublished":"2020-03-11T09:55:40+00:00","dateModified":"2020-04-25T10:33:51+00:00","breadcrumb":{"@id":"https:\/\/nillsestheticcenter.com\/de\/ohrenasthetik\/#breadcrumb"},"inLanguage":"tr","potentialAction":[{"@type":"ReadAction","target":["https:\/\/nillsestheticcenter.com\/de\/ohrenasthetik\/"]}]},{"@type":"BreadcrumbList","@id":"https:\/\/nillsestheticcenter.com\/de\/ohrenasthetik\/#breadcrumb","itemListElement":[{"@type":"ListItem","position":1,"name":"Home","item":"https:\/\/nillsestheticcenter.com\/de\/"},{"@type":"ListItem","position":2,"name":"Ohren\u00e4sthetik"}]},{"@type":"WebSite","@id":"https:\/\/nillsestheticcenter.com\/de\/#website","url":"https:\/\/nillsestheticcenter.com\/de\/","name":"Nills Aesthetic","description":"","publisher":{"@id":"https:\/\/nillsestheticcenter.com\/de\/#organization"},"potentialAction":[{"@type":"SearchAction","target":{"@type":"EntryPoint","urlTemplate":"https:\/\/nillsestheticcenter.com\/de\/?s={search_term_string}"},"query-input":{"@type":"PropertyValueSpecification","valueRequired":true,"valueName":"search_term_string"}}],"inLanguage":"tr"},{"@type":"Organization","@id":"https:\/\/nillsestheticcenter.com\/de\/#organization","name":"Nills Aesthetic","url":"https:\/\/nillsestheticcenter.com\/de\/","logo":{"@type":"ImageObject","inLanguage":"tr","@id":"https:\/\/nillsestheticcenter.com\/de\/#\/schema\/logo\/image\/","url":"https:\/\/nillsestheticcenter.com\/de\/wp-content\/uploads\/2020\/03\/logo.png","contentUrl":"https:\/\/nillsestheticcenter.com\/de\/wp-content\/uploads\/2020\/03\/logo.png","width":267,"height":93,"caption":"Nills Aesthetic"},"image":{"@id":"https:\/\/nillsestheticcenter.com\/de\/#\/schema\/logo\/image\/"}}]}},"_links":{"self":[{"href":"https:\/\/nillsestheticcenter.com\/de\/wp-json\/wp\/v2\/pages\/4376","targetHints":{"allow":["GET"]}}],"collection":[{"href":"https:\/\/nillsestheticcenter.com\/de\/wp-json\/wp\/v2\/pages"}],"about":[{"href":"https:\/\/nillsestheticcenter.com\/de\/wp-json\/wp\/v2\/types\/page"}],"author":[{"embeddable":true,"href":"https:\/\/nillsestheticcenter.com\/de\/wp-json\/wp\/v2\/users\/2"}],"replies":[{"embeddable":true,"href":"https:\/\/nillsestheticcenter.com\/de\/wp-json\/wp\/v2\/comments?post=4376"}],"version-history":[{"count":9,"href":"https:\/\/nillsestheticcenter.com\/de\/wp-json\/wp\/v2\/pages\/4376\/revisions"}],"predecessor-version":[{"id":5147,"href":"https:\/\/nillsestheticcenter.com\/de\/wp-json\/wp\/v2\/pages\/4376\/revisions\/5147"}],"wp:attachment":[{"href":"https:\/\/nillsestheticcenter.com\/de\/wp-json\/wp\/v2\/media?parent=4376"}],"curies":[{"name":"wp","href":"https:\/\/api.w.org\/{rel}","templated":true}]}}