{"id":4381,"date":"2020-03-11T12:34:36","date_gmt":"2020-03-11T09:34:36","guid":{"rendered":"https:\/\/nillsestheticcenter.com\/de\/?page_id=4381"},"modified":"2020-04-25T13:33:09","modified_gmt":"2020-04-25T10:33:09","slug":"nasenkorrektur","status":"publish","type":"page","link":"https:\/\/nillsestheticcenter.com\/de\/nasenkorrektur\/","title":{"rendered":"Nasenkorrektur"},"content":{"rendered":"\t\t<div data-elementor-type=\"wp-post\" data-elementor-id=\"4381\" class=\"elementor elementor-4381\" data-elementor-settings=\"[]\">\n\t\t\t<div class=\"elementor-inner\">\n\t\t\t\t<div class=\"elementor-section-wrap\">\n\t\t\t\t\t\t\t<section class=\"elementor-element elementor-element-d5b672e elementor-section-content-top ov-h elementor-section-boxed elementor-section-height-default elementor-section-height-default elementor-section elementor-top-section\" data-id=\"d5b672e\" data-element_type=\"section\" data-settings=\"{&quot;ekit_section_parallax_multi&quot;:&quot;yes&quot;,&quot;ekit_section_parallax_multi_items&quot;:[{&quot;parallax_style&quot;:&quot;onscroll&quot;,&quot;item_source&quot;:&quot;image&quot;,&quot;image&quot;:{&quot;url&quot;:&quot;https:\\\/\\\/nillsestheticcenter.com\\\/de\\\/wp-content\\\/uploads\\\/2019\\\/09\\\/about-info-bg-left.png&quot;,&quot;id&quot;:1722},&quot;shape&quot;:null,&quot;shape_color&quot;:null,&quot;width_type&quot;:&quot;&quot;,&quot;width_type_tablet&quot;:&quot;&quot;,&quot;width_type_mobile&quot;:&quot;&quot;,&quot;custom_width&quot;:null,&quot;custom_width_tablet&quot;:null,&quot;custom_width_mobile&quot;:null,&quot;source_rotate&quot;:{&quot;unit&quot;:&quot;deg&quot;,&quot;size&quot;:0,&quot;sizes&quot;:[]},&quot;source_rotate_tablet&quot;:{&quot;unit&quot;:&quot;px&quot;,&quot;size&quot;:&quot;&quot;,&quot;sizes&quot;:[]},&quot;source_rotate_mobile&quot;:{&quot;unit&quot;:&quot;px&quot;,&quot;size&quot;:&quot;&quot;,&quot;sizes&quot;:[]},&quot;pos_x&quot;:{&quot;unit&quot;:&quot;%&quot;,&quot;size&quot;:0,&quot;sizes&quot;:[]},&quot;pos_x_tablet&quot;:{&quot;unit&quot;:&quot;px&quot;,&quot;size&quot;:&quot;&quot;,&quot;sizes&quot;:[]},&quot;pos_x_mobile&quot;:{&quot;unit&quot;:&quot;px&quot;,&quot;size&quot;:&quot;&quot;,&quot;sizes&quot;:[]},&quot;pos_y&quot;:{&quot;unit&quot;:&quot;%&quot;,&quot;size&quot;:0,&quot;sizes&quot;:[]},&quot;pos_y_tablet&quot;:{&quot;unit&quot;:&quot;px&quot;,&quot;size&quot;:&quot;&quot;,&quot;sizes&quot;:[]},&quot;pos_y_mobile&quot;:{&quot;unit&quot;:&quot;px&quot;,&quot;size&quot;:&quot;&quot;,&quot;sizes&quot;:[]},&quot;animation&quot;:null,&quot;animation_tablet&quot;:null,&quot;animation_mobile&quot;:null,&quot;item_opacity&quot;:&quot;1&quot;,&quot;animation_speed&quot;:null,&quot;animation_iteration_count&quot;:null,&quot;animation_direction&quot;:null,&quot;parallax_speed&quot;:null,&quot;parallax_transform&quot;:&quot;translateY&quot;,&quot;parallax_transform_value&quot;:&quot;250&quot;,&quot;smoothness&quot;:&quot;700&quot;,&quot;offsettop&quot;:&quot;0&quot;,&quot;offsetbottom&quot;:&quot;0&quot;,&quot;maxtilt&quot;:null,&quot;scale&quot;:null,&quot;disableaxis&quot;:null,&quot;zindex&quot;:0,&quot;_id&quot;:&quot;3eee3c3&quot;,&quot;parallax_blur_effect&quot;:{&quot;unit&quot;:&quot;px&quot;,&quot;size&quot;:0,&quot;sizes&quot;:[]},&quot;parallax_blur_effect_tablet&quot;:{&quot;unit&quot;:&quot;px&quot;,&quot;size&quot;:&quot;&quot;,&quot;sizes&quot;:[]},&quot;parallax_blur_effect_mobile&quot;:{&quot;unit&quot;:&quot;px&quot;,&quot;size&quot;:&quot;&quot;,&quot;sizes&quot;:[]}},{&quot;parallax_style&quot;:&quot;onscroll&quot;,&quot;item_source&quot;:&quot;image&quot;,&quot;image&quot;:{&quot;url&quot;:&quot;https:\\\/\\\/nillsestheticcenter.com\\\/de\\\/wp-content\\\/uploads\\\/2019\\\/09\\\/about-info-bg-right.png&quot;,&quot;id&quot;:1721},&quot;shape&quot;:null,&quot;shape_color&quot;:null,&quot;width_type&quot;:&quot;&quot;,&quot;width_type_tablet&quot;:&quot;&quot;,&quot;width_type_mobile&quot;:&quot;&quot;,&quot;custom_width&quot;:null,&quot;custom_width_tablet&quot;:null,&quot;custom_width_mobile&quot;:null,&quot;source_rotate&quot;:{&quot;unit&quot;:&quot;deg&quot;,&quot;size&quot;:0,&quot;sizes&quot;:[]},&quot;source_rotate_tablet&quot;:{&quot;unit&quot;:&quot;px&quot;,&quot;size&quot;:&quot;&quot;,&quot;sizes&quot;:[]},&quot;source_rotate_mobile&quot;:{&quot;unit&quot;:&quot;px&quot;,&quot;size&quot;:&quot;&quot;,&quot;sizes&quot;:[]},&quot;pos_x&quot;:{&quot;unit&quot;:&quot;%&quot;,&quot;size&quot;:90,&quot;sizes&quot;:[]},&quot;pos_x_tablet&quot;:{&quot;unit&quot;:&quot;px&quot;,&quot;size&quot;:&quot;&quot;,&quot;sizes&quot;:[]},&quot;pos_x_mobile&quot;:{&quot;unit&quot;:&quot;px&quot;,&quot;size&quot;:&quot;&quot;,&quot;sizes&quot;:[]},&quot;pos_y&quot;:{&quot;unit&quot;:&quot;px&quot;,&quot;size&quot;:-120,&quot;sizes&quot;:[]},&quot;pos_y_tablet&quot;:{&quot;unit&quot;:&quot;px&quot;,&quot;size&quot;:&quot;&quot;,&quot;sizes&quot;:[]},&quot;pos_y_mobile&quot;:{&quot;unit&quot;:&quot;px&quot;,&quot;size&quot;:&quot;&quot;,&quot;sizes&quot;:[]},&quot;animation&quot;:null,&quot;animation_tablet&quot;:null,&quot;animation_mobile&quot;:null,&quot;item_opacity&quot;:&quot;1&quot;,&quot;animation_speed&quot;:null,&quot;animation_iteration_count&quot;:null,&quot;animation_direction&quot;:null,&quot;parallax_speed&quot;:null,&quot;parallax_transform&quot;:&quot;translateY&quot;,&quot;parallax_transform_value&quot;:&quot;250&quot;,&quot;smoothness&quot;:&quot;700&quot;,&quot;offsettop&quot;:&quot;0&quot;,&quot;offsetbottom&quot;:&quot;0&quot;,&quot;maxtilt&quot;:null,&quot;scale&quot;:null,&quot;disableaxis&quot;:null,&quot;zindex&quot;:0,&quot;_id&quot;:&quot;44a7be1&quot;,&quot;parallax_blur_effect&quot;:{&quot;unit&quot;:&quot;px&quot;,&quot;size&quot;:0,&quot;sizes&quot;:[]},&quot;parallax_blur_effect_tablet&quot;:{&quot;unit&quot;:&quot;px&quot;,&quot;size&quot;:&quot;&quot;,&quot;sizes&quot;:[]},&quot;parallax_blur_effect_mobile&quot;:{&quot;unit&quot;:&quot;px&quot;,&quot;size&quot;:&quot;&quot;,&quot;sizes&quot;:[]}}]}\">\n\t\t\t\t\t\t<div class=\"elementor-container elementor-column-gap-default\">\n\t\t\t\t<div class=\"elementor-row\">\n\t\t\t\t<div class=\"elementor-element elementor-element-ac65cc9 elementor-invisible elementor-column elementor-col-100 elementor-top-column\" data-id=\"ac65cc9\" data-element_type=\"column\" data-settings=\"{&quot;animation&quot;:&quot;fadeInUp&quot;,&quot;animation_delay&quot;:300}\">\n\t\t\t<div class=\"elementor-column-wrap  elementor-element-populated\">\n\t\t\t\t\t<div class=\"elementor-widget-wrap\">\n\t\t\t\t<div class=\"elementor-element elementor-element-65a4666 elementor-widget elementor-widget-heading\" data-id=\"65a4666\" data-element_type=\"widget\" data-widget_type=\"heading.default\">\n\t\t\t\t<div class=\"elementor-widget-container\">\n\t\t\t<h2 class=\"elementor-heading-title elementor-size-default\">Nasenkorrektur<\/h2>\t\t<\/div>\n\t\t\t\t<\/div>\n\t\t\t\t<div class=\"elementor-element elementor-element-27da09d short_desc elementor-widget elementor-widget-text-editor\" data-id=\"27da09d\" data-element_type=\"widget\" data-widget_type=\"text-editor.default\">\n\t\t\t\t<div class=\"elementor-widget-container\">\n\t\t\t\t\t<div class=\"elementor-text-editor elementor-clearfix\"><p>Die Nasenkorrektur Operation wird f\u00fcr Korrekturen am Knochen und Knorpel, bei Unvollst\u00e4ndigkeiten und f\u00fcr ein \u00e4sthetisch besseres Aussehen eingesetzt. Es ist ein chirurgischer Eingriff, bei dem die Nasengr\u00f6\u00dfe, L\u00e4nge, die Nasenl\u00f6cher verkleinert, der Abstand zwischen Nase und Lippen ver\u00e4ndert werden kann. Diese Eingriffe dienen zur Korrektur von St\u00f6rungen und verhelfen Ihnen zu einer Ihrem Gesichtsform passenden Nase. Mit Rinoplasti \u2013 Nasenkorrektur k\u00f6nnen auch Atmungsbeschwerden durch die Nase behoben werden, sodass Sie wieder frei durch die Nase atmen k\u00f6nnen. Rinoplasti Nasenkorrektur Operationen sind Operationen bei der sich die Kunst und die Wissenschaft trifft.<\/p><h3><strong>Sind Nasenkorrektur Operationen schmerzhaft?<\/strong><\/h3><p>Sie empfinden w\u00e4hrend des Eingriffs keinerlei Schmerzen da es unter Vollnarkose durchgef\u00fchrt wird. Nach der Operation bekommen sie f\u00fcr einige Tage Schmerzmittel. Die erste Nacht nach der Operation wird das Atmen etwas m\u00fchsam. Dieses wird nach der Entnahme der Tampons aus der Nase wieder normal. Die Tampons werden am Tag nach der Operation entfernt. Nach dieser Prozedur werden Sie keinerlei Schmerzen oder Beschwerden haben.<\/p><h3><strong>In welchem Alter kann man sich Nasenkorrektur Operationen durchf\u00fchren lassen?<\/strong><\/h3><p>F\u00fcr die Nasenkorrektur Operation gibt es ein Mindestalter, das bei Frauen f\u00fcr ab 17 Jahren, bei M\u00e4nnern ab 18 Jahren gilt. Eine Obergrenze gibt es nicht. Bei Kindern wird es ernst zu nehmenden Atmungsbeschwerden durch Fehlbildungen der Nase durchgef\u00fchrt.<\/p><h3><strong>Kann ich w\u00e4hrend einem Eingriff gegen Atmungsbeschwerden auch gleich eine Nasenkorrektur durchf\u00fchren lassen?<\/strong><\/h3><p>Ja, Sie k\u00f6nnen w\u00e4hrend dem Eingriff gegen Atmungsbeschwerden auch gleich eine Nasenkorrektur durchf\u00fchren lassen. So k\u00f6nnen Sie danach wieder frei atmen und haben gleichzeitig eine Ihrem Gesicht passende Nase.<\/p><h3><strong>Bleiben Narben nach der Operation?<\/strong><\/h3><p>Bei jedem Schnitt in die Haut bleiben Narben. Aber bei der Nasenkorrektur Operation werden diese N\u00e4hte nicht sichtbar sein, da diese Schnitte und N\u00e4hte mit gr\u00f6\u00dfter Vorsicht durchgef\u00fchrt werden. Die Nasenkorrektur Operation wird entweder offen oder geschlossen durchgef\u00fchrt. Bei der geschlossenen Operation sind die #schnitte in der Nase, deswegen unsichtbar. Bei der offenen Operation bleibt eine kleine Narbe an der Nasenbr\u00fccke. F\u00fcr den Fall einen offenen Nasenkorrektur Operation werden dem Patienten alle notwendigen Informationen gegeben.<\/p><h3><strong>Kann ich gleich nach der Nasenkorrektur Operation zum Alltag?<\/strong><\/h3><p>Nach der Nasenkorrektur Operation k\u00f6nnen Sie gleich nach Hause gehen und wie gewohnt in den Alltag. Mit dem Silikon das in Ihre Nase eingef\u00fchrt wird k\u00f6nnen sie m\u00fchelos atmen. Sie k\u00f6nnen nach ein paar Stunden Beobachtung nach der Operation mit einem Begleiter nach Hause gehen. Es wird jedoch ein Tag Aufenthalt in der Klinik empfohlen.<\/p><\/div>\n\t\t\t\t<\/div>\n\t\t\t\t<\/div>\n\t\t\t\t\t\t<\/div>\n\t\t\t<\/div>\n\t\t<\/div>\n\t\t\t\t\t\t<\/div>\n\t\t\t<\/div>\n\t\t<\/section>\n\t\t\t\t\t\t<\/div>\n\t\t\t<\/div>\n\t\t<\/div>\n\t\t","protected":false},"excerpt":{"rendered":"<p>Nasenkorrektur Die Nasenkorrektur Operation wird f\u00fcr Korrekturen am Knochen und Knorpel, bei Unvollst\u00e4ndigkeiten und f\u00fcr ein \u00e4sthetisch besseres Aussehen eingesetzt. Es ist ein chirurgischer Eingriff, bei dem die Nasengr\u00f6\u00dfe, L\u00e4nge, die Nasenl\u00f6cher verkleinert, der Abstand zwischen Nase und Lippen ver\u00e4ndert werden kann. Diese Eingriffe dienen zur Korrektur von St\u00f6rungen und verhelfen Ihnen zu einer Ihrem [&hellip;]<\/p>\n","protected":false},"author":2,"featured_media":0,"parent":0,"menu_order":0,"comment_status":"closed","ping_status":"closed","template":"template\/template-page.php","meta":{"footnotes":""},"class_list":["post-4381","page","type-page","status-publish","hentry"],"yoast_head":"<!-- This site is optimized with the Yoast SEO plugin v26.6 - https:\/\/yoast.com\/wordpress\/plugins\/seo\/ -->\n<title>Nasenkorrektur | Nills Aesthetic<\/title>\n<meta name=\"robots\" content=\"index, follow, max-snippet:-1, max-image-preview:large, max-video-preview:-1\" \/>\n<link rel=\"canonical\" href=\"https:\/\/nillsestheticcenter.com\/de\/nasenkorrektur\/\" \/>\n<meta property=\"og:locale\" content=\"tr_TR\" \/>\n<meta property=\"og:type\" content=\"article\" \/>\n<meta property=\"og:title\" content=\"Nasenkorrektur | Nills Aesthetic\" \/>\n<meta property=\"og:description\" content=\"Nasenkorrektur Die Nasenkorrektur Operation wird f\u00fcr Korrekturen am Knochen und Knorpel, bei Unvollst\u00e4ndigkeiten und f\u00fcr ein \u00e4sthetisch besseres Aussehen eingesetzt. Es ist ein chirurgischer Eingriff, bei dem die Nasengr\u00f6\u00dfe, L\u00e4nge, die Nasenl\u00f6cher verkleinert, der Abstand zwischen Nase und Lippen ver\u00e4ndert werden kann. Diese Eingriffe dienen zur Korrektur von St\u00f6rungen und verhelfen Ihnen zu einer Ihrem [&hellip;]\" \/>\n<meta property=\"og:url\" content=\"https:\/\/nillsestheticcenter.com\/de\/nasenkorrektur\/\" \/>\n<meta property=\"og:site_name\" content=\"Nills Aesthetic\" \/>\n<meta property=\"article:modified_time\" content=\"2020-04-25T10:33:09+00:00\" \/>\n<meta name=\"twitter:card\" content=\"summary_large_image\" \/>\n<meta name=\"twitter:label1\" content=\"Tahmini okuma s\u00fcresi\" \/>\n\t<meta name=\"twitter:data1\" content=\"2 dakika\" \/>\n<script type=\"application\/ld+json\" class=\"yoast-schema-graph\">{\"@context\":\"https:\/\/schema.org\",\"@graph\":[{\"@type\":\"WebPage\",\"@id\":\"https:\/\/nillsestheticcenter.com\/de\/nasenkorrektur\/\",\"url\":\"https:\/\/nillsestheticcenter.com\/de\/nasenkorrektur\/\",\"name\":\"Nasenkorrektur | Nills Aesthetic\",\"isPartOf\":{\"@id\":\"https:\/\/nillsestheticcenter.com\/de\/#website\"},\"datePublished\":\"2020-03-11T09:34:36+00:00\",\"dateModified\":\"2020-04-25T10:33:09+00:00\",\"breadcrumb\":{\"@id\":\"https:\/\/nillsestheticcenter.com\/de\/nasenkorrektur\/#breadcrumb\"},\"inLanguage\":\"tr\",\"potentialAction\":[{\"@type\":\"ReadAction\",\"target\":[\"https:\/\/nillsestheticcenter.com\/de\/nasenkorrektur\/\"]}]},{\"@type\":\"BreadcrumbList\",\"@id\":\"https:\/\/nillsestheticcenter.com\/de\/nasenkorrektur\/#breadcrumb\",\"itemListElement\":[{\"@type\":\"ListItem\",\"position\":1,\"name\":\"Home\",\"item\":\"https:\/\/nillsestheticcenter.com\/de\/\"},{\"@type\":\"ListItem\",\"position\":2,\"name\":\"Nasenkorrektur\"}]},{\"@type\":\"WebSite\",\"@id\":\"https:\/\/nillsestheticcenter.com\/de\/#website\",\"url\":\"https:\/\/nillsestheticcenter.com\/de\/\",\"name\":\"Nills Aesthetic\",\"description\":\"\",\"publisher\":{\"@id\":\"https:\/\/nillsestheticcenter.com\/de\/#organization\"},\"potentialAction\":[{\"@type\":\"SearchAction\",\"target\":{\"@type\":\"EntryPoint\",\"urlTemplate\":\"https:\/\/nillsestheticcenter.com\/de\/?s={search_term_string}\"},\"query-input\":{\"@type\":\"PropertyValueSpecification\",\"valueRequired\":true,\"valueName\":\"search_term_string\"}}],\"inLanguage\":\"tr\"},{\"@type\":\"Organization\",\"@id\":\"https:\/\/nillsestheticcenter.com\/de\/#organization\",\"name\":\"Nills Aesthetic\",\"url\":\"https:\/\/nillsestheticcenter.com\/de\/\",\"logo\":{\"@type\":\"ImageObject\",\"inLanguage\":\"tr\",\"@id\":\"https:\/\/nillsestheticcenter.com\/de\/#\/schema\/logo\/image\/\",\"url\":\"https:\/\/nillsestheticcenter.com\/de\/wp-content\/uploads\/2020\/03\/logo.png\",\"contentUrl\":\"https:\/\/nillsestheticcenter.com\/de\/wp-content\/uploads\/2020\/03\/logo.png\",\"width\":267,\"height\":93,\"caption\":\"Nills Aesthetic\"},\"image\":{\"@id\":\"https:\/\/nillsestheticcenter.com\/de\/#\/schema\/logo\/image\/\"}}]}<\/script>\n<!-- \/ Yoast SEO plugin. -->","yoast_head_json":{"title":"Nasenkorrektur | Nills Aesthetic","robots":{"index":"index","follow":"follow","max-snippet":"max-snippet:-1","max-image-preview":"max-image-preview:large","max-video-preview":"max-video-preview:-1"},"canonical":"https:\/\/nillsestheticcenter.com\/de\/nasenkorrektur\/","og_locale":"tr_TR","og_type":"article","og_title":"Nasenkorrektur | Nills Aesthetic","og_description":"Nasenkorrektur Die Nasenkorrektur Operation wird f\u00fcr Korrekturen am Knochen und Knorpel, bei Unvollst\u00e4ndigkeiten und f\u00fcr ein \u00e4sthetisch besseres Aussehen eingesetzt. Es ist ein chirurgischer Eingriff, bei dem die Nasengr\u00f6\u00dfe, L\u00e4nge, die Nasenl\u00f6cher verkleinert, der Abstand zwischen Nase und Lippen ver\u00e4ndert werden kann. Diese Eingriffe dienen zur Korrektur von St\u00f6rungen und verhelfen Ihnen zu einer Ihrem [&hellip;]","og_url":"https:\/\/nillsestheticcenter.com\/de\/nasenkorrektur\/","og_site_name":"Nills Aesthetic","article_modified_time":"2020-04-25T10:33:09+00:00","twitter_card":"summary_large_image","twitter_misc":{"Tahmini okuma s\u00fcresi":"2 dakika"},"schema":{"@context":"https:\/\/schema.org","@graph":[{"@type":"WebPage","@id":"https:\/\/nillsestheticcenter.com\/de\/nasenkorrektur\/","url":"https:\/\/nillsestheticcenter.com\/de\/nasenkorrektur\/","name":"Nasenkorrektur | Nills Aesthetic","isPartOf":{"@id":"https:\/\/nillsestheticcenter.com\/de\/#website"},"datePublished":"2020-03-11T09:34:36+00:00","dateModified":"2020-04-25T10:33:09+00:00","breadcrumb":{"@id":"https:\/\/nillsestheticcenter.com\/de\/nasenkorrektur\/#breadcrumb"},"inLanguage":"tr","potentialAction":[{"@type":"ReadAction","target":["https:\/\/nillsestheticcenter.com\/de\/nasenkorrektur\/"]}]},{"@type":"BreadcrumbList","@id":"https:\/\/nillsestheticcenter.com\/de\/nasenkorrektur\/#breadcrumb","itemListElement":[{"@type":"ListItem","position":1,"name":"Home","item":"https:\/\/nillsestheticcenter.com\/de\/"},{"@type":"ListItem","position":2,"name":"Nasenkorrektur"}]},{"@type":"WebSite","@id":"https:\/\/nillsestheticcenter.com\/de\/#website","url":"https:\/\/nillsestheticcenter.com\/de\/","name":"Nills Aesthetic","description":"","publisher":{"@id":"https:\/\/nillsestheticcenter.com\/de\/#organization"},"potentialAction":[{"@type":"SearchAction","target":{"@type":"EntryPoint","urlTemplate":"https:\/\/nillsestheticcenter.com\/de\/?s={search_term_string}"},"query-input":{"@type":"PropertyValueSpecification","valueRequired":true,"valueName":"search_term_string"}}],"inLanguage":"tr"},{"@type":"Organization","@id":"https:\/\/nillsestheticcenter.com\/de\/#organization","name":"Nills Aesthetic","url":"https:\/\/nillsestheticcenter.com\/de\/","logo":{"@type":"ImageObject","inLanguage":"tr","@id":"https:\/\/nillsestheticcenter.com\/de\/#\/schema\/logo\/image\/","url":"https:\/\/nillsestheticcenter.com\/de\/wp-content\/uploads\/2020\/03\/logo.png","contentUrl":"https:\/\/nillsestheticcenter.com\/de\/wp-content\/uploads\/2020\/03\/logo.png","width":267,"height":93,"caption":"Nills Aesthetic"},"image":{"@id":"https:\/\/nillsestheticcenter.com\/de\/#\/schema\/logo\/image\/"}}]}},"_links":{"self":[{"href":"https:\/\/nillsestheticcenter.com\/de\/wp-json\/wp\/v2\/pages\/4381","targetHints":{"allow":["GET"]}}],"collection":[{"href":"https:\/\/nillsestheticcenter.com\/de\/wp-json\/wp\/v2\/pages"}],"about":[{"href":"https:\/\/nillsestheticcenter.com\/de\/wp-json\/wp\/v2\/types\/page"}],"author":[{"embeddable":true,"href":"https:\/\/nillsestheticcenter.com\/de\/wp-json\/wp\/v2\/users\/2"}],"replies":[{"embeddable":true,"href":"https:\/\/nillsestheticcenter.com\/de\/wp-json\/wp\/v2\/comments?post=4381"}],"version-history":[{"count":10,"href":"https:\/\/nillsestheticcenter.com\/de\/wp-json\/wp\/v2\/pages\/4381\/revisions"}],"predecessor-version":[{"id":5146,"href":"https:\/\/nillsestheticcenter.com\/de\/wp-json\/wp\/v2\/pages\/4381\/revisions\/5146"}],"wp:attachment":[{"href":"https:\/\/nillsestheticcenter.com\/de\/wp-json\/wp\/v2\/media?parent=4381"}],"curies":[{"name":"wp","href":"https:\/\/api.w.org\/{rel}","templated":true}]}}