{"id":4396,"date":"2020-03-11T13:10:28","date_gmt":"2020-03-11T10:10:28","guid":{"rendered":"https:\/\/nillsestheticcenter.com\/de\/?page_id=4396"},"modified":"2020-04-27T09:28:06","modified_gmt":"2020-04-27T06:28:06","slug":"beinheben","status":"publish","type":"page","link":"https:\/\/nillsestheticcenter.com\/de\/beinheben\/","title":{"rendered":"Beinheben"},"content":{"rendered":"\t\t<div data-elementor-type=\"wp-post\" data-elementor-id=\"4396\" class=\"elementor elementor-4396\" data-elementor-settings=\"[]\">\n\t\t\t<div class=\"elementor-inner\">\n\t\t\t\t<div class=\"elementor-section-wrap\">\n\t\t\t\t\t\t\t<section class=\"elementor-element elementor-element-d5b672e elementor-section-content-top ov-h elementor-section-boxed elementor-section-height-default elementor-section-height-default elementor-section elementor-top-section\" data-id=\"d5b672e\" data-element_type=\"section\" data-settings=\"{&quot;ekit_section_parallax_multi&quot;:&quot;yes&quot;,&quot;ekit_section_parallax_multi_items&quot;:[{&quot;parallax_style&quot;:&quot;onscroll&quot;,&quot;item_source&quot;:&quot;image&quot;,&quot;image&quot;:{&quot;url&quot;:&quot;https:\\\/\\\/nillsestheticcenter.com\\\/de\\\/wp-content\\\/uploads\\\/2019\\\/09\\\/about-info-bg-left.png&quot;,&quot;id&quot;:1722},&quot;shape&quot;:null,&quot;shape_color&quot;:null,&quot;width_type&quot;:&quot;&quot;,&quot;width_type_tablet&quot;:&quot;&quot;,&quot;width_type_mobile&quot;:&quot;&quot;,&quot;custom_width&quot;:null,&quot;custom_width_tablet&quot;:null,&quot;custom_width_mobile&quot;:null,&quot;source_rotate&quot;:{&quot;unit&quot;:&quot;deg&quot;,&quot;size&quot;:0,&quot;sizes&quot;:[]},&quot;source_rotate_tablet&quot;:{&quot;unit&quot;:&quot;px&quot;,&quot;size&quot;:&quot;&quot;,&quot;sizes&quot;:[]},&quot;source_rotate_mobile&quot;:{&quot;unit&quot;:&quot;px&quot;,&quot;size&quot;:&quot;&quot;,&quot;sizes&quot;:[]},&quot;pos_x&quot;:{&quot;unit&quot;:&quot;%&quot;,&quot;size&quot;:0,&quot;sizes&quot;:[]},&quot;pos_x_tablet&quot;:{&quot;unit&quot;:&quot;px&quot;,&quot;size&quot;:&quot;&quot;,&quot;sizes&quot;:[]},&quot;pos_x_mobile&quot;:{&quot;unit&quot;:&quot;px&quot;,&quot;size&quot;:&quot;&quot;,&quot;sizes&quot;:[]},&quot;pos_y&quot;:{&quot;unit&quot;:&quot;%&quot;,&quot;size&quot;:0,&quot;sizes&quot;:[]},&quot;pos_y_tablet&quot;:{&quot;unit&quot;:&quot;px&quot;,&quot;size&quot;:&quot;&quot;,&quot;sizes&quot;:[]},&quot;pos_y_mobile&quot;:{&quot;unit&quot;:&quot;px&quot;,&quot;size&quot;:&quot;&quot;,&quot;sizes&quot;:[]},&quot;animation&quot;:null,&quot;animation_tablet&quot;:null,&quot;animation_mobile&quot;:null,&quot;item_opacity&quot;:&quot;1&quot;,&quot;animation_speed&quot;:null,&quot;animation_iteration_count&quot;:null,&quot;animation_direction&quot;:null,&quot;parallax_speed&quot;:null,&quot;parallax_transform&quot;:&quot;translateY&quot;,&quot;parallax_transform_value&quot;:&quot;250&quot;,&quot;smoothness&quot;:&quot;700&quot;,&quot;offsettop&quot;:&quot;0&quot;,&quot;offsetbottom&quot;:&quot;0&quot;,&quot;maxtilt&quot;:null,&quot;scale&quot;:null,&quot;disableaxis&quot;:null,&quot;zindex&quot;:0,&quot;_id&quot;:&quot;3eee3c3&quot;,&quot;parallax_blur_effect&quot;:{&quot;unit&quot;:&quot;px&quot;,&quot;size&quot;:0,&quot;sizes&quot;:[]},&quot;parallax_blur_effect_tablet&quot;:{&quot;unit&quot;:&quot;px&quot;,&quot;size&quot;:&quot;&quot;,&quot;sizes&quot;:[]},&quot;parallax_blur_effect_mobile&quot;:{&quot;unit&quot;:&quot;px&quot;,&quot;size&quot;:&quot;&quot;,&quot;sizes&quot;:[]}},{&quot;parallax_style&quot;:&quot;onscroll&quot;,&quot;item_source&quot;:&quot;image&quot;,&quot;image&quot;:{&quot;url&quot;:&quot;https:\\\/\\\/nillsestheticcenter.com\\\/de\\\/wp-content\\\/uploads\\\/2019\\\/09\\\/about-info-bg-right.png&quot;,&quot;id&quot;:1721},&quot;shape&quot;:null,&quot;shape_color&quot;:null,&quot;width_type&quot;:&quot;&quot;,&quot;width_type_tablet&quot;:&quot;&quot;,&quot;width_type_mobile&quot;:&quot;&quot;,&quot;custom_width&quot;:null,&quot;custom_width_tablet&quot;:null,&quot;custom_width_mobile&quot;:null,&quot;source_rotate&quot;:{&quot;unit&quot;:&quot;deg&quot;,&quot;size&quot;:0,&quot;sizes&quot;:[]},&quot;source_rotate_tablet&quot;:{&quot;unit&quot;:&quot;px&quot;,&quot;size&quot;:&quot;&quot;,&quot;sizes&quot;:[]},&quot;source_rotate_mobile&quot;:{&quot;unit&quot;:&quot;px&quot;,&quot;size&quot;:&quot;&quot;,&quot;sizes&quot;:[]},&quot;pos_x&quot;:{&quot;unit&quot;:&quot;%&quot;,&quot;size&quot;:90,&quot;sizes&quot;:[]},&quot;pos_x_tablet&quot;:{&quot;unit&quot;:&quot;px&quot;,&quot;size&quot;:&quot;&quot;,&quot;sizes&quot;:[]},&quot;pos_x_mobile&quot;:{&quot;unit&quot;:&quot;px&quot;,&quot;size&quot;:&quot;&quot;,&quot;sizes&quot;:[]},&quot;pos_y&quot;:{&quot;unit&quot;:&quot;px&quot;,&quot;size&quot;:-120,&quot;sizes&quot;:[]},&quot;pos_y_tablet&quot;:{&quot;unit&quot;:&quot;px&quot;,&quot;size&quot;:&quot;&quot;,&quot;sizes&quot;:[]},&quot;pos_y_mobile&quot;:{&quot;unit&quot;:&quot;px&quot;,&quot;size&quot;:&quot;&quot;,&quot;sizes&quot;:[]},&quot;animation&quot;:null,&quot;animation_tablet&quot;:null,&quot;animation_mobile&quot;:null,&quot;item_opacity&quot;:&quot;1&quot;,&quot;animation_speed&quot;:null,&quot;animation_iteration_count&quot;:null,&quot;animation_direction&quot;:null,&quot;parallax_speed&quot;:null,&quot;parallax_transform&quot;:&quot;translateY&quot;,&quot;parallax_transform_value&quot;:&quot;250&quot;,&quot;smoothness&quot;:&quot;700&quot;,&quot;offsettop&quot;:&quot;0&quot;,&quot;offsetbottom&quot;:&quot;0&quot;,&quot;maxtilt&quot;:null,&quot;scale&quot;:null,&quot;disableaxis&quot;:null,&quot;zindex&quot;:0,&quot;_id&quot;:&quot;44a7be1&quot;,&quot;parallax_blur_effect&quot;:{&quot;unit&quot;:&quot;px&quot;,&quot;size&quot;:0,&quot;sizes&quot;:[]},&quot;parallax_blur_effect_tablet&quot;:{&quot;unit&quot;:&quot;px&quot;,&quot;size&quot;:&quot;&quot;,&quot;sizes&quot;:[]},&quot;parallax_blur_effect_mobile&quot;:{&quot;unit&quot;:&quot;px&quot;,&quot;size&quot;:&quot;&quot;,&quot;sizes&quot;:[]}}]}\">\n\t\t\t\t\t\t<div class=\"elementor-container elementor-column-gap-default\">\n\t\t\t\t<div class=\"elementor-row\">\n\t\t\t\t<div class=\"elementor-element elementor-element-ac65cc9 elementor-invisible elementor-column elementor-col-100 elementor-top-column\" data-id=\"ac65cc9\" data-element_type=\"column\" data-settings=\"{&quot;animation&quot;:&quot;fadeInUp&quot;,&quot;animation_delay&quot;:300}\">\n\t\t\t<div class=\"elementor-column-wrap  elementor-element-populated\">\n\t\t\t\t\t<div class=\"elementor-widget-wrap\">\n\t\t\t\t<div class=\"elementor-element elementor-element-65a4666 elementor-widget elementor-widget-heading\" data-id=\"65a4666\" data-element_type=\"widget\" data-widget_type=\"heading.default\">\n\t\t\t\t<div class=\"elementor-widget-container\">\n\t\t\t<h2 class=\"elementor-heading-title elementor-size-default\">Beinheben<\/h2>\t\t<\/div>\n\t\t\t\t<\/div>\n\t\t\t\t<div class=\"elementor-element elementor-element-27da09d short_desc elementor-widget elementor-widget-text-editor\" data-id=\"27da09d\" data-element_type=\"widget\" data-widget_type=\"text-editor.default\">\n\t\t\t\t<div class=\"elementor-widget-container\">\n\t\t\t\t\t<div class=\"elementor-text-editor elementor-clearfix\"><p>Vielen Menschen f\u00e4llt es schwer, ihre Wadenmuskeln zu entwickeln, egal wie umfangreich und zielgerichtet sie trainieren. Bei einigen Personen bleiben die Unterschenkel trotz intensiven Trainings d\u00fcnn und undefiniert.<\/p><p>Andere Menschen leiden an einer Krankheit, die dazu f\u00fchrte, dass die Beinmuskeln unterentwickelt wirkten. Wadenimplantate in Behandlung gibt es in verschiedenen Gr\u00f6\u00dfen und Formen.<\/p><p>Anerkannt als Wadenvergr\u00f6\u00dferung; Das Verfahren soll die Gr\u00f6\u00dfe und Form des Kalbes erh\u00f6hen. Sie werden \u00fcber die Wadenmuskeln gelegt, um ihr Aussehen zu verbessern und ihnen klarere Konturen zu verleihen.<\/p><h2>Gute Kandidaten f\u00fcr Wadenimplantate<\/h2><p><strong>Ideale Kandidaten sind Personen mit guter k\u00f6rperlicher Gesundheit und:<\/strong><\/p><ul><li>Psychologisch stabil<\/li><li>M\u00f6chte mehr entwickelte aussehende Muskeln haben<\/li><li>Sehen Sie realistisch in ihren Erwartungen f\u00fcr die Ergebnisse<\/li><\/ul><h2>Vorbereitung f\u00fcr Ihre Wadenimplantate<\/h2><p>Wenn Sie Raucher sind, ist es wichtig, dass Sie vor Ihrer Operation und w\u00e4hrend der Erholungsphase mit dem Rauchen aufh\u00f6ren, da Rauchen den Heilungsprozess behindern kann.<\/p><p>Bestimmte Medikamente und nat\u00fcrliche Erg\u00e4nzungsmittel k\u00f6nnen das Blutungsrisiko erh\u00f6hen. Ihr plastischer Chirurg gibt Ihnen eine Liste der Medikamente, die Sie vor der Operation absetzen m\u00fcssen. Wenn Sie eines Ihrer Medikamente nicht auf dieser Liste sehen, fragen Sie unbedingt den Chirurgen.<\/p><p><strong>Einen Monat vor Wadenimplantaten<\/strong><br \/>Beenden Sie die Einnahme von Medikamenten wie Aspirin und Vitamin E. H\u00f6ren Sie vollst\u00e4ndig auf zu rauchen.<\/p><p><strong>Eine Woche vor Wadenimplantaten<\/strong><br \/>Sie werden gebeten, Blutuntersuchungen und Herzuntersuchungen durchzuf\u00fchren.<\/p><p><strong>Einen Tag vor Wadenimplantaten<\/strong><br \/>Nehmen Sie nach der von Ihrem Chirurgen angegebenen Zeit keine Lebensmittel oder Getr\u00e4nke mehr ein<br \/>Packen Sie eine Tasche mit bequemen Schuhen und Kleidung, insbesondere Kleidung mit Rei\u00dfverschl\u00fcssen oder Kn\u00f6pfen<\/p><p><strong>Morgen der Wadenimplantate<\/strong><br \/>Normal duschen oder baden.<\/p><h2>Verfahren f\u00fcr Wadenimplantate<\/h2><p>Am Tag der Wadenvergr\u00f6\u00dferung in der T\u00fcrkei werden Sie unter Vollnarkose gestellt und verdeckt auf den OP-Tisch gelegt. In die Faszie des Muskels wird ein Einschnitt gemacht. Die Faszie ist die faserige H\u00fclle des Muskels. N\u00e4hte schlie\u00dfen den Einschnitt.<\/p><p>Ein spezielles Instrument wird verwendet, um eine Tasche zwischen der Faszie und dem darunter liegenden Muskel herzustellen. Diese Tasche ist gerade gro\u00df genug, damit das Implantat sicher passt. Das Bein wird auf Wirkung untersucht und wenn das Ergebnis wirksam wird, wird der Einschnitt in der Faszie mit Stichen geschlossen. Der Patient wird in die offene Position zur\u00fcckgebracht und dann zur Genesung gebracht.<\/p><h2>Nach einer Wadenimplantatchirurgie<\/h2><p><strong>Einen Tag nach Wadenimplantaten<\/strong><br \/>Sie m\u00fcssen die ersten vierundzwanzig Stunden nach der Operation der Wadenimplantate mit m\u00f6glichst wenig Bewegung im Bett verbringen. Achten Sie beim Sitzen oder Liegen darauf, dass Sie die Beine hoch halten.<\/p><p><strong>Eine Woche nach Wadenimplantaten<\/strong><br \/>Im Durchschnitt kehren die meisten Patienten innerhalb von 3 bis 7 Tagen nach der Operation der Wadenimplantate zur Arbeit und zur normalen Routine zur\u00fcck.<\/p><h2>Allgemeine Risiken von Wadenimplantaten<\/h2><ul><li>Infektion<\/li><li>Blutung<\/li><li>Narbenbildung<\/li><li>H\u00e4matom (Blutentnahme)<\/li><li>Serom (Fl\u00fcssigkeitsansammlung)<\/li><li>Implantatverschiebung<\/li><li>An\u00e4sthesiekomplikationen<\/li><\/ul><h2>H\u00e4ufig gestellte Fragen<\/h2><p><strong>Habe ich sichtbare Narben von Wadenimplantaten?<\/strong><br \/>Nein. W\u00e4hrend der Wadenvergr\u00f6\u00dferungsoperation platzieren unsere plastischen Chirurgen in Esteworld unauff\u00e4llig Schnitte in der Falte hinter dem Knie.<\/p><p><strong>Wann kann ich wieder kr\u00e4ftig trainieren?<\/strong><br \/>Dies ist bei jedem Patienten unterschiedlich. Patienten, die sich einer Wadenimplantatoperation unterzogen haben, m\u00fcssen jedoch eine intensive Aktivit\u00e4t f\u00fcr etwa einen Monat oder l\u00e4nger vermeiden.<\/p><p><strong>Welche Art von Implantaten werden in der Wadenimplantatchirurgie verwendet?<\/strong><br \/>Die Art der Implantate, die in der Wadenimplantatchirurgie verwendet werden, ist weiches, verkauftes Silikon, um eine verst\u00e4rkte Definition zu erzielen und dem Beinkalb ein gut geformtes Aussehen zu verleihen.<\/p><\/div>\n\t\t\t\t<\/div>\n\t\t\t\t<\/div>\n\t\t\t\t\t\t<\/div>\n\t\t\t<\/div>\n\t\t<\/div>\n\t\t\t\t\t\t<\/div>\n\t\t\t<\/div>\n\t\t<\/section>\n\t\t\t\t\t\t<\/div>\n\t\t\t<\/div>\n\t\t<\/div>\n\t\t","protected":false},"excerpt":{"rendered":"<p>Beinheben Vielen Menschen f\u00e4llt es schwer, ihre Wadenmuskeln zu entwickeln, egal wie umfangreich und zielgerichtet sie trainieren. Bei einigen Personen bleiben die Unterschenkel trotz intensiven Trainings d\u00fcnn und undefiniert. Andere Menschen leiden an einer Krankheit, die dazu f\u00fchrte, dass die Beinmuskeln unterentwickelt wirkten. Wadenimplantate in Behandlung gibt es in verschiedenen Gr\u00f6\u00dfen und Formen. Anerkannt als [&hellip;]<\/p>\n","protected":false},"author":2,"featured_media":0,"parent":0,"menu_order":0,"comment_status":"closed","ping_status":"closed","template":"template\/template-page.php","meta":{"footnotes":""},"class_list":["post-4396","page","type-page","status-publish","hentry"],"yoast_head":"<!-- This site is optimized with the Yoast SEO plugin v26.6 - https:\/\/yoast.com\/wordpress\/plugins\/seo\/ -->\n<title>Beinheben | Nills Aesthetic<\/title>\n<meta name=\"robots\" content=\"index, follow, max-snippet:-1, max-image-preview:large, max-video-preview:-1\" \/>\n<link rel=\"canonical\" href=\"https:\/\/nillsestheticcenter.com\/de\/beinheben\/\" \/>\n<meta property=\"og:locale\" content=\"tr_TR\" \/>\n<meta property=\"og:type\" content=\"article\" \/>\n<meta property=\"og:title\" content=\"Beinheben | Nills Aesthetic\" \/>\n<meta property=\"og:description\" content=\"Beinheben Vielen Menschen f\u00e4llt es schwer, ihre Wadenmuskeln zu entwickeln, egal wie umfangreich und zielgerichtet sie trainieren. Bei einigen Personen bleiben die Unterschenkel trotz intensiven Trainings d\u00fcnn und undefiniert. Andere Menschen leiden an einer Krankheit, die dazu f\u00fchrte, dass die Beinmuskeln unterentwickelt wirkten. Wadenimplantate in Behandlung gibt es in verschiedenen Gr\u00f6\u00dfen und Formen. Anerkannt als [&hellip;]\" \/>\n<meta property=\"og:url\" content=\"https:\/\/nillsestheticcenter.com\/de\/beinheben\/\" \/>\n<meta property=\"og:site_name\" content=\"Nills Aesthetic\" \/>\n<meta property=\"article:modified_time\" content=\"2020-04-27T06:28:06+00:00\" \/>\n<meta name=\"twitter:card\" content=\"summary_large_image\" \/>\n<meta name=\"twitter:label1\" content=\"Tahmini okuma s\u00fcresi\" \/>\n\t<meta name=\"twitter:data1\" content=\"3 dakika\" \/>\n<script type=\"application\/ld+json\" class=\"yoast-schema-graph\">{\"@context\":\"https:\/\/schema.org\",\"@graph\":[{\"@type\":\"WebPage\",\"@id\":\"https:\/\/nillsestheticcenter.com\/de\/beinheben\/\",\"url\":\"https:\/\/nillsestheticcenter.com\/de\/beinheben\/\",\"name\":\"Beinheben | Nills Aesthetic\",\"isPartOf\":{\"@id\":\"https:\/\/nillsestheticcenter.com\/de\/#website\"},\"datePublished\":\"2020-03-11T10:10:28+00:00\",\"dateModified\":\"2020-04-27T06:28:06+00:00\",\"breadcrumb\":{\"@id\":\"https:\/\/nillsestheticcenter.com\/de\/beinheben\/#breadcrumb\"},\"inLanguage\":\"tr\",\"potentialAction\":[{\"@type\":\"ReadAction\",\"target\":[\"https:\/\/nillsestheticcenter.com\/de\/beinheben\/\"]}]},{\"@type\":\"BreadcrumbList\",\"@id\":\"https:\/\/nillsestheticcenter.com\/de\/beinheben\/#breadcrumb\",\"itemListElement\":[{\"@type\":\"ListItem\",\"position\":1,\"name\":\"Home\",\"item\":\"https:\/\/nillsestheticcenter.com\/de\/\"},{\"@type\":\"ListItem\",\"position\":2,\"name\":\"Beinheben\"}]},{\"@type\":\"WebSite\",\"@id\":\"https:\/\/nillsestheticcenter.com\/de\/#website\",\"url\":\"https:\/\/nillsestheticcenter.com\/de\/\",\"name\":\"Nills Aesthetic\",\"description\":\"\",\"publisher\":{\"@id\":\"https:\/\/nillsestheticcenter.com\/de\/#organization\"},\"potentialAction\":[{\"@type\":\"SearchAction\",\"target\":{\"@type\":\"EntryPoint\",\"urlTemplate\":\"https:\/\/nillsestheticcenter.com\/de\/?s={search_term_string}\"},\"query-input\":{\"@type\":\"PropertyValueSpecification\",\"valueRequired\":true,\"valueName\":\"search_term_string\"}}],\"inLanguage\":\"tr\"},{\"@type\":\"Organization\",\"@id\":\"https:\/\/nillsestheticcenter.com\/de\/#organization\",\"name\":\"Nills Aesthetic\",\"url\":\"https:\/\/nillsestheticcenter.com\/de\/\",\"logo\":{\"@type\":\"ImageObject\",\"inLanguage\":\"tr\",\"@id\":\"https:\/\/nillsestheticcenter.com\/de\/#\/schema\/logo\/image\/\",\"url\":\"https:\/\/nillsestheticcenter.com\/de\/wp-content\/uploads\/2020\/03\/logo.png\",\"contentUrl\":\"https:\/\/nillsestheticcenter.com\/de\/wp-content\/uploads\/2020\/03\/logo.png\",\"width\":267,\"height\":93,\"caption\":\"Nills Aesthetic\"},\"image\":{\"@id\":\"https:\/\/nillsestheticcenter.com\/de\/#\/schema\/logo\/image\/\"}}]}<\/script>\n<!-- \/ Yoast SEO plugin. -->","yoast_head_json":{"title":"Beinheben | Nills Aesthetic","robots":{"index":"index","follow":"follow","max-snippet":"max-snippet:-1","max-image-preview":"max-image-preview:large","max-video-preview":"max-video-preview:-1"},"canonical":"https:\/\/nillsestheticcenter.com\/de\/beinheben\/","og_locale":"tr_TR","og_type":"article","og_title":"Beinheben | Nills Aesthetic","og_description":"Beinheben Vielen Menschen f\u00e4llt es schwer, ihre Wadenmuskeln zu entwickeln, egal wie umfangreich und zielgerichtet sie trainieren. Bei einigen Personen bleiben die Unterschenkel trotz intensiven Trainings d\u00fcnn und undefiniert. Andere Menschen leiden an einer Krankheit, die dazu f\u00fchrte, dass die Beinmuskeln unterentwickelt wirkten. Wadenimplantate in Behandlung gibt es in verschiedenen Gr\u00f6\u00dfen und Formen. Anerkannt als [&hellip;]","og_url":"https:\/\/nillsestheticcenter.com\/de\/beinheben\/","og_site_name":"Nills Aesthetic","article_modified_time":"2020-04-27T06:28:06+00:00","twitter_card":"summary_large_image","twitter_misc":{"Tahmini okuma s\u00fcresi":"3 dakika"},"schema":{"@context":"https:\/\/schema.org","@graph":[{"@type":"WebPage","@id":"https:\/\/nillsestheticcenter.com\/de\/beinheben\/","url":"https:\/\/nillsestheticcenter.com\/de\/beinheben\/","name":"Beinheben | Nills Aesthetic","isPartOf":{"@id":"https:\/\/nillsestheticcenter.com\/de\/#website"},"datePublished":"2020-03-11T10:10:28+00:00","dateModified":"2020-04-27T06:28:06+00:00","breadcrumb":{"@id":"https:\/\/nillsestheticcenter.com\/de\/beinheben\/#breadcrumb"},"inLanguage":"tr","potentialAction":[{"@type":"ReadAction","target":["https:\/\/nillsestheticcenter.com\/de\/beinheben\/"]}]},{"@type":"BreadcrumbList","@id":"https:\/\/nillsestheticcenter.com\/de\/beinheben\/#breadcrumb","itemListElement":[{"@type":"ListItem","position":1,"name":"Home","item":"https:\/\/nillsestheticcenter.com\/de\/"},{"@type":"ListItem","position":2,"name":"Beinheben"}]},{"@type":"WebSite","@id":"https:\/\/nillsestheticcenter.com\/de\/#website","url":"https:\/\/nillsestheticcenter.com\/de\/","name":"Nills Aesthetic","description":"","publisher":{"@id":"https:\/\/nillsestheticcenter.com\/de\/#organization"},"potentialAction":[{"@type":"SearchAction","target":{"@type":"EntryPoint","urlTemplate":"https:\/\/nillsestheticcenter.com\/de\/?s={search_term_string}"},"query-input":{"@type":"PropertyValueSpecification","valueRequired":true,"valueName":"search_term_string"}}],"inLanguage":"tr"},{"@type":"Organization","@id":"https:\/\/nillsestheticcenter.com\/de\/#organization","name":"Nills Aesthetic","url":"https:\/\/nillsestheticcenter.com\/de\/","logo":{"@type":"ImageObject","inLanguage":"tr","@id":"https:\/\/nillsestheticcenter.com\/de\/#\/schema\/logo\/image\/","url":"https:\/\/nillsestheticcenter.com\/de\/wp-content\/uploads\/2020\/03\/logo.png","contentUrl":"https:\/\/nillsestheticcenter.com\/de\/wp-content\/uploads\/2020\/03\/logo.png","width":267,"height":93,"caption":"Nills Aesthetic"},"image":{"@id":"https:\/\/nillsestheticcenter.com\/de\/#\/schema\/logo\/image\/"}}]}},"_links":{"self":[{"href":"https:\/\/nillsestheticcenter.com\/de\/wp-json\/wp\/v2\/pages\/4396","targetHints":{"allow":["GET"]}}],"collection":[{"href":"https:\/\/nillsestheticcenter.com\/de\/wp-json\/wp\/v2\/pages"}],"about":[{"href":"https:\/\/nillsestheticcenter.com\/de\/wp-json\/wp\/v2\/types\/page"}],"author":[{"embeddable":true,"href":"https:\/\/nillsestheticcenter.com\/de\/wp-json\/wp\/v2\/users\/2"}],"replies":[{"embeddable":true,"href":"https:\/\/nillsestheticcenter.com\/de\/wp-json\/wp\/v2\/comments?post=4396"}],"version-history":[{"count":7,"href":"https:\/\/nillsestheticcenter.com\/de\/wp-json\/wp\/v2\/pages\/4396\/revisions"}],"predecessor-version":[{"id":5236,"href":"https:\/\/nillsestheticcenter.com\/de\/wp-json\/wp\/v2\/pages\/4396\/revisions\/5236"}],"wp:attachment":[{"href":"https:\/\/nillsestheticcenter.com\/de\/wp-json\/wp\/v2\/media?parent=4396"}],"curies":[{"name":"wp","href":"https:\/\/api.w.org\/{rel}","templated":true}]}}