{"id":4397,"date":"2020-03-11T13:10:37","date_gmt":"2020-03-11T10:10:37","guid":{"rendered":"https:\/\/nillsestheticcenter.com\/de\/?page_id=4397"},"modified":"2020-04-25T13:49:47","modified_gmt":"2020-04-25T10:49:47","slug":"bauchstraffung","status":"publish","type":"page","link":"https:\/\/nillsestheticcenter.com\/de\/bauchstraffung\/","title":{"rendered":"Bauchstraffung"},"content":{"rendered":"\t\t<div data-elementor-type=\"wp-post\" data-elementor-id=\"4397\" class=\"elementor elementor-4397\" data-elementor-settings=\"[]\">\n\t\t\t<div class=\"elementor-inner\">\n\t\t\t\t<div class=\"elementor-section-wrap\">\n\t\t\t\t\t\t\t<section class=\"elementor-element elementor-element-d5b672e elementor-section-content-top ov-h elementor-section-boxed elementor-section-height-default elementor-section-height-default elementor-section elementor-top-section\" data-id=\"d5b672e\" data-element_type=\"section\" data-settings=\"{&quot;ekit_section_parallax_multi&quot;:&quot;yes&quot;,&quot;ekit_section_parallax_multi_items&quot;:[{&quot;parallax_style&quot;:&quot;onscroll&quot;,&quot;item_source&quot;:&quot;image&quot;,&quot;image&quot;:{&quot;url&quot;:&quot;https:\\\/\\\/nillsestheticcenter.com\\\/de\\\/wp-content\\\/uploads\\\/2019\\\/09\\\/about-info-bg-left.png&quot;,&quot;id&quot;:1722},&quot;shape&quot;:null,&quot;shape_color&quot;:null,&quot;width_type&quot;:&quot;&quot;,&quot;width_type_tablet&quot;:&quot;&quot;,&quot;width_type_mobile&quot;:&quot;&quot;,&quot;custom_width&quot;:null,&quot;custom_width_tablet&quot;:null,&quot;custom_width_mobile&quot;:null,&quot;source_rotate&quot;:{&quot;unit&quot;:&quot;deg&quot;,&quot;size&quot;:0,&quot;sizes&quot;:[]},&quot;source_rotate_tablet&quot;:{&quot;unit&quot;:&quot;px&quot;,&quot;size&quot;:&quot;&quot;,&quot;sizes&quot;:[]},&quot;source_rotate_mobile&quot;:{&quot;unit&quot;:&quot;px&quot;,&quot;size&quot;:&quot;&quot;,&quot;sizes&quot;:[]},&quot;pos_x&quot;:{&quot;unit&quot;:&quot;%&quot;,&quot;size&quot;:0,&quot;sizes&quot;:[]},&quot;pos_x_tablet&quot;:{&quot;unit&quot;:&quot;px&quot;,&quot;size&quot;:&quot;&quot;,&quot;sizes&quot;:[]},&quot;pos_x_mobile&quot;:{&quot;unit&quot;:&quot;px&quot;,&quot;size&quot;:&quot;&quot;,&quot;sizes&quot;:[]},&quot;pos_y&quot;:{&quot;unit&quot;:&quot;%&quot;,&quot;size&quot;:0,&quot;sizes&quot;:[]},&quot;pos_y_tablet&quot;:{&quot;unit&quot;:&quot;px&quot;,&quot;size&quot;:&quot;&quot;,&quot;sizes&quot;:[]},&quot;pos_y_mobile&quot;:{&quot;unit&quot;:&quot;px&quot;,&quot;size&quot;:&quot;&quot;,&quot;sizes&quot;:[]},&quot;animation&quot;:null,&quot;animation_tablet&quot;:null,&quot;animation_mobile&quot;:null,&quot;item_opacity&quot;:&quot;1&quot;,&quot;animation_speed&quot;:null,&quot;animation_iteration_count&quot;:null,&quot;animation_direction&quot;:null,&quot;parallax_speed&quot;:null,&quot;parallax_transform&quot;:&quot;translateY&quot;,&quot;parallax_transform_value&quot;:&quot;250&quot;,&quot;smoothness&quot;:&quot;700&quot;,&quot;offsettop&quot;:&quot;0&quot;,&quot;offsetbottom&quot;:&quot;0&quot;,&quot;maxtilt&quot;:null,&quot;scale&quot;:null,&quot;disableaxis&quot;:null,&quot;zindex&quot;:0,&quot;_id&quot;:&quot;3eee3c3&quot;,&quot;parallax_blur_effect&quot;:{&quot;unit&quot;:&quot;px&quot;,&quot;size&quot;:0,&quot;sizes&quot;:[]},&quot;parallax_blur_effect_tablet&quot;:{&quot;unit&quot;:&quot;px&quot;,&quot;size&quot;:&quot;&quot;,&quot;sizes&quot;:[]},&quot;parallax_blur_effect_mobile&quot;:{&quot;unit&quot;:&quot;px&quot;,&quot;size&quot;:&quot;&quot;,&quot;sizes&quot;:[]}},{&quot;parallax_style&quot;:&quot;onscroll&quot;,&quot;item_source&quot;:&quot;image&quot;,&quot;image&quot;:{&quot;url&quot;:&quot;https:\\\/\\\/nillsestheticcenter.com\\\/de\\\/wp-content\\\/uploads\\\/2019\\\/09\\\/about-info-bg-right.png&quot;,&quot;id&quot;:1721},&quot;shape&quot;:null,&quot;shape_color&quot;:null,&quot;width_type&quot;:&quot;&quot;,&quot;width_type_tablet&quot;:&quot;&quot;,&quot;width_type_mobile&quot;:&quot;&quot;,&quot;custom_width&quot;:null,&quot;custom_width_tablet&quot;:null,&quot;custom_width_mobile&quot;:null,&quot;source_rotate&quot;:{&quot;unit&quot;:&quot;deg&quot;,&quot;size&quot;:0,&quot;sizes&quot;:[]},&quot;source_rotate_tablet&quot;:{&quot;unit&quot;:&quot;px&quot;,&quot;size&quot;:&quot;&quot;,&quot;sizes&quot;:[]},&quot;source_rotate_mobile&quot;:{&quot;unit&quot;:&quot;px&quot;,&quot;size&quot;:&quot;&quot;,&quot;sizes&quot;:[]},&quot;pos_x&quot;:{&quot;unit&quot;:&quot;%&quot;,&quot;size&quot;:90,&quot;sizes&quot;:[]},&quot;pos_x_tablet&quot;:{&quot;unit&quot;:&quot;px&quot;,&quot;size&quot;:&quot;&quot;,&quot;sizes&quot;:[]},&quot;pos_x_mobile&quot;:{&quot;unit&quot;:&quot;px&quot;,&quot;size&quot;:&quot;&quot;,&quot;sizes&quot;:[]},&quot;pos_y&quot;:{&quot;unit&quot;:&quot;px&quot;,&quot;size&quot;:-120,&quot;sizes&quot;:[]},&quot;pos_y_tablet&quot;:{&quot;unit&quot;:&quot;px&quot;,&quot;size&quot;:&quot;&quot;,&quot;sizes&quot;:[]},&quot;pos_y_mobile&quot;:{&quot;unit&quot;:&quot;px&quot;,&quot;size&quot;:&quot;&quot;,&quot;sizes&quot;:[]},&quot;animation&quot;:null,&quot;animation_tablet&quot;:null,&quot;animation_mobile&quot;:null,&quot;item_opacity&quot;:&quot;1&quot;,&quot;animation_speed&quot;:null,&quot;animation_iteration_count&quot;:null,&quot;animation_direction&quot;:null,&quot;parallax_speed&quot;:null,&quot;parallax_transform&quot;:&quot;translateY&quot;,&quot;parallax_transform_value&quot;:&quot;250&quot;,&quot;smoothness&quot;:&quot;700&quot;,&quot;offsettop&quot;:&quot;0&quot;,&quot;offsetbottom&quot;:&quot;0&quot;,&quot;maxtilt&quot;:null,&quot;scale&quot;:null,&quot;disableaxis&quot;:null,&quot;zindex&quot;:0,&quot;_id&quot;:&quot;44a7be1&quot;,&quot;parallax_blur_effect&quot;:{&quot;unit&quot;:&quot;px&quot;,&quot;size&quot;:0,&quot;sizes&quot;:[]},&quot;parallax_blur_effect_tablet&quot;:{&quot;unit&quot;:&quot;px&quot;,&quot;size&quot;:&quot;&quot;,&quot;sizes&quot;:[]},&quot;parallax_blur_effect_mobile&quot;:{&quot;unit&quot;:&quot;px&quot;,&quot;size&quot;:&quot;&quot;,&quot;sizes&quot;:[]}}]}\">\n\t\t\t\t\t\t<div class=\"elementor-container elementor-column-gap-default\">\n\t\t\t\t<div class=\"elementor-row\">\n\t\t\t\t<div class=\"elementor-element elementor-element-ac65cc9 elementor-invisible elementor-column elementor-col-100 elementor-top-column\" data-id=\"ac65cc9\" data-element_type=\"column\" data-settings=\"{&quot;animation&quot;:&quot;fadeInUp&quot;,&quot;animation_delay&quot;:300}\">\n\t\t\t<div class=\"elementor-column-wrap  elementor-element-populated\">\n\t\t\t\t\t<div class=\"elementor-widget-wrap\">\n\t\t\t\t<div class=\"elementor-element elementor-element-65a4666 elementor-widget elementor-widget-heading\" data-id=\"65a4666\" data-element_type=\"widget\" data-widget_type=\"heading.default\">\n\t\t\t\t<div class=\"elementor-widget-container\">\n\t\t\t<h2 class=\"elementor-heading-title elementor-size-default\">Bauchstraffung<\/h2>\t\t<\/div>\n\t\t\t\t<\/div>\n\t\t\t\t<div class=\"elementor-element elementor-element-27da09d short_desc elementor-widget elementor-widget-text-editor\" data-id=\"27da09d\" data-element_type=\"widget\" data-widget_type=\"text-editor.default\">\n\t\t\t\t<div class=\"elementor-widget-container\">\n\t\t\t\t\t<div class=\"elementor-text-editor elementor-clearfix\"><div class=\"mkdf-row-grid-section-wrapper \"><div class=\"mkdf-row-grid-section\"><div class=\"vc_row wpb_row vc_row-fluid vc_custom_1552394836217\"><div class=\"wpb_column vc_column_container vc_col-sm-12\"><div class=\"vc_column-inner\"><div class=\"wpb_wrapper\"><div class=\"wpb_text_column wpb_content_element \"><div class=\"wpb_wrapper\"><p>Bei der Bauchstraffung wird das \u00fcbersch\u00fcssige fett am vorderbauch entnommen, das schlaffe Hautgewebe entfernt und die Bauchmuskeln gestrafft. Streifen am Bauch bilden sich entweder bei schnellen Gewichtsschwankungen oder Schwangerschaften. Mit der Bauchstraffung sorgt man daf\u00fcr, dass diese Streifen entfernt werden, das Fett entnommen wird und die Bauchdecke ideal aussieht. Die Bauchstraffung Operation dauert zwischen 2 \u2013 4 Stunden. Die N\u00e4hte werden je nach Fortschritt der Heilung nach etwa 10 \u2013 15 Tagen entnommen. Nach einer Nacht zur Beobachtung in der Klinik kann man entlassen werden und nach etwa 2 -4 Wochen wieder arbeiten gehen. Unsere Chirurgen empfehlen dem Patienten nach der Bauchstraffung ein Korsett zu tragen und f\u00fcr eine Weile auf Bewegung zu verzichten. Eine leichte Narbe wird sichtbar bleiben. Mit der Zeit wird die Narbe verblassen und da es ein Bikini Schnitt ist nicht sichtbar sein.<\/p><h3><strong>Wer kann sich die Bauchstraffung Operation durchf\u00fchren lassen?<\/strong><\/h3><p>Die Bauchstraffung Operation wird Personenmit starken Gewichtsschwankungen oder nach Schwangerschaften durchgef\u00fchrt. Wenn \u00fcbersch\u00fcssige Haut vorhanden ist, beim Sitzen am Unterbauch ein in die Hand passende Masse vorhanden ist, dann ist es durchf\u00fchrbar.<\/p><p>F\u00fcr die Bauchstraffung sind Personen die nicht stark \u00fcbergewichtig sind, mit Di\u00e4ten und Sport ihr Fett nicht loswerden k\u00f6nnen, nach Gewichtsverlust \u00fcbersch\u00fcssige Haut, Erschlaffungen und Streifen am Bauch, Frauen die keine Schwangerschaften aber trotzdem einen gro\u00dfen Bauch haben, Erschlaffungen am Bauch nach Schwangerschaften, Fettansammlungen am Bauch obwohl die Figur in Ordnung ist, geeignet. Solange die Patienten keine gesundheitlichen Probleme haben kann jeder die Bauchstraffung Operation durchf\u00fchren lassen. Wenn die Patienten keine \u00fcbersch\u00fcssige Haut sondern die bauchwand durch eine Schwangerschaft oder Gewichtsverlust erschlafft ist, wird zu eine endoskopischen Bauchstraffung geraten. Wenn Haut\u00fcbersch\u00fcsse und Fettansammlungen nur am Unterbauch sind so wird nur eine Mini Bauchstraffung durchgef\u00fchrt.<\/p><h3><strong>Worauf muss ich vor der Operation achten?<\/strong><\/h3><p>Wie bei allen anderen Operationen gibt es auch bei der Bauchstraffung Operation einige Punkte zu beachten. An erster Stelle sollte mit dem Rauchen aufgeh\u00f6rt werden. Rauchen verlangsamt die Durchblutung und verz\u00f6gert die Heilung. Ab 1 Woche vor der Operation sollten keine blutverd\u00fcnnenden Medikamente oder dergleichen eingenommen werden. Um die Operation w\u00e4hrend der Periode der Patientin zu vermeiden sollte dementsprechend geplant werden.<\/p><h3><strong>Werde ich Schmerzen bei der Bauchstraffung Operation haben?<\/strong><\/h3><p>Die Bauchstraffung Operation ist keine schmerzhafte Operation. W\u00e4hrend der Operation werden bei allen Schnitten und an die Bauchdecke lokale Schmerzstiller injiziert. Daher hat der Patient auch nach der Operation keinerlei Schmerzen. Am folgenden Tag k\u00f6nnten sie leichte schmerzen versp\u00fcren, diese entstehen durch die Straffung. Bei der endoskopischen und der Mini Bauchstraffung sind diese schmerzen weniger f\u00fchlbar.<\/p><h3><strong>Was passiert nach der Bauchstraffung Operation?<\/strong><\/h3><p>Nach der Operation bekommen die Patienten St\u00fctzstr\u00fcmpfe gegen Embolien, einen Blasenkatheder, Drainagen und ein Bauchkorsett. Nach ein paar Stunden k\u00f6nnen sie aufstehen und essen. Um die N\u00e4hte nicht zu sehr zu beanspruchen geht man die erste Zeit nach vorne gebeugt. Dadurch dass die N\u00e4hte nach innen gesetzt werden ist eine Nahtentnahme nach der Operation nicht notwendig. Nach einer Woche k\u00f6nnen Sie zu Ihrem gewohnten Alltag zur\u00fcck, nach 3 Wochen wieder Sport betreiben.<\/p><h3><strong>K\u00f6nnte ich nach der Bauchstraffung Operation wieder so aussehen wie fr\u00fcher?<\/strong><\/h3><p>Die Bauchstraffung Operation sorgt f\u00fcr eine anhaltende L\u00f6sung. Aber sollten sie nach der Operation starke Gewichtsschwankungen oder Schwangerschaften haben k\u00f6nnte es Ver\u00e4nderungen geben. Aber nicht so extrem wie vor der Operation. Die Patienten sollten nach der Operation auf Ihr Gewicht und auf ihre Ern\u00e4hrung achten.<\/p><\/div><\/div><\/div><\/div><\/div><\/div><\/div><\/div><\/div>\n\t\t\t\t<\/div>\n\t\t\t\t<\/div>\n\t\t\t\t\t\t<\/div>\n\t\t\t<\/div>\n\t\t<\/div>\n\t\t\t\t\t\t<\/div>\n\t\t\t<\/div>\n\t\t<\/section>\n\t\t\t\t\t\t<\/div>\n\t\t\t<\/div>\n\t\t<\/div>\n\t\t","protected":false},"excerpt":{"rendered":"<p>Bauchstraffung Bei der Bauchstraffung wird das \u00fcbersch\u00fcssige fett am vorderbauch entnommen, das schlaffe Hautgewebe entfernt und die Bauchmuskeln gestrafft. Streifen am Bauch bilden sich entweder bei schnellen Gewichtsschwankungen oder Schwangerschaften. Mit der Bauchstraffung sorgt man daf\u00fcr, dass diese Streifen entfernt werden, das Fett entnommen wird und die Bauchdecke ideal aussieht. Die Bauchstraffung Operation dauert zwischen [&hellip;]<\/p>\n","protected":false},"author":2,"featured_media":0,"parent":0,"menu_order":0,"comment_status":"closed","ping_status":"closed","template":"template\/template-page.php","meta":{"footnotes":""},"class_list":["post-4397","page","type-page","status-publish","hentry"],"yoast_head":"<!-- This site is optimized with the Yoast SEO plugin v26.6 - https:\/\/yoast.com\/wordpress\/plugins\/seo\/ -->\n<title>Bauchstraffung | Nills Aesthetic<\/title>\n<meta name=\"robots\" content=\"index, follow, max-snippet:-1, max-image-preview:large, max-video-preview:-1\" \/>\n<link rel=\"canonical\" href=\"https:\/\/nillsestheticcenter.com\/de\/bauchstraffung\/\" \/>\n<meta property=\"og:locale\" content=\"tr_TR\" \/>\n<meta property=\"og:type\" content=\"article\" \/>\n<meta property=\"og:title\" content=\"Bauchstraffung | Nills Aesthetic\" \/>\n<meta property=\"og:description\" content=\"Bauchstraffung Bei der Bauchstraffung wird das \u00fcbersch\u00fcssige fett am vorderbauch entnommen, das schlaffe Hautgewebe entfernt und die Bauchmuskeln gestrafft. Streifen am Bauch bilden sich entweder bei schnellen Gewichtsschwankungen oder Schwangerschaften. Mit der Bauchstraffung sorgt man daf\u00fcr, dass diese Streifen entfernt werden, das Fett entnommen wird und die Bauchdecke ideal aussieht. Die Bauchstraffung Operation dauert zwischen [&hellip;]\" \/>\n<meta property=\"og:url\" content=\"https:\/\/nillsestheticcenter.com\/de\/bauchstraffung\/\" \/>\n<meta property=\"og:site_name\" content=\"Nills Aesthetic\" \/>\n<meta property=\"article:modified_time\" content=\"2020-04-25T10:49:47+00:00\" \/>\n<meta name=\"twitter:card\" content=\"summary_large_image\" \/>\n<meta name=\"twitter:label1\" content=\"Tahmini okuma s\u00fcresi\" \/>\n\t<meta name=\"twitter:data1\" content=\"3 dakika\" \/>\n<script type=\"application\/ld+json\" class=\"yoast-schema-graph\">{\"@context\":\"https:\/\/schema.org\",\"@graph\":[{\"@type\":\"WebPage\",\"@id\":\"https:\/\/nillsestheticcenter.com\/de\/bauchstraffung\/\",\"url\":\"https:\/\/nillsestheticcenter.com\/de\/bauchstraffung\/\",\"name\":\"Bauchstraffung | Nills Aesthetic\",\"isPartOf\":{\"@id\":\"https:\/\/nillsestheticcenter.com\/de\/#website\"},\"datePublished\":\"2020-03-11T10:10:37+00:00\",\"dateModified\":\"2020-04-25T10:49:47+00:00\",\"breadcrumb\":{\"@id\":\"https:\/\/nillsestheticcenter.com\/de\/bauchstraffung\/#breadcrumb\"},\"inLanguage\":\"tr\",\"potentialAction\":[{\"@type\":\"ReadAction\",\"target\":[\"https:\/\/nillsestheticcenter.com\/de\/bauchstraffung\/\"]}]},{\"@type\":\"BreadcrumbList\",\"@id\":\"https:\/\/nillsestheticcenter.com\/de\/bauchstraffung\/#breadcrumb\",\"itemListElement\":[{\"@type\":\"ListItem\",\"position\":1,\"name\":\"Home\",\"item\":\"https:\/\/nillsestheticcenter.com\/de\/\"},{\"@type\":\"ListItem\",\"position\":2,\"name\":\"Bauchstraffung\"}]},{\"@type\":\"WebSite\",\"@id\":\"https:\/\/nillsestheticcenter.com\/de\/#website\",\"url\":\"https:\/\/nillsestheticcenter.com\/de\/\",\"name\":\"Nills Aesthetic\",\"description\":\"\",\"publisher\":{\"@id\":\"https:\/\/nillsestheticcenter.com\/de\/#organization\"},\"potentialAction\":[{\"@type\":\"SearchAction\",\"target\":{\"@type\":\"EntryPoint\",\"urlTemplate\":\"https:\/\/nillsestheticcenter.com\/de\/?s={search_term_string}\"},\"query-input\":{\"@type\":\"PropertyValueSpecification\",\"valueRequired\":true,\"valueName\":\"search_term_string\"}}],\"inLanguage\":\"tr\"},{\"@type\":\"Organization\",\"@id\":\"https:\/\/nillsestheticcenter.com\/de\/#organization\",\"name\":\"Nills Aesthetic\",\"url\":\"https:\/\/nillsestheticcenter.com\/de\/\",\"logo\":{\"@type\":\"ImageObject\",\"inLanguage\":\"tr\",\"@id\":\"https:\/\/nillsestheticcenter.com\/de\/#\/schema\/logo\/image\/\",\"url\":\"https:\/\/nillsestheticcenter.com\/de\/wp-content\/uploads\/2020\/03\/logo.png\",\"contentUrl\":\"https:\/\/nillsestheticcenter.com\/de\/wp-content\/uploads\/2020\/03\/logo.png\",\"width\":267,\"height\":93,\"caption\":\"Nills Aesthetic\"},\"image\":{\"@id\":\"https:\/\/nillsestheticcenter.com\/de\/#\/schema\/logo\/image\/\"}}]}<\/script>\n<!-- \/ Yoast SEO plugin. -->","yoast_head_json":{"title":"Bauchstraffung | Nills Aesthetic","robots":{"index":"index","follow":"follow","max-snippet":"max-snippet:-1","max-image-preview":"max-image-preview:large","max-video-preview":"max-video-preview:-1"},"canonical":"https:\/\/nillsestheticcenter.com\/de\/bauchstraffung\/","og_locale":"tr_TR","og_type":"article","og_title":"Bauchstraffung | Nills Aesthetic","og_description":"Bauchstraffung Bei der Bauchstraffung wird das \u00fcbersch\u00fcssige fett am vorderbauch entnommen, das schlaffe Hautgewebe entfernt und die Bauchmuskeln gestrafft. Streifen am Bauch bilden sich entweder bei schnellen Gewichtsschwankungen oder Schwangerschaften. Mit der Bauchstraffung sorgt man daf\u00fcr, dass diese Streifen entfernt werden, das Fett entnommen wird und die Bauchdecke ideal aussieht. Die Bauchstraffung Operation dauert zwischen [&hellip;]","og_url":"https:\/\/nillsestheticcenter.com\/de\/bauchstraffung\/","og_site_name":"Nills Aesthetic","article_modified_time":"2020-04-25T10:49:47+00:00","twitter_card":"summary_large_image","twitter_misc":{"Tahmini okuma s\u00fcresi":"3 dakika"},"schema":{"@context":"https:\/\/schema.org","@graph":[{"@type":"WebPage","@id":"https:\/\/nillsestheticcenter.com\/de\/bauchstraffung\/","url":"https:\/\/nillsestheticcenter.com\/de\/bauchstraffung\/","name":"Bauchstraffung | Nills Aesthetic","isPartOf":{"@id":"https:\/\/nillsestheticcenter.com\/de\/#website"},"datePublished":"2020-03-11T10:10:37+00:00","dateModified":"2020-04-25T10:49:47+00:00","breadcrumb":{"@id":"https:\/\/nillsestheticcenter.com\/de\/bauchstraffung\/#breadcrumb"},"inLanguage":"tr","potentialAction":[{"@type":"ReadAction","target":["https:\/\/nillsestheticcenter.com\/de\/bauchstraffung\/"]}]},{"@type":"BreadcrumbList","@id":"https:\/\/nillsestheticcenter.com\/de\/bauchstraffung\/#breadcrumb","itemListElement":[{"@type":"ListItem","position":1,"name":"Home","item":"https:\/\/nillsestheticcenter.com\/de\/"},{"@type":"ListItem","position":2,"name":"Bauchstraffung"}]},{"@type":"WebSite","@id":"https:\/\/nillsestheticcenter.com\/de\/#website","url":"https:\/\/nillsestheticcenter.com\/de\/","name":"Nills Aesthetic","description":"","publisher":{"@id":"https:\/\/nillsestheticcenter.com\/de\/#organization"},"potentialAction":[{"@type":"SearchAction","target":{"@type":"EntryPoint","urlTemplate":"https:\/\/nillsestheticcenter.com\/de\/?s={search_term_string}"},"query-input":{"@type":"PropertyValueSpecification","valueRequired":true,"valueName":"search_term_string"}}],"inLanguage":"tr"},{"@type":"Organization","@id":"https:\/\/nillsestheticcenter.com\/de\/#organization","name":"Nills Aesthetic","url":"https:\/\/nillsestheticcenter.com\/de\/","logo":{"@type":"ImageObject","inLanguage":"tr","@id":"https:\/\/nillsestheticcenter.com\/de\/#\/schema\/logo\/image\/","url":"https:\/\/nillsestheticcenter.com\/de\/wp-content\/uploads\/2020\/03\/logo.png","contentUrl":"https:\/\/nillsestheticcenter.com\/de\/wp-content\/uploads\/2020\/03\/logo.png","width":267,"height":93,"caption":"Nills Aesthetic"},"image":{"@id":"https:\/\/nillsestheticcenter.com\/de\/#\/schema\/logo\/image\/"}}]}},"_links":{"self":[{"href":"https:\/\/nillsestheticcenter.com\/de\/wp-json\/wp\/v2\/pages\/4397","targetHints":{"allow":["GET"]}}],"collection":[{"href":"https:\/\/nillsestheticcenter.com\/de\/wp-json\/wp\/v2\/pages"}],"about":[{"href":"https:\/\/nillsestheticcenter.com\/de\/wp-json\/wp\/v2\/types\/page"}],"author":[{"embeddable":true,"href":"https:\/\/nillsestheticcenter.com\/de\/wp-json\/wp\/v2\/users\/2"}],"replies":[{"embeddable":true,"href":"https:\/\/nillsestheticcenter.com\/de\/wp-json\/wp\/v2\/comments?post=4397"}],"version-history":[{"count":7,"href":"https:\/\/nillsestheticcenter.com\/de\/wp-json\/wp\/v2\/pages\/4397\/revisions"}],"predecessor-version":[{"id":5176,"href":"https:\/\/nillsestheticcenter.com\/de\/wp-json\/wp\/v2\/pages\/4397\/revisions\/5176"}],"wp:attachment":[{"href":"https:\/\/nillsestheticcenter.com\/de\/wp-json\/wp\/v2\/media?parent=4397"}],"curies":[{"name":"wp","href":"https:\/\/api.w.org\/{rel}","templated":true}]}}