{"id":4421,"date":"2020-03-11T13:16:27","date_gmt":"2020-03-11T10:16:27","guid":{"rendered":"https:\/\/nillsestheticcenter.com\/de\/?page_id=4421"},"modified":"2020-04-27T08:22:22","modified_gmt":"2020-04-27T05:22:22","slug":"bleichen","status":"publish","type":"page","link":"https:\/\/nillsestheticcenter.com\/de\/bleichen\/","title":{"rendered":"Bleichen"},"content":{"rendered":"\t\t<div data-elementor-type=\"wp-post\" data-elementor-id=\"4421\" class=\"elementor elementor-4421\" data-elementor-settings=\"[]\">\n\t\t\t<div class=\"elementor-inner\">\n\t\t\t\t<div class=\"elementor-section-wrap\">\n\t\t\t\t\t\t\t<section class=\"elementor-element elementor-element-d5b672e elementor-section-content-top ov-h elementor-section-boxed elementor-section-height-default elementor-section-height-default elementor-section elementor-top-section\" data-id=\"d5b672e\" data-element_type=\"section\" data-settings=\"{&quot;ekit_section_parallax_multi&quot;:&quot;yes&quot;,&quot;ekit_section_parallax_multi_items&quot;:[{&quot;parallax_style&quot;:&quot;onscroll&quot;,&quot;item_source&quot;:&quot;image&quot;,&quot;image&quot;:{&quot;url&quot;:&quot;https:\\\/\\\/nillsestheticcenter.com\\\/de\\\/wp-content\\\/uploads\\\/2019\\\/09\\\/about-info-bg-left.png&quot;,&quot;id&quot;:1722},&quot;shape&quot;:null,&quot;shape_color&quot;:null,&quot;width_type&quot;:&quot;&quot;,&quot;width_type_tablet&quot;:&quot;&quot;,&quot;width_type_mobile&quot;:&quot;&quot;,&quot;custom_width&quot;:null,&quot;custom_width_tablet&quot;:null,&quot;custom_width_mobile&quot;:null,&quot;source_rotate&quot;:{&quot;unit&quot;:&quot;deg&quot;,&quot;size&quot;:0,&quot;sizes&quot;:[]},&quot;source_rotate_tablet&quot;:{&quot;unit&quot;:&quot;px&quot;,&quot;size&quot;:&quot;&quot;,&quot;sizes&quot;:[]},&quot;source_rotate_mobile&quot;:{&quot;unit&quot;:&quot;px&quot;,&quot;size&quot;:&quot;&quot;,&quot;sizes&quot;:[]},&quot;pos_x&quot;:{&quot;unit&quot;:&quot;%&quot;,&quot;size&quot;:0,&quot;sizes&quot;:[]},&quot;pos_x_tablet&quot;:{&quot;unit&quot;:&quot;px&quot;,&quot;size&quot;:&quot;&quot;,&quot;sizes&quot;:[]},&quot;pos_x_mobile&quot;:{&quot;unit&quot;:&quot;px&quot;,&quot;size&quot;:&quot;&quot;,&quot;sizes&quot;:[]},&quot;pos_y&quot;:{&quot;unit&quot;:&quot;%&quot;,&quot;size&quot;:0,&quot;sizes&quot;:[]},&quot;pos_y_tablet&quot;:{&quot;unit&quot;:&quot;px&quot;,&quot;size&quot;:&quot;&quot;,&quot;sizes&quot;:[]},&quot;pos_y_mobile&quot;:{&quot;unit&quot;:&quot;px&quot;,&quot;size&quot;:&quot;&quot;,&quot;sizes&quot;:[]},&quot;animation&quot;:null,&quot;animation_tablet&quot;:null,&quot;animation_mobile&quot;:null,&quot;item_opacity&quot;:&quot;1&quot;,&quot;animation_speed&quot;:null,&quot;animation_iteration_count&quot;:null,&quot;animation_direction&quot;:null,&quot;parallax_speed&quot;:null,&quot;parallax_transform&quot;:&quot;translateY&quot;,&quot;parallax_transform_value&quot;:&quot;250&quot;,&quot;smoothness&quot;:&quot;700&quot;,&quot;offsettop&quot;:&quot;0&quot;,&quot;offsetbottom&quot;:&quot;0&quot;,&quot;maxtilt&quot;:null,&quot;scale&quot;:null,&quot;disableaxis&quot;:null,&quot;zindex&quot;:0,&quot;_id&quot;:&quot;3eee3c3&quot;,&quot;parallax_blur_effect&quot;:{&quot;unit&quot;:&quot;px&quot;,&quot;size&quot;:0,&quot;sizes&quot;:[]},&quot;parallax_blur_effect_tablet&quot;:{&quot;unit&quot;:&quot;px&quot;,&quot;size&quot;:&quot;&quot;,&quot;sizes&quot;:[]},&quot;parallax_blur_effect_mobile&quot;:{&quot;unit&quot;:&quot;px&quot;,&quot;size&quot;:&quot;&quot;,&quot;sizes&quot;:[]}},{&quot;parallax_style&quot;:&quot;onscroll&quot;,&quot;item_source&quot;:&quot;image&quot;,&quot;image&quot;:{&quot;url&quot;:&quot;https:\\\/\\\/nillsestheticcenter.com\\\/de\\\/wp-content\\\/uploads\\\/2019\\\/09\\\/about-info-bg-right.png&quot;,&quot;id&quot;:1721},&quot;shape&quot;:null,&quot;shape_color&quot;:null,&quot;width_type&quot;:&quot;&quot;,&quot;width_type_tablet&quot;:&quot;&quot;,&quot;width_type_mobile&quot;:&quot;&quot;,&quot;custom_width&quot;:null,&quot;custom_width_tablet&quot;:null,&quot;custom_width_mobile&quot;:null,&quot;source_rotate&quot;:{&quot;unit&quot;:&quot;deg&quot;,&quot;size&quot;:0,&quot;sizes&quot;:[]},&quot;source_rotate_tablet&quot;:{&quot;unit&quot;:&quot;px&quot;,&quot;size&quot;:&quot;&quot;,&quot;sizes&quot;:[]},&quot;source_rotate_mobile&quot;:{&quot;unit&quot;:&quot;px&quot;,&quot;size&quot;:&quot;&quot;,&quot;sizes&quot;:[]},&quot;pos_x&quot;:{&quot;unit&quot;:&quot;%&quot;,&quot;size&quot;:90,&quot;sizes&quot;:[]},&quot;pos_x_tablet&quot;:{&quot;unit&quot;:&quot;px&quot;,&quot;size&quot;:&quot;&quot;,&quot;sizes&quot;:[]},&quot;pos_x_mobile&quot;:{&quot;unit&quot;:&quot;px&quot;,&quot;size&quot;:&quot;&quot;,&quot;sizes&quot;:[]},&quot;pos_y&quot;:{&quot;unit&quot;:&quot;px&quot;,&quot;size&quot;:-120,&quot;sizes&quot;:[]},&quot;pos_y_tablet&quot;:{&quot;unit&quot;:&quot;px&quot;,&quot;size&quot;:&quot;&quot;,&quot;sizes&quot;:[]},&quot;pos_y_mobile&quot;:{&quot;unit&quot;:&quot;px&quot;,&quot;size&quot;:&quot;&quot;,&quot;sizes&quot;:[]},&quot;animation&quot;:null,&quot;animation_tablet&quot;:null,&quot;animation_mobile&quot;:null,&quot;item_opacity&quot;:&quot;1&quot;,&quot;animation_speed&quot;:null,&quot;animation_iteration_count&quot;:null,&quot;animation_direction&quot;:null,&quot;parallax_speed&quot;:null,&quot;parallax_transform&quot;:&quot;translateY&quot;,&quot;parallax_transform_value&quot;:&quot;250&quot;,&quot;smoothness&quot;:&quot;700&quot;,&quot;offsettop&quot;:&quot;0&quot;,&quot;offsetbottom&quot;:&quot;0&quot;,&quot;maxtilt&quot;:null,&quot;scale&quot;:null,&quot;disableaxis&quot;:null,&quot;zindex&quot;:0,&quot;_id&quot;:&quot;44a7be1&quot;,&quot;parallax_blur_effect&quot;:{&quot;unit&quot;:&quot;px&quot;,&quot;size&quot;:0,&quot;sizes&quot;:[]},&quot;parallax_blur_effect_tablet&quot;:{&quot;unit&quot;:&quot;px&quot;,&quot;size&quot;:&quot;&quot;,&quot;sizes&quot;:[]},&quot;parallax_blur_effect_mobile&quot;:{&quot;unit&quot;:&quot;px&quot;,&quot;size&quot;:&quot;&quot;,&quot;sizes&quot;:[]}}]}\">\n\t\t\t\t\t\t<div class=\"elementor-container elementor-column-gap-default\">\n\t\t\t\t<div class=\"elementor-row\">\n\t\t\t\t<div class=\"elementor-element elementor-element-ac65cc9 elementor-invisible elementor-column elementor-col-100 elementor-top-column\" data-id=\"ac65cc9\" data-element_type=\"column\" data-settings=\"{&quot;animation&quot;:&quot;fadeInUp&quot;,&quot;animation_delay&quot;:300}\">\n\t\t\t<div class=\"elementor-column-wrap  elementor-element-populated\">\n\t\t\t\t\t<div class=\"elementor-widget-wrap\">\n\t\t\t\t<div class=\"elementor-element elementor-element-65a4666 elementor-widget elementor-widget-heading\" data-id=\"65a4666\" data-element_type=\"widget\" data-widget_type=\"heading.default\">\n\t\t\t\t<div class=\"elementor-widget-container\">\n\t\t\t<h2 class=\"elementor-heading-title elementor-size-default\">Bleichen<\/h2>\t\t<\/div>\n\t\t\t\t<\/div>\n\t\t\t\t<div class=\"elementor-element elementor-element-27da09d short_desc elementor-widget elementor-widget-text-editor\" data-id=\"27da09d\" data-element_type=\"widget\" data-widget_type=\"text-editor.default\">\n\t\t\t\t<div class=\"elementor-widget-container\">\n\t\t\t\t\t<div class=\"elementor-text-editor elementor-clearfix\"><p>F\u00fcr ein sch\u00f6nes und auff\u00e4lliges L\u00e4cheln sind gesunde und wei\u00dfe Z\u00e4hne wichtig. Aber einige angeborene St\u00f6rungen, als Kind oder im Mutterleib verwendete Antibiotika, das Essen, Getr\u00e4nke mit hohem Fluoranteil, alte Prothesen, Kronen, F\u00fcllungen und altersbedingt k\u00f6nnen Verf\u00e4rbungen hervorrufen. Das Bleichen ist ein Vorgang bei dem durch verschiedene Gr\u00fcnde die Z\u00e4hne verf\u00e4rbt und gelblich erscheinen, die obere Schicht dem Patienten anpassend ein paar T\u00f6ne aufgehellt wird und die Verf\u00e4rbungen beseitigt werden. Unsere Z\u00e4hne werden durch verf\u00e4rbende Teile in unserem Essen und Trinken beeinflusst. So wird dem verf\u00e4rbten Z\u00e4hnen statt Porzellan Kronen ein Bleaching, das Bleichen empfohlen. Das Bleichen kann Ihre Z\u00e4hne um 8 -10 T\u00f6ne aufhellen. Das Bleichen wird mit einem daf\u00fcr vorbereitetem Gel das auf die Z\u00e4hne aufgetragen und mit Hilfe eines Lasers bearbeitet. Im Allgemeinen sieht man zwei Arten von Verf\u00e4rbungen an den Z\u00e4hnen. Das erste die \u00c4u\u00dfere, das zweite die innere Verf\u00e4rbung. Bei den inneren Verf\u00e4rbungen handelt es sich um solche, die von sich au\u00dfen nach innen gebildet haben und mit einer Zahnb\u00fcrste nicht zu entfernen sind. Bei den \u00e4u\u00dferen Verf\u00e4rbungen handelt es sich um solche die durch Zigaretten, Cola, Kaffeeentstanden sind. Bei beiden Arten von Verf\u00e4rbungen ist das Bleichen eine wirksame Methode um diese zu beseitigen.<\/p><h3><strong>Wie wird das Bleichen durchgef\u00fchrt?<\/strong><\/h3><p>Das Bleichen wird unter der Kontrolle eines Facharztes durchgef\u00fchrt. Auf die verf\u00e4rbten Z\u00e4hne werden au\u00dfen ein vorbereites Gel aufgetragen und mit einem Laser bearbeitet. Unter diesem Vorgang werden die Z\u00e4hne aufgehellt. So werden die Z\u00e4hne in nur einer Sitzung bis 3 \u2013 4 T\u00f6ne heller.<\/p><h3><strong>Kann sich das Bleichen jeder durchf\u00fchren lassen?<\/strong><\/h3><p>Diese sichere Durchf\u00fchrung des Blechens ist bei jedem anwendbar. In einer sicheren Klinik mit einem vertrauensw\u00fcrdigen Facharzt wird das Bleichen zu einer Anwendung mit einem sehr guten Ergebnis. Bei Patienten die noch im Wachstum sind wird das Bleichen abgeraten. Bei Schwangere oder stillende M\u00fctter wird das Bleichen mit gr\u00f6\u00dfter Vorsicht durchgef\u00fchrt.<\/p><h3><strong>Worauf muss ich w\u00e4hrend des Bleichens achten?<\/strong><\/h3><p>W\u00e4hrend oder nach dem Bleichen kann eine leichte Empfindlichkeit entstehen. Diese Empfindlichkeit wird in 1- 3 Tagen verschwunden sein. Das Wichtigste ist die Durchf\u00fchrung in seiner Folge anzuwenden. Wenn diese Durchf\u00fchrung von professionellen Fach\u00e4rzten angewendet wird werden sie keinerlei Schaden haben.<\/p><h3><strong>Wie lange dauert es bis ich die maximale Helligkeit erreicht habe?<\/strong><\/h3><p>Die Resultate sind bei jedem Patienten unterschiedlich. W\u00e4hrend bei dem einen die Helligkeit in einigen Tagen erreicht wird, dauert es bei Anderen 1- 2 Monate. Aber im Durchschnitt ist die Dauer 2 \u2013 3 Wochen. Wenn Ihre Z\u00e4hne mehr gelblich als graulich verf\u00e4rbt sind so wird das Bleichen erfolgreicher. Die meist durch Antibiotika graulich verf\u00e4rbten Z\u00e4hne sind f\u00fcr das Bleichen etwas schwieriger. In diesem Fall ist die Dauer l\u00e4nger.<\/p><h3><strong>Was erlebe ich w\u00e4hrend dem Bleichen?<\/strong><\/h3><p>Da sich die n\u00e4chsten 2 Wochen nach der Durchf\u00fchrung die Z\u00e4hne aufhellen, sollten sie auf verf\u00e4rbende Substanzen verzichten. Des Weiteren sollten sie diese auch weniger konsumieren. Die Empfindlichkeit kalt-warm wird nach der Durchf\u00fchrung wieder weg sein.<\/p><\/div>\n\t\t\t\t<\/div>\n\t\t\t\t<\/div>\n\t\t\t\t\t\t<\/div>\n\t\t\t<\/div>\n\t\t<\/div>\n\t\t\t\t\t\t<\/div>\n\t\t\t<\/div>\n\t\t<\/section>\n\t\t\t\t\t\t<\/div>\n\t\t\t<\/div>\n\t\t<\/div>\n\t\t","protected":false},"excerpt":{"rendered":"<p>Bleichen F\u00fcr ein sch\u00f6nes und auff\u00e4lliges L\u00e4cheln sind gesunde und wei\u00dfe Z\u00e4hne wichtig. Aber einige angeborene St\u00f6rungen, als Kind oder im Mutterleib verwendete Antibiotika, das Essen, Getr\u00e4nke mit hohem Fluoranteil, alte Prothesen, Kronen, F\u00fcllungen und altersbedingt k\u00f6nnen Verf\u00e4rbungen hervorrufen. Das Bleichen ist ein Vorgang bei dem durch verschiedene Gr\u00fcnde die Z\u00e4hne verf\u00e4rbt und gelblich erscheinen, [&hellip;]<\/p>\n","protected":false},"author":2,"featured_media":0,"parent":0,"menu_order":0,"comment_status":"closed","ping_status":"closed","template":"template\/template-page.php","meta":{"footnotes":""},"class_list":["post-4421","page","type-page","status-publish","hentry"],"yoast_head":"<!-- This site is optimized with the Yoast SEO plugin v26.6 - https:\/\/yoast.com\/wordpress\/plugins\/seo\/ -->\n<title>Bleichen | Nills Aesthetic<\/title>\n<meta name=\"robots\" content=\"index, follow, max-snippet:-1, max-image-preview:large, max-video-preview:-1\" \/>\n<link rel=\"canonical\" href=\"https:\/\/nillsestheticcenter.com\/de\/bleichen\/\" \/>\n<meta property=\"og:locale\" content=\"tr_TR\" \/>\n<meta property=\"og:type\" content=\"article\" \/>\n<meta property=\"og:title\" content=\"Bleichen | Nills Aesthetic\" \/>\n<meta property=\"og:description\" content=\"Bleichen F\u00fcr ein sch\u00f6nes und auff\u00e4lliges L\u00e4cheln sind gesunde und wei\u00dfe Z\u00e4hne wichtig. Aber einige angeborene St\u00f6rungen, als Kind oder im Mutterleib verwendete Antibiotika, das Essen, Getr\u00e4nke mit hohem Fluoranteil, alte Prothesen, Kronen, F\u00fcllungen und altersbedingt k\u00f6nnen Verf\u00e4rbungen hervorrufen. Das Bleichen ist ein Vorgang bei dem durch verschiedene Gr\u00fcnde die Z\u00e4hne verf\u00e4rbt und gelblich erscheinen, [&hellip;]\" \/>\n<meta property=\"og:url\" content=\"https:\/\/nillsestheticcenter.com\/de\/bleichen\/\" \/>\n<meta property=\"og:site_name\" content=\"Nills Aesthetic\" \/>\n<meta property=\"article:modified_time\" content=\"2020-04-27T05:22:22+00:00\" \/>\n<meta name=\"twitter:card\" content=\"summary_large_image\" \/>\n<meta name=\"twitter:label1\" content=\"Tahmini okuma s\u00fcresi\" \/>\n\t<meta name=\"twitter:data1\" content=\"3 dakika\" \/>\n<script type=\"application\/ld+json\" class=\"yoast-schema-graph\">{\"@context\":\"https:\/\/schema.org\",\"@graph\":[{\"@type\":\"WebPage\",\"@id\":\"https:\/\/nillsestheticcenter.com\/de\/bleichen\/\",\"url\":\"https:\/\/nillsestheticcenter.com\/de\/bleichen\/\",\"name\":\"Bleichen | Nills Aesthetic\",\"isPartOf\":{\"@id\":\"https:\/\/nillsestheticcenter.com\/de\/#website\"},\"datePublished\":\"2020-03-11T10:16:27+00:00\",\"dateModified\":\"2020-04-27T05:22:22+00:00\",\"breadcrumb\":{\"@id\":\"https:\/\/nillsestheticcenter.com\/de\/bleichen\/#breadcrumb\"},\"inLanguage\":\"tr\",\"potentialAction\":[{\"@type\":\"ReadAction\",\"target\":[\"https:\/\/nillsestheticcenter.com\/de\/bleichen\/\"]}]},{\"@type\":\"BreadcrumbList\",\"@id\":\"https:\/\/nillsestheticcenter.com\/de\/bleichen\/#breadcrumb\",\"itemListElement\":[{\"@type\":\"ListItem\",\"position\":1,\"name\":\"Home\",\"item\":\"https:\/\/nillsestheticcenter.com\/de\/\"},{\"@type\":\"ListItem\",\"position\":2,\"name\":\"Bleichen\"}]},{\"@type\":\"WebSite\",\"@id\":\"https:\/\/nillsestheticcenter.com\/de\/#website\",\"url\":\"https:\/\/nillsestheticcenter.com\/de\/\",\"name\":\"Nills Aesthetic\",\"description\":\"\",\"publisher\":{\"@id\":\"https:\/\/nillsestheticcenter.com\/de\/#organization\"},\"potentialAction\":[{\"@type\":\"SearchAction\",\"target\":{\"@type\":\"EntryPoint\",\"urlTemplate\":\"https:\/\/nillsestheticcenter.com\/de\/?s={search_term_string}\"},\"query-input\":{\"@type\":\"PropertyValueSpecification\",\"valueRequired\":true,\"valueName\":\"search_term_string\"}}],\"inLanguage\":\"tr\"},{\"@type\":\"Organization\",\"@id\":\"https:\/\/nillsestheticcenter.com\/de\/#organization\",\"name\":\"Nills Aesthetic\",\"url\":\"https:\/\/nillsestheticcenter.com\/de\/\",\"logo\":{\"@type\":\"ImageObject\",\"inLanguage\":\"tr\",\"@id\":\"https:\/\/nillsestheticcenter.com\/de\/#\/schema\/logo\/image\/\",\"url\":\"https:\/\/nillsestheticcenter.com\/de\/wp-content\/uploads\/2020\/03\/logo.png\",\"contentUrl\":\"https:\/\/nillsestheticcenter.com\/de\/wp-content\/uploads\/2020\/03\/logo.png\",\"width\":267,\"height\":93,\"caption\":\"Nills Aesthetic\"},\"image\":{\"@id\":\"https:\/\/nillsestheticcenter.com\/de\/#\/schema\/logo\/image\/\"}}]}<\/script>\n<!-- \/ Yoast SEO plugin. -->","yoast_head_json":{"title":"Bleichen | Nills Aesthetic","robots":{"index":"index","follow":"follow","max-snippet":"max-snippet:-1","max-image-preview":"max-image-preview:large","max-video-preview":"max-video-preview:-1"},"canonical":"https:\/\/nillsestheticcenter.com\/de\/bleichen\/","og_locale":"tr_TR","og_type":"article","og_title":"Bleichen | Nills Aesthetic","og_description":"Bleichen F\u00fcr ein sch\u00f6nes und auff\u00e4lliges L\u00e4cheln sind gesunde und wei\u00dfe Z\u00e4hne wichtig. Aber einige angeborene St\u00f6rungen, als Kind oder im Mutterleib verwendete Antibiotika, das Essen, Getr\u00e4nke mit hohem Fluoranteil, alte Prothesen, Kronen, F\u00fcllungen und altersbedingt k\u00f6nnen Verf\u00e4rbungen hervorrufen. Das Bleichen ist ein Vorgang bei dem durch verschiedene Gr\u00fcnde die Z\u00e4hne verf\u00e4rbt und gelblich erscheinen, [&hellip;]","og_url":"https:\/\/nillsestheticcenter.com\/de\/bleichen\/","og_site_name":"Nills Aesthetic","article_modified_time":"2020-04-27T05:22:22+00:00","twitter_card":"summary_large_image","twitter_misc":{"Tahmini okuma s\u00fcresi":"3 dakika"},"schema":{"@context":"https:\/\/schema.org","@graph":[{"@type":"WebPage","@id":"https:\/\/nillsestheticcenter.com\/de\/bleichen\/","url":"https:\/\/nillsestheticcenter.com\/de\/bleichen\/","name":"Bleichen | Nills Aesthetic","isPartOf":{"@id":"https:\/\/nillsestheticcenter.com\/de\/#website"},"datePublished":"2020-03-11T10:16:27+00:00","dateModified":"2020-04-27T05:22:22+00:00","breadcrumb":{"@id":"https:\/\/nillsestheticcenter.com\/de\/bleichen\/#breadcrumb"},"inLanguage":"tr","potentialAction":[{"@type":"ReadAction","target":["https:\/\/nillsestheticcenter.com\/de\/bleichen\/"]}]},{"@type":"BreadcrumbList","@id":"https:\/\/nillsestheticcenter.com\/de\/bleichen\/#breadcrumb","itemListElement":[{"@type":"ListItem","position":1,"name":"Home","item":"https:\/\/nillsestheticcenter.com\/de\/"},{"@type":"ListItem","position":2,"name":"Bleichen"}]},{"@type":"WebSite","@id":"https:\/\/nillsestheticcenter.com\/de\/#website","url":"https:\/\/nillsestheticcenter.com\/de\/","name":"Nills Aesthetic","description":"","publisher":{"@id":"https:\/\/nillsestheticcenter.com\/de\/#organization"},"potentialAction":[{"@type":"SearchAction","target":{"@type":"EntryPoint","urlTemplate":"https:\/\/nillsestheticcenter.com\/de\/?s={search_term_string}"},"query-input":{"@type":"PropertyValueSpecification","valueRequired":true,"valueName":"search_term_string"}}],"inLanguage":"tr"},{"@type":"Organization","@id":"https:\/\/nillsestheticcenter.com\/de\/#organization","name":"Nills Aesthetic","url":"https:\/\/nillsestheticcenter.com\/de\/","logo":{"@type":"ImageObject","inLanguage":"tr","@id":"https:\/\/nillsestheticcenter.com\/de\/#\/schema\/logo\/image\/","url":"https:\/\/nillsestheticcenter.com\/de\/wp-content\/uploads\/2020\/03\/logo.png","contentUrl":"https:\/\/nillsestheticcenter.com\/de\/wp-content\/uploads\/2020\/03\/logo.png","width":267,"height":93,"caption":"Nills Aesthetic"},"image":{"@id":"https:\/\/nillsestheticcenter.com\/de\/#\/schema\/logo\/image\/"}}]}},"_links":{"self":[{"href":"https:\/\/nillsestheticcenter.com\/de\/wp-json\/wp\/v2\/pages\/4421","targetHints":{"allow":["GET"]}}],"collection":[{"href":"https:\/\/nillsestheticcenter.com\/de\/wp-json\/wp\/v2\/pages"}],"about":[{"href":"https:\/\/nillsestheticcenter.com\/de\/wp-json\/wp\/v2\/types\/page"}],"author":[{"embeddable":true,"href":"https:\/\/nillsestheticcenter.com\/de\/wp-json\/wp\/v2\/users\/2"}],"replies":[{"embeddable":true,"href":"https:\/\/nillsestheticcenter.com\/de\/wp-json\/wp\/v2\/comments?post=4421"}],"version-history":[{"count":9,"href":"https:\/\/nillsestheticcenter.com\/de\/wp-json\/wp\/v2\/pages\/4421\/revisions"}],"predecessor-version":[{"id":5209,"href":"https:\/\/nillsestheticcenter.com\/de\/wp-json\/wp\/v2\/pages\/4421\/revisions\/5209"}],"wp:attachment":[{"href":"https:\/\/nillsestheticcenter.com\/de\/wp-json\/wp\/v2\/media?parent=4421"}],"curies":[{"name":"wp","href":"https:\/\/api.w.org\/{rel}","templated":true}]}}