{"id":4434,"date":"2020-03-11T13:34:16","date_gmt":"2020-03-11T10:34:16","guid":{"rendered":"https:\/\/nillsestheticcenter.com\/de\/?page_id=4434"},"modified":"2020-04-27T09:01:02","modified_gmt":"2020-04-27T06:01:02","slug":"katarakt","status":"publish","type":"page","link":"https:\/\/nillsestheticcenter.com\/de\/katarakt\/","title":{"rendered":"Katarakt"},"content":{"rendered":"\t\t<div data-elementor-type=\"wp-post\" data-elementor-id=\"4434\" class=\"elementor elementor-4434\" data-elementor-settings=\"[]\">\n\t\t\t<div class=\"elementor-inner\">\n\t\t\t\t<div class=\"elementor-section-wrap\">\n\t\t\t\t\t\t\t<section class=\"elementor-element elementor-element-d5b672e elementor-section-content-top ov-h elementor-section-boxed elementor-section-height-default elementor-section-height-default elementor-section elementor-top-section\" data-id=\"d5b672e\" data-element_type=\"section\" data-settings=\"{&quot;ekit_section_parallax_multi&quot;:&quot;yes&quot;,&quot;ekit_section_parallax_multi_items&quot;:[{&quot;parallax_style&quot;:&quot;onscroll&quot;,&quot;item_source&quot;:&quot;image&quot;,&quot;image&quot;:{&quot;url&quot;:&quot;https:\\\/\\\/nillsestheticcenter.com\\\/de\\\/wp-content\\\/uploads\\\/2019\\\/09\\\/about-info-bg-left.png&quot;,&quot;id&quot;:1722},&quot;shape&quot;:null,&quot;shape_color&quot;:null,&quot;width_type&quot;:&quot;&quot;,&quot;width_type_tablet&quot;:&quot;&quot;,&quot;width_type_mobile&quot;:&quot;&quot;,&quot;custom_width&quot;:null,&quot;custom_width_tablet&quot;:null,&quot;custom_width_mobile&quot;:null,&quot;source_rotate&quot;:{&quot;unit&quot;:&quot;deg&quot;,&quot;size&quot;:0,&quot;sizes&quot;:[]},&quot;source_rotate_tablet&quot;:{&quot;unit&quot;:&quot;px&quot;,&quot;size&quot;:&quot;&quot;,&quot;sizes&quot;:[]},&quot;source_rotate_mobile&quot;:{&quot;unit&quot;:&quot;px&quot;,&quot;size&quot;:&quot;&quot;,&quot;sizes&quot;:[]},&quot;pos_x&quot;:{&quot;unit&quot;:&quot;%&quot;,&quot;size&quot;:0,&quot;sizes&quot;:[]},&quot;pos_x_tablet&quot;:{&quot;unit&quot;:&quot;px&quot;,&quot;size&quot;:&quot;&quot;,&quot;sizes&quot;:[]},&quot;pos_x_mobile&quot;:{&quot;unit&quot;:&quot;px&quot;,&quot;size&quot;:&quot;&quot;,&quot;sizes&quot;:[]},&quot;pos_y&quot;:{&quot;unit&quot;:&quot;%&quot;,&quot;size&quot;:0,&quot;sizes&quot;:[]},&quot;pos_y_tablet&quot;:{&quot;unit&quot;:&quot;px&quot;,&quot;size&quot;:&quot;&quot;,&quot;sizes&quot;:[]},&quot;pos_y_mobile&quot;:{&quot;unit&quot;:&quot;px&quot;,&quot;size&quot;:&quot;&quot;,&quot;sizes&quot;:[]},&quot;animation&quot;:null,&quot;animation_tablet&quot;:null,&quot;animation_mobile&quot;:null,&quot;item_opacity&quot;:&quot;1&quot;,&quot;animation_speed&quot;:null,&quot;animation_iteration_count&quot;:null,&quot;animation_direction&quot;:null,&quot;parallax_speed&quot;:null,&quot;parallax_transform&quot;:&quot;translateY&quot;,&quot;parallax_transform_value&quot;:&quot;250&quot;,&quot;smoothness&quot;:&quot;700&quot;,&quot;offsettop&quot;:&quot;0&quot;,&quot;offsetbottom&quot;:&quot;0&quot;,&quot;maxtilt&quot;:null,&quot;scale&quot;:null,&quot;disableaxis&quot;:null,&quot;zindex&quot;:0,&quot;_id&quot;:&quot;3eee3c3&quot;,&quot;parallax_blur_effect&quot;:{&quot;unit&quot;:&quot;px&quot;,&quot;size&quot;:0,&quot;sizes&quot;:[]},&quot;parallax_blur_effect_tablet&quot;:{&quot;unit&quot;:&quot;px&quot;,&quot;size&quot;:&quot;&quot;,&quot;sizes&quot;:[]},&quot;parallax_blur_effect_mobile&quot;:{&quot;unit&quot;:&quot;px&quot;,&quot;size&quot;:&quot;&quot;,&quot;sizes&quot;:[]}},{&quot;parallax_style&quot;:&quot;onscroll&quot;,&quot;item_source&quot;:&quot;image&quot;,&quot;image&quot;:{&quot;url&quot;:&quot;https:\\\/\\\/nillsestheticcenter.com\\\/de\\\/wp-content\\\/uploads\\\/2019\\\/09\\\/about-info-bg-right.png&quot;,&quot;id&quot;:1721},&quot;shape&quot;:null,&quot;shape_color&quot;:null,&quot;width_type&quot;:&quot;&quot;,&quot;width_type_tablet&quot;:&quot;&quot;,&quot;width_type_mobile&quot;:&quot;&quot;,&quot;custom_width&quot;:null,&quot;custom_width_tablet&quot;:null,&quot;custom_width_mobile&quot;:null,&quot;source_rotate&quot;:{&quot;unit&quot;:&quot;deg&quot;,&quot;size&quot;:0,&quot;sizes&quot;:[]},&quot;source_rotate_tablet&quot;:{&quot;unit&quot;:&quot;px&quot;,&quot;size&quot;:&quot;&quot;,&quot;sizes&quot;:[]},&quot;source_rotate_mobile&quot;:{&quot;unit&quot;:&quot;px&quot;,&quot;size&quot;:&quot;&quot;,&quot;sizes&quot;:[]},&quot;pos_x&quot;:{&quot;unit&quot;:&quot;%&quot;,&quot;size&quot;:90,&quot;sizes&quot;:[]},&quot;pos_x_tablet&quot;:{&quot;unit&quot;:&quot;px&quot;,&quot;size&quot;:&quot;&quot;,&quot;sizes&quot;:[]},&quot;pos_x_mobile&quot;:{&quot;unit&quot;:&quot;px&quot;,&quot;size&quot;:&quot;&quot;,&quot;sizes&quot;:[]},&quot;pos_y&quot;:{&quot;unit&quot;:&quot;px&quot;,&quot;size&quot;:-120,&quot;sizes&quot;:[]},&quot;pos_y_tablet&quot;:{&quot;unit&quot;:&quot;px&quot;,&quot;size&quot;:&quot;&quot;,&quot;sizes&quot;:[]},&quot;pos_y_mobile&quot;:{&quot;unit&quot;:&quot;px&quot;,&quot;size&quot;:&quot;&quot;,&quot;sizes&quot;:[]},&quot;animation&quot;:null,&quot;animation_tablet&quot;:null,&quot;animation_mobile&quot;:null,&quot;item_opacity&quot;:&quot;1&quot;,&quot;animation_speed&quot;:null,&quot;animation_iteration_count&quot;:null,&quot;animation_direction&quot;:null,&quot;parallax_speed&quot;:null,&quot;parallax_transform&quot;:&quot;translateY&quot;,&quot;parallax_transform_value&quot;:&quot;250&quot;,&quot;smoothness&quot;:&quot;700&quot;,&quot;offsettop&quot;:&quot;0&quot;,&quot;offsetbottom&quot;:&quot;0&quot;,&quot;maxtilt&quot;:null,&quot;scale&quot;:null,&quot;disableaxis&quot;:null,&quot;zindex&quot;:0,&quot;_id&quot;:&quot;44a7be1&quot;,&quot;parallax_blur_effect&quot;:{&quot;unit&quot;:&quot;px&quot;,&quot;size&quot;:0,&quot;sizes&quot;:[]},&quot;parallax_blur_effect_tablet&quot;:{&quot;unit&quot;:&quot;px&quot;,&quot;size&quot;:&quot;&quot;,&quot;sizes&quot;:[]},&quot;parallax_blur_effect_mobile&quot;:{&quot;unit&quot;:&quot;px&quot;,&quot;size&quot;:&quot;&quot;,&quot;sizes&quot;:[]}}]}\">\n\t\t\t\t\t\t<div class=\"elementor-container elementor-column-gap-default\">\n\t\t\t\t<div class=\"elementor-row\">\n\t\t\t\t<div class=\"elementor-element elementor-element-ac65cc9 elementor-invisible elementor-column elementor-col-100 elementor-top-column\" data-id=\"ac65cc9\" data-element_type=\"column\" data-settings=\"{&quot;animation&quot;:&quot;fadeInUp&quot;,&quot;animation_delay&quot;:300}\">\n\t\t\t<div class=\"elementor-column-wrap  elementor-element-populated\">\n\t\t\t\t\t<div class=\"elementor-widget-wrap\">\n\t\t\t\t<div class=\"elementor-element elementor-element-65a4666 elementor-widget elementor-widget-heading\" data-id=\"65a4666\" data-element_type=\"widget\" data-widget_type=\"heading.default\">\n\t\t\t\t<div class=\"elementor-widget-container\">\n\t\t\t<h2 class=\"elementor-heading-title elementor-size-default\">Katarakt<\/h2>\t\t<\/div>\n\t\t\t\t<\/div>\n\t\t\t\t<div class=\"elementor-element elementor-element-27da09d short_desc elementor-widget elementor-widget-text-editor\" data-id=\"27da09d\" data-element_type=\"widget\" data-widget_type=\"text-editor.default\">\n\t\t\t\t<div class=\"elementor-widget-container\">\n\t\t\t\t\t<div class=\"elementor-text-editor elementor-clearfix\"><p>Ein Katarakt ist die Tr\u00fcbung der normalerweise klaren Augenlinse. F\u00fcr Menschen mit Katarakten ist das Sehen durch tr\u00fcbe Linsen \u00e4hnlich wie das Schauen durch ein frostiges oder beschlagenes Fenster.<\/p><p>Eine durch Katarakte verursachte tr\u00fcbe Sicht kann das Lesen, Autofahren (insbesondere nachts) oder das Erkennen des Gesichtsausdrucks eines Freundes erschweren.<\/p><p>Die meisten Katarakte entwickeln sich langsam und st\u00f6ren Ihr Sehverm\u00f6gen nicht fr\u00fchzeitig. Jedoch beeintr\u00e4chtigen Katarakte mit der Zeit Ihr Sehverm\u00f6gen.<\/p><p>St\u00e4rkere Beleuchtung und Brillen k\u00f6nnen Ihnen zun\u00e4chst helfen, mit Katarakten umzugehen. Wenn Ihre gewohnten Aktivit\u00e4ten jedoch durch Sehst\u00f6rungen beeintr\u00e4chtigt werden, m\u00fcssen Sie sich m\u00f6glicherweise einer Kataraktoperation unterziehen. Gl\u00fccklicherweise ist eine Kataraktoperation im Allgemeinen ein sicheres und wirksames Verfahren.<\/p><p>Um festzustellen, ob Sie einen Katarakt haben, \u00fcberpr\u00fcft Ihr Arzt Ihre Krankengeschichte und Symptome und f\u00fchrt eine Augenuntersuchung durch. Ihr Arzt kann mehrere Tests durchf\u00fchren, darunter sind:<\/p><p>Lesen einer Sehtafel (Sehsch\u00e4rfetest).\u00a0Bei einem Sehsch\u00e4rfetest wird anhand einer Sehtafel gemessen, wie gut Sie eine Reihe von Buchstaben lesen k\u00f6nnen. Ihr Auge wird der Reihe nach getestet, w\u00e4hrend das andere Auge bedeckt ist.<\/p><p>Anhand einer Karte oder eines Anzeigeger\u00e4ts mit zunehmend kleineren Buchstaben bestimmt Ihr Augenarzt, ob Sie 20\/20 Sehverm\u00f6gen haben oder ob Ihr Sehverm\u00f6gen Anzeichen einer Beeintr\u00e4chtigung aufweist.<\/p><p>Verwendung von Licht und Vergr\u00f6\u00dferung, um Ihr Auge zu untersuchen (Spaltlampenuntersuchung).\u00a0Eine Spaltlampe erm\u00f6glicht es Ihrem Augenarzt, die Strukturen an der Vorderseite Ihres Auges zu sehen.<\/p><p>Das Mikroskop wird Spaltlampe genannt, weil es eine intensive Lichtlinie, einen Spalt verwendet, um Ihre Hornhaut, Iris, Linse und den Raum zwischen Iris und Hornhaut zu beleuchten. Der Schlitz erm\u00f6glicht es, diese Strukturen in kleinen Abschnitten zu betrachten, wodurch es einfacher ist, winzige Anomalien zu erkennen.<\/p><p>Erweiterung der Augenpupillen (Netzhautuntersuchung).\u00a0Um sie auf eine Netzhautuntersuchung vorzubereiten, appliziert Ihr Augenarzt dilatierende Tropfen in Ihre Augen. Dies erleichtert die Untersuchung Ihres Augenhintergrundes (Netzhaut).<\/p><p>Mit einer Spaltlampe oder einem speziellen Ger\u00e4t, dem Ophthalmoskop, kann Ihr Augenarzt Ihre Linse auf Anzeichen eines Katarakts untersuchen.<\/p><h2><strong>Kataraktchirurgie mit Femtosekunden-Technologie<\/strong><\/h2><p>Die Kataraktoperation ist eine der am h\u00e4ufigsten durchgef\u00fchrten Operationen weltweit und erm\u00f6glicht es Millionen von Menschen, das durch Katarakte verlorene Augenlicht wiederzugewinnen.<\/p><p>Die moderne Kataraktchirurgie ist sicher, effektiv und in hohem Ma\u00dfe absch\u00e4tzbar. Chirurgische Instrumente und Techniken werden st\u00e4ndig weiterentwickelt, um das Verfahren zu bessern.<\/p><p>Der n\u00e4chste gro\u00dfe Fortschritt in der Kataraktchirurgie k\u00f6nnte die Verwendung von Femtosekundenlasern sein &#8211; wie jene, die in der Alllaser-LASIK verwendet werden &#8211; um einige der Schritte im Kataraktverfahren durchzuf\u00fchren.<\/p><h2><strong>Das Verfahren der Laser-Katarakt-Chirurgie<\/strong><\/h2><p>Die Verwendung eines Lasers f\u00fcr bestimmte Schritte in der Kataraktchirurgie kann die Genauigkeit des chirurgischen Eingriffs erh\u00f6hen, die Operationszeit verk\u00fcrzen, die Erholungszeit f\u00fcr die Kataraktchirurgie verk\u00fcrzen und die visuellen Ergebnisse verbessern.<\/p><p>Grunds\u00e4tzlich sind die vier Schritte der modernen Kataraktchirurgie und deren Modifikationen in der Laser-Kataraktchirurgie wie folgt:<\/p><p><strong>1- Hornhautinzision.<\/strong>\u00a0Der erste Schritt der Kataraktoperation besteht darin, einen Einschnitt, \u00fcblicherweise in der Peripherie der Hornhaut, zu erstellen, damit der Chirurg Zugang zu der tr\u00fcben Linse im Inneren des Auges erh\u00e4lt. Typischerweise werden diese Einschnitte mit einer handgehaltenen chirurgischen Klinge gemacht. In der Laser-Katarakt-Chirurgie werden diese Inzisionen mit einem Laser erzeugt.<\/p><p><strong>2- Durchf\u00fchrung einer vorderen Kapsulotomie.<\/strong>\u00a0Die Linse im Auge befindet sich in einem durchsichtigen, d\u00fcnnen Beutel, der als Linsenkapsel bezeichnet wird. Um eine durch Katarakt getr\u00fcbte Linse aufzubrechen und zu entfernen, muss der Chirurg eine \u00d6ffnung im vorderen Teil der Kapsel herstellen (vordere Kapsulotomie). Typischerweise wird eine vordere Kapsulotomie mit einem handgehaltenen Schneidwerkzeug durchgef\u00fchrt. Bei der Laserkataraktoperation wird dieser Schritt mit einem Laser durchgef\u00fchrt.<\/p><p><strong>3- Linsenfragmentierung.<\/strong>\u00a0Vor der Entfernung eines Katarakts bricht der Chirurg die tr\u00fcbe Linse in kleinere St\u00fccke, so dass sie durch den sehr kleinen Hornhautschnitt entfernt werden kann. Typischerweise erfolgt dies mit einer Ultraschallsonde. In der Laser-Katarakt-Chirurgie hat sich dieser Schritt nicht ge\u00e4ndert, k\u00f6nnte sich aber in Zukunft \u00e4ndern.<\/p><p><strong>4- IOL-Implantation.<\/strong>\u00a0Nachdem der Katarakt aufgebrochen und entfernt wurde, wird die nat\u00fcrliche Linse des Auges durch eine Intraokularlinse (IOL) ersetzt, z. B. eine multifokale IOL oder eine akkommodierende IOL, um Presbyopie zu korrigieren. Dieser Schritt wird in der Laser-Katarakt-Chirurgie auch nicht ver\u00e4ndert.<\/p><p>Wenn der Patient\/die Patientin Astigmatismus hat, kann ein zus\u00e4tzlicher Schritt in die Kataraktoperation einbezogen werden.<\/p><p>Entspannungsschnitte f\u00fcr die Gliedma\u00dfen (LRI) erstellen.\u00a0Bei diesem Schritt wird in die periphere Hornhaut ein pr\u00e4ziser radialer Einschnitt mit Teildicke vorgenommen, um die Form der Augenvorderseite zu \u00e4ndern und so den Astigmatismus zu korrigieren. In der Regel wird eine LRI mit einem tragbaren Werkzeug mit Klinge erstellt (\u00e4hnlich wie bei der Ausf\u00fchrung von RK). Bei der Laserkataraktoperation k\u00f6nnte dieser Schritt bald mit einem Laser durchgef\u00fchrt werden.<\/p><h2><strong>Vorteile der Laser-Katarakt-Chirurgie<\/strong><\/h2><p>Chirurgen, die an der Laserkataraktchirurgie beteiligt sind der Meinung, dass das neue Verfahren die Zuverl\u00e4ssigkeit, Reproduzierbarkeit und Sicherheit der Kataraktchirurgie verbessert.<\/p><p>Refraktive und Sehverm\u00f6gen bezogene Ergebnisse k\u00f6nnen ebenfalls verbessert werden, dies erm\u00f6glicht eine echte refraktive Kataraktoperation, die den Bedarf an Brillen nach der Operation erheblich verringert oder beseitigt.<\/p><\/div>\n\t\t\t\t<\/div>\n\t\t\t\t<\/div>\n\t\t\t\t\t\t<\/div>\n\t\t\t<\/div>\n\t\t<\/div>\n\t\t\t\t\t\t<\/div>\n\t\t\t<\/div>\n\t\t<\/section>\n\t\t\t\t\t\t<\/div>\n\t\t\t<\/div>\n\t\t<\/div>\n\t\t","protected":false},"excerpt":{"rendered":"<p>Katarakt Ein Katarakt ist die Tr\u00fcbung der normalerweise klaren Augenlinse. F\u00fcr Menschen mit Katarakten ist das Sehen durch tr\u00fcbe Linsen \u00e4hnlich wie das Schauen durch ein frostiges oder beschlagenes Fenster. Eine durch Katarakte verursachte tr\u00fcbe Sicht kann das Lesen, Autofahren (insbesondere nachts) oder das Erkennen des Gesichtsausdrucks eines Freundes erschweren. Die meisten Katarakte entwickeln sich [&hellip;]<\/p>\n","protected":false},"author":2,"featured_media":0,"parent":0,"menu_order":0,"comment_status":"closed","ping_status":"closed","template":"template\/template-page.php","meta":{"footnotes":""},"class_list":["post-4434","page","type-page","status-publish","hentry"],"yoast_head":"<!-- This site is optimized with the Yoast SEO plugin v26.6 - https:\/\/yoast.com\/wordpress\/plugins\/seo\/ -->\n<title>Katarakt | Nills Aesthetic<\/title>\n<meta name=\"robots\" content=\"index, follow, max-snippet:-1, max-image-preview:large, max-video-preview:-1\" \/>\n<link rel=\"canonical\" href=\"https:\/\/nillsestheticcenter.com\/de\/katarakt\/\" \/>\n<meta property=\"og:locale\" content=\"tr_TR\" \/>\n<meta property=\"og:type\" content=\"article\" \/>\n<meta property=\"og:title\" content=\"Katarakt | Nills Aesthetic\" \/>\n<meta property=\"og:description\" content=\"Katarakt Ein Katarakt ist die Tr\u00fcbung der normalerweise klaren Augenlinse. F\u00fcr Menschen mit Katarakten ist das Sehen durch tr\u00fcbe Linsen \u00e4hnlich wie das Schauen durch ein frostiges oder beschlagenes Fenster. Eine durch Katarakte verursachte tr\u00fcbe Sicht kann das Lesen, Autofahren (insbesondere nachts) oder das Erkennen des Gesichtsausdrucks eines Freundes erschweren. Die meisten Katarakte entwickeln sich [&hellip;]\" \/>\n<meta property=\"og:url\" content=\"https:\/\/nillsestheticcenter.com\/de\/katarakt\/\" \/>\n<meta property=\"og:site_name\" content=\"Nills Aesthetic\" \/>\n<meta property=\"article:modified_time\" content=\"2020-04-27T06:01:02+00:00\" \/>\n<meta name=\"twitter:card\" content=\"summary_large_image\" \/>\n<meta name=\"twitter:label1\" content=\"Tahmini okuma s\u00fcresi\" \/>\n\t<meta name=\"twitter:data1\" content=\"4 dakika\" \/>\n<script type=\"application\/ld+json\" class=\"yoast-schema-graph\">{\"@context\":\"https:\/\/schema.org\",\"@graph\":[{\"@type\":\"WebPage\",\"@id\":\"https:\/\/nillsestheticcenter.com\/de\/katarakt\/\",\"url\":\"https:\/\/nillsestheticcenter.com\/de\/katarakt\/\",\"name\":\"Katarakt | Nills Aesthetic\",\"isPartOf\":{\"@id\":\"https:\/\/nillsestheticcenter.com\/de\/#website\"},\"datePublished\":\"2020-03-11T10:34:16+00:00\",\"dateModified\":\"2020-04-27T06:01:02+00:00\",\"breadcrumb\":{\"@id\":\"https:\/\/nillsestheticcenter.com\/de\/katarakt\/#breadcrumb\"},\"inLanguage\":\"tr\",\"potentialAction\":[{\"@type\":\"ReadAction\",\"target\":[\"https:\/\/nillsestheticcenter.com\/de\/katarakt\/\"]}]},{\"@type\":\"BreadcrumbList\",\"@id\":\"https:\/\/nillsestheticcenter.com\/de\/katarakt\/#breadcrumb\",\"itemListElement\":[{\"@type\":\"ListItem\",\"position\":1,\"name\":\"Home\",\"item\":\"https:\/\/nillsestheticcenter.com\/de\/\"},{\"@type\":\"ListItem\",\"position\":2,\"name\":\"Katarakt\"}]},{\"@type\":\"WebSite\",\"@id\":\"https:\/\/nillsestheticcenter.com\/de\/#website\",\"url\":\"https:\/\/nillsestheticcenter.com\/de\/\",\"name\":\"Nills Aesthetic\",\"description\":\"\",\"publisher\":{\"@id\":\"https:\/\/nillsestheticcenter.com\/de\/#organization\"},\"potentialAction\":[{\"@type\":\"SearchAction\",\"target\":{\"@type\":\"EntryPoint\",\"urlTemplate\":\"https:\/\/nillsestheticcenter.com\/de\/?s={search_term_string}\"},\"query-input\":{\"@type\":\"PropertyValueSpecification\",\"valueRequired\":true,\"valueName\":\"search_term_string\"}}],\"inLanguage\":\"tr\"},{\"@type\":\"Organization\",\"@id\":\"https:\/\/nillsestheticcenter.com\/de\/#organization\",\"name\":\"Nills Aesthetic\",\"url\":\"https:\/\/nillsestheticcenter.com\/de\/\",\"logo\":{\"@type\":\"ImageObject\",\"inLanguage\":\"tr\",\"@id\":\"https:\/\/nillsestheticcenter.com\/de\/#\/schema\/logo\/image\/\",\"url\":\"https:\/\/nillsestheticcenter.com\/de\/wp-content\/uploads\/2020\/03\/logo.png\",\"contentUrl\":\"https:\/\/nillsestheticcenter.com\/de\/wp-content\/uploads\/2020\/03\/logo.png\",\"width\":267,\"height\":93,\"caption\":\"Nills Aesthetic\"},\"image\":{\"@id\":\"https:\/\/nillsestheticcenter.com\/de\/#\/schema\/logo\/image\/\"}}]}<\/script>\n<!-- \/ Yoast SEO plugin. -->","yoast_head_json":{"title":"Katarakt | Nills Aesthetic","robots":{"index":"index","follow":"follow","max-snippet":"max-snippet:-1","max-image-preview":"max-image-preview:large","max-video-preview":"max-video-preview:-1"},"canonical":"https:\/\/nillsestheticcenter.com\/de\/katarakt\/","og_locale":"tr_TR","og_type":"article","og_title":"Katarakt | Nills Aesthetic","og_description":"Katarakt Ein Katarakt ist die Tr\u00fcbung der normalerweise klaren Augenlinse. F\u00fcr Menschen mit Katarakten ist das Sehen durch tr\u00fcbe Linsen \u00e4hnlich wie das Schauen durch ein frostiges oder beschlagenes Fenster. Eine durch Katarakte verursachte tr\u00fcbe Sicht kann das Lesen, Autofahren (insbesondere nachts) oder das Erkennen des Gesichtsausdrucks eines Freundes erschweren. Die meisten Katarakte entwickeln sich [&hellip;]","og_url":"https:\/\/nillsestheticcenter.com\/de\/katarakt\/","og_site_name":"Nills Aesthetic","article_modified_time":"2020-04-27T06:01:02+00:00","twitter_card":"summary_large_image","twitter_misc":{"Tahmini okuma s\u00fcresi":"4 dakika"},"schema":{"@context":"https:\/\/schema.org","@graph":[{"@type":"WebPage","@id":"https:\/\/nillsestheticcenter.com\/de\/katarakt\/","url":"https:\/\/nillsestheticcenter.com\/de\/katarakt\/","name":"Katarakt | Nills Aesthetic","isPartOf":{"@id":"https:\/\/nillsestheticcenter.com\/de\/#website"},"datePublished":"2020-03-11T10:34:16+00:00","dateModified":"2020-04-27T06:01:02+00:00","breadcrumb":{"@id":"https:\/\/nillsestheticcenter.com\/de\/katarakt\/#breadcrumb"},"inLanguage":"tr","potentialAction":[{"@type":"ReadAction","target":["https:\/\/nillsestheticcenter.com\/de\/katarakt\/"]}]},{"@type":"BreadcrumbList","@id":"https:\/\/nillsestheticcenter.com\/de\/katarakt\/#breadcrumb","itemListElement":[{"@type":"ListItem","position":1,"name":"Home","item":"https:\/\/nillsestheticcenter.com\/de\/"},{"@type":"ListItem","position":2,"name":"Katarakt"}]},{"@type":"WebSite","@id":"https:\/\/nillsestheticcenter.com\/de\/#website","url":"https:\/\/nillsestheticcenter.com\/de\/","name":"Nills Aesthetic","description":"","publisher":{"@id":"https:\/\/nillsestheticcenter.com\/de\/#organization"},"potentialAction":[{"@type":"SearchAction","target":{"@type":"EntryPoint","urlTemplate":"https:\/\/nillsestheticcenter.com\/de\/?s={search_term_string}"},"query-input":{"@type":"PropertyValueSpecification","valueRequired":true,"valueName":"search_term_string"}}],"inLanguage":"tr"},{"@type":"Organization","@id":"https:\/\/nillsestheticcenter.com\/de\/#organization","name":"Nills Aesthetic","url":"https:\/\/nillsestheticcenter.com\/de\/","logo":{"@type":"ImageObject","inLanguage":"tr","@id":"https:\/\/nillsestheticcenter.com\/de\/#\/schema\/logo\/image\/","url":"https:\/\/nillsestheticcenter.com\/de\/wp-content\/uploads\/2020\/03\/logo.png","contentUrl":"https:\/\/nillsestheticcenter.com\/de\/wp-content\/uploads\/2020\/03\/logo.png","width":267,"height":93,"caption":"Nills Aesthetic"},"image":{"@id":"https:\/\/nillsestheticcenter.com\/de\/#\/schema\/logo\/image\/"}}]}},"_links":{"self":[{"href":"https:\/\/nillsestheticcenter.com\/de\/wp-json\/wp\/v2\/pages\/4434","targetHints":{"allow":["GET"]}}],"collection":[{"href":"https:\/\/nillsestheticcenter.com\/de\/wp-json\/wp\/v2\/pages"}],"about":[{"href":"https:\/\/nillsestheticcenter.com\/de\/wp-json\/wp\/v2\/types\/page"}],"author":[{"embeddable":true,"href":"https:\/\/nillsestheticcenter.com\/de\/wp-json\/wp\/v2\/users\/2"}],"replies":[{"embeddable":true,"href":"https:\/\/nillsestheticcenter.com\/de\/wp-json\/wp\/v2\/comments?post=4434"}],"version-history":[{"count":7,"href":"https:\/\/nillsestheticcenter.com\/de\/wp-json\/wp\/v2\/pages\/4434\/revisions"}],"predecessor-version":[{"id":5219,"href":"https:\/\/nillsestheticcenter.com\/de\/wp-json\/wp\/v2\/pages\/4434\/revisions\/5219"}],"wp:attachment":[{"href":"https:\/\/nillsestheticcenter.com\/de\/wp-json\/wp\/v2\/media?parent=4434"}],"curies":[{"name":"wp","href":"https:\/\/api.w.org\/{rel}","templated":true}]}}