{"id":4435,"date":"2020-03-11T13:34:17","date_gmt":"2020-03-11T10:34:17","guid":{"rendered":"https:\/\/nillsestheticcenter.com\/de\/?page_id=4435"},"modified":"2020-04-27T09:02:09","modified_gmt":"2020-04-27T06:02:09","slug":"prk-lasek","status":"publish","type":"page","link":"https:\/\/nillsestheticcenter.com\/de\/prk-lasek\/","title":{"rendered":"PRK \/ Lasek"},"content":{"rendered":"\t\t<div data-elementor-type=\"wp-post\" data-elementor-id=\"4435\" class=\"elementor elementor-4435\" data-elementor-settings=\"[]\">\n\t\t\t<div class=\"elementor-inner\">\n\t\t\t\t<div class=\"elementor-section-wrap\">\n\t\t\t\t\t\t\t<section class=\"elementor-element elementor-element-d5b672e elementor-section-content-top ov-h elementor-section-boxed elementor-section-height-default elementor-section-height-default elementor-section elementor-top-section\" data-id=\"d5b672e\" data-element_type=\"section\" data-settings=\"{&quot;ekit_section_parallax_multi&quot;:&quot;yes&quot;,&quot;ekit_section_parallax_multi_items&quot;:[{&quot;parallax_style&quot;:&quot;onscroll&quot;,&quot;item_source&quot;:&quot;image&quot;,&quot;image&quot;:{&quot;url&quot;:&quot;https:\\\/\\\/nillsestheticcenter.com\\\/de\\\/wp-content\\\/uploads\\\/2019\\\/09\\\/about-info-bg-left.png&quot;,&quot;id&quot;:1722},&quot;shape&quot;:null,&quot;shape_color&quot;:null,&quot;width_type&quot;:&quot;&quot;,&quot;width_type_tablet&quot;:&quot;&quot;,&quot;width_type_mobile&quot;:&quot;&quot;,&quot;custom_width&quot;:null,&quot;custom_width_tablet&quot;:null,&quot;custom_width_mobile&quot;:null,&quot;source_rotate&quot;:{&quot;unit&quot;:&quot;deg&quot;,&quot;size&quot;:0,&quot;sizes&quot;:[]},&quot;source_rotate_tablet&quot;:{&quot;unit&quot;:&quot;px&quot;,&quot;size&quot;:&quot;&quot;,&quot;sizes&quot;:[]},&quot;source_rotate_mobile&quot;:{&quot;unit&quot;:&quot;px&quot;,&quot;size&quot;:&quot;&quot;,&quot;sizes&quot;:[]},&quot;pos_x&quot;:{&quot;unit&quot;:&quot;%&quot;,&quot;size&quot;:0,&quot;sizes&quot;:[]},&quot;pos_x_tablet&quot;:{&quot;unit&quot;:&quot;px&quot;,&quot;size&quot;:&quot;&quot;,&quot;sizes&quot;:[]},&quot;pos_x_mobile&quot;:{&quot;unit&quot;:&quot;px&quot;,&quot;size&quot;:&quot;&quot;,&quot;sizes&quot;:[]},&quot;pos_y&quot;:{&quot;unit&quot;:&quot;%&quot;,&quot;size&quot;:0,&quot;sizes&quot;:[]},&quot;pos_y_tablet&quot;:{&quot;unit&quot;:&quot;px&quot;,&quot;size&quot;:&quot;&quot;,&quot;sizes&quot;:[]},&quot;pos_y_mobile&quot;:{&quot;unit&quot;:&quot;px&quot;,&quot;size&quot;:&quot;&quot;,&quot;sizes&quot;:[]},&quot;animation&quot;:null,&quot;animation_tablet&quot;:null,&quot;animation_mobile&quot;:null,&quot;item_opacity&quot;:&quot;1&quot;,&quot;animation_speed&quot;:null,&quot;animation_iteration_count&quot;:null,&quot;animation_direction&quot;:null,&quot;parallax_speed&quot;:null,&quot;parallax_transform&quot;:&quot;translateY&quot;,&quot;parallax_transform_value&quot;:&quot;250&quot;,&quot;smoothness&quot;:&quot;700&quot;,&quot;offsettop&quot;:&quot;0&quot;,&quot;offsetbottom&quot;:&quot;0&quot;,&quot;maxtilt&quot;:null,&quot;scale&quot;:null,&quot;disableaxis&quot;:null,&quot;zindex&quot;:0,&quot;_id&quot;:&quot;3eee3c3&quot;,&quot;parallax_blur_effect&quot;:{&quot;unit&quot;:&quot;px&quot;,&quot;size&quot;:0,&quot;sizes&quot;:[]},&quot;parallax_blur_effect_tablet&quot;:{&quot;unit&quot;:&quot;px&quot;,&quot;size&quot;:&quot;&quot;,&quot;sizes&quot;:[]},&quot;parallax_blur_effect_mobile&quot;:{&quot;unit&quot;:&quot;px&quot;,&quot;size&quot;:&quot;&quot;,&quot;sizes&quot;:[]}},{&quot;parallax_style&quot;:&quot;onscroll&quot;,&quot;item_source&quot;:&quot;image&quot;,&quot;image&quot;:{&quot;url&quot;:&quot;https:\\\/\\\/nillsestheticcenter.com\\\/de\\\/wp-content\\\/uploads\\\/2019\\\/09\\\/about-info-bg-right.png&quot;,&quot;id&quot;:1721},&quot;shape&quot;:null,&quot;shape_color&quot;:null,&quot;width_type&quot;:&quot;&quot;,&quot;width_type_tablet&quot;:&quot;&quot;,&quot;width_type_mobile&quot;:&quot;&quot;,&quot;custom_width&quot;:null,&quot;custom_width_tablet&quot;:null,&quot;custom_width_mobile&quot;:null,&quot;source_rotate&quot;:{&quot;unit&quot;:&quot;deg&quot;,&quot;size&quot;:0,&quot;sizes&quot;:[]},&quot;source_rotate_tablet&quot;:{&quot;unit&quot;:&quot;px&quot;,&quot;size&quot;:&quot;&quot;,&quot;sizes&quot;:[]},&quot;source_rotate_mobile&quot;:{&quot;unit&quot;:&quot;px&quot;,&quot;size&quot;:&quot;&quot;,&quot;sizes&quot;:[]},&quot;pos_x&quot;:{&quot;unit&quot;:&quot;%&quot;,&quot;size&quot;:90,&quot;sizes&quot;:[]},&quot;pos_x_tablet&quot;:{&quot;unit&quot;:&quot;px&quot;,&quot;size&quot;:&quot;&quot;,&quot;sizes&quot;:[]},&quot;pos_x_mobile&quot;:{&quot;unit&quot;:&quot;px&quot;,&quot;size&quot;:&quot;&quot;,&quot;sizes&quot;:[]},&quot;pos_y&quot;:{&quot;unit&quot;:&quot;px&quot;,&quot;size&quot;:-120,&quot;sizes&quot;:[]},&quot;pos_y_tablet&quot;:{&quot;unit&quot;:&quot;px&quot;,&quot;size&quot;:&quot;&quot;,&quot;sizes&quot;:[]},&quot;pos_y_mobile&quot;:{&quot;unit&quot;:&quot;px&quot;,&quot;size&quot;:&quot;&quot;,&quot;sizes&quot;:[]},&quot;animation&quot;:null,&quot;animation_tablet&quot;:null,&quot;animation_mobile&quot;:null,&quot;item_opacity&quot;:&quot;1&quot;,&quot;animation_speed&quot;:null,&quot;animation_iteration_count&quot;:null,&quot;animation_direction&quot;:null,&quot;parallax_speed&quot;:null,&quot;parallax_transform&quot;:&quot;translateY&quot;,&quot;parallax_transform_value&quot;:&quot;250&quot;,&quot;smoothness&quot;:&quot;700&quot;,&quot;offsettop&quot;:&quot;0&quot;,&quot;offsetbottom&quot;:&quot;0&quot;,&quot;maxtilt&quot;:null,&quot;scale&quot;:null,&quot;disableaxis&quot;:null,&quot;zindex&quot;:0,&quot;_id&quot;:&quot;44a7be1&quot;,&quot;parallax_blur_effect&quot;:{&quot;unit&quot;:&quot;px&quot;,&quot;size&quot;:0,&quot;sizes&quot;:[]},&quot;parallax_blur_effect_tablet&quot;:{&quot;unit&quot;:&quot;px&quot;,&quot;size&quot;:&quot;&quot;,&quot;sizes&quot;:[]},&quot;parallax_blur_effect_mobile&quot;:{&quot;unit&quot;:&quot;px&quot;,&quot;size&quot;:&quot;&quot;,&quot;sizes&quot;:[]}}]}\">\n\t\t\t\t\t\t<div class=\"elementor-container elementor-column-gap-default\">\n\t\t\t\t<div class=\"elementor-row\">\n\t\t\t\t<div class=\"elementor-element elementor-element-ac65cc9 elementor-invisible elementor-column elementor-col-100 elementor-top-column\" data-id=\"ac65cc9\" data-element_type=\"column\" data-settings=\"{&quot;animation&quot;:&quot;fadeInUp&quot;,&quot;animation_delay&quot;:300}\">\n\t\t\t<div class=\"elementor-column-wrap  elementor-element-populated\">\n\t\t\t\t\t<div class=\"elementor-widget-wrap\">\n\t\t\t\t<div class=\"elementor-element elementor-element-65a4666 elementor-widget elementor-widget-heading\" data-id=\"65a4666\" data-element_type=\"widget\" data-widget_type=\"heading.default\">\n\t\t\t\t<div class=\"elementor-widget-container\">\n\t\t\t<h2 class=\"elementor-heading-title elementor-size-default\">PRK \/ Lasek<\/h2>\t\t<\/div>\n\t\t\t\t<\/div>\n\t\t\t\t<div class=\"elementor-element elementor-element-27da09d short_desc elementor-widget elementor-widget-text-editor\" data-id=\"27da09d\" data-element_type=\"widget\" data-widget_type=\"text-editor.default\">\n\t\t\t\t<div class=\"elementor-widget-container\">\n\t\t\t\t\t<div class=\"elementor-text-editor elementor-clearfix\"><h2><b>PRK<\/b><\/h2><p>Die PRK (Photorefraktive Keratektomie), ist genauso wie LASIK eine Behandlung zur Korrektur von Fehlsichtigkeitsfehler. Bei der PRK -Methode werden im Gegensatz zur Lasik-Technik, die heutzutage am h\u00e4ufigsten verwendet wird, keine Laschen (Flaps) an der Hornhaut angebracht, sondern die Laserbehandlung beginnt direkt von der \u00e4u\u00dferen Oberfl\u00e4che. Bei derPRK Operation wird das lebende d\u00fcnne Gewebe, die oberste Hornhautschicht, das auch Epithel genannt wird, abgestreift und das darunter liegende Gewebe mit Excimer Laserbehandelt. Am Ende der Operation wird f\u00fcr einige Tage eine transparente Schutzlinse am Auge f\u00fcr den Schutz der Hornhautoberfl\u00e4che angebracht. Die Entwicklung einer guten Sicht ist l\u00e4nger als bei der Lasik und kann bis zu 3-4 Wochen andauern. Aufgrund der Abheilung des Epithelgewebes k\u00f6nnen etwa 2 bis 4 Tage nach der Operation Schmerzen und Unbehagen auftreten.<\/p><h2><strong>LASEK<\/strong><\/h2><p>Bei der Lasek wird das Epithelgewebe des Auges mittels einer speziell entwickelten Alkoholl\u00f6sung angeweicht. Ist die Laserbehandlung abgeschlossen, wird das Epithel zur\u00fcck geschoben. Obwohl bei diesen beiden oberfl\u00e4chlichen Behandlungsmethoden sichere Ergebnisse erzielt werden, k\u00f6nnen die Augen der Patienten 2-3 Tage lang brennen, stechen und tr\u00e4nen. Innerhalb von 7-10 Tagen sehen Sie wieder klar.<\/p><p><b>Besonderheiten der PRK\/LASEK Behandlung<\/b><\/p><ul><li>Diese Behandlungsmethode kann f\u00fcr Personen empfohlen werden, deren Sehst\u00f6rungen gering sind (bis zu 3 Dioptrien bei Myopie und Astigmatismus), ihre Hornhautdicke jedoch f\u00fcr Lasik nicht geeignet sind.<\/li><li>Wie bei der Lasik-Methode wird das Auge nur mit einem Tropfen bet\u00e4ubt.<\/li><li>W\u00e4hrend der Operation hat der Patient keine Schmerzen.<\/li><li>Zur Abheilung des Epithels und zum Schutz des Auges werden Schutzlinsen angebracht und nach 3 Tagen nach der Operation unter \u00e4rztlicher Kontrolle entfernt.<\/li><\/ul><\/div>\n\t\t\t\t<\/div>\n\t\t\t\t<\/div>\n\t\t\t\t\t\t<\/div>\n\t\t\t<\/div>\n\t\t<\/div>\n\t\t\t\t\t\t<\/div>\n\t\t\t<\/div>\n\t\t<\/section>\n\t\t\t\t\t\t<\/div>\n\t\t\t<\/div>\n\t\t<\/div>\n\t\t","protected":false},"excerpt":{"rendered":"<p>PRK \/ Lasek PRK Die PRK (Photorefraktive Keratektomie), ist genauso wie LASIK eine Behandlung zur Korrektur von Fehlsichtigkeitsfehler. Bei der PRK -Methode werden im Gegensatz zur Lasik-Technik, die heutzutage am h\u00e4ufigsten verwendet wird, keine Laschen (Flaps) an der Hornhaut angebracht, sondern die Laserbehandlung beginnt direkt von der \u00e4u\u00dferen Oberfl\u00e4che. Bei derPRK Operation wird das lebende [&hellip;]<\/p>\n","protected":false},"author":2,"featured_media":0,"parent":0,"menu_order":0,"comment_status":"closed","ping_status":"closed","template":"template\/template-page.php","meta":{"footnotes":""},"class_list":["post-4435","page","type-page","status-publish","hentry"],"yoast_head":"<!-- This site is optimized with the Yoast SEO plugin v26.6 - https:\/\/yoast.com\/wordpress\/plugins\/seo\/ -->\n<title>PRK \/ Lasek | Nills Aesthetic<\/title>\n<meta name=\"robots\" content=\"index, follow, max-snippet:-1, max-image-preview:large, max-video-preview:-1\" \/>\n<link rel=\"canonical\" href=\"https:\/\/nillsestheticcenter.com\/de\/prk-lasek\/\" \/>\n<meta property=\"og:locale\" content=\"tr_TR\" \/>\n<meta property=\"og:type\" content=\"article\" \/>\n<meta property=\"og:title\" content=\"PRK \/ Lasek | Nills Aesthetic\" \/>\n<meta property=\"og:description\" content=\"PRK \/ Lasek PRK Die PRK (Photorefraktive Keratektomie), ist genauso wie LASIK eine Behandlung zur Korrektur von Fehlsichtigkeitsfehler. Bei der PRK -Methode werden im Gegensatz zur Lasik-Technik, die heutzutage am h\u00e4ufigsten verwendet wird, keine Laschen (Flaps) an der Hornhaut angebracht, sondern die Laserbehandlung beginnt direkt von der \u00e4u\u00dferen Oberfl\u00e4che. Bei derPRK Operation wird das lebende [&hellip;]\" \/>\n<meta property=\"og:url\" content=\"https:\/\/nillsestheticcenter.com\/de\/prk-lasek\/\" \/>\n<meta property=\"og:site_name\" content=\"Nills Aesthetic\" \/>\n<meta property=\"article:modified_time\" content=\"2020-04-27T06:02:09+00:00\" \/>\n<meta name=\"twitter:card\" content=\"summary_large_image\" \/>\n<meta name=\"twitter:label1\" content=\"Tahmini okuma s\u00fcresi\" \/>\n\t<meta name=\"twitter:data1\" content=\"1 dakika\" \/>\n<script type=\"application\/ld+json\" class=\"yoast-schema-graph\">{\"@context\":\"https:\/\/schema.org\",\"@graph\":[{\"@type\":\"WebPage\",\"@id\":\"https:\/\/nillsestheticcenter.com\/de\/prk-lasek\/\",\"url\":\"https:\/\/nillsestheticcenter.com\/de\/prk-lasek\/\",\"name\":\"PRK \/ Lasek | Nills Aesthetic\",\"isPartOf\":{\"@id\":\"https:\/\/nillsestheticcenter.com\/de\/#website\"},\"datePublished\":\"2020-03-11T10:34:17+00:00\",\"dateModified\":\"2020-04-27T06:02:09+00:00\",\"breadcrumb\":{\"@id\":\"https:\/\/nillsestheticcenter.com\/de\/prk-lasek\/#breadcrumb\"},\"inLanguage\":\"tr\",\"potentialAction\":[{\"@type\":\"ReadAction\",\"target\":[\"https:\/\/nillsestheticcenter.com\/de\/prk-lasek\/\"]}]},{\"@type\":\"BreadcrumbList\",\"@id\":\"https:\/\/nillsestheticcenter.com\/de\/prk-lasek\/#breadcrumb\",\"itemListElement\":[{\"@type\":\"ListItem\",\"position\":1,\"name\":\"Home\",\"item\":\"https:\/\/nillsestheticcenter.com\/de\/\"},{\"@type\":\"ListItem\",\"position\":2,\"name\":\"PRK \/ Lasek\"}]},{\"@type\":\"WebSite\",\"@id\":\"https:\/\/nillsestheticcenter.com\/de\/#website\",\"url\":\"https:\/\/nillsestheticcenter.com\/de\/\",\"name\":\"Nills Aesthetic\",\"description\":\"\",\"publisher\":{\"@id\":\"https:\/\/nillsestheticcenter.com\/de\/#organization\"},\"potentialAction\":[{\"@type\":\"SearchAction\",\"target\":{\"@type\":\"EntryPoint\",\"urlTemplate\":\"https:\/\/nillsestheticcenter.com\/de\/?s={search_term_string}\"},\"query-input\":{\"@type\":\"PropertyValueSpecification\",\"valueRequired\":true,\"valueName\":\"search_term_string\"}}],\"inLanguage\":\"tr\"},{\"@type\":\"Organization\",\"@id\":\"https:\/\/nillsestheticcenter.com\/de\/#organization\",\"name\":\"Nills Aesthetic\",\"url\":\"https:\/\/nillsestheticcenter.com\/de\/\",\"logo\":{\"@type\":\"ImageObject\",\"inLanguage\":\"tr\",\"@id\":\"https:\/\/nillsestheticcenter.com\/de\/#\/schema\/logo\/image\/\",\"url\":\"https:\/\/nillsestheticcenter.com\/de\/wp-content\/uploads\/2020\/03\/logo.png\",\"contentUrl\":\"https:\/\/nillsestheticcenter.com\/de\/wp-content\/uploads\/2020\/03\/logo.png\",\"width\":267,\"height\":93,\"caption\":\"Nills Aesthetic\"},\"image\":{\"@id\":\"https:\/\/nillsestheticcenter.com\/de\/#\/schema\/logo\/image\/\"}}]}<\/script>\n<!-- \/ Yoast SEO plugin. -->","yoast_head_json":{"title":"PRK \/ Lasek | Nills Aesthetic","robots":{"index":"index","follow":"follow","max-snippet":"max-snippet:-1","max-image-preview":"max-image-preview:large","max-video-preview":"max-video-preview:-1"},"canonical":"https:\/\/nillsestheticcenter.com\/de\/prk-lasek\/","og_locale":"tr_TR","og_type":"article","og_title":"PRK \/ Lasek | Nills Aesthetic","og_description":"PRK \/ Lasek PRK Die PRK (Photorefraktive Keratektomie), ist genauso wie LASIK eine Behandlung zur Korrektur von Fehlsichtigkeitsfehler. Bei der PRK -Methode werden im Gegensatz zur Lasik-Technik, die heutzutage am h\u00e4ufigsten verwendet wird, keine Laschen (Flaps) an der Hornhaut angebracht, sondern die Laserbehandlung beginnt direkt von der \u00e4u\u00dferen Oberfl\u00e4che. Bei derPRK Operation wird das lebende [&hellip;]","og_url":"https:\/\/nillsestheticcenter.com\/de\/prk-lasek\/","og_site_name":"Nills Aesthetic","article_modified_time":"2020-04-27T06:02:09+00:00","twitter_card":"summary_large_image","twitter_misc":{"Tahmini okuma s\u00fcresi":"1 dakika"},"schema":{"@context":"https:\/\/schema.org","@graph":[{"@type":"WebPage","@id":"https:\/\/nillsestheticcenter.com\/de\/prk-lasek\/","url":"https:\/\/nillsestheticcenter.com\/de\/prk-lasek\/","name":"PRK \/ Lasek | Nills Aesthetic","isPartOf":{"@id":"https:\/\/nillsestheticcenter.com\/de\/#website"},"datePublished":"2020-03-11T10:34:17+00:00","dateModified":"2020-04-27T06:02:09+00:00","breadcrumb":{"@id":"https:\/\/nillsestheticcenter.com\/de\/prk-lasek\/#breadcrumb"},"inLanguage":"tr","potentialAction":[{"@type":"ReadAction","target":["https:\/\/nillsestheticcenter.com\/de\/prk-lasek\/"]}]},{"@type":"BreadcrumbList","@id":"https:\/\/nillsestheticcenter.com\/de\/prk-lasek\/#breadcrumb","itemListElement":[{"@type":"ListItem","position":1,"name":"Home","item":"https:\/\/nillsestheticcenter.com\/de\/"},{"@type":"ListItem","position":2,"name":"PRK \/ Lasek"}]},{"@type":"WebSite","@id":"https:\/\/nillsestheticcenter.com\/de\/#website","url":"https:\/\/nillsestheticcenter.com\/de\/","name":"Nills Aesthetic","description":"","publisher":{"@id":"https:\/\/nillsestheticcenter.com\/de\/#organization"},"potentialAction":[{"@type":"SearchAction","target":{"@type":"EntryPoint","urlTemplate":"https:\/\/nillsestheticcenter.com\/de\/?s={search_term_string}"},"query-input":{"@type":"PropertyValueSpecification","valueRequired":true,"valueName":"search_term_string"}}],"inLanguage":"tr"},{"@type":"Organization","@id":"https:\/\/nillsestheticcenter.com\/de\/#organization","name":"Nills Aesthetic","url":"https:\/\/nillsestheticcenter.com\/de\/","logo":{"@type":"ImageObject","inLanguage":"tr","@id":"https:\/\/nillsestheticcenter.com\/de\/#\/schema\/logo\/image\/","url":"https:\/\/nillsestheticcenter.com\/de\/wp-content\/uploads\/2020\/03\/logo.png","contentUrl":"https:\/\/nillsestheticcenter.com\/de\/wp-content\/uploads\/2020\/03\/logo.png","width":267,"height":93,"caption":"Nills Aesthetic"},"image":{"@id":"https:\/\/nillsestheticcenter.com\/de\/#\/schema\/logo\/image\/"}}]}},"_links":{"self":[{"href":"https:\/\/nillsestheticcenter.com\/de\/wp-json\/wp\/v2\/pages\/4435","targetHints":{"allow":["GET"]}}],"collection":[{"href":"https:\/\/nillsestheticcenter.com\/de\/wp-json\/wp\/v2\/pages"}],"about":[{"href":"https:\/\/nillsestheticcenter.com\/de\/wp-json\/wp\/v2\/types\/page"}],"author":[{"embeddable":true,"href":"https:\/\/nillsestheticcenter.com\/de\/wp-json\/wp\/v2\/users\/2"}],"replies":[{"embeddable":true,"href":"https:\/\/nillsestheticcenter.com\/de\/wp-json\/wp\/v2\/comments?post=4435"}],"version-history":[{"count":7,"href":"https:\/\/nillsestheticcenter.com\/de\/wp-json\/wp\/v2\/pages\/4435\/revisions"}],"predecessor-version":[{"id":5221,"href":"https:\/\/nillsestheticcenter.com\/de\/wp-json\/wp\/v2\/pages\/4435\/revisions\/5221"}],"wp:attachment":[{"href":"https:\/\/nillsestheticcenter.com\/de\/wp-json\/wp\/v2\/media?parent=4435"}],"curies":[{"name":"wp","href":"https:\/\/api.w.org\/{rel}","templated":true}]}}