{"id":4540,"date":"2020-03-13T17:08:53","date_gmt":"2020-03-13T14:08:53","guid":{"rendered":"https:\/\/nillsestheticcenter.com\/de\/?page_id=4540"},"modified":"2020-04-25T14:02:52","modified_gmt":"2020-04-25T11:02:52","slug":"mesotherapie","status":"publish","type":"page","link":"https:\/\/nillsestheticcenter.com\/de\/mesotherapie\/","title":{"rendered":"Mesotherapie"},"content":{"rendered":"\t\t<div data-elementor-type=\"wp-post\" data-elementor-id=\"4540\" class=\"elementor elementor-4540\" data-elementor-settings=\"[]\">\n\t\t\t<div class=\"elementor-inner\">\n\t\t\t\t<div class=\"elementor-section-wrap\">\n\t\t\t\t\t\t\t<section class=\"elementor-element elementor-element-d5b672e elementor-section-content-top ov-h elementor-section-boxed elementor-section-height-default elementor-section-height-default elementor-section elementor-top-section\" data-id=\"d5b672e\" data-element_type=\"section\" data-settings=\"{&quot;ekit_section_parallax_multi&quot;:&quot;yes&quot;,&quot;ekit_section_parallax_multi_items&quot;:[{&quot;parallax_style&quot;:&quot;onscroll&quot;,&quot;item_source&quot;:&quot;image&quot;,&quot;image&quot;:{&quot;url&quot;:&quot;https:\\\/\\\/nillsestheticcenter.com\\\/de\\\/wp-content\\\/uploads\\\/2019\\\/09\\\/about-info-bg-left.png&quot;,&quot;id&quot;:1722},&quot;shape&quot;:null,&quot;shape_color&quot;:null,&quot;width_type&quot;:&quot;&quot;,&quot;width_type_tablet&quot;:&quot;&quot;,&quot;width_type_mobile&quot;:&quot;&quot;,&quot;custom_width&quot;:null,&quot;custom_width_tablet&quot;:null,&quot;custom_width_mobile&quot;:null,&quot;source_rotate&quot;:{&quot;unit&quot;:&quot;deg&quot;,&quot;size&quot;:0,&quot;sizes&quot;:[]},&quot;source_rotate_tablet&quot;:{&quot;unit&quot;:&quot;px&quot;,&quot;size&quot;:&quot;&quot;,&quot;sizes&quot;:[]},&quot;source_rotate_mobile&quot;:{&quot;unit&quot;:&quot;px&quot;,&quot;size&quot;:&quot;&quot;,&quot;sizes&quot;:[]},&quot;pos_x&quot;:{&quot;unit&quot;:&quot;%&quot;,&quot;size&quot;:0,&quot;sizes&quot;:[]},&quot;pos_x_tablet&quot;:{&quot;unit&quot;:&quot;px&quot;,&quot;size&quot;:&quot;&quot;,&quot;sizes&quot;:[]},&quot;pos_x_mobile&quot;:{&quot;unit&quot;:&quot;px&quot;,&quot;size&quot;:&quot;&quot;,&quot;sizes&quot;:[]},&quot;pos_y&quot;:{&quot;unit&quot;:&quot;%&quot;,&quot;size&quot;:0,&quot;sizes&quot;:[]},&quot;pos_y_tablet&quot;:{&quot;unit&quot;:&quot;px&quot;,&quot;size&quot;:&quot;&quot;,&quot;sizes&quot;:[]},&quot;pos_y_mobile&quot;:{&quot;unit&quot;:&quot;px&quot;,&quot;size&quot;:&quot;&quot;,&quot;sizes&quot;:[]},&quot;animation&quot;:null,&quot;animation_tablet&quot;:null,&quot;animation_mobile&quot;:null,&quot;item_opacity&quot;:&quot;1&quot;,&quot;animation_speed&quot;:null,&quot;animation_iteration_count&quot;:null,&quot;animation_direction&quot;:null,&quot;parallax_speed&quot;:null,&quot;parallax_transform&quot;:&quot;translateY&quot;,&quot;parallax_transform_value&quot;:&quot;250&quot;,&quot;smoothness&quot;:&quot;700&quot;,&quot;offsettop&quot;:&quot;0&quot;,&quot;offsetbottom&quot;:&quot;0&quot;,&quot;maxtilt&quot;:null,&quot;scale&quot;:null,&quot;disableaxis&quot;:null,&quot;zindex&quot;:0,&quot;_id&quot;:&quot;3eee3c3&quot;,&quot;parallax_blur_effect&quot;:{&quot;unit&quot;:&quot;px&quot;,&quot;size&quot;:0,&quot;sizes&quot;:[]},&quot;parallax_blur_effect_tablet&quot;:{&quot;unit&quot;:&quot;px&quot;,&quot;size&quot;:&quot;&quot;,&quot;sizes&quot;:[]},&quot;parallax_blur_effect_mobile&quot;:{&quot;unit&quot;:&quot;px&quot;,&quot;size&quot;:&quot;&quot;,&quot;sizes&quot;:[]}},{&quot;parallax_style&quot;:&quot;onscroll&quot;,&quot;item_source&quot;:&quot;image&quot;,&quot;image&quot;:{&quot;url&quot;:&quot;https:\\\/\\\/nillsestheticcenter.com\\\/de\\\/wp-content\\\/uploads\\\/2019\\\/09\\\/about-info-bg-right.png&quot;,&quot;id&quot;:1721},&quot;shape&quot;:null,&quot;shape_color&quot;:null,&quot;width_type&quot;:&quot;&quot;,&quot;width_type_tablet&quot;:&quot;&quot;,&quot;width_type_mobile&quot;:&quot;&quot;,&quot;custom_width&quot;:null,&quot;custom_width_tablet&quot;:null,&quot;custom_width_mobile&quot;:null,&quot;source_rotate&quot;:{&quot;unit&quot;:&quot;deg&quot;,&quot;size&quot;:0,&quot;sizes&quot;:[]},&quot;source_rotate_tablet&quot;:{&quot;unit&quot;:&quot;px&quot;,&quot;size&quot;:&quot;&quot;,&quot;sizes&quot;:[]},&quot;source_rotate_mobile&quot;:{&quot;unit&quot;:&quot;px&quot;,&quot;size&quot;:&quot;&quot;,&quot;sizes&quot;:[]},&quot;pos_x&quot;:{&quot;unit&quot;:&quot;%&quot;,&quot;size&quot;:90,&quot;sizes&quot;:[]},&quot;pos_x_tablet&quot;:{&quot;unit&quot;:&quot;px&quot;,&quot;size&quot;:&quot;&quot;,&quot;sizes&quot;:[]},&quot;pos_x_mobile&quot;:{&quot;unit&quot;:&quot;px&quot;,&quot;size&quot;:&quot;&quot;,&quot;sizes&quot;:[]},&quot;pos_y&quot;:{&quot;unit&quot;:&quot;px&quot;,&quot;size&quot;:-120,&quot;sizes&quot;:[]},&quot;pos_y_tablet&quot;:{&quot;unit&quot;:&quot;px&quot;,&quot;size&quot;:&quot;&quot;,&quot;sizes&quot;:[]},&quot;pos_y_mobile&quot;:{&quot;unit&quot;:&quot;px&quot;,&quot;size&quot;:&quot;&quot;,&quot;sizes&quot;:[]},&quot;animation&quot;:null,&quot;animation_tablet&quot;:null,&quot;animation_mobile&quot;:null,&quot;item_opacity&quot;:&quot;1&quot;,&quot;animation_speed&quot;:null,&quot;animation_iteration_count&quot;:null,&quot;animation_direction&quot;:null,&quot;parallax_speed&quot;:null,&quot;parallax_transform&quot;:&quot;translateY&quot;,&quot;parallax_transform_value&quot;:&quot;250&quot;,&quot;smoothness&quot;:&quot;700&quot;,&quot;offsettop&quot;:&quot;0&quot;,&quot;offsetbottom&quot;:&quot;0&quot;,&quot;maxtilt&quot;:null,&quot;scale&quot;:null,&quot;disableaxis&quot;:null,&quot;zindex&quot;:0,&quot;_id&quot;:&quot;44a7be1&quot;,&quot;parallax_blur_effect&quot;:{&quot;unit&quot;:&quot;px&quot;,&quot;size&quot;:0,&quot;sizes&quot;:[]},&quot;parallax_blur_effect_tablet&quot;:{&quot;unit&quot;:&quot;px&quot;,&quot;size&quot;:&quot;&quot;,&quot;sizes&quot;:[]},&quot;parallax_blur_effect_mobile&quot;:{&quot;unit&quot;:&quot;px&quot;,&quot;size&quot;:&quot;&quot;,&quot;sizes&quot;:[]}}]}\">\n\t\t\t\t\t\t<div class=\"elementor-container elementor-column-gap-default\">\n\t\t\t\t<div class=\"elementor-row\">\n\t\t\t\t<div class=\"elementor-element elementor-element-ac65cc9 elementor-invisible elementor-column elementor-col-100 elementor-top-column\" data-id=\"ac65cc9\" data-element_type=\"column\" data-settings=\"{&quot;animation&quot;:&quot;fadeInUp&quot;,&quot;animation_delay&quot;:300}\">\n\t\t\t<div class=\"elementor-column-wrap  elementor-element-populated\">\n\t\t\t\t\t<div class=\"elementor-widget-wrap\">\n\t\t\t\t<div class=\"elementor-element elementor-element-65a4666 elementor-widget elementor-widget-heading\" data-id=\"65a4666\" data-element_type=\"widget\" data-widget_type=\"heading.default\">\n\t\t\t\t<div class=\"elementor-widget-container\">\n\t\t\t<h2 class=\"elementor-heading-title elementor-size-default\">Mesotherapie<\/h2>\t\t<\/div>\n\t\t\t\t<\/div>\n\t\t\t\t<div class=\"elementor-element elementor-element-27da09d short_desc elementor-widget elementor-widget-text-editor\" data-id=\"27da09d\" data-element_type=\"widget\" data-widget_type=\"text-editor.default\">\n\t\t\t\t<div class=\"elementor-widget-container\">\n\t\t\t\t\t<div class=\"elementor-text-editor elementor-clearfix\"><p>Das Wort Mesotheraphie wurde aus dem lateinischen Wort \u201cMeso\u201d abgeleitet, was \u201cMitte\u201d bedeutet, und aus dem lateinischen Wort \u201cTherapie\u201d, was auf Englisch \u201cBehandlung\u201d bedeutet. Daher bedeutet das Wort \u201cMesotheraphie\u201d Mesodermbehandlung. Mesotheraphie ist eine der effektivsten Regenerationsbehandlungen auf der Haut. Eine Mischung, die aus Mineralien, Vitaminen und Hyalurons\u00e4ure besteht, wird in das Mesoderm injiziert. Dadurch wird die Feuchtigkeitshaltef\u00e4higkeit der Haut erweitert und es wird kultiviert. Es gibt kaum negative Auswirkungen dieser Behandlung, da die Mischung mit einer geringen Menge an Medikamenten zubereitet wird und direkt in die Unteroberfl\u00e4che der Haut injiziert wird. Die Mesotheraphie im Gesicht (Mesolift) ist eine der nat\u00fcrlichsten und praktischsten Behandlungen, die die Haut regeneriert und die Bildung von Falten und Schlaffheit behindert.<\/p><h3>Wie regeneriert die Mesotheraphie im Gesicht (Mesolift) die Haut?<\/h3><p>Die Mesotheraphie im Gesicht (Mesolift) wird durch Injektion einer Mischung aus Hyalurons\u00e4ure, Antioxidantien, Vitaminen, Mineralien und Aminos\u00e4uren mit Hilfe feiner Nadeln unter die Haut verabreicht. Diese Substanzen l\u00f6sen daher die Produktion von Kollagen und Elastin in der Haut aus; Der Verj\u00fcngungsprozess wird gestartet.<\/p><h3>Unter welchen Umst\u00e4nden wird die Gesichtsmesotheraphie durchgef\u00fchrt?<\/h3><p>Mesotheraphie belebt und regeneriert die Haut. Es wird angewendet, um Hautalterung und Erschlaffung vorzubeugen, die gesch\u00e4digte Haut durch Rauchen und \u00fcberm\u00e4\u00dfige Sonneneinstrahlung zu regenerieren, um die Mattigkeit, Hautunreinheiten, Akne und verwundende Narben und Narben zu beseitigen.<\/p><h3>Wie wird Mesolift verabreicht?<\/h3><p>Die Haut wird zuerst gereinigt und desinfiziert. An\u00e4sthetische Cremes k\u00f6nnen vor 30 Minuten des Umsetzungsprozesses aufgetragen werden. Die Mischung, bestehend aus Hyalurons\u00e4ure, Antioxidantien, Vitaminen, Mineralien und Aminos\u00e4uren, wird mit Hilfe feiner Nadeln unter die Haut gespritzt.<\/p><h3>Wie oft kann Mesolift angewendet werden?<\/h3><p>Mesolift wird alle 1 bis 4 Wochen zu Beginn des Behandlungsprozesses verabreicht. Nach 4 oder 6 Sitzungen kann es alle 3 oder 6 Monate erneut angewendet werden.<\/p><h3>Wann wirkt Mesolift?<\/h3><p>Mesolift wirkt nach der zweiten Sitzung. Die verj\u00fcngenden Wirkungen bleiben nach Beendigung der Behandlung erhalten.<\/p><h3>Kann Mesolift in Verbindung mit den anderen \u00e4sthetischen und Anti-Aging-Implementierungen empfangen werden?<\/h3><p>Erfolgreichere Ergebnisse k\u00f6nnen erzielt werden, wenn Mesolift in Verbindung mit Laser-, Radiofrequenz- oder IPL-Behandlungen erhalten wird. Wenn Mesolift vor oder nach den \u00e4sthetischen F\u00fcllungsimplementierungen erhalten wird, kann dies dazu beitragen, die Schlaffheit der Haut zu verbessern.<\/p><h3>Was sind die essentiellen Substanzen f\u00fcr Mesolift?<\/h3><p>Wesentliche Substanzen, die f\u00fcr Mesolift verwendet werden, k\u00f6nnen aufgef\u00fchrt werden als; Hyalurons\u00e4ure, Kupfer, DMAE (Dimethylaminoethanol), Lidocain Magnesium, Selen, Kiesels\u00e4ure, Vitamin A, Vitamin B1, B2, B3, B5, B6, Vitamin C, Zink, Aminos\u00e4uren, Nukleins\u00e4uren, Alpha-Lipons\u00e4ure und Glutathion.<\/p><h3>Wer kann die Gesichtsmesotheraphie (Mesolift) erhalten?<\/h3><p>Schwangere, Stillende, aktive Hautinfektionen und Allergien gegen Substanzen, die f\u00fcr Mesolift verwendet werden, k\u00f6nnen diese Behandlung nicht erhalten. Wenn die Haut des Patienten \u00fcberm\u00e4\u00dfig durchgesackt ist oder er schwere Narben hat, sollte er \/ sie Mesolift in Verbindung mit den anderen \u00e4sthetischen und Anti-Aging-Anwendungen erhalten.<\/p><h3>Was sind die Nebenwirkungen einer Mesolift-Behandlung?<\/h3><p>Es gibt einige Nebenwirkungen dieser Behandlung. Lila Flecken, die mit Kosmetikprodukten bedeckt werden k\u00f6nnen, k\u00f6nnen am Tag nach der Implementierung auftreten. Infektionen oder allergische Reaktionen k\u00f6nnen selten beobachtet werden.<\/p><\/div>\n\t\t\t\t<\/div>\n\t\t\t\t<\/div>\n\t\t\t\t\t\t<\/div>\n\t\t\t<\/div>\n\t\t<\/div>\n\t\t\t\t\t\t<\/div>\n\t\t\t<\/div>\n\t\t<\/section>\n\t\t\t\t\t\t<\/div>\n\t\t\t<\/div>\n\t\t<\/div>\n\t\t","protected":false},"excerpt":{"rendered":"<p>Mesotherapie Das Wort Mesotheraphie wurde aus dem lateinischen Wort \u201cMeso\u201d abgeleitet, was \u201cMitte\u201d bedeutet, und aus dem lateinischen Wort \u201cTherapie\u201d, was auf Englisch \u201cBehandlung\u201d bedeutet. Daher bedeutet das Wort \u201cMesotheraphie\u201d Mesodermbehandlung. Mesotheraphie ist eine der effektivsten Regenerationsbehandlungen auf der Haut. Eine Mischung, die aus Mineralien, Vitaminen und Hyalurons\u00e4ure besteht, wird in das Mesoderm injiziert. Dadurch [&hellip;]<\/p>\n","protected":false},"author":2,"featured_media":0,"parent":0,"menu_order":0,"comment_status":"closed","ping_status":"closed","template":"template\/template-page.php","meta":{"footnotes":""},"class_list":["post-4540","page","type-page","status-publish","hentry"],"yoast_head":"<!-- This site is optimized with the Yoast SEO plugin v26.6 - https:\/\/yoast.com\/wordpress\/plugins\/seo\/ -->\n<title>Mesotherapie | Nills Aesthetic<\/title>\n<meta name=\"robots\" content=\"index, follow, max-snippet:-1, max-image-preview:large, max-video-preview:-1\" \/>\n<link rel=\"canonical\" href=\"https:\/\/nillsestheticcenter.com\/de\/mesotherapie\/\" \/>\n<meta property=\"og:locale\" content=\"tr_TR\" \/>\n<meta property=\"og:type\" content=\"article\" \/>\n<meta property=\"og:title\" content=\"Mesotherapie | Nills Aesthetic\" \/>\n<meta property=\"og:description\" content=\"Mesotherapie Das Wort Mesotheraphie wurde aus dem lateinischen Wort \u201cMeso\u201d abgeleitet, was \u201cMitte\u201d bedeutet, und aus dem lateinischen Wort \u201cTherapie\u201d, was auf Englisch \u201cBehandlung\u201d bedeutet. Daher bedeutet das Wort \u201cMesotheraphie\u201d Mesodermbehandlung. Mesotheraphie ist eine der effektivsten Regenerationsbehandlungen auf der Haut. Eine Mischung, die aus Mineralien, Vitaminen und Hyalurons\u00e4ure besteht, wird in das Mesoderm injiziert. Dadurch [&hellip;]\" \/>\n<meta property=\"og:url\" content=\"https:\/\/nillsestheticcenter.com\/de\/mesotherapie\/\" \/>\n<meta property=\"og:site_name\" content=\"Nills Aesthetic\" \/>\n<meta property=\"article:modified_time\" content=\"2020-04-25T11:02:52+00:00\" \/>\n<meta name=\"twitter:card\" content=\"summary_large_image\" \/>\n<meta name=\"twitter:label1\" content=\"Tahmini okuma s\u00fcresi\" \/>\n\t<meta name=\"twitter:data1\" content=\"3 dakika\" \/>\n<script type=\"application\/ld+json\" class=\"yoast-schema-graph\">{\"@context\":\"https:\/\/schema.org\",\"@graph\":[{\"@type\":\"WebPage\",\"@id\":\"https:\/\/nillsestheticcenter.com\/de\/mesotherapie\/\",\"url\":\"https:\/\/nillsestheticcenter.com\/de\/mesotherapie\/\",\"name\":\"Mesotherapie | Nills Aesthetic\",\"isPartOf\":{\"@id\":\"https:\/\/nillsestheticcenter.com\/de\/#website\"},\"datePublished\":\"2020-03-13T14:08:53+00:00\",\"dateModified\":\"2020-04-25T11:02:52+00:00\",\"breadcrumb\":{\"@id\":\"https:\/\/nillsestheticcenter.com\/de\/mesotherapie\/#breadcrumb\"},\"inLanguage\":\"tr\",\"potentialAction\":[{\"@type\":\"ReadAction\",\"target\":[\"https:\/\/nillsestheticcenter.com\/de\/mesotherapie\/\"]}]},{\"@type\":\"BreadcrumbList\",\"@id\":\"https:\/\/nillsestheticcenter.com\/de\/mesotherapie\/#breadcrumb\",\"itemListElement\":[{\"@type\":\"ListItem\",\"position\":1,\"name\":\"Home\",\"item\":\"https:\/\/nillsestheticcenter.com\/de\/\"},{\"@type\":\"ListItem\",\"position\":2,\"name\":\"Mesotherapie\"}]},{\"@type\":\"WebSite\",\"@id\":\"https:\/\/nillsestheticcenter.com\/de\/#website\",\"url\":\"https:\/\/nillsestheticcenter.com\/de\/\",\"name\":\"Nills Aesthetic\",\"description\":\"\",\"publisher\":{\"@id\":\"https:\/\/nillsestheticcenter.com\/de\/#organization\"},\"potentialAction\":[{\"@type\":\"SearchAction\",\"target\":{\"@type\":\"EntryPoint\",\"urlTemplate\":\"https:\/\/nillsestheticcenter.com\/de\/?s={search_term_string}\"},\"query-input\":{\"@type\":\"PropertyValueSpecification\",\"valueRequired\":true,\"valueName\":\"search_term_string\"}}],\"inLanguage\":\"tr\"},{\"@type\":\"Organization\",\"@id\":\"https:\/\/nillsestheticcenter.com\/de\/#organization\",\"name\":\"Nills Aesthetic\",\"url\":\"https:\/\/nillsestheticcenter.com\/de\/\",\"logo\":{\"@type\":\"ImageObject\",\"inLanguage\":\"tr\",\"@id\":\"https:\/\/nillsestheticcenter.com\/de\/#\/schema\/logo\/image\/\",\"url\":\"https:\/\/nillsestheticcenter.com\/de\/wp-content\/uploads\/2020\/03\/logo.png\",\"contentUrl\":\"https:\/\/nillsestheticcenter.com\/de\/wp-content\/uploads\/2020\/03\/logo.png\",\"width\":267,\"height\":93,\"caption\":\"Nills Aesthetic\"},\"image\":{\"@id\":\"https:\/\/nillsestheticcenter.com\/de\/#\/schema\/logo\/image\/\"}}]}<\/script>\n<!-- \/ Yoast SEO plugin. -->","yoast_head_json":{"title":"Mesotherapie | Nills Aesthetic","robots":{"index":"index","follow":"follow","max-snippet":"max-snippet:-1","max-image-preview":"max-image-preview:large","max-video-preview":"max-video-preview:-1"},"canonical":"https:\/\/nillsestheticcenter.com\/de\/mesotherapie\/","og_locale":"tr_TR","og_type":"article","og_title":"Mesotherapie | Nills Aesthetic","og_description":"Mesotherapie Das Wort Mesotheraphie wurde aus dem lateinischen Wort \u201cMeso\u201d abgeleitet, was \u201cMitte\u201d bedeutet, und aus dem lateinischen Wort \u201cTherapie\u201d, was auf Englisch \u201cBehandlung\u201d bedeutet. Daher bedeutet das Wort \u201cMesotheraphie\u201d Mesodermbehandlung. Mesotheraphie ist eine der effektivsten Regenerationsbehandlungen auf der Haut. Eine Mischung, die aus Mineralien, Vitaminen und Hyalurons\u00e4ure besteht, wird in das Mesoderm injiziert. Dadurch [&hellip;]","og_url":"https:\/\/nillsestheticcenter.com\/de\/mesotherapie\/","og_site_name":"Nills Aesthetic","article_modified_time":"2020-04-25T11:02:52+00:00","twitter_card":"summary_large_image","twitter_misc":{"Tahmini okuma s\u00fcresi":"3 dakika"},"schema":{"@context":"https:\/\/schema.org","@graph":[{"@type":"WebPage","@id":"https:\/\/nillsestheticcenter.com\/de\/mesotherapie\/","url":"https:\/\/nillsestheticcenter.com\/de\/mesotherapie\/","name":"Mesotherapie | Nills Aesthetic","isPartOf":{"@id":"https:\/\/nillsestheticcenter.com\/de\/#website"},"datePublished":"2020-03-13T14:08:53+00:00","dateModified":"2020-04-25T11:02:52+00:00","breadcrumb":{"@id":"https:\/\/nillsestheticcenter.com\/de\/mesotherapie\/#breadcrumb"},"inLanguage":"tr","potentialAction":[{"@type":"ReadAction","target":["https:\/\/nillsestheticcenter.com\/de\/mesotherapie\/"]}]},{"@type":"BreadcrumbList","@id":"https:\/\/nillsestheticcenter.com\/de\/mesotherapie\/#breadcrumb","itemListElement":[{"@type":"ListItem","position":1,"name":"Home","item":"https:\/\/nillsestheticcenter.com\/de\/"},{"@type":"ListItem","position":2,"name":"Mesotherapie"}]},{"@type":"WebSite","@id":"https:\/\/nillsestheticcenter.com\/de\/#website","url":"https:\/\/nillsestheticcenter.com\/de\/","name":"Nills Aesthetic","description":"","publisher":{"@id":"https:\/\/nillsestheticcenter.com\/de\/#organization"},"potentialAction":[{"@type":"SearchAction","target":{"@type":"EntryPoint","urlTemplate":"https:\/\/nillsestheticcenter.com\/de\/?s={search_term_string}"},"query-input":{"@type":"PropertyValueSpecification","valueRequired":true,"valueName":"search_term_string"}}],"inLanguage":"tr"},{"@type":"Organization","@id":"https:\/\/nillsestheticcenter.com\/de\/#organization","name":"Nills Aesthetic","url":"https:\/\/nillsestheticcenter.com\/de\/","logo":{"@type":"ImageObject","inLanguage":"tr","@id":"https:\/\/nillsestheticcenter.com\/de\/#\/schema\/logo\/image\/","url":"https:\/\/nillsestheticcenter.com\/de\/wp-content\/uploads\/2020\/03\/logo.png","contentUrl":"https:\/\/nillsestheticcenter.com\/de\/wp-content\/uploads\/2020\/03\/logo.png","width":267,"height":93,"caption":"Nills Aesthetic"},"image":{"@id":"https:\/\/nillsestheticcenter.com\/de\/#\/schema\/logo\/image\/"}}]}},"_links":{"self":[{"href":"https:\/\/nillsestheticcenter.com\/de\/wp-json\/wp\/v2\/pages\/4540","targetHints":{"allow":["GET"]}}],"collection":[{"href":"https:\/\/nillsestheticcenter.com\/de\/wp-json\/wp\/v2\/pages"}],"about":[{"href":"https:\/\/nillsestheticcenter.com\/de\/wp-json\/wp\/v2\/types\/page"}],"author":[{"embeddable":true,"href":"https:\/\/nillsestheticcenter.com\/de\/wp-json\/wp\/v2\/users\/2"}],"replies":[{"embeddable":true,"href":"https:\/\/nillsestheticcenter.com\/de\/wp-json\/wp\/v2\/comments?post=4540"}],"version-history":[{"count":8,"href":"https:\/\/nillsestheticcenter.com\/de\/wp-json\/wp\/v2\/pages\/4540\/revisions"}],"predecessor-version":[{"id":5191,"href":"https:\/\/nillsestheticcenter.com\/de\/wp-json\/wp\/v2\/pages\/4540\/revisions\/5191"}],"wp:attachment":[{"href":"https:\/\/nillsestheticcenter.com\/de\/wp-json\/wp\/v2\/media?parent=4540"}],"curies":[{"name":"wp","href":"https:\/\/api.w.org\/{rel}","templated":true}]}}