{"id":4862,"date":"2020-04-03T14:06:25","date_gmt":"2020-04-03T11:06:25","guid":{"rendered":"https:\/\/nillsestheticcenter.com\/de\/?page_id=4862"},"modified":"2020-04-27T11:34:09","modified_gmt":"2020-04-27T08:34:09","slug":"ivf","status":"publish","type":"page","link":"https:\/\/nillsestheticcenter.com\/de\/ivf\/","title":{"rendered":"IVF"},"content":{"rendered":"\t\t<div data-elementor-type=\"wp-post\" data-elementor-id=\"4862\" class=\"elementor elementor-4862\" data-elementor-settings=\"[]\">\n\t\t\t<div class=\"elementor-inner\">\n\t\t\t\t<div class=\"elementor-section-wrap\">\n\t\t\t\t\t\t\t<section class=\"elementor-element elementor-element-d5b672e elementor-section-content-top ov-h elementor-section-boxed elementor-section-height-default elementor-section-height-default elementor-section elementor-top-section\" data-id=\"d5b672e\" data-element_type=\"section\" data-settings=\"{&quot;ekit_section_parallax_multi&quot;:&quot;yes&quot;,&quot;ekit_section_parallax_multi_items&quot;:[{&quot;parallax_style&quot;:&quot;onscroll&quot;,&quot;item_source&quot;:&quot;image&quot;,&quot;image&quot;:{&quot;url&quot;:&quot;https:\\\/\\\/nillsestheticcenter.com\\\/de\\\/wp-content\\\/uploads\\\/2019\\\/09\\\/about-info-bg-left.png&quot;,&quot;id&quot;:1722},&quot;shape&quot;:null,&quot;shape_color&quot;:null,&quot;width_type&quot;:&quot;&quot;,&quot;width_type_tablet&quot;:&quot;&quot;,&quot;width_type_mobile&quot;:&quot;&quot;,&quot;custom_width&quot;:null,&quot;custom_width_tablet&quot;:null,&quot;custom_width_mobile&quot;:null,&quot;source_rotate&quot;:{&quot;unit&quot;:&quot;deg&quot;,&quot;size&quot;:0,&quot;sizes&quot;:[]},&quot;source_rotate_tablet&quot;:{&quot;unit&quot;:&quot;px&quot;,&quot;size&quot;:&quot;&quot;,&quot;sizes&quot;:[]},&quot;source_rotate_mobile&quot;:{&quot;unit&quot;:&quot;px&quot;,&quot;size&quot;:&quot;&quot;,&quot;sizes&quot;:[]},&quot;pos_x&quot;:{&quot;unit&quot;:&quot;%&quot;,&quot;size&quot;:0,&quot;sizes&quot;:[]},&quot;pos_x_tablet&quot;:{&quot;unit&quot;:&quot;px&quot;,&quot;size&quot;:&quot;&quot;,&quot;sizes&quot;:[]},&quot;pos_x_mobile&quot;:{&quot;unit&quot;:&quot;px&quot;,&quot;size&quot;:&quot;&quot;,&quot;sizes&quot;:[]},&quot;pos_y&quot;:{&quot;unit&quot;:&quot;%&quot;,&quot;size&quot;:0,&quot;sizes&quot;:[]},&quot;pos_y_tablet&quot;:{&quot;unit&quot;:&quot;px&quot;,&quot;size&quot;:&quot;&quot;,&quot;sizes&quot;:[]},&quot;pos_y_mobile&quot;:{&quot;unit&quot;:&quot;px&quot;,&quot;size&quot;:&quot;&quot;,&quot;sizes&quot;:[]},&quot;animation&quot;:null,&quot;animation_tablet&quot;:null,&quot;animation_mobile&quot;:null,&quot;item_opacity&quot;:&quot;1&quot;,&quot;animation_speed&quot;:null,&quot;animation_iteration_count&quot;:null,&quot;animation_direction&quot;:null,&quot;parallax_speed&quot;:null,&quot;parallax_transform&quot;:&quot;translateY&quot;,&quot;parallax_transform_value&quot;:&quot;250&quot;,&quot;smoothness&quot;:&quot;700&quot;,&quot;offsettop&quot;:&quot;0&quot;,&quot;offsetbottom&quot;:&quot;0&quot;,&quot;maxtilt&quot;:null,&quot;scale&quot;:null,&quot;disableaxis&quot;:null,&quot;zindex&quot;:0,&quot;_id&quot;:&quot;3eee3c3&quot;,&quot;parallax_blur_effect&quot;:{&quot;unit&quot;:&quot;px&quot;,&quot;size&quot;:0,&quot;sizes&quot;:[]},&quot;parallax_blur_effect_tablet&quot;:{&quot;unit&quot;:&quot;px&quot;,&quot;size&quot;:&quot;&quot;,&quot;sizes&quot;:[]},&quot;parallax_blur_effect_mobile&quot;:{&quot;unit&quot;:&quot;px&quot;,&quot;size&quot;:&quot;&quot;,&quot;sizes&quot;:[]}},{&quot;parallax_style&quot;:&quot;onscroll&quot;,&quot;item_source&quot;:&quot;image&quot;,&quot;image&quot;:{&quot;url&quot;:&quot;https:\\\/\\\/nillsestheticcenter.com\\\/de\\\/wp-content\\\/uploads\\\/2019\\\/09\\\/about-info-bg-right.png&quot;,&quot;id&quot;:1721},&quot;shape&quot;:null,&quot;shape_color&quot;:null,&quot;width_type&quot;:&quot;&quot;,&quot;width_type_tablet&quot;:&quot;&quot;,&quot;width_type_mobile&quot;:&quot;&quot;,&quot;custom_width&quot;:null,&quot;custom_width_tablet&quot;:null,&quot;custom_width_mobile&quot;:null,&quot;source_rotate&quot;:{&quot;unit&quot;:&quot;deg&quot;,&quot;size&quot;:0,&quot;sizes&quot;:[]},&quot;source_rotate_tablet&quot;:{&quot;unit&quot;:&quot;px&quot;,&quot;size&quot;:&quot;&quot;,&quot;sizes&quot;:[]},&quot;source_rotate_mobile&quot;:{&quot;unit&quot;:&quot;px&quot;,&quot;size&quot;:&quot;&quot;,&quot;sizes&quot;:[]},&quot;pos_x&quot;:{&quot;unit&quot;:&quot;%&quot;,&quot;size&quot;:90,&quot;sizes&quot;:[]},&quot;pos_x_tablet&quot;:{&quot;unit&quot;:&quot;px&quot;,&quot;size&quot;:&quot;&quot;,&quot;sizes&quot;:[]},&quot;pos_x_mobile&quot;:{&quot;unit&quot;:&quot;px&quot;,&quot;size&quot;:&quot;&quot;,&quot;sizes&quot;:[]},&quot;pos_y&quot;:{&quot;unit&quot;:&quot;px&quot;,&quot;size&quot;:-120,&quot;sizes&quot;:[]},&quot;pos_y_tablet&quot;:{&quot;unit&quot;:&quot;px&quot;,&quot;size&quot;:&quot;&quot;,&quot;sizes&quot;:[]},&quot;pos_y_mobile&quot;:{&quot;unit&quot;:&quot;px&quot;,&quot;size&quot;:&quot;&quot;,&quot;sizes&quot;:[]},&quot;animation&quot;:null,&quot;animation_tablet&quot;:null,&quot;animation_mobile&quot;:null,&quot;item_opacity&quot;:&quot;1&quot;,&quot;animation_speed&quot;:null,&quot;animation_iteration_count&quot;:null,&quot;animation_direction&quot;:null,&quot;parallax_speed&quot;:null,&quot;parallax_transform&quot;:&quot;translateY&quot;,&quot;parallax_transform_value&quot;:&quot;250&quot;,&quot;smoothness&quot;:&quot;700&quot;,&quot;offsettop&quot;:&quot;0&quot;,&quot;offsetbottom&quot;:&quot;0&quot;,&quot;maxtilt&quot;:null,&quot;scale&quot;:null,&quot;disableaxis&quot;:null,&quot;zindex&quot;:0,&quot;_id&quot;:&quot;44a7be1&quot;,&quot;parallax_blur_effect&quot;:{&quot;unit&quot;:&quot;px&quot;,&quot;size&quot;:0,&quot;sizes&quot;:[]},&quot;parallax_blur_effect_tablet&quot;:{&quot;unit&quot;:&quot;px&quot;,&quot;size&quot;:&quot;&quot;,&quot;sizes&quot;:[]},&quot;parallax_blur_effect_mobile&quot;:{&quot;unit&quot;:&quot;px&quot;,&quot;size&quot;:&quot;&quot;,&quot;sizes&quot;:[]}}],&quot;background_background&quot;:&quot;classic&quot;}\">\n\t\t\t\t\t\t<div class=\"elementor-container elementor-column-gap-default\">\n\t\t\t\t<div class=\"elementor-row\">\n\t\t\t\t<div class=\"elementor-element elementor-element-ac65cc9 elementor-invisible elementor-column elementor-col-100 elementor-top-column\" data-id=\"ac65cc9\" data-element_type=\"column\" data-settings=\"{&quot;animation&quot;:&quot;fadeInUp&quot;,&quot;animation_delay&quot;:300}\">\n\t\t\t<div class=\"elementor-column-wrap  elementor-element-populated\">\n\t\t\t\t\t<div class=\"elementor-widget-wrap\">\n\t\t\t\t<div class=\"elementor-element elementor-element-65a4666 elementor-widget elementor-widget-heading\" data-id=\"65a4666\" data-element_type=\"widget\" data-widget_type=\"heading.default\">\n\t\t\t\t<div class=\"elementor-widget-container\">\n\t\t\t<h2 class=\"elementor-heading-title elementor-size-default\">IVF\n<\/h2>\t\t<\/div>\n\t\t\t\t<\/div>\n\t\t\t\t<div class=\"elementor-element elementor-element-27da09d short_desc elementor-widget elementor-widget-text-editor\" data-id=\"27da09d\" data-element_type=\"widget\" data-widget_type=\"text-editor.default\">\n\t\t\t\t<div class=\"elementor-widget-container\">\n\t\t\t\t\t<div class=\"elementor-text-editor elementor-clearfix\"><p>Ziehen Sie eine IVF in der T\u00fcrkei in Betracht? Die T\u00fcrkei wird als Ziel f\u00fcr IVF-Behandlungen im Ausland immer beliebter. Es gibt \u00fcber 140 IVF-Kliniken und was die T\u00fcrkei f\u00fcr die Fruchtbarkeitsbehandlung attraktiv macht, sind die niedrigen Kosten und die exotische Landschaft.<\/p><p>Im Gegensatz zu den anderen L\u00e4ndern, die auf dieser Website f\u00fcr IVF im Ausland diskutiert werden, erlauben die Gesetze in der T\u00fcrkei keine Spende von Eiern, Spermien oder Embryonen. Daher ist nur eine IVF-Behandlung mit eigenen Eiern und Spermien zul\u00e4ssig. Dies mag zwar restriktiv erscheinen, die Kosten f\u00fcr die IVF-Behandlung k\u00f6nnen jedoch halb so hoch sein wie in Gro\u00dfbritannien, und dies macht die T\u00fcrkei zu einem zu ber\u00fccksichtigenden Ziel.<\/p><p>Die T\u00fcrkei geh\u00f6rt nicht zur Europ\u00e4ischen Union, daher fallen Fruchtbarkeitskliniken in der T\u00fcrkei nicht unter die EU-Richtlinie \u00fcber Gewebe und Zellen. Fruchtbarkeitskliniken in der T\u00fcrkei halten sich jedoch an die staatlichen Gesetze zur IVF-Behandlung (diese Seite kann \u00fcbersetzt werden). Die meisten britischen Besucher ben\u00f6tigen ein Visum f\u00fcr die Einreise in die T\u00fcrkei. Es ist recht einfach zu bekommen, kostet etwa 20 \u00a3 und ist 3 Monate g\u00fcltig. \u00c4hnliche Visabestimmungen gelten f\u00fcr andere L\u00e4nder, z. USA Besucher.<\/p><h2>IVF GESETZE IN DER TURKEY<\/h2><p>Im Vergleich zu einigen L\u00e4ndern in Europa ist das Gesetz in der T\u00fcrkei ziemlich streng dar\u00fcber, wer behandelt werden darf und welche Behandlungen erlaubt sind. Behandlungen mit Eiern, Spermien und Embryonen sowie Leihmutterschaft sind in der T\u00fcrkei strengstens verboten. Es ist illegal, alleinstehende Frauen und lesbische Paare zu behandeln.<\/p><p>Was erlaubt ist, ist eine IVF-Behandlung mit Eiern und Sperma eines Ehepaares. Dar\u00fcber hinaus ist eine Behandlung mit PID und PID zul\u00e4ssig. Das Einfrieren von Eiern ist unter folgenden Bedingungen zul\u00e4ssig: a) Krebspatienten; b) verminderte Eierstockreserve oder eine Familiengeschichte mit vorzeitigem Eierstockversagen.<\/p><p>Das Gesetz besagt:<\/p><ul><li>Eier-, Sperma- und Embryonenspenden sind nicht gestattet<\/li><li>Leihmutterschaft ist nicht erlaubt<\/li><li>Paare m\u00fcssen verheiratet sein<\/li><li>Alleinstehende Frauen und lesbische Paare d\u00fcrfen gesetzlich nicht behandelt werden<\/li><li>PID und PID sind erlaubt, aber die Auswahl des Geschlechts aus nicht-medizinischen Gr\u00fcnden ist nicht erlaubt<\/li><li>Es gibt keine gesetzliche Altersgrenze f\u00fcr die Behandlung, aber wenn man bedenkt, dass nur die Eier einer Frau zur Behandlung verwendet werden k\u00f6nnen, werden viele Kliniken Frauen \u00fcber 46 Jahre nicht behandeln<\/li><li>Embryonen k\u00f6nnen 10 Jahre gelagert werden, aber Paare sollten die Klinik j\u00e4hrlich \u00fcber ihre Absichten bez\u00fcglich der Lagerung informieren<\/li><li>Es gibt Gesetze dar\u00fcber, wie viele Embryonen \u00fcbertragen werden d\u00fcrfen:<\/li><\/ul><p>&#8211; Frauen unter 35 Jahren d\u00fcrfen einen Embryo f\u00fcr den ersten und zweiten Zyklus \u00fcbertragen. Mit dem 3. Zyklus sind zwei Embryonen erlaubt.<\/p><p>&#8211; Zwei Embryonen f\u00fcr Frauen \u00fcber 35 Jahre.<\/p><h2>SICHERHEIT UND QUALIT\u00c4T F\u00dcR DIE IVF-BEHANDLUNG IN DER T\u00dcRKEI<\/h2><p>IVF-Kliniken in der T\u00fcrkei werden alle sechs Monate vom Gesundheitsministerium \u00fcberpr\u00fcft. Die Inspektionen erfolgen in Form einer Checkliste. Sie \u00fcberpr\u00fcfen die Ausr\u00fcstung, das Personal, die physische Umgebung und die Aufzeichnungen. Das Gesundheitsministerium wird sie lizenzieren, wenn dies als praktikabel erachtet wird.<\/p><p>IVF-Erfolgsraten werden dem Gesundheitsministerium vorgelegt, die \u00d6ffentlichkeit hat jedoch keinen Zugang zu diesen Daten.<\/p><\/div>\n\t\t\t\t<\/div>\n\t\t\t\t<\/div>\n\t\t\t\t\t\t<\/div>\n\t\t\t<\/div>\n\t\t<\/div>\n\t\t\t\t\t\t<\/div>\n\t\t\t<\/div>\n\t\t<\/section>\n\t\t\t\t\t\t<\/div>\n\t\t\t<\/div>\n\t\t<\/div>\n\t\t","protected":false},"excerpt":{"rendered":"<p>IVF Ziehen Sie eine IVF in der T\u00fcrkei in Betracht? Die T\u00fcrkei wird als Ziel f\u00fcr IVF-Behandlungen im Ausland immer beliebter. Es gibt \u00fcber 140 IVF-Kliniken und was die T\u00fcrkei f\u00fcr die Fruchtbarkeitsbehandlung attraktiv macht, sind die niedrigen Kosten und die exotische Landschaft. Im Gegensatz zu den anderen L\u00e4ndern, die auf dieser Website f\u00fcr IVF [&hellip;]<\/p>\n","protected":false},"author":2,"featured_media":0,"parent":0,"menu_order":0,"comment_status":"closed","ping_status":"closed","template":"template\/template-page.php","meta":{"footnotes":""},"class_list":["post-4862","page","type-page","status-publish","hentry"],"yoast_head":"<!-- This site is optimized with the Yoast SEO plugin v26.6 - https:\/\/yoast.com\/wordpress\/plugins\/seo\/ -->\n<title>IVF | Nills Aesthetic<\/title>\n<meta name=\"robots\" content=\"index, follow, max-snippet:-1, max-image-preview:large, max-video-preview:-1\" \/>\n<link rel=\"canonical\" href=\"https:\/\/nillsestheticcenter.com\/de\/ivf\/\" \/>\n<meta property=\"og:locale\" content=\"tr_TR\" \/>\n<meta property=\"og:type\" content=\"article\" \/>\n<meta property=\"og:title\" content=\"IVF | Nills Aesthetic\" \/>\n<meta property=\"og:description\" content=\"IVF Ziehen Sie eine IVF in der T\u00fcrkei in Betracht? Die T\u00fcrkei wird als Ziel f\u00fcr IVF-Behandlungen im Ausland immer beliebter. Es gibt \u00fcber 140 IVF-Kliniken und was die T\u00fcrkei f\u00fcr die Fruchtbarkeitsbehandlung attraktiv macht, sind die niedrigen Kosten und die exotische Landschaft. Im Gegensatz zu den anderen L\u00e4ndern, die auf dieser Website f\u00fcr IVF [&hellip;]\" \/>\n<meta property=\"og:url\" content=\"https:\/\/nillsestheticcenter.com\/de\/ivf\/\" \/>\n<meta property=\"og:site_name\" content=\"Nills Aesthetic\" \/>\n<meta property=\"article:modified_time\" content=\"2020-04-27T08:34:09+00:00\" \/>\n<meta name=\"twitter:card\" content=\"summary_large_image\" \/>\n<meta name=\"twitter:label1\" content=\"Tahmini okuma s\u00fcresi\" \/>\n\t<meta name=\"twitter:data1\" content=\"3 dakika\" \/>\n<script type=\"application\/ld+json\" class=\"yoast-schema-graph\">{\"@context\":\"https:\/\/schema.org\",\"@graph\":[{\"@type\":\"WebPage\",\"@id\":\"https:\/\/nillsestheticcenter.com\/de\/ivf\/\",\"url\":\"https:\/\/nillsestheticcenter.com\/de\/ivf\/\",\"name\":\"IVF | Nills Aesthetic\",\"isPartOf\":{\"@id\":\"https:\/\/nillsestheticcenter.com\/de\/#website\"},\"datePublished\":\"2020-04-03T11:06:25+00:00\",\"dateModified\":\"2020-04-27T08:34:09+00:00\",\"breadcrumb\":{\"@id\":\"https:\/\/nillsestheticcenter.com\/de\/ivf\/#breadcrumb\"},\"inLanguage\":\"tr\",\"potentialAction\":[{\"@type\":\"ReadAction\",\"target\":[\"https:\/\/nillsestheticcenter.com\/de\/ivf\/\"]}]},{\"@type\":\"BreadcrumbList\",\"@id\":\"https:\/\/nillsestheticcenter.com\/de\/ivf\/#breadcrumb\",\"itemListElement\":[{\"@type\":\"ListItem\",\"position\":1,\"name\":\"Home\",\"item\":\"https:\/\/nillsestheticcenter.com\/de\/\"},{\"@type\":\"ListItem\",\"position\":2,\"name\":\"IVF\"}]},{\"@type\":\"WebSite\",\"@id\":\"https:\/\/nillsestheticcenter.com\/de\/#website\",\"url\":\"https:\/\/nillsestheticcenter.com\/de\/\",\"name\":\"Nills Aesthetic\",\"description\":\"\",\"publisher\":{\"@id\":\"https:\/\/nillsestheticcenter.com\/de\/#organization\"},\"potentialAction\":[{\"@type\":\"SearchAction\",\"target\":{\"@type\":\"EntryPoint\",\"urlTemplate\":\"https:\/\/nillsestheticcenter.com\/de\/?s={search_term_string}\"},\"query-input\":{\"@type\":\"PropertyValueSpecification\",\"valueRequired\":true,\"valueName\":\"search_term_string\"}}],\"inLanguage\":\"tr\"},{\"@type\":\"Organization\",\"@id\":\"https:\/\/nillsestheticcenter.com\/de\/#organization\",\"name\":\"Nills Aesthetic\",\"url\":\"https:\/\/nillsestheticcenter.com\/de\/\",\"logo\":{\"@type\":\"ImageObject\",\"inLanguage\":\"tr\",\"@id\":\"https:\/\/nillsestheticcenter.com\/de\/#\/schema\/logo\/image\/\",\"url\":\"https:\/\/nillsestheticcenter.com\/de\/wp-content\/uploads\/2020\/03\/logo.png\",\"contentUrl\":\"https:\/\/nillsestheticcenter.com\/de\/wp-content\/uploads\/2020\/03\/logo.png\",\"width\":267,\"height\":93,\"caption\":\"Nills Aesthetic\"},\"image\":{\"@id\":\"https:\/\/nillsestheticcenter.com\/de\/#\/schema\/logo\/image\/\"}}]}<\/script>\n<!-- \/ Yoast SEO plugin. -->","yoast_head_json":{"title":"IVF | Nills Aesthetic","robots":{"index":"index","follow":"follow","max-snippet":"max-snippet:-1","max-image-preview":"max-image-preview:large","max-video-preview":"max-video-preview:-1"},"canonical":"https:\/\/nillsestheticcenter.com\/de\/ivf\/","og_locale":"tr_TR","og_type":"article","og_title":"IVF | Nills Aesthetic","og_description":"IVF Ziehen Sie eine IVF in der T\u00fcrkei in Betracht? Die T\u00fcrkei wird als Ziel f\u00fcr IVF-Behandlungen im Ausland immer beliebter. Es gibt \u00fcber 140 IVF-Kliniken und was die T\u00fcrkei f\u00fcr die Fruchtbarkeitsbehandlung attraktiv macht, sind die niedrigen Kosten und die exotische Landschaft. Im Gegensatz zu den anderen L\u00e4ndern, die auf dieser Website f\u00fcr IVF [&hellip;]","og_url":"https:\/\/nillsestheticcenter.com\/de\/ivf\/","og_site_name":"Nills Aesthetic","article_modified_time":"2020-04-27T08:34:09+00:00","twitter_card":"summary_large_image","twitter_misc":{"Tahmini okuma s\u00fcresi":"3 dakika"},"schema":{"@context":"https:\/\/schema.org","@graph":[{"@type":"WebPage","@id":"https:\/\/nillsestheticcenter.com\/de\/ivf\/","url":"https:\/\/nillsestheticcenter.com\/de\/ivf\/","name":"IVF | Nills Aesthetic","isPartOf":{"@id":"https:\/\/nillsestheticcenter.com\/de\/#website"},"datePublished":"2020-04-03T11:06:25+00:00","dateModified":"2020-04-27T08:34:09+00:00","breadcrumb":{"@id":"https:\/\/nillsestheticcenter.com\/de\/ivf\/#breadcrumb"},"inLanguage":"tr","potentialAction":[{"@type":"ReadAction","target":["https:\/\/nillsestheticcenter.com\/de\/ivf\/"]}]},{"@type":"BreadcrumbList","@id":"https:\/\/nillsestheticcenter.com\/de\/ivf\/#breadcrumb","itemListElement":[{"@type":"ListItem","position":1,"name":"Home","item":"https:\/\/nillsestheticcenter.com\/de\/"},{"@type":"ListItem","position":2,"name":"IVF"}]},{"@type":"WebSite","@id":"https:\/\/nillsestheticcenter.com\/de\/#website","url":"https:\/\/nillsestheticcenter.com\/de\/","name":"Nills Aesthetic","description":"","publisher":{"@id":"https:\/\/nillsestheticcenter.com\/de\/#organization"},"potentialAction":[{"@type":"SearchAction","target":{"@type":"EntryPoint","urlTemplate":"https:\/\/nillsestheticcenter.com\/de\/?s={search_term_string}"},"query-input":{"@type":"PropertyValueSpecification","valueRequired":true,"valueName":"search_term_string"}}],"inLanguage":"tr"},{"@type":"Organization","@id":"https:\/\/nillsestheticcenter.com\/de\/#organization","name":"Nills Aesthetic","url":"https:\/\/nillsestheticcenter.com\/de\/","logo":{"@type":"ImageObject","inLanguage":"tr","@id":"https:\/\/nillsestheticcenter.com\/de\/#\/schema\/logo\/image\/","url":"https:\/\/nillsestheticcenter.com\/de\/wp-content\/uploads\/2020\/03\/logo.png","contentUrl":"https:\/\/nillsestheticcenter.com\/de\/wp-content\/uploads\/2020\/03\/logo.png","width":267,"height":93,"caption":"Nills Aesthetic"},"image":{"@id":"https:\/\/nillsestheticcenter.com\/de\/#\/schema\/logo\/image\/"}}]}},"_links":{"self":[{"href":"https:\/\/nillsestheticcenter.com\/de\/wp-json\/wp\/v2\/pages\/4862","targetHints":{"allow":["GET"]}}],"collection":[{"href":"https:\/\/nillsestheticcenter.com\/de\/wp-json\/wp\/v2\/pages"}],"about":[{"href":"https:\/\/nillsestheticcenter.com\/de\/wp-json\/wp\/v2\/types\/page"}],"author":[{"embeddable":true,"href":"https:\/\/nillsestheticcenter.com\/de\/wp-json\/wp\/v2\/users\/2"}],"replies":[{"embeddable":true,"href":"https:\/\/nillsestheticcenter.com\/de\/wp-json\/wp\/v2\/comments?post=4862"}],"version-history":[{"count":5,"href":"https:\/\/nillsestheticcenter.com\/de\/wp-json\/wp\/v2\/pages\/4862\/revisions"}],"predecessor-version":[{"id":5253,"href":"https:\/\/nillsestheticcenter.com\/de\/wp-json\/wp\/v2\/pages\/4862\/revisions\/5253"}],"wp:attachment":[{"href":"https:\/\/nillsestheticcenter.com\/de\/wp-json\/wp\/v2\/media?parent=4862"}],"curies":[{"name":"wp","href":"https:\/\/api.w.org\/{rel}","templated":true}]}}