{"id":2306,"date":"2019-09-13T10:08:26","date_gmt":"2019-09-13T10:08:26","guid":{"rendered":"http:\/\/nillsestheticcenter.com\/en\/?page_id=2306"},"modified":"2023-02-14T14:32:28","modified_gmt":"2023-02-14T11:32:28","slug":"doctors","status":"publish","type":"page","link":"https:\/\/nillsestheticcenter.com\/en\/doctors\/","title":{"rendered":"Doctor&#8217;s"},"content":{"rendered":"\t\t<div data-elementor-type=\"wp-page\" data-elementor-id=\"2306\" class=\"elementor elementor-2306\" data-elementor-settings=\"[]\">\n\t\t\t<div class=\"elementor-inner\">\n\t\t\t\t<div class=\"elementor-section-wrap\">\n\t\t\t\t\t\t\t<section class=\"elementor-element elementor-element-4663594 elementor-section-boxed elementor-section-height-default elementor-section-height-default elementor-section elementor-top-section\" data-id=\"4663594\" data-element_type=\"section\">\n\t\t\t\t\t\t<div class=\"elementor-container elementor-column-gap-default\">\n\t\t\t\t<div class=\"elementor-row\">\n\t\t\t\t<div class=\"elementor-element elementor-element-f7964ac elementor-column elementor-col-100 elementor-top-column\" data-id=\"f7964ac\" data-element_type=\"column\">\n\t\t\t<div class=\"elementor-column-wrap  elementor-element-populated\">\n\t\t\t\t\t<div class=\"elementor-widget-wrap\">\n\t\t\t\t<div class=\"elementor-element elementor-element-64a510a elementor-widget elementor-widget-medizco-doctors\" data-id=\"64a510a\" data-element_type=\"widget\" data-widget_type=\"medizco-doctors.default\">\n\t\t\t\t<div class=\"elementor-widget-container\">\n\t\t\t\n        <div class=\"medizco_doctors medizco_doctors_filter\" data-rtl=\"\">\n                <ul class=\"filter_nav d-flex flex-wrap justify-content-center\">\n                    <li class=\"filter active\" data-filter=\".plastik-rekonstruktif-ve-estetik-cerrahi\">Plastic Reconstructive and Aesthetic Surgery<\/li>\n                <\/ul>\n<div class=\"filter_items row\"><div class=\"filter_item mix col-lg-3 col-md-6 col-sm-12\">\n<div class=\"doctor_box\">\n    <div class=\"doctor_box_img\">\n        <img loading=\"lazy\" decoding=\"async\" width=\"500\" height=\"416\" src=\"https:\/\/nillsestheticcenter.com\/en\/wp-content\/uploads\/2025\/12\/mohammadreza-ebadi_tablet.jpg\" class=\"attachment-medium_large size-medium_large wp-post-image\" alt=\"\" srcset=\"https:\/\/nillsestheticcenter.com\/en\/wp-content\/uploads\/2025\/12\/mohammadreza-ebadi_tablet.jpg 500w, https:\/\/nillsestheticcenter.com\/en\/wp-content\/uploads\/2025\/12\/mohammadreza-ebadi_tablet-300x250.jpg 300w\" sizes=\"auto, (max-width: 500px) 100vw, 500px\" \/>        \n        <ul class=\"doctor_box_social d-flex flex-column justify-content-end\">\n                    <\/ul>\n    <\/div>\n\n        <div class=\"doctor_box_icon\">\n        <i class=\"fa fa-heartbeat\"><\/i>\n    <\/div>\n    \n    <div class=\"doctor_box_content\">\n        <h3 class=\"doctor_box_title\">Opr. Dr. Mohammadreza EBADI<\/h3>\n\n            <\/div>\n\n    <a href=\"https:\/\/nillsestheticcenter.com\/en\/doctor\/opr-dr-mohammadreza-ebadi\/\" class=\"doctor_box_link\"><\/a>\n<\/div>\n<\/div><div class=\"filter_item mix col-lg-3 col-md-6 col-sm-12\">\n<div class=\"doctor_box\">\n    <div class=\"doctor_box_img\">\n        <img loading=\"lazy\" decoding=\"async\" width=\"500\" height=\"420\" src=\"https:\/\/nillsestheticcenter.com\/en\/wp-content\/uploads\/2025\/12\/dr-sinan-ulusoy_tablet.jpg\" class=\"attachment-medium_large size-medium_large wp-post-image\" alt=\"\" srcset=\"https:\/\/nillsestheticcenter.com\/en\/wp-content\/uploads\/2025\/12\/dr-sinan-ulusoy_tablet.jpg 500w, https:\/\/nillsestheticcenter.com\/en\/wp-content\/uploads\/2025\/12\/dr-sinan-ulusoy_tablet-300x252.jpg 300w\" sizes=\"auto, (max-width: 500px) 100vw, 500px\" \/>        \n        <ul class=\"doctor_box_social d-flex flex-column justify-content-end\">\n                    <\/ul>\n    <\/div>\n\n        <div class=\"doctor_box_icon\">\n        <i class=\"fa fa-heartbeat\"><\/i>\n    <\/div>\n    \n    <div class=\"doctor_box_content\">\n        <h3 class=\"doctor_box_title\">Op. Dr. Sinan ULUSOY<\/h3>\n\n            <\/div>\n\n    <a href=\"https:\/\/nillsestheticcenter.com\/en\/doctor\/op-dr-sinan-ulusoy\/\" class=\"doctor_box_link\"><\/a>\n<\/div>\n<\/div><div class=\"filter_item mix col-lg-3 col-md-6 col-sm-12\">\n<div class=\"doctor_box\">\n    <div class=\"doctor_box_img\">\n        <img loading=\"lazy\" decoding=\"async\" width=\"500\" height=\"419\" src=\"https:\/\/nillsestheticcenter.com\/en\/wp-content\/uploads\/2025\/12\/dt-muhammed-almas_tablet.jpg\" class=\"attachment-medium_large size-medium_large wp-post-image\" alt=\"\" srcset=\"https:\/\/nillsestheticcenter.com\/en\/wp-content\/uploads\/2025\/12\/dt-muhammed-almas_tablet.jpg 500w, https:\/\/nillsestheticcenter.com\/en\/wp-content\/uploads\/2025\/12\/dt-muhammed-almas_tablet-300x251.jpg 300w\" sizes=\"auto, (max-width: 500px) 100vw, 500px\" \/>        \n        <ul class=\"doctor_box_social d-flex flex-column justify-content-end\">\n                    <\/ul>\n    <\/div>\n\n        <div class=\"doctor_box_icon\">\n        <i class=\"fa fa-heartbeat\"><\/i>\n    <\/div>\n    \n    <div class=\"doctor_box_content\">\n        <h3 class=\"doctor_box_title\">Dt. Muhammed ALMAS<\/h3>\n\n            <\/div>\n\n    <a href=\"https:\/\/nillsestheticcenter.com\/en\/doctor\/dt-muhammed-almas\/\" class=\"doctor_box_link\"><\/a>\n<\/div>\n<\/div><div class=\"filter_item mix col-lg-3 col-md-6 col-sm-12\">\n<div class=\"doctor_box\">\n    <div class=\"doctor_box_img\">\n        <img loading=\"lazy\" decoding=\"async\" width=\"500\" height=\"422\" src=\"https:\/\/nillsestheticcenter.com\/en\/wp-content\/uploads\/2025\/12\/ali-can-aydin_tablet.jpg\" class=\"attachment-medium_large size-medium_large wp-post-image\" alt=\"\" srcset=\"https:\/\/nillsestheticcenter.com\/en\/wp-content\/uploads\/2025\/12\/ali-can-aydin_tablet.jpg 500w, https:\/\/nillsestheticcenter.com\/en\/wp-content\/uploads\/2025\/12\/ali-can-aydin_tablet-300x253.jpg 300w\" sizes=\"auto, (max-width: 500px) 100vw, 500px\" \/>        \n        <ul class=\"doctor_box_social d-flex flex-column justify-content-end\">\n                    <\/ul>\n    <\/div>\n\n        <div class=\"doctor_box_icon\">\n        <i class=\"fa fa-heartbeat\"><\/i>\n    <\/div>\n    \n    <div class=\"doctor_box_content\">\n        <h3 class=\"doctor_box_title\">Op. Dr. Ali Can Ayd\u0131n<\/h3>\n\n            <\/div>\n\n    <a href=\"https:\/\/nillsestheticcenter.com\/en\/doctor\/op-dr-ali-can-aydin\/\" class=\"doctor_box_link\"><\/a>\n<\/div>\n<\/div><div class=\"filter_item mix col-lg-3 col-md-6 col-sm-12\">\n<div class=\"doctor_box\">\n    <div class=\"doctor_box_img\">\n        <img loading=\"lazy\" decoding=\"async\" width=\"500\" height=\"424\" src=\"https:\/\/nillsestheticcenter.com\/en\/wp-content\/uploads\/2025\/12\/inciekinci_tablet.jpg\" class=\"attachment-medium_large size-medium_large wp-post-image\" alt=\"\" srcset=\"https:\/\/nillsestheticcenter.com\/en\/wp-content\/uploads\/2025\/12\/inciekinci_tablet.jpg 500w, https:\/\/nillsestheticcenter.com\/en\/wp-content\/uploads\/2025\/12\/inciekinci_tablet-300x254.jpg 300w\" sizes=\"auto, (max-width: 500px) 100vw, 500px\" \/>        \n        <ul class=\"doctor_box_social d-flex flex-column justify-content-end\">\n                    <\/ul>\n    <\/div>\n\n        <div class=\"doctor_box_icon\">\n        <i class=\"fa fa-heartbeat\"><\/i>\n    <\/div>\n    \n    <div class=\"doctor_box_content\">\n        <h3 class=\"doctor_box_title\">Specialist Dr. \u0130nci Ekinci<\/h3>\n\n            <\/div>\n\n    <a href=\"https:\/\/nillsestheticcenter.com\/en\/doctor\/specialist-dr-inci-ekinci\/\" class=\"doctor_box_link\"><\/a>\n<\/div>\n<\/div><div class=\"filter_item mix col-lg-3 col-md-6 col-sm-12\">\n<div class=\"doctor_box\">\n    <div class=\"doctor_box_img\">\n        <img loading=\"lazy\" decoding=\"async\" width=\"500\" height=\"421\" src=\"https:\/\/nillsestheticcenter.com\/en\/wp-content\/uploads\/2025\/12\/nejlakazoglu_tablet.jpg\" class=\"attachment-medium_large size-medium_large wp-post-image\" alt=\"\" srcset=\"https:\/\/nillsestheticcenter.com\/en\/wp-content\/uploads\/2025\/12\/nejlakazoglu_tablet.jpg 500w, https:\/\/nillsestheticcenter.com\/en\/wp-content\/uploads\/2025\/12\/nejlakazoglu_tablet-300x253.jpg 300w\" sizes=\"auto, (max-width: 500px) 100vw, 500px\" \/>        \n        <ul class=\"doctor_box_social d-flex flex-column justify-content-end\">\n                    <\/ul>\n    <\/div>\n\n        <div class=\"doctor_box_icon\">\n        <i class=\"fa fa-heartbeat\"><\/i>\n    <\/div>\n    \n    <div class=\"doctor_box_content\">\n        <h3 class=\"doctor_box_title\">Dyt. Nejla Kazo\u011flu<\/h3>\n\n            <\/div>\n\n    <a href=\"https:\/\/nillsestheticcenter.com\/en\/doctor\/dyt-nejla-kazoglu\/\" class=\"doctor_box_link\"><\/a>\n<\/div>\n<\/div><div class=\"filter_item mix col-lg-3 col-md-6 col-sm-12\">\n<div class=\"doctor_box\">\n    <div class=\"doctor_box_img\">\n        <img loading=\"lazy\" decoding=\"async\" width=\"500\" height=\"423\" src=\"https:\/\/nillsestheticcenter.com\/en\/wp-content\/uploads\/2020\/03\/negar-rashidisheykhteymour_tablet.jpg\" class=\"attachment-medium_large size-medium_large wp-post-image\" alt=\"\" srcset=\"https:\/\/nillsestheticcenter.com\/en\/wp-content\/uploads\/2020\/03\/negar-rashidisheykhteymour_tablet.jpg 500w, https:\/\/nillsestheticcenter.com\/en\/wp-content\/uploads\/2020\/03\/negar-rashidisheykhteymour_tablet-300x254.jpg 300w\" sizes=\"auto, (max-width: 500px) 100vw, 500px\" \/>        \n        <ul class=\"doctor_box_social d-flex flex-column justify-content-end\">\n                    <\/ul>\n    <\/div>\n\n        <div class=\"doctor_box_icon\">\n        <i class=\"fa fa-heartbeat\"><\/i>\n    <\/div>\n    \n    <div class=\"doctor_box_content\">\n        <h3 class=\"doctor_box_title\">Dr. Negar RASHIDISHEYKHTEYMOUR<\/h3>\n\n            <\/div>\n\n    <a href=\"https:\/\/nillsestheticcenter.com\/en\/doctor\/dr-negar-rashidisheykhteymour\/\" class=\"doctor_box_link\"><\/a>\n<\/div>\n<\/div><div class=\"filter_item mix col-lg-3 col-md-6 col-sm-12 plastik-rekonstruktif-ve-estetik-cerrahi\">\n<div class=\"doctor_box\">\n    <div class=\"doctor_box_img\">\n        <img loading=\"lazy\" decoding=\"async\" width=\"500\" height=\"422\" src=\"https:\/\/nillsestheticcenter.com\/en\/wp-content\/uploads\/2020\/03\/dr-ugur-ozdemir_tablet.jpg\" class=\"attachment-medium_large size-medium_large wp-post-image\" alt=\"\" srcset=\"https:\/\/nillsestheticcenter.com\/en\/wp-content\/uploads\/2020\/03\/dr-ugur-ozdemir_tablet.jpg 500w, https:\/\/nillsestheticcenter.com\/en\/wp-content\/uploads\/2020\/03\/dr-ugur-ozdemir_tablet-300x253.jpg 300w\" sizes=\"auto, (max-width: 500px) 100vw, 500px\" \/>        \n        <ul class=\"doctor_box_social d-flex flex-column justify-content-end\">\n                    <\/ul>\n    <\/div>\n\n        <div class=\"doctor_box_icon\">\n        <i class=\"fa fa-heartbeat\"><\/i>\n    <\/div>\n    \n    <div class=\"doctor_box_content\">\n        <h3 class=\"doctor_box_title\">Op. Dr. U\u011fur \u00d6zdemir<\/h3>\n\n            <\/div>\n\n    <a href=\"https:\/\/nillsestheticcenter.com\/en\/doctor\/op-dr-ugur-ozdemir\/\" class=\"doctor_box_link\"><\/a>\n<\/div>\n<\/div><\/div>        <\/div>\n        \t\t<\/div>\n\t\t\t\t<\/div>\n\t\t\t\t\t\t<\/div>\n\t\t\t<\/div>\n\t\t<\/div>\n\t\t\t\t\t\t<\/div>\n\t\t\t<\/div>\n\t\t<\/section>\n\t\t\t\t\t\t<\/div>\n\t\t\t<\/div>\n\t\t<\/div>\n\t\t","protected":false},"excerpt":{"rendered":"<p>Dermatoloji Plastik Rekonstr\u00fcktif ve Estetik Cerrahi Op. Dr. Atilla Adnan Ey\u00fcbo\u011flu Plastik Rekonstr\u00fcktif ve Estetik Cerrahi Op. Dr. Taha Mehmeto\u011flu Plastik Rekonstr\u00fcktif ve Estetik Cerrahi Op. Dr. U\u011fur \u00d6zdemir Plastik Eekonstr\u00fcktif ve Estetik Cerrahi Uzm. Dr. Siyamek Saleki Dermatoloji Op. Dr. Mehmet Ha\u015fim G\u00fcner Plastik Eekonstr\u00fcktif ve Estetik Cerrahi<\/p>\n","protected":false},"author":2,"featured_media":0,"parent":0,"menu_order":0,"comment_status":"closed","ping_status":"closed","template":"template\/template-page.php","meta":{"footnotes":""},"class_list":["post-2306","page","type-page","status-publish","hentry"],"yoast_head":"<!-- This site is optimized with the Yoast SEO plugin v26.6 - https:\/\/yoast.com\/wordpress\/plugins\/seo\/ -->\n<title>Doctor&#039;s | Nills Aesthetic<\/title>\n<meta name=\"robots\" content=\"index, follow, max-snippet:-1, max-image-preview:large, max-video-preview:-1\" \/>\n<link rel=\"canonical\" href=\"https:\/\/nillsestheticcenter.com\/en\/doctors\/\" \/>\n<meta property=\"og:locale\" content=\"tr_TR\" \/>\n<meta property=\"og:type\" content=\"article\" \/>\n<meta property=\"og:title\" content=\"Doctor&#039;s | Nills Aesthetic\" \/>\n<meta property=\"og:description\" content=\"Dermatoloji Plastik Rekonstr\u00fcktif ve Estetik Cerrahi Op. Dr. Atilla Adnan Ey\u00fcbo\u011flu Plastik Rekonstr\u00fcktif ve Estetik Cerrahi Op. Dr. Taha Mehmeto\u011flu Plastik Rekonstr\u00fcktif ve Estetik Cerrahi Op. Dr. U\u011fur \u00d6zdemir Plastik Eekonstr\u00fcktif ve Estetik Cerrahi Uzm. Dr. Siyamek Saleki Dermatoloji Op. Dr. Mehmet Ha\u015fim G\u00fcner Plastik Eekonstr\u00fcktif ve Estetik Cerrahi\" \/>\n<meta property=\"og:url\" content=\"https:\/\/nillsestheticcenter.com\/en\/doctors\/\" \/>\n<meta property=\"og:site_name\" content=\"Nills Aesthetic\" \/>\n<meta property=\"article:modified_time\" content=\"2023-02-14T11:32:28+00:00\" \/>\n<meta property=\"og:image\" content=\"http:\/\/nillsestheticcenter.com\/en\/wp-content\/uploads\/2020\/03\/op-dr-atilla-adnan-profil.jpg\" \/>\n<meta name=\"twitter:card\" content=\"summary_large_image\" \/>\n<script type=\"application\/ld+json\" class=\"yoast-schema-graph\">{\"@context\":\"https:\/\/schema.org\",\"@graph\":[{\"@type\":\"WebPage\",\"@id\":\"https:\/\/nillsestheticcenter.com\/en\/doctors\/\",\"url\":\"https:\/\/nillsestheticcenter.com\/en\/doctors\/\",\"name\":\"Doctor's | Nills Aesthetic\",\"isPartOf\":{\"@id\":\"https:\/\/nillsestheticcenter.com\/en\/#website\"},\"primaryImageOfPage\":{\"@id\":\"https:\/\/nillsestheticcenter.com\/en\/doctors\/#primaryimage\"},\"image\":{\"@id\":\"https:\/\/nillsestheticcenter.com\/en\/doctors\/#primaryimage\"},\"thumbnailUrl\":\"http:\/\/nillsestheticcenter.com\/en\/wp-content\/uploads\/2020\/03\/op-dr-atilla-adnan-profil.jpg\",\"datePublished\":\"2019-09-13T10:08:26+00:00\",\"dateModified\":\"2023-02-14T11:32:28+00:00\",\"breadcrumb\":{\"@id\":\"https:\/\/nillsestheticcenter.com\/en\/doctors\/#breadcrumb\"},\"inLanguage\":\"tr\",\"potentialAction\":[{\"@type\":\"ReadAction\",\"target\":[\"https:\/\/nillsestheticcenter.com\/en\/doctors\/\"]}]},{\"@type\":\"ImageObject\",\"inLanguage\":\"tr\",\"@id\":\"https:\/\/nillsestheticcenter.com\/en\/doctors\/#primaryimage\",\"url\":\"http:\/\/nillsestheticcenter.com\/en\/wp-content\/uploads\/2020\/03\/op-dr-atilla-adnan-profil.jpg\",\"contentUrl\":\"http:\/\/nillsestheticcenter.com\/en\/wp-content\/uploads\/2020\/03\/op-dr-atilla-adnan-profil.jpg\"},{\"@type\":\"BreadcrumbList\",\"@id\":\"https:\/\/nillsestheticcenter.com\/en\/doctors\/#breadcrumb\",\"itemListElement\":[{\"@type\":\"ListItem\",\"position\":1,\"name\":\"Home\",\"item\":\"https:\/\/nillsestheticcenter.com\/en\/\"},{\"@type\":\"ListItem\",\"position\":2,\"name\":\"Doctor&#8217;s\"}]},{\"@type\":\"WebSite\",\"@id\":\"https:\/\/nillsestheticcenter.com\/en\/#website\",\"url\":\"https:\/\/nillsestheticcenter.com\/en\/\",\"name\":\"Nills Aesthetic\",\"description\":\"\",\"publisher\":{\"@id\":\"https:\/\/nillsestheticcenter.com\/en\/#organization\"},\"potentialAction\":[{\"@type\":\"SearchAction\",\"target\":{\"@type\":\"EntryPoint\",\"urlTemplate\":\"https:\/\/nillsestheticcenter.com\/en\/?s={search_term_string}\"},\"query-input\":{\"@type\":\"PropertyValueSpecification\",\"valueRequired\":true,\"valueName\":\"search_term_string\"}}],\"inLanguage\":\"tr\"},{\"@type\":\"Organization\",\"@id\":\"https:\/\/nillsestheticcenter.com\/en\/#organization\",\"name\":\"Nills Aesthetic\",\"url\":\"https:\/\/nillsestheticcenter.com\/en\/\",\"logo\":{\"@type\":\"ImageObject\",\"inLanguage\":\"tr\",\"@id\":\"https:\/\/nillsestheticcenter.com\/en\/#\/schema\/logo\/image\/\",\"url\":\"https:\/\/nillsestheticcenter.com\/en\/wp-content\/uploads\/2020\/03\/logo.png\",\"contentUrl\":\"https:\/\/nillsestheticcenter.com\/en\/wp-content\/uploads\/2020\/03\/logo.png\",\"width\":267,\"height\":93,\"caption\":\"Nills Aesthetic\"},\"image\":{\"@id\":\"https:\/\/nillsestheticcenter.com\/en\/#\/schema\/logo\/image\/\"}}]}<\/script>\n<!-- \/ Yoast SEO plugin. -->","yoast_head_json":{"title":"Doctor's | Nills Aesthetic","robots":{"index":"index","follow":"follow","max-snippet":"max-snippet:-1","max-image-preview":"max-image-preview:large","max-video-preview":"max-video-preview:-1"},"canonical":"https:\/\/nillsestheticcenter.com\/en\/doctors\/","og_locale":"tr_TR","og_type":"article","og_title":"Doctor's | Nills Aesthetic","og_description":"Dermatoloji Plastik Rekonstr\u00fcktif ve Estetik Cerrahi Op. Dr. Atilla Adnan Ey\u00fcbo\u011flu Plastik Rekonstr\u00fcktif ve Estetik Cerrahi Op. Dr. Taha Mehmeto\u011flu Plastik Rekonstr\u00fcktif ve Estetik Cerrahi Op. Dr. U\u011fur \u00d6zdemir Plastik Eekonstr\u00fcktif ve Estetik Cerrahi Uzm. Dr. Siyamek Saleki Dermatoloji Op. Dr. Mehmet Ha\u015fim G\u00fcner Plastik Eekonstr\u00fcktif ve Estetik Cerrahi","og_url":"https:\/\/nillsestheticcenter.com\/en\/doctors\/","og_site_name":"Nills Aesthetic","article_modified_time":"2023-02-14T11:32:28+00:00","og_image":[{"url":"http:\/\/nillsestheticcenter.com\/en\/wp-content\/uploads\/2020\/03\/op-dr-atilla-adnan-profil.jpg","type":"","width":"","height":""}],"twitter_card":"summary_large_image","schema":{"@context":"https:\/\/schema.org","@graph":[{"@type":"WebPage","@id":"https:\/\/nillsestheticcenter.com\/en\/doctors\/","url":"https:\/\/nillsestheticcenter.com\/en\/doctors\/","name":"Doctor's | Nills Aesthetic","isPartOf":{"@id":"https:\/\/nillsestheticcenter.com\/en\/#website"},"primaryImageOfPage":{"@id":"https:\/\/nillsestheticcenter.com\/en\/doctors\/#primaryimage"},"image":{"@id":"https:\/\/nillsestheticcenter.com\/en\/doctors\/#primaryimage"},"thumbnailUrl":"http:\/\/nillsestheticcenter.com\/en\/wp-content\/uploads\/2020\/03\/op-dr-atilla-adnan-profil.jpg","datePublished":"2019-09-13T10:08:26+00:00","dateModified":"2023-02-14T11:32:28+00:00","breadcrumb":{"@id":"https:\/\/nillsestheticcenter.com\/en\/doctors\/#breadcrumb"},"inLanguage":"tr","potentialAction":[{"@type":"ReadAction","target":["https:\/\/nillsestheticcenter.com\/en\/doctors\/"]}]},{"@type":"ImageObject","inLanguage":"tr","@id":"https:\/\/nillsestheticcenter.com\/en\/doctors\/#primaryimage","url":"http:\/\/nillsestheticcenter.com\/en\/wp-content\/uploads\/2020\/03\/op-dr-atilla-adnan-profil.jpg","contentUrl":"http:\/\/nillsestheticcenter.com\/en\/wp-content\/uploads\/2020\/03\/op-dr-atilla-adnan-profil.jpg"},{"@type":"BreadcrumbList","@id":"https:\/\/nillsestheticcenter.com\/en\/doctors\/#breadcrumb","itemListElement":[{"@type":"ListItem","position":1,"name":"Home","item":"https:\/\/nillsestheticcenter.com\/en\/"},{"@type":"ListItem","position":2,"name":"Doctor&#8217;s"}]},{"@type":"WebSite","@id":"https:\/\/nillsestheticcenter.com\/en\/#website","url":"https:\/\/nillsestheticcenter.com\/en\/","name":"Nills Aesthetic","description":"","publisher":{"@id":"https:\/\/nillsestheticcenter.com\/en\/#organization"},"potentialAction":[{"@type":"SearchAction","target":{"@type":"EntryPoint","urlTemplate":"https:\/\/nillsestheticcenter.com\/en\/?s={search_term_string}"},"query-input":{"@type":"PropertyValueSpecification","valueRequired":true,"valueName":"search_term_string"}}],"inLanguage":"tr"},{"@type":"Organization","@id":"https:\/\/nillsestheticcenter.com\/en\/#organization","name":"Nills Aesthetic","url":"https:\/\/nillsestheticcenter.com\/en\/","logo":{"@type":"ImageObject","inLanguage":"tr","@id":"https:\/\/nillsestheticcenter.com\/en\/#\/schema\/logo\/image\/","url":"https:\/\/nillsestheticcenter.com\/en\/wp-content\/uploads\/2020\/03\/logo.png","contentUrl":"https:\/\/nillsestheticcenter.com\/en\/wp-content\/uploads\/2020\/03\/logo.png","width":267,"height":93,"caption":"Nills Aesthetic"},"image":{"@id":"https:\/\/nillsestheticcenter.com\/en\/#\/schema\/logo\/image\/"}}]}},"_links":{"self":[{"href":"https:\/\/nillsestheticcenter.com\/en\/wp-json\/wp\/v2\/pages\/2306","targetHints":{"allow":["GET"]}}],"collection":[{"href":"https:\/\/nillsestheticcenter.com\/en\/wp-json\/wp\/v2\/pages"}],"about":[{"href":"https:\/\/nillsestheticcenter.com\/en\/wp-json\/wp\/v2\/types\/page"}],"author":[{"embeddable":true,"href":"https:\/\/nillsestheticcenter.com\/en\/wp-json\/wp\/v2\/users\/2"}],"replies":[{"embeddable":true,"href":"https:\/\/nillsestheticcenter.com\/en\/wp-json\/wp\/v2\/comments?post=2306"}],"version-history":[{"count":4,"href":"https:\/\/nillsestheticcenter.com\/en\/wp-json\/wp\/v2\/pages\/2306\/revisions"}],"predecessor-version":[{"id":5028,"href":"https:\/\/nillsestheticcenter.com\/en\/wp-json\/wp\/v2\/pages\/2306\/revisions\/5028"}],"wp:attachment":[{"href":"https:\/\/nillsestheticcenter.com\/en\/wp-json\/wp\/v2\/media?parent=2306"}],"curies":[{"name":"wp","href":"https:\/\/api.w.org\/{rel}","templated":true}]}}