{"id":4319,"date":"2020-03-10T14:53:26","date_gmt":"2020-03-10T11:53:26","guid":{"rendered":"http:\/\/nillsestheticcenter.com\/en\/?page_id=4319"},"modified":"2020-04-13T14:27:27","modified_gmt":"2020-04-13T11:27:27","slug":"blog","status":"publish","type":"page","link":"https:\/\/nillsestheticcenter.com\/en\/blog\/","title":{"rendered":"Blog"},"content":{"rendered":"\t\t<div data-elementor-type=\"wp-post\" data-elementor-id=\"4319\" class=\"elementor elementor-4319\" data-elementor-settings=\"[]\">\n\t\t\t<div class=\"elementor-inner\">\n\t\t\t\t<div class=\"elementor-section-wrap\">\n\t\t\t\t\t\t\t<section class=\"elementor-element elementor-element-cbb8c99 elementor-section-full_width elementor-section-height-default elementor-section-height-default elementor-section elementor-top-section\" data-id=\"cbb8c99\" data-element_type=\"section\">\n\t\t\t\t\t\t<div class=\"elementor-container elementor-column-gap-no\">\n\t\t\t\t<div class=\"elementor-row\">\n\t\t\t\t<div class=\"elementor-element elementor-element-57c441b elementor-column elementor-col-100 elementor-top-column\" data-id=\"57c441b\" data-element_type=\"column\">\n\t\t\t<div class=\"elementor-column-wrap\">\n\t\t\t\t\t<div class=\"elementor-widget-wrap\">\n\t\t\t\t\t\t<\/div>\n\t\t\t<\/div>\n\t\t<\/div>\n\t\t\t\t\t\t<\/div>\n\t\t\t<\/div>\n\t\t<\/section>\n\t\t\t\t<section class=\"elementor-element elementor-element-b00de9f elementor-section-boxed elementor-section-height-default elementor-section-height-default elementor-section elementor-top-section\" data-id=\"b00de9f\" data-element_type=\"section\">\n\t\t\t\t\t\t<div class=\"elementor-container elementor-column-gap-default\">\n\t\t\t\t<div class=\"elementor-row\">\n\t\t\t\t<div class=\"elementor-element elementor-element-6e51188 elementor-column elementor-col-100 elementor-top-column\" data-id=\"6e51188\" data-element_type=\"column\">\n\t\t\t<div class=\"elementor-column-wrap  elementor-element-populated\">\n\t\t\t\t\t<div class=\"elementor-widget-wrap\">\n\t\t\t\t<div class=\"elementor-element elementor-element-8ac880a elementor-widget elementor-widget-elementskit-blog-posts\" data-id=\"8ac880a\" data-element_type=\"widget\" data-widget_type=\"elementskit-blog-posts.default\">\n\t\t\t\t<div class=\"elementor-widget-container\">\n\t\t\t<div class=\"ekit-wid-con\" >        <div class=\"row\">\n                    <div class=\"col-md-12\">\n\n                                    <div class=\"elementskit-blog-block-post\">\n                        <div class=\"row no-gutters\">\n                                                            <div class=\"col-md-6 d-flex align-items-center order-1\">\n                                    <a href=\"https:\/\/nillsestheticcenter.com\/en\/what-is-nose-aesthetics\/\" class=\"elementskit-entry-thumb\">\n                                        <img decoding=\"async\" src=\"https:\/\/nillsestheticcenter.com\/en\/wp-content\/uploads\/2020\/03\/burun-ameliyati-blog1-750x465.jpg\" alt=\"WHAT IS NOSE AESTHETICS?\">\n                                    <\/a><!-- .elementskit-entry-thumb END -->\n                                <\/div>\n                            \n                            <div class=\"col-md-6 d-flex align-items-center order-2\">\n                                <div class=\"elementskit-post-body \">\n                                    <div class=\"elementskit-entry-header\">\n                                        \n                                                                                                                                                                        \n                                            \n                                                                                                            <h2 class=\"entry-title\">\n                    <a href=\"https:\/\/nillsestheticcenter.com\/en\/what-is-nose-aesthetics\/\">\n                            WHAT IS NOSE AESTHETICS?                    <\/a>\n                <\/h2>\n                                                                                                <\/div><!-- .elementskit-entry-header END -->\n\n                                                                            <div class=\"elementskit-post-footer\">\n                                                                                            <p>WHAT IS NOSE AESTHETICS? First of all, what is the rhinoplasty? Nose aesthetics, in other words rhinoplasty, is a plastic surgery to reshape the nose. In these operations the nose can be enlarged or reduced; the angle of the nose with the upper lip can be changed; The position of the nose tip can be [&hellip;]<\/p>\n                                                                                                                                <\/div><!-- .elementskit-post-footer END -->\n                                                                    <\/div><!-- .elementskit-post-body END -->\n                            <\/div>\n                        <\/div>\n                    <\/div><!-- .elementskit-blog-block-post .radius .gradient-bg END -->\n                \n            <\/div>\n                    <div class=\"col-md-12\">\n\n                                    <div class=\"elementskit-blog-block-post\">\n                        <div class=\"row no-gutters\">\n                                                            <div class=\"col-md-6 d-flex align-items-center order-1\">\n                                    <a href=\"https:\/\/nillsestheticcenter.com\/en\/unshaven-hair-transplant-dhi\/\" class=\"elementskit-entry-thumb\">\n                                        <img decoding=\"async\" src=\"https:\/\/nillsestheticcenter.com\/en\/wp-content\/uploads\/2020\/03\/sac-ekimi-surec-blog1-750x465.jpg\" alt=\"Unshaven Hair Transplant (DHI)\">\n                                    <\/a><!-- .elementskit-entry-thumb END -->\n                                <\/div>\n                            \n                            <div class=\"col-md-6 d-flex align-items-center order-2\">\n                                <div class=\"elementskit-post-body \">\n                                    <div class=\"elementskit-entry-header\">\n                                        \n                                                                                                                                                                        \n                                            \n                                                                                                            <h2 class=\"entry-title\">\n                    <a href=\"https:\/\/nillsestheticcenter.com\/en\/unshaven-hair-transplant-dhi\/\">\n                            Unshaven Hair Transplant (DHI)                    <\/a>\n                <\/h2>\n                                                                                                <\/div><!-- .elementskit-entry-header END -->\n\n                                                                            <div class=\"elementskit-post-footer\">\n                                                                                            <p>Unshaven Hair Transplant (DHI) DHi (Direct Hair Implantation) is the process of taking from the donor area (the area where the hair is taken) with special needles and pen made for DHi and placing it in the area to be implanted with the same needle within 1-2 minutes. FUE is the first method that comes [&hellip;]<\/p>\n                                                                                                                                <\/div><!-- .elementskit-post-footer END -->\n                                                                    <\/div><!-- .elementskit-post-body END -->\n                            <\/div>\n                        <\/div>\n                    <\/div><!-- .elementskit-blog-block-post .radius .gradient-bg END -->\n                \n            <\/div>\n                    <div class=\"col-md-12\">\n\n                                    <div class=\"elementskit-blog-block-post\">\n                        <div class=\"row no-gutters\">\n                                                            <div class=\"col-md-6 d-flex align-items-center order-1\">\n                                    <a href=\"https:\/\/nillsestheticcenter.com\/en\/liposuction\/\" class=\"elementskit-entry-thumb\">\n                                        <img decoding=\"async\" src=\"https:\/\/nillsestheticcenter.com\/en\/wp-content\/uploads\/2019\/08\/liposuction-nedir-blog2-750x465.jpg\" alt=\"LIPOSUCTION\">\n                                    <\/a><!-- .elementskit-entry-thumb END -->\n                                <\/div>\n                            \n                            <div class=\"col-md-6 d-flex align-items-center order-2\">\n                                <div class=\"elementskit-post-body \">\n                                    <div class=\"elementskit-entry-header\">\n                                        \n                                                                                                                                                                        \n                                            \n                                                                                                            <h2 class=\"entry-title\">\n                    <a href=\"https:\/\/nillsestheticcenter.com\/en\/liposuction\/\">\n                            LIPOSUCTION                    <\/a>\n                <\/h2>\n                                                                                                <\/div><!-- .elementskit-entry-header END -->\n\n                                                                            <div class=\"elementskit-post-footer\">\n                                                                                            <p>LIPOSUCTION What is Liposuction? &nbsp;&nbsp;&nbsp;&nbsp;&nbsp;&nbsp;&nbsp;&nbsp;&nbsp;&nbsp;&nbsp; Liposuction, which is generally described as fat removal, is one of the most applied aesthetic operations from past years. This application is especially applied to regions where stubborn fats and regional excesses such as hips, hips, abdomen, waist, knees are observed. &nbsp;&nbsp;&nbsp;&nbsp;&nbsp;&nbsp;&nbsp;&nbsp;&nbsp;&nbsp;&nbsp; Liposuction is generally applied in the form of [&hellip;]<\/p>\n                                                                                                                                <\/div><!-- .elementskit-post-footer END -->\n                                                                    <\/div><!-- .elementskit-post-body END -->\n                            <\/div>\n                        <\/div>\n                    <\/div><!-- .elementskit-blog-block-post .radius .gradient-bg END -->\n                \n            <\/div>\n                <\/div>\n       <\/div>\t\t<\/div>\n\t\t\t\t<\/div>\n\t\t\t\t\t\t<\/div>\n\t\t\t<\/div>\n\t\t<\/div>\n\t\t\t\t\t\t<\/div>\n\t\t\t<\/div>\n\t\t<\/section>\n\t\t\t\t\t\t<\/div>\n\t\t\t<\/div>\n\t\t<\/div>\n\t\t","protected":false},"excerpt":{"rendered":"<p>Burun Esteti\u011fi Ameliyat\u0131 Burun Esteti\u011fi Ameliyat\u0131 Burun Esteti\u011fi karar a\u015famas\u0131ndan ba\u015flayarak iyile\u015fme s\u00fcrecinin sonuna kadar bir\u00e7ok a\u00e7\u0131dan soru i\u015faretleri ve endi\u015fe bar\u0131nd\u0131ran bir s\u00fcre\u00e7tir. Burun Esteti\u011fi, burundaki \u015fekil bozuklu\u011fu ve i\u015flevsel sorunlar nedeni ile ki\u015fide uzun s\u00fcre s\u0131k\u0131nt\u0131 yaratm\u0131\u015f durumdad\u0131r. Ki\u015fi burnundaki \u015fekil bozuklu\u011funun yaratt\u0131\u011f\u0131 s\u0131k\u0131nt\u0131 nedeni ile burun esteti\u011fi yapt\u0131rmaya karar verir. Karar verme [&hellip;]<\/p>\n","protected":false},"author":2,"featured_media":0,"parent":0,"menu_order":0,"comment_status":"closed","ping_status":"closed","template":"template\/template-page.php","meta":{"footnotes":""},"class_list":["post-4319","page","type-page","status-publish","hentry"],"yoast_head":"<!-- This site is optimized with the Yoast SEO plugin v26.6 - https:\/\/yoast.com\/wordpress\/plugins\/seo\/ -->\n<title>Blog | Nills Aesthetic<\/title>\n<meta name=\"robots\" content=\"index, follow, max-snippet:-1, max-image-preview:large, max-video-preview:-1\" \/>\n<link rel=\"canonical\" href=\"https:\/\/nillsestheticcenter.com\/en\/blog\/\" \/>\n<meta property=\"og:locale\" content=\"tr_TR\" \/>\n<meta property=\"og:type\" content=\"article\" \/>\n<meta property=\"og:title\" content=\"Blog | Nills Aesthetic\" \/>\n<meta property=\"og:description\" content=\"Burun Esteti\u011fi Ameliyat\u0131 Burun Esteti\u011fi Ameliyat\u0131 Burun Esteti\u011fi karar a\u015famas\u0131ndan ba\u015flayarak iyile\u015fme s\u00fcrecinin sonuna kadar bir\u00e7ok a\u00e7\u0131dan soru i\u015faretleri ve endi\u015fe bar\u0131nd\u0131ran bir s\u00fcre\u00e7tir. Burun Esteti\u011fi, burundaki \u015fekil bozuklu\u011fu ve i\u015flevsel sorunlar nedeni ile ki\u015fide uzun s\u00fcre s\u0131k\u0131nt\u0131 yaratm\u0131\u015f durumdad\u0131r. Ki\u015fi burnundaki \u015fekil bozuklu\u011funun yaratt\u0131\u011f\u0131 s\u0131k\u0131nt\u0131 nedeni ile burun esteti\u011fi yapt\u0131rmaya karar verir. Karar verme [&hellip;]\" \/>\n<meta property=\"og:url\" content=\"https:\/\/nillsestheticcenter.com\/en\/blog\/\" \/>\n<meta property=\"og:site_name\" content=\"Nills Aesthetic\" \/>\n<meta property=\"article:modified_time\" content=\"2020-04-13T11:27:27+00:00\" \/>\n<meta property=\"og:image\" content=\"http:\/\/nillsestheticcenter.com\/en\/wp-content\/uploads\/2020\/03\/burun-ameliyati-blog1-750x465.jpg\" \/>\n<meta name=\"twitter:card\" content=\"summary_large_image\" \/>\n<meta name=\"twitter:label1\" content=\"Tahmini okuma s\u00fcresi\" \/>\n\t<meta name=\"twitter:data1\" content=\"1 dakika\" \/>\n<script type=\"application\/ld+json\" class=\"yoast-schema-graph\">{\"@context\":\"https:\/\/schema.org\",\"@graph\":[{\"@type\":\"WebPage\",\"@id\":\"https:\/\/nillsestheticcenter.com\/en\/blog\/\",\"url\":\"https:\/\/nillsestheticcenter.com\/en\/blog\/\",\"name\":\"Blog | Nills Aesthetic\",\"isPartOf\":{\"@id\":\"https:\/\/nillsestheticcenter.com\/en\/#website\"},\"primaryImageOfPage\":{\"@id\":\"https:\/\/nillsestheticcenter.com\/en\/blog\/#primaryimage\"},\"image\":{\"@id\":\"https:\/\/nillsestheticcenter.com\/en\/blog\/#primaryimage\"},\"thumbnailUrl\":\"http:\/\/nillsestheticcenter.com\/en\/wp-content\/uploads\/2020\/03\/burun-ameliyati-blog1-750x465.jpg\",\"datePublished\":\"2020-03-10T11:53:26+00:00\",\"dateModified\":\"2020-04-13T11:27:27+00:00\",\"breadcrumb\":{\"@id\":\"https:\/\/nillsestheticcenter.com\/en\/blog\/#breadcrumb\"},\"inLanguage\":\"tr\",\"potentialAction\":[{\"@type\":\"ReadAction\",\"target\":[\"https:\/\/nillsestheticcenter.com\/en\/blog\/\"]}]},{\"@type\":\"ImageObject\",\"inLanguage\":\"tr\",\"@id\":\"https:\/\/nillsestheticcenter.com\/en\/blog\/#primaryimage\",\"url\":\"http:\/\/nillsestheticcenter.com\/en\/wp-content\/uploads\/2020\/03\/burun-ameliyati-blog1-750x465.jpg\",\"contentUrl\":\"http:\/\/nillsestheticcenter.com\/en\/wp-content\/uploads\/2020\/03\/burun-ameliyati-blog1-750x465.jpg\"},{\"@type\":\"BreadcrumbList\",\"@id\":\"https:\/\/nillsestheticcenter.com\/en\/blog\/#breadcrumb\",\"itemListElement\":[{\"@type\":\"ListItem\",\"position\":1,\"name\":\"Home\",\"item\":\"https:\/\/nillsestheticcenter.com\/en\/\"},{\"@type\":\"ListItem\",\"position\":2,\"name\":\"Blog\"}]},{\"@type\":\"WebSite\",\"@id\":\"https:\/\/nillsestheticcenter.com\/en\/#website\",\"url\":\"https:\/\/nillsestheticcenter.com\/en\/\",\"name\":\"Nills Aesthetic\",\"description\":\"\",\"publisher\":{\"@id\":\"https:\/\/nillsestheticcenter.com\/en\/#organization\"},\"potentialAction\":[{\"@type\":\"SearchAction\",\"target\":{\"@type\":\"EntryPoint\",\"urlTemplate\":\"https:\/\/nillsestheticcenter.com\/en\/?s={search_term_string}\"},\"query-input\":{\"@type\":\"PropertyValueSpecification\",\"valueRequired\":true,\"valueName\":\"search_term_string\"}}],\"inLanguage\":\"tr\"},{\"@type\":\"Organization\",\"@id\":\"https:\/\/nillsestheticcenter.com\/en\/#organization\",\"name\":\"Nills Aesthetic\",\"url\":\"https:\/\/nillsestheticcenter.com\/en\/\",\"logo\":{\"@type\":\"ImageObject\",\"inLanguage\":\"tr\",\"@id\":\"https:\/\/nillsestheticcenter.com\/en\/#\/schema\/logo\/image\/\",\"url\":\"https:\/\/nillsestheticcenter.com\/en\/wp-content\/uploads\/2020\/03\/logo.png\",\"contentUrl\":\"https:\/\/nillsestheticcenter.com\/en\/wp-content\/uploads\/2020\/03\/logo.png\",\"width\":267,\"height\":93,\"caption\":\"Nills Aesthetic\"},\"image\":{\"@id\":\"https:\/\/nillsestheticcenter.com\/en\/#\/schema\/logo\/image\/\"}}]}<\/script>\n<!-- \/ Yoast SEO plugin. -->","yoast_head_json":{"title":"Blog | Nills Aesthetic","robots":{"index":"index","follow":"follow","max-snippet":"max-snippet:-1","max-image-preview":"max-image-preview:large","max-video-preview":"max-video-preview:-1"},"canonical":"https:\/\/nillsestheticcenter.com\/en\/blog\/","og_locale":"tr_TR","og_type":"article","og_title":"Blog | Nills Aesthetic","og_description":"Burun Esteti\u011fi Ameliyat\u0131 Burun Esteti\u011fi Ameliyat\u0131 Burun Esteti\u011fi karar a\u015famas\u0131ndan ba\u015flayarak iyile\u015fme s\u00fcrecinin sonuna kadar bir\u00e7ok a\u00e7\u0131dan soru i\u015faretleri ve endi\u015fe bar\u0131nd\u0131ran bir s\u00fcre\u00e7tir. Burun Esteti\u011fi, burundaki \u015fekil bozuklu\u011fu ve i\u015flevsel sorunlar nedeni ile ki\u015fide uzun s\u00fcre s\u0131k\u0131nt\u0131 yaratm\u0131\u015f durumdad\u0131r. Ki\u015fi burnundaki \u015fekil bozuklu\u011funun yaratt\u0131\u011f\u0131 s\u0131k\u0131nt\u0131 nedeni ile burun esteti\u011fi yapt\u0131rmaya karar verir. Karar verme [&hellip;]","og_url":"https:\/\/nillsestheticcenter.com\/en\/blog\/","og_site_name":"Nills Aesthetic","article_modified_time":"2020-04-13T11:27:27+00:00","og_image":[{"url":"http:\/\/nillsestheticcenter.com\/en\/wp-content\/uploads\/2020\/03\/burun-ameliyati-blog1-750x465.jpg","type":"","width":"","height":""}],"twitter_card":"summary_large_image","twitter_misc":{"Tahmini okuma s\u00fcresi":"1 dakika"},"schema":{"@context":"https:\/\/schema.org","@graph":[{"@type":"WebPage","@id":"https:\/\/nillsestheticcenter.com\/en\/blog\/","url":"https:\/\/nillsestheticcenter.com\/en\/blog\/","name":"Blog | Nills Aesthetic","isPartOf":{"@id":"https:\/\/nillsestheticcenter.com\/en\/#website"},"primaryImageOfPage":{"@id":"https:\/\/nillsestheticcenter.com\/en\/blog\/#primaryimage"},"image":{"@id":"https:\/\/nillsestheticcenter.com\/en\/blog\/#primaryimage"},"thumbnailUrl":"http:\/\/nillsestheticcenter.com\/en\/wp-content\/uploads\/2020\/03\/burun-ameliyati-blog1-750x465.jpg","datePublished":"2020-03-10T11:53:26+00:00","dateModified":"2020-04-13T11:27:27+00:00","breadcrumb":{"@id":"https:\/\/nillsestheticcenter.com\/en\/blog\/#breadcrumb"},"inLanguage":"tr","potentialAction":[{"@type":"ReadAction","target":["https:\/\/nillsestheticcenter.com\/en\/blog\/"]}]},{"@type":"ImageObject","inLanguage":"tr","@id":"https:\/\/nillsestheticcenter.com\/en\/blog\/#primaryimage","url":"http:\/\/nillsestheticcenter.com\/en\/wp-content\/uploads\/2020\/03\/burun-ameliyati-blog1-750x465.jpg","contentUrl":"http:\/\/nillsestheticcenter.com\/en\/wp-content\/uploads\/2020\/03\/burun-ameliyati-blog1-750x465.jpg"},{"@type":"BreadcrumbList","@id":"https:\/\/nillsestheticcenter.com\/en\/blog\/#breadcrumb","itemListElement":[{"@type":"ListItem","position":1,"name":"Home","item":"https:\/\/nillsestheticcenter.com\/en\/"},{"@type":"ListItem","position":2,"name":"Blog"}]},{"@type":"WebSite","@id":"https:\/\/nillsestheticcenter.com\/en\/#website","url":"https:\/\/nillsestheticcenter.com\/en\/","name":"Nills Aesthetic","description":"","publisher":{"@id":"https:\/\/nillsestheticcenter.com\/en\/#organization"},"potentialAction":[{"@type":"SearchAction","target":{"@type":"EntryPoint","urlTemplate":"https:\/\/nillsestheticcenter.com\/en\/?s={search_term_string}"},"query-input":{"@type":"PropertyValueSpecification","valueRequired":true,"valueName":"search_term_string"}}],"inLanguage":"tr"},{"@type":"Organization","@id":"https:\/\/nillsestheticcenter.com\/en\/#organization","name":"Nills Aesthetic","url":"https:\/\/nillsestheticcenter.com\/en\/","logo":{"@type":"ImageObject","inLanguage":"tr","@id":"https:\/\/nillsestheticcenter.com\/en\/#\/schema\/logo\/image\/","url":"https:\/\/nillsestheticcenter.com\/en\/wp-content\/uploads\/2020\/03\/logo.png","contentUrl":"https:\/\/nillsestheticcenter.com\/en\/wp-content\/uploads\/2020\/03\/logo.png","width":267,"height":93,"caption":"Nills Aesthetic"},"image":{"@id":"https:\/\/nillsestheticcenter.com\/en\/#\/schema\/logo\/image\/"}}]}},"_links":{"self":[{"href":"https:\/\/nillsestheticcenter.com\/en\/wp-json\/wp\/v2\/pages\/4319","targetHints":{"allow":["GET"]}}],"collection":[{"href":"https:\/\/nillsestheticcenter.com\/en\/wp-json\/wp\/v2\/pages"}],"about":[{"href":"https:\/\/nillsestheticcenter.com\/en\/wp-json\/wp\/v2\/types\/page"}],"author":[{"embeddable":true,"href":"https:\/\/nillsestheticcenter.com\/en\/wp-json\/wp\/v2\/users\/2"}],"replies":[{"embeddable":true,"href":"https:\/\/nillsestheticcenter.com\/en\/wp-json\/wp\/v2\/comments?post=4319"}],"version-history":[{"count":4,"href":"https:\/\/nillsestheticcenter.com\/en\/wp-json\/wp\/v2\/pages\/4319\/revisions"}],"predecessor-version":[{"id":4880,"href":"https:\/\/nillsestheticcenter.com\/en\/wp-json\/wp\/v2\/pages\/4319\/revisions\/4880"}],"wp:attachment":[{"href":"https:\/\/nillsestheticcenter.com\/en\/wp-json\/wp\/v2\/media?parent=4319"}],"curies":[{"name":"wp","href":"https:\/\/api.w.org\/{rel}","templated":true}]}}