{"id":4377,"date":"2020-03-11T12:55:55","date_gmt":"2020-03-11T09:55:55","guid":{"rendered":"https:\/\/nillsestheticcenter.com\/es\/?page_id=4377"},"modified":"2020-04-18T16:23:42","modified_gmt":"2020-04-18T13:23:42","slug":"cirugia-de-parpados","status":"publish","type":"page","link":"https:\/\/nillsestheticcenter.com\/es\/cirugia-de-parpados\/","title":{"rendered":"Cirug\u00eda De P\u00e1rpados"},"content":{"rendered":"\t\t<div data-elementor-type=\"wp-post\" data-elementor-id=\"4377\" class=\"elementor elementor-4377\" data-elementor-settings=\"[]\">\n\t\t\t<div class=\"elementor-inner\">\n\t\t\t\t<div class=\"elementor-section-wrap\">\n\t\t\t\t\t\t\t<section class=\"elementor-element elementor-element-d5b672e elementor-section-content-top ov-h elementor-section-boxed elementor-section-height-default elementor-section-height-default elementor-section elementor-top-section\" data-id=\"d5b672e\" data-element_type=\"section\" data-settings=\"{&quot;ekit_section_parallax_multi&quot;:&quot;yes&quot;,&quot;ekit_section_parallax_multi_items&quot;:[{&quot;parallax_style&quot;:&quot;onscroll&quot;,&quot;item_source&quot;:&quot;image&quot;,&quot;image&quot;:{&quot;url&quot;:&quot;https:\\\/\\\/nillsestheticcenter.com\\\/es\\\/wp-content\\\/uploads\\\/2019\\\/09\\\/about-info-bg-left.png&quot;,&quot;id&quot;:1722},&quot;shape&quot;:null,&quot;shape_color&quot;:null,&quot;width_type&quot;:&quot;&quot;,&quot;width_type_tablet&quot;:&quot;&quot;,&quot;width_type_mobile&quot;:&quot;&quot;,&quot;custom_width&quot;:null,&quot;custom_width_tablet&quot;:null,&quot;custom_width_mobile&quot;:null,&quot;source_rotate&quot;:{&quot;unit&quot;:&quot;deg&quot;,&quot;size&quot;:0,&quot;sizes&quot;:[]},&quot;source_rotate_tablet&quot;:{&quot;unit&quot;:&quot;px&quot;,&quot;size&quot;:&quot;&quot;,&quot;sizes&quot;:[]},&quot;source_rotate_mobile&quot;:{&quot;unit&quot;:&quot;px&quot;,&quot;size&quot;:&quot;&quot;,&quot;sizes&quot;:[]},&quot;pos_x&quot;:{&quot;unit&quot;:&quot;%&quot;,&quot;size&quot;:0,&quot;sizes&quot;:[]},&quot;pos_x_tablet&quot;:{&quot;unit&quot;:&quot;px&quot;,&quot;size&quot;:&quot;&quot;,&quot;sizes&quot;:[]},&quot;pos_x_mobile&quot;:{&quot;unit&quot;:&quot;px&quot;,&quot;size&quot;:&quot;&quot;,&quot;sizes&quot;:[]},&quot;pos_y&quot;:{&quot;unit&quot;:&quot;%&quot;,&quot;size&quot;:0,&quot;sizes&quot;:[]},&quot;pos_y_tablet&quot;:{&quot;unit&quot;:&quot;px&quot;,&quot;size&quot;:&quot;&quot;,&quot;sizes&quot;:[]},&quot;pos_y_mobile&quot;:{&quot;unit&quot;:&quot;px&quot;,&quot;size&quot;:&quot;&quot;,&quot;sizes&quot;:[]},&quot;animation&quot;:null,&quot;animation_tablet&quot;:null,&quot;animation_mobile&quot;:null,&quot;item_opacity&quot;:&quot;1&quot;,&quot;animation_speed&quot;:null,&quot;animation_iteration_count&quot;:null,&quot;animation_direction&quot;:null,&quot;parallax_speed&quot;:null,&quot;parallax_transform&quot;:&quot;translateY&quot;,&quot;parallax_transform_value&quot;:&quot;250&quot;,&quot;smoothness&quot;:&quot;700&quot;,&quot;offsettop&quot;:&quot;0&quot;,&quot;offsetbottom&quot;:&quot;0&quot;,&quot;maxtilt&quot;:null,&quot;scale&quot;:null,&quot;disableaxis&quot;:null,&quot;zindex&quot;:0,&quot;_id&quot;:&quot;3eee3c3&quot;,&quot;parallax_blur_effect&quot;:{&quot;unit&quot;:&quot;px&quot;,&quot;size&quot;:0,&quot;sizes&quot;:[]},&quot;parallax_blur_effect_tablet&quot;:{&quot;unit&quot;:&quot;px&quot;,&quot;size&quot;:&quot;&quot;,&quot;sizes&quot;:[]},&quot;parallax_blur_effect_mobile&quot;:{&quot;unit&quot;:&quot;px&quot;,&quot;size&quot;:&quot;&quot;,&quot;sizes&quot;:[]}},{&quot;parallax_style&quot;:&quot;onscroll&quot;,&quot;item_source&quot;:&quot;image&quot;,&quot;image&quot;:{&quot;url&quot;:&quot;https:\\\/\\\/nillsestheticcenter.com\\\/es\\\/wp-content\\\/uploads\\\/2019\\\/09\\\/about-info-bg-right.png&quot;,&quot;id&quot;:1721},&quot;shape&quot;:null,&quot;shape_color&quot;:null,&quot;width_type&quot;:&quot;&quot;,&quot;width_type_tablet&quot;:&quot;&quot;,&quot;width_type_mobile&quot;:&quot;&quot;,&quot;custom_width&quot;:null,&quot;custom_width_tablet&quot;:null,&quot;custom_width_mobile&quot;:null,&quot;source_rotate&quot;:{&quot;unit&quot;:&quot;deg&quot;,&quot;size&quot;:0,&quot;sizes&quot;:[]},&quot;source_rotate_tablet&quot;:{&quot;unit&quot;:&quot;px&quot;,&quot;size&quot;:&quot;&quot;,&quot;sizes&quot;:[]},&quot;source_rotate_mobile&quot;:{&quot;unit&quot;:&quot;px&quot;,&quot;size&quot;:&quot;&quot;,&quot;sizes&quot;:[]},&quot;pos_x&quot;:{&quot;unit&quot;:&quot;%&quot;,&quot;size&quot;:90,&quot;sizes&quot;:[]},&quot;pos_x_tablet&quot;:{&quot;unit&quot;:&quot;px&quot;,&quot;size&quot;:&quot;&quot;,&quot;sizes&quot;:[]},&quot;pos_x_mobile&quot;:{&quot;unit&quot;:&quot;px&quot;,&quot;size&quot;:&quot;&quot;,&quot;sizes&quot;:[]},&quot;pos_y&quot;:{&quot;unit&quot;:&quot;px&quot;,&quot;size&quot;:-120,&quot;sizes&quot;:[]},&quot;pos_y_tablet&quot;:{&quot;unit&quot;:&quot;px&quot;,&quot;size&quot;:&quot;&quot;,&quot;sizes&quot;:[]},&quot;pos_y_mobile&quot;:{&quot;unit&quot;:&quot;px&quot;,&quot;size&quot;:&quot;&quot;,&quot;sizes&quot;:[]},&quot;animation&quot;:null,&quot;animation_tablet&quot;:null,&quot;animation_mobile&quot;:null,&quot;item_opacity&quot;:&quot;1&quot;,&quot;animation_speed&quot;:null,&quot;animation_iteration_count&quot;:null,&quot;animation_direction&quot;:null,&quot;parallax_speed&quot;:null,&quot;parallax_transform&quot;:&quot;translateY&quot;,&quot;parallax_transform_value&quot;:&quot;250&quot;,&quot;smoothness&quot;:&quot;700&quot;,&quot;offsettop&quot;:&quot;0&quot;,&quot;offsetbottom&quot;:&quot;0&quot;,&quot;maxtilt&quot;:null,&quot;scale&quot;:null,&quot;disableaxis&quot;:null,&quot;zindex&quot;:0,&quot;_id&quot;:&quot;44a7be1&quot;,&quot;parallax_blur_effect&quot;:{&quot;unit&quot;:&quot;px&quot;,&quot;size&quot;:0,&quot;sizes&quot;:[]},&quot;parallax_blur_effect_tablet&quot;:{&quot;unit&quot;:&quot;px&quot;,&quot;size&quot;:&quot;&quot;,&quot;sizes&quot;:[]},&quot;parallax_blur_effect_mobile&quot;:{&quot;unit&quot;:&quot;px&quot;,&quot;size&quot;:&quot;&quot;,&quot;sizes&quot;:[]}}]}\">\n\t\t\t\t\t\t<div class=\"elementor-container elementor-column-gap-default\">\n\t\t\t\t<div class=\"elementor-row\">\n\t\t\t\t<div class=\"elementor-element elementor-element-ac65cc9 elementor-invisible elementor-column elementor-col-100 elementor-top-column\" data-id=\"ac65cc9\" data-element_type=\"column\" data-settings=\"{&quot;animation&quot;:&quot;fadeInUp&quot;,&quot;animation_delay&quot;:300}\">\n\t\t\t<div class=\"elementor-column-wrap  elementor-element-populated\">\n\t\t\t\t\t<div class=\"elementor-widget-wrap\">\n\t\t\t\t<div class=\"elementor-element elementor-element-65a4666 elementor-widget elementor-widget-heading\" data-id=\"65a4666\" data-element_type=\"widget\" data-widget_type=\"heading.default\">\n\t\t\t\t<div class=\"elementor-widget-container\">\n\t\t\t<h2 class=\"elementor-heading-title elementor-size-default\">Cirug\u00eda De P\u00e1rpados <\/h2>\t\t<\/div>\n\t\t\t\t<\/div>\n\t\t\t\t<div class=\"elementor-element elementor-element-27da09d short_desc elementor-widget elementor-widget-text-editor\" data-id=\"27da09d\" data-element_type=\"widget\" data-widget_type=\"text-editor.default\">\n\t\t\t\t<div class=\"elementor-widget-container\">\n\t\t\t\t\t<div class=\"elementor-text-editor elementor-clearfix\"><p>El envejecimiento comienza en la cara con la flacidez de la frente y las cejas despu\u00e9s de los treinta a\u00f1os.Hace que los p\u00e1rpados superiores se aflojen.Los m\u00fasculos de los p\u00e1rpados superiores se debilitan y los p\u00e1rpados se aflojan cada vez m\u00e1s con la edad.Los p\u00e1rpados inferiores comienzan a caerse debido a la gravedad y al tejido adiposo en las mejillas.Por lo tanto, los p\u00e1rpados inferiores se debilitan y las l\u00edneas de las patas de gallo se hacen visibles.Las operaciones est\u00e9ticas de los p\u00e1rpados se llevan a cabo para tensar el supraorbital quitando quir\u00fargicamente el exceso de grasa, m\u00fasculos y tejidos de la piel.La est\u00e9tica de los p\u00e1rpados es una aplicaci\u00f3n quir\u00fargica y con esta aplicaci\u00f3n, se corrigen las arrugas alrededor de los ojos, las bolsas, los p\u00e1rpados ca\u00eddos, hacia adentro o hacia afuera, las personas se orientan a lograr una apariencia m\u00e1s joven y vigorosa.<\/p><table width=\"971\"><tbody><tr><td width=\"473\">\u00bfQu\u00e9 se hace antes de la operaci\u00f3n est\u00e9tica del p\u00e1rpado?<\/td><\/tr><tr><td width=\"473\">Se realiza un examen de la funci\u00f3n oft\u00e1lmica antes de la cirug\u00eda para planificar la intervenci\u00f3n quir\u00fargica.<\/td><\/tr><tr><td width=\"473\">Su m\u00e9dico le informar\u00e1 sobre la t\u00e9cnica quir\u00fargica, el uso de drogas y los efectos del tabaco y el alcohol en la intervenci\u00f3n quir\u00fargica.<\/td><\/tr><tr><td width=\"473\">\u00bfCu\u00e1nto tiempo durar\u00e1 la operaci\u00f3n est\u00e9tica del p\u00e1rpado?<\/td><\/tr><tr><td width=\"473\">La cirug\u00eda est\u00e9tica de p\u00e1rpados, el tejido muscular subcut\u00e1neo, las bolsas de grasa y el exceso de tejido se eliminan.<\/td><\/tr><tr><td width=\"473\">Este proceso toma entre 20 y 30 minutos para cada p\u00e1rpado.<\/td><\/tr><tr><td width=\"473\">\u00bfQu\u00e9 se debe tener en cuenta despu\u00e9s de la cirug\u00eda?<\/td><\/tr><tr><td width=\"473\">Cuando la operaci\u00f3n est\u00e9tica de los p\u00e1rpados est\u00e1 terminada, las cintas que cubren los p\u00e1rpados se adhieren al ojo.<\/td><\/tr><tr><td width=\"473\">Estas bandas no le impedir\u00e1n ver.<\/td><\/tr><tr><td width=\"473\">Para prevenir el edema alrededor de los ojos, se realizan compresas fr\u00edas con hielo.<\/td><\/tr><tr><td width=\"473\">A pesar de todas estas medidas alrededor de los ojos, puede haber hinchaz\u00f3n y moretones.<\/td><\/tr><tr><td width=\"473\">Estas hinchazones y moretones comienzan a disminuir despu\u00e9s del tercer d\u00eda.<\/td><\/tr><tr><td width=\"473\">Inmediatamente despu\u00e9s del procedimiento, pueden producirse ligeras fugas y peque\u00f1as hemorragias en las bandas que cubren los p\u00e1rpados.<\/td><\/tr><tr><td width=\"473\">Mantener la cabeza alta con una almohada reduce el edema. Despu\u00e9s del tercer d\u00eda, el edema alrededor del ojo comienza a disminuir y las bandas y suturas alrededor del ojo se retiran en un promedio de 7 a 10 d\u00edas.<\/td><\/tr><tr><td width=\"473\">Cuando se retiran las bandas, puede haber moretones e hinchaz\u00f3n.<\/td><\/tr><tr><td width=\"473\">Estos moretones e hinchazones se pueden ocultar con maquillaje.<\/td><\/tr><tr><td width=\"473\">El paciente debe evitar actividades como deportes pesados, solarium, sauna y tomar el sol durante 6 semanas.<\/td><\/tr><tr><td width=\"473\">\u00bfQu\u00e9 m\u00e9todos de anestesia se aplican en la cirug\u00eda est\u00e9tica de p\u00e1rpados?<\/td><\/tr><tr><td width=\"473\">La cirug\u00eda de p\u00e1rpados inferiores se realiza generalmente bajo anestesia general, mientras que la cirug\u00eda de p\u00e1rpados superiores se realiza bajo anestesia local.<\/td><\/tr><tr><td width=\"473\">\u00bfLa cirug\u00eda est\u00e9tica de p\u00e1rpados deja cicatriz?<\/td><\/tr><tr><td width=\"473\">En las primeras semanas despu\u00e9s de la cirug\u00eda, puede aparecer una delgada l\u00ednea rosada en el pliegue del p\u00e1rpado superior y justo debajo de las pesta\u00f1as en el p\u00e1rpado inferior.<\/td><\/tr><tr><td width=\"473\">A la larga, estas l\u00edneas se vuelven invisibles.<\/td><\/tr><\/tbody><\/table><\/div>\n\t\t\t\t<\/div>\n\t\t\t\t<\/div>\n\t\t\t\t\t\t<\/div>\n\t\t\t<\/div>\n\t\t<\/div>\n\t\t\t\t\t\t<\/div>\n\t\t\t<\/div>\n\t\t<\/section>\n\t\t\t\t\t\t<\/div>\n\t\t\t<\/div>\n\t\t<\/div>\n\t\t","protected":false},"excerpt":{"rendered":"<p>Cirug\u00eda De P\u00e1rpados El envejecimiento comienza en la cara con la flacidez de la frente y las cejas despu\u00e9s de los treinta a\u00f1os.Hace que los p\u00e1rpados superiores se aflojen.Los m\u00fasculos de los p\u00e1rpados superiores se debilitan y los p\u00e1rpados se aflojan cada vez m\u00e1s con la edad.Los p\u00e1rpados inferiores comienzan a caerse debido a la [&hellip;]<\/p>\n","protected":false},"author":2,"featured_media":0,"parent":0,"menu_order":0,"comment_status":"closed","ping_status":"closed","template":"template\/template-page.php","meta":{"footnotes":""},"class_list":["post-4377","page","type-page","status-publish","hentry"],"yoast_head":"<!-- This site is optimized with the Yoast SEO plugin v26.6 - https:\/\/yoast.com\/wordpress\/plugins\/seo\/ -->\n<title>Cirug\u00eda De P\u00e1rpados | Nills Aesthetic<\/title>\n<meta name=\"robots\" content=\"index, follow, max-snippet:-1, max-image-preview:large, max-video-preview:-1\" \/>\n<link rel=\"canonical\" href=\"https:\/\/nillsestheticcenter.com\/es\/cirugia-de-parpados\/\" \/>\n<meta property=\"og:locale\" content=\"tr_TR\" \/>\n<meta property=\"og:type\" content=\"article\" \/>\n<meta property=\"og:title\" content=\"Cirug\u00eda De P\u00e1rpados | Nills Aesthetic\" \/>\n<meta property=\"og:description\" content=\"Cirug\u00eda De P\u00e1rpados El envejecimiento comienza en la cara con la flacidez de la frente y las cejas despu\u00e9s de los treinta a\u00f1os.Hace que los p\u00e1rpados superiores se aflojen.Los m\u00fasculos de los p\u00e1rpados superiores se debilitan y los p\u00e1rpados se aflojan cada vez m\u00e1s con la edad.Los p\u00e1rpados inferiores comienzan a caerse debido a la [&hellip;]\" \/>\n<meta property=\"og:url\" content=\"https:\/\/nillsestheticcenter.com\/es\/cirugia-de-parpados\/\" \/>\n<meta property=\"og:site_name\" content=\"Nills Aesthetic\" \/>\n<meta property=\"article:modified_time\" content=\"2020-04-18T13:23:42+00:00\" \/>\n<meta name=\"twitter:card\" content=\"summary_large_image\" \/>\n<meta name=\"twitter:label1\" content=\"Tahmini okuma s\u00fcresi\" \/>\n\t<meta name=\"twitter:data1\" content=\"3 dakika\" \/>\n<script type=\"application\/ld+json\" class=\"yoast-schema-graph\">{\"@context\":\"https:\/\/schema.org\",\"@graph\":[{\"@type\":\"WebPage\",\"@id\":\"https:\/\/nillsestheticcenter.com\/es\/cirugia-de-parpados\/\",\"url\":\"https:\/\/nillsestheticcenter.com\/es\/cirugia-de-parpados\/\",\"name\":\"Cirug\u00eda De P\u00e1rpados | Nills Aesthetic\",\"isPartOf\":{\"@id\":\"https:\/\/nillsestheticcenter.com\/es\/#website\"},\"datePublished\":\"2020-03-11T09:55:55+00:00\",\"dateModified\":\"2020-04-18T13:23:42+00:00\",\"breadcrumb\":{\"@id\":\"https:\/\/nillsestheticcenter.com\/es\/cirugia-de-parpados\/#breadcrumb\"},\"inLanguage\":\"tr\",\"potentialAction\":[{\"@type\":\"ReadAction\",\"target\":[\"https:\/\/nillsestheticcenter.com\/es\/cirugia-de-parpados\/\"]}]},{\"@type\":\"BreadcrumbList\",\"@id\":\"https:\/\/nillsestheticcenter.com\/es\/cirugia-de-parpados\/#breadcrumb\",\"itemListElement\":[{\"@type\":\"ListItem\",\"position\":1,\"name\":\"Home\",\"item\":\"https:\/\/nillsestheticcenter.com\/es\/\"},{\"@type\":\"ListItem\",\"position\":2,\"name\":\"Cirug\u00eda De P\u00e1rpados\"}]},{\"@type\":\"WebSite\",\"@id\":\"https:\/\/nillsestheticcenter.com\/es\/#website\",\"url\":\"https:\/\/nillsestheticcenter.com\/es\/\",\"name\":\"Nills Aesthetic\",\"description\":\"\",\"publisher\":{\"@id\":\"https:\/\/nillsestheticcenter.com\/es\/#organization\"},\"potentialAction\":[{\"@type\":\"SearchAction\",\"target\":{\"@type\":\"EntryPoint\",\"urlTemplate\":\"https:\/\/nillsestheticcenter.com\/es\/?s={search_term_string}\"},\"query-input\":{\"@type\":\"PropertyValueSpecification\",\"valueRequired\":true,\"valueName\":\"search_term_string\"}}],\"inLanguage\":\"tr\"},{\"@type\":\"Organization\",\"@id\":\"https:\/\/nillsestheticcenter.com\/es\/#organization\",\"name\":\"Nills Aesthetic\",\"url\":\"https:\/\/nillsestheticcenter.com\/es\/\",\"logo\":{\"@type\":\"ImageObject\",\"inLanguage\":\"tr\",\"@id\":\"https:\/\/nillsestheticcenter.com\/es\/#\/schema\/logo\/image\/\",\"url\":\"https:\/\/nillsestheticcenter.com\/es\/wp-content\/uploads\/2020\/03\/logo.png\",\"contentUrl\":\"https:\/\/nillsestheticcenter.com\/es\/wp-content\/uploads\/2020\/03\/logo.png\",\"width\":267,\"height\":93,\"caption\":\"Nills Aesthetic\"},\"image\":{\"@id\":\"https:\/\/nillsestheticcenter.com\/es\/#\/schema\/logo\/image\/\"}}]}<\/script>\n<!-- \/ Yoast SEO plugin. -->","yoast_head_json":{"title":"Cirug\u00eda De P\u00e1rpados | Nills Aesthetic","robots":{"index":"index","follow":"follow","max-snippet":"max-snippet:-1","max-image-preview":"max-image-preview:large","max-video-preview":"max-video-preview:-1"},"canonical":"https:\/\/nillsestheticcenter.com\/es\/cirugia-de-parpados\/","og_locale":"tr_TR","og_type":"article","og_title":"Cirug\u00eda De P\u00e1rpados | Nills Aesthetic","og_description":"Cirug\u00eda De P\u00e1rpados El envejecimiento comienza en la cara con la flacidez de la frente y las cejas despu\u00e9s de los treinta a\u00f1os.Hace que los p\u00e1rpados superiores se aflojen.Los m\u00fasculos de los p\u00e1rpados superiores se debilitan y los p\u00e1rpados se aflojan cada vez m\u00e1s con la edad.Los p\u00e1rpados inferiores comienzan a caerse debido a la [&hellip;]","og_url":"https:\/\/nillsestheticcenter.com\/es\/cirugia-de-parpados\/","og_site_name":"Nills Aesthetic","article_modified_time":"2020-04-18T13:23:42+00:00","twitter_card":"summary_large_image","twitter_misc":{"Tahmini okuma s\u00fcresi":"3 dakika"},"schema":{"@context":"https:\/\/schema.org","@graph":[{"@type":"WebPage","@id":"https:\/\/nillsestheticcenter.com\/es\/cirugia-de-parpados\/","url":"https:\/\/nillsestheticcenter.com\/es\/cirugia-de-parpados\/","name":"Cirug\u00eda De P\u00e1rpados | Nills Aesthetic","isPartOf":{"@id":"https:\/\/nillsestheticcenter.com\/es\/#website"},"datePublished":"2020-03-11T09:55:55+00:00","dateModified":"2020-04-18T13:23:42+00:00","breadcrumb":{"@id":"https:\/\/nillsestheticcenter.com\/es\/cirugia-de-parpados\/#breadcrumb"},"inLanguage":"tr","potentialAction":[{"@type":"ReadAction","target":["https:\/\/nillsestheticcenter.com\/es\/cirugia-de-parpados\/"]}]},{"@type":"BreadcrumbList","@id":"https:\/\/nillsestheticcenter.com\/es\/cirugia-de-parpados\/#breadcrumb","itemListElement":[{"@type":"ListItem","position":1,"name":"Home","item":"https:\/\/nillsestheticcenter.com\/es\/"},{"@type":"ListItem","position":2,"name":"Cirug\u00eda De P\u00e1rpados"}]},{"@type":"WebSite","@id":"https:\/\/nillsestheticcenter.com\/es\/#website","url":"https:\/\/nillsestheticcenter.com\/es\/","name":"Nills Aesthetic","description":"","publisher":{"@id":"https:\/\/nillsestheticcenter.com\/es\/#organization"},"potentialAction":[{"@type":"SearchAction","target":{"@type":"EntryPoint","urlTemplate":"https:\/\/nillsestheticcenter.com\/es\/?s={search_term_string}"},"query-input":{"@type":"PropertyValueSpecification","valueRequired":true,"valueName":"search_term_string"}}],"inLanguage":"tr"},{"@type":"Organization","@id":"https:\/\/nillsestheticcenter.com\/es\/#organization","name":"Nills Aesthetic","url":"https:\/\/nillsestheticcenter.com\/es\/","logo":{"@type":"ImageObject","inLanguage":"tr","@id":"https:\/\/nillsestheticcenter.com\/es\/#\/schema\/logo\/image\/","url":"https:\/\/nillsestheticcenter.com\/es\/wp-content\/uploads\/2020\/03\/logo.png","contentUrl":"https:\/\/nillsestheticcenter.com\/es\/wp-content\/uploads\/2020\/03\/logo.png","width":267,"height":93,"caption":"Nills Aesthetic"},"image":{"@id":"https:\/\/nillsestheticcenter.com\/es\/#\/schema\/logo\/image\/"}}]}},"_links":{"self":[{"href":"https:\/\/nillsestheticcenter.com\/es\/wp-json\/wp\/v2\/pages\/4377","targetHints":{"allow":["GET"]}}],"collection":[{"href":"https:\/\/nillsestheticcenter.com\/es\/wp-json\/wp\/v2\/pages"}],"about":[{"href":"https:\/\/nillsestheticcenter.com\/es\/wp-json\/wp\/v2\/types\/page"}],"author":[{"embeddable":true,"href":"https:\/\/nillsestheticcenter.com\/es\/wp-json\/wp\/v2\/users\/2"}],"replies":[{"embeddable":true,"href":"https:\/\/nillsestheticcenter.com\/es\/wp-json\/wp\/v2\/comments?post=4377"}],"version-history":[{"count":7,"href":"https:\/\/nillsestheticcenter.com\/es\/wp-json\/wp\/v2\/pages\/4377\/revisions"}],"predecessor-version":[{"id":5085,"href":"https:\/\/nillsestheticcenter.com\/es\/wp-json\/wp\/v2\/pages\/4377\/revisions\/5085"}],"wp:attachment":[{"href":"https:\/\/nillsestheticcenter.com\/es\/wp-json\/wp\/v2\/media?parent=4377"}],"curies":[{"name":"wp","href":"https:\/\/api.w.org\/{rel}","templated":true}]}}