{"id":4392,"date":"2020-03-11T13:09:57","date_gmt":"2020-03-11T10:09:57","guid":{"rendered":"https:\/\/nillsestheticcenter.com\/es\/?page_id=4392"},"modified":"2020-04-18T16:32:34","modified_gmt":"2020-04-18T13:32:34","slug":"reconstruccion-de-senos","status":"publish","type":"page","link":"https:\/\/nillsestheticcenter.com\/es\/reconstruccion-de-senos\/","title":{"rendered":"Reconstrucci\u00f3n De Senos"},"content":{"rendered":"\t\t<div data-elementor-type=\"wp-post\" data-elementor-id=\"4392\" class=\"elementor elementor-4392\" data-elementor-settings=\"[]\">\n\t\t\t<div class=\"elementor-inner\">\n\t\t\t\t<div class=\"elementor-section-wrap\">\n\t\t\t\t\t\t\t<section class=\"elementor-element elementor-element-d5b672e elementor-section-content-top ov-h elementor-section-boxed elementor-section-height-default elementor-section-height-default elementor-section elementor-top-section\" data-id=\"d5b672e\" data-element_type=\"section\" data-settings=\"{&quot;ekit_section_parallax_multi&quot;:&quot;yes&quot;,&quot;ekit_section_parallax_multi_items&quot;:[{&quot;parallax_style&quot;:&quot;onscroll&quot;,&quot;item_source&quot;:&quot;image&quot;,&quot;image&quot;:{&quot;url&quot;:&quot;https:\\\/\\\/nillsestheticcenter.com\\\/es\\\/wp-content\\\/uploads\\\/2019\\\/09\\\/about-info-bg-left.png&quot;,&quot;id&quot;:1722},&quot;shape&quot;:null,&quot;shape_color&quot;:null,&quot;width_type&quot;:&quot;&quot;,&quot;width_type_tablet&quot;:&quot;&quot;,&quot;width_type_mobile&quot;:&quot;&quot;,&quot;custom_width&quot;:null,&quot;custom_width_tablet&quot;:null,&quot;custom_width_mobile&quot;:null,&quot;source_rotate&quot;:{&quot;unit&quot;:&quot;deg&quot;,&quot;size&quot;:0,&quot;sizes&quot;:[]},&quot;source_rotate_tablet&quot;:{&quot;unit&quot;:&quot;px&quot;,&quot;size&quot;:&quot;&quot;,&quot;sizes&quot;:[]},&quot;source_rotate_mobile&quot;:{&quot;unit&quot;:&quot;px&quot;,&quot;size&quot;:&quot;&quot;,&quot;sizes&quot;:[]},&quot;pos_x&quot;:{&quot;unit&quot;:&quot;%&quot;,&quot;size&quot;:0,&quot;sizes&quot;:[]},&quot;pos_x_tablet&quot;:{&quot;unit&quot;:&quot;px&quot;,&quot;size&quot;:&quot;&quot;,&quot;sizes&quot;:[]},&quot;pos_x_mobile&quot;:{&quot;unit&quot;:&quot;px&quot;,&quot;size&quot;:&quot;&quot;,&quot;sizes&quot;:[]},&quot;pos_y&quot;:{&quot;unit&quot;:&quot;%&quot;,&quot;size&quot;:0,&quot;sizes&quot;:[]},&quot;pos_y_tablet&quot;:{&quot;unit&quot;:&quot;px&quot;,&quot;size&quot;:&quot;&quot;,&quot;sizes&quot;:[]},&quot;pos_y_mobile&quot;:{&quot;unit&quot;:&quot;px&quot;,&quot;size&quot;:&quot;&quot;,&quot;sizes&quot;:[]},&quot;animation&quot;:null,&quot;animation_tablet&quot;:null,&quot;animation_mobile&quot;:null,&quot;item_opacity&quot;:&quot;1&quot;,&quot;animation_speed&quot;:null,&quot;animation_iteration_count&quot;:null,&quot;animation_direction&quot;:null,&quot;parallax_speed&quot;:null,&quot;parallax_transform&quot;:&quot;translateY&quot;,&quot;parallax_transform_value&quot;:&quot;250&quot;,&quot;smoothness&quot;:&quot;700&quot;,&quot;offsettop&quot;:&quot;0&quot;,&quot;offsetbottom&quot;:&quot;0&quot;,&quot;maxtilt&quot;:null,&quot;scale&quot;:null,&quot;disableaxis&quot;:null,&quot;zindex&quot;:0,&quot;_id&quot;:&quot;3eee3c3&quot;,&quot;parallax_blur_effect&quot;:{&quot;unit&quot;:&quot;px&quot;,&quot;size&quot;:0,&quot;sizes&quot;:[]},&quot;parallax_blur_effect_tablet&quot;:{&quot;unit&quot;:&quot;px&quot;,&quot;size&quot;:&quot;&quot;,&quot;sizes&quot;:[]},&quot;parallax_blur_effect_mobile&quot;:{&quot;unit&quot;:&quot;px&quot;,&quot;size&quot;:&quot;&quot;,&quot;sizes&quot;:[]}},{&quot;parallax_style&quot;:&quot;onscroll&quot;,&quot;item_source&quot;:&quot;image&quot;,&quot;image&quot;:{&quot;url&quot;:&quot;https:\\\/\\\/nillsestheticcenter.com\\\/es\\\/wp-content\\\/uploads\\\/2019\\\/09\\\/about-info-bg-right.png&quot;,&quot;id&quot;:1721},&quot;shape&quot;:null,&quot;shape_color&quot;:null,&quot;width_type&quot;:&quot;&quot;,&quot;width_type_tablet&quot;:&quot;&quot;,&quot;width_type_mobile&quot;:&quot;&quot;,&quot;custom_width&quot;:null,&quot;custom_width_tablet&quot;:null,&quot;custom_width_mobile&quot;:null,&quot;source_rotate&quot;:{&quot;unit&quot;:&quot;deg&quot;,&quot;size&quot;:0,&quot;sizes&quot;:[]},&quot;source_rotate_tablet&quot;:{&quot;unit&quot;:&quot;px&quot;,&quot;size&quot;:&quot;&quot;,&quot;sizes&quot;:[]},&quot;source_rotate_mobile&quot;:{&quot;unit&quot;:&quot;px&quot;,&quot;size&quot;:&quot;&quot;,&quot;sizes&quot;:[]},&quot;pos_x&quot;:{&quot;unit&quot;:&quot;%&quot;,&quot;size&quot;:90,&quot;sizes&quot;:[]},&quot;pos_x_tablet&quot;:{&quot;unit&quot;:&quot;px&quot;,&quot;size&quot;:&quot;&quot;,&quot;sizes&quot;:[]},&quot;pos_x_mobile&quot;:{&quot;unit&quot;:&quot;px&quot;,&quot;size&quot;:&quot;&quot;,&quot;sizes&quot;:[]},&quot;pos_y&quot;:{&quot;unit&quot;:&quot;px&quot;,&quot;size&quot;:-120,&quot;sizes&quot;:[]},&quot;pos_y_tablet&quot;:{&quot;unit&quot;:&quot;px&quot;,&quot;size&quot;:&quot;&quot;,&quot;sizes&quot;:[]},&quot;pos_y_mobile&quot;:{&quot;unit&quot;:&quot;px&quot;,&quot;size&quot;:&quot;&quot;,&quot;sizes&quot;:[]},&quot;animation&quot;:null,&quot;animation_tablet&quot;:null,&quot;animation_mobile&quot;:null,&quot;item_opacity&quot;:&quot;1&quot;,&quot;animation_speed&quot;:null,&quot;animation_iteration_count&quot;:null,&quot;animation_direction&quot;:null,&quot;parallax_speed&quot;:null,&quot;parallax_transform&quot;:&quot;translateY&quot;,&quot;parallax_transform_value&quot;:&quot;250&quot;,&quot;smoothness&quot;:&quot;700&quot;,&quot;offsettop&quot;:&quot;0&quot;,&quot;offsetbottom&quot;:&quot;0&quot;,&quot;maxtilt&quot;:null,&quot;scale&quot;:null,&quot;disableaxis&quot;:null,&quot;zindex&quot;:0,&quot;_id&quot;:&quot;44a7be1&quot;,&quot;parallax_blur_effect&quot;:{&quot;unit&quot;:&quot;px&quot;,&quot;size&quot;:0,&quot;sizes&quot;:[]},&quot;parallax_blur_effect_tablet&quot;:{&quot;unit&quot;:&quot;px&quot;,&quot;size&quot;:&quot;&quot;,&quot;sizes&quot;:[]},&quot;parallax_blur_effect_mobile&quot;:{&quot;unit&quot;:&quot;px&quot;,&quot;size&quot;:&quot;&quot;,&quot;sizes&quot;:[]}}]}\">\n\t\t\t\t\t\t<div class=\"elementor-container elementor-column-gap-default\">\n\t\t\t\t<div class=\"elementor-row\">\n\t\t\t\t<div class=\"elementor-element elementor-element-ac65cc9 elementor-invisible elementor-column elementor-col-100 elementor-top-column\" data-id=\"ac65cc9\" data-element_type=\"column\" data-settings=\"{&quot;animation&quot;:&quot;fadeInUp&quot;,&quot;animation_delay&quot;:300}\">\n\t\t\t<div class=\"elementor-column-wrap  elementor-element-populated\">\n\t\t\t\t\t<div class=\"elementor-widget-wrap\">\n\t\t\t\t<div class=\"elementor-element elementor-element-65a4666 elementor-widget elementor-widget-heading\" data-id=\"65a4666\" data-element_type=\"widget\" data-widget_type=\"heading.default\">\n\t\t\t\t<div class=\"elementor-widget-container\">\n\t\t\t<h2 class=\"elementor-heading-title elementor-size-default\">Reconstrucci\u00f3n De Senos\n<\/h2>\t\t<\/div>\n\t\t\t\t<\/div>\n\t\t\t\t<div class=\"elementor-element elementor-element-27da09d short_desc elementor-widget elementor-widget-text-editor\" data-id=\"27da09d\" data-element_type=\"widget\" data-widget_type=\"text-editor.default\">\n\t\t\t\t<div class=\"elementor-widget-container\">\n\t\t\t\t\t<div class=\"elementor-text-editor elementor-clearfix\"><p>El tipo m\u00e1s com\u00fan de c\u00e1ncer en las mujeres es el c\u00e1ncer de mama.En las mujeres que sobreviven a esta enfermedad, puede ser necesario extirpar el tejido tumoral de la mama o, a veces, extirpar toda la mama.Esto puede llevar a algunas consecuencias traum\u00e1ticas.Las personas pueden sentirse incompletas o sentir que no se ven suficientemente femeninas.La extirpaci\u00f3n de parte o de todo el seno debido al c\u00e1ncer de seno se denomina mastectom\u00eda.Las operaciones de reconstrucci\u00f3n de senos tambi\u00e9n se pueden realizar durante las operaciones de mastectom\u00eda y pueden ser \u00fatiles para que las personas superen los efectos de la p\u00e9rdida de senos.<\/p><table width=\"971\"><tbody><tr><td width=\"473\">\u00bfC\u00f3mo se realiza la reconstrucci\u00f3n de los senos?<\/td><\/tr><tr><td width=\"473\">La cirug\u00eda de reconstrucci\u00f3n de senos se puede realizar con diferentes t\u00e9cnicas.<\/td><\/tr><tr><td width=\"473\">El m\u00e9todo preferido es la dilataci\u00f3n de la piel con mastectom\u00eda.<\/td><\/tr><tr><td width=\"473\">Esta es una cirug\u00eda que se realiza en m\u00faltiples etapas.<\/td><\/tr><tr><td width=\"473\">Para esta aplicaci\u00f3n, se coloca una pr\u00f3tesis que expande la piel debajo de la piel del seno despu\u00e9s de extirparlo.<\/td><\/tr><tr><td width=\"473\">Esta pr\u00f3tesis se coloca debajo de la piel y el m\u00e9dico inyecta agua salina despu\u00e9s de la cirug\u00eda.<\/td><\/tr><tr><td width=\"473\">Este proceso puede durar semanas y continuar\u00e1 hasta que la piel crezca como se desee.<\/td><\/tr><tr><td width=\"473\">Despu\u00e9s de que la piel se agranda seg\u00fan sea necesario, una segunda cirug\u00eda remueve la pr\u00f3tesis y la reemplaza con una pr\u00f3tesis permanente.<\/td><\/tr><tr><td width=\"473\">En el m\u00e9todo de reconstrucci\u00f3n con colgajo, la mama se reconstruye con tejido tomado de diferentes partes del cuerpo.<\/td><\/tr><tr><td width=\"473\">Algunas veces puede ser necesario colocar una pr\u00f3tesis debajo de este tejido.<\/td><\/tr><tr><td width=\"473\">Esta es una cirug\u00eda de m\u00faltiples etapas.<\/td><\/tr><tr><td width=\"473\">El proceso de cicatrizaci\u00f3n es m\u00e1s largo y la cicatrizaci\u00f3n es m\u00e1s alta que con el m\u00e9todo de agrandamiento de la piel.<\/td><\/tr><tr><td width=\"473\">La ventaja de la reconstrucci\u00f3n de colgajo es que da a los senos una apariencia natural.<\/td><\/tr><tr><td width=\"473\">\u00bfQui\u00e9n es elegible para la reconstrucci\u00f3n del seno?<\/td><\/tr><tr><td width=\"473\">La reconstrucci\u00f3n mamaria es un m\u00e9todo que se puede aplicar a todas las pacientes cuyos senos han sido extirpados, aunque el tejido canceroso se ha perdido por completo.<\/td><\/tr><tr><td width=\"473\">\u00bfCu\u00e1les deben ser las expectativas postoperatorias?<\/td><\/tr><tr><td width=\"473\">Con la cirug\u00eda de reconstrucci\u00f3n de senos, hay cambios significativos tanto en la apariencia como en la vida social de las personas.<\/td><\/tr><tr><td width=\"473\">Un estudio realizado en los EE.UU. encontr\u00f3 que el 98% de las pacientes que se sometieron a una reconstrucci\u00f3n de senos preferir\u00edan someterse a la misma cirug\u00eda cuando se encuentran con el mismo problema.<\/td><\/tr><tr><td width=\"473\">Estas peque\u00f1as diferencias s\u00f3lo ser\u00e1n percibidas por la propia persona, incluso si el tejido del seno reci\u00e9n construido no es de la misma forma y caracter\u00edsticas en comparaci\u00f3n con el otro despu\u00e9s de la cirug\u00eda.<\/td><\/tr><tr><td width=\"473\">El prop\u00f3sito de la cirug\u00eda es lograr un resultado lo m\u00e1s parecido posible.<\/td><\/tr><tr><td width=\"473\">\u00bfCu\u00e1l es el proceso de curaci\u00f3n despu\u00e9s de la reconstrucci\u00f3n de los senos?<\/td><\/tr><tr><td width=\"473\">La reconstrucci\u00f3n de los senos se realiza bajo anestesia general en condiciones hospitalarias.<\/td><\/tr><tr><td width=\"473\">La duraci\u00f3n var\u00eda seg\u00fan la t\u00e9cnica utilizada.<\/td><\/tr><tr><td width=\"473\">Las aplicaciones de pr\u00f3tesis de seno pueden tomar 1-2 horas y la estancia en el hospital es de 1-3 d\u00edas.<\/td><\/tr><tr><td width=\"473\">Las aplicaciones usando el propio tejido del paciente pueden tomar entre 4-10 horas y la duraci\u00f3n de la hospitalizaci\u00f3n es de 4-7 d\u00edas.<\/td><\/tr><tr><td width=\"473\">Durante la operaci\u00f3n, los drenajes colocados para prevenir la acumulaci\u00f3n de l\u00edquido y sangre se retiran entre 1 y 4 d\u00edas.<\/td><\/tr><tr><td width=\"473\">En el caso de las pr\u00f3tesis de silicona, el retorno a la vida social y laboral se produce en pocos d\u00edas, mientras que el propio tejido del paciente puede tardar hasta una semana.<\/td><\/tr><tr><td width=\"473\">Los pacientes deben evitar levantar cargas pesadas, tener relaciones sexuales y conducir durante 4-8 semanas despu\u00e9s de la cirug\u00eda.<\/td><\/tr><tr><td width=\"473\">Los moretones, la hinchaz\u00f3n y los dolores que se producir\u00e1n despu\u00e9s de la reconstrucci\u00f3n de los senos disminuir\u00e1n con cada d\u00eda que pase y desaparecer\u00e1n despu\u00e9s de un tiempo.<\/td><\/tr><tr><td width=\"473\">Su cirujano le aconsejar\u00e1 cu\u00e1ndo comenzar a hacer ejercicio y moverse.<\/td><\/tr><tr><td width=\"473\">Como regla general, es importante evitar las relaciones sexuales y el ejercicio intenso durante 3-6 semanas.<\/td><\/tr><tr><td width=\"473\">\u00bfSer\u00e1 necesaria una cirug\u00eda adicional despu\u00e9s de la reconstrucci\u00f3n de los senos?<\/td><\/tr><tr><td width=\"473\">Las operaciones de reconstrucci\u00f3n de los senos se realizan en varias sesiones diferentes.<\/td><\/tr><tr><td width=\"473\">Despu\u00e9s de la cirug\u00eda de reconstrucci\u00f3n de senos, la revisi\u00f3n de colgajo, la erecci\u00f3n de tejido de senos, la reducci\u00f3n de senos, la cirug\u00eda como la colocaci\u00f3n de pr\u00f3tesis de silicona puede ser planificada.<\/td><\/tr><\/tbody><\/table><\/div>\n\t\t\t\t<\/div>\n\t\t\t\t<\/div>\n\t\t\t\t\t\t<\/div>\n\t\t\t<\/div>\n\t\t<\/div>\n\t\t\t\t\t\t<\/div>\n\t\t\t<\/div>\n\t\t<\/section>\n\t\t\t\t\t\t<\/div>\n\t\t\t<\/div>\n\t\t<\/div>\n\t\t","protected":false},"excerpt":{"rendered":"<p>Reconstrucci\u00f3n De Senos El tipo m\u00e1s com\u00fan de c\u00e1ncer en las mujeres es el c\u00e1ncer de mama.En las mujeres que sobreviven a esta enfermedad, puede ser necesario extirpar el tejido tumoral de la mama o, a veces, extirpar toda la mama.Esto puede llevar a algunas consecuencias traum\u00e1ticas.Las personas pueden sentirse incompletas o sentir que no [&hellip;]<\/p>\n","protected":false},"author":2,"featured_media":0,"parent":0,"menu_order":0,"comment_status":"closed","ping_status":"closed","template":"template\/template-page.php","meta":{"footnotes":""},"class_list":["post-4392","page","type-page","status-publish","hentry"],"yoast_head":"<!-- This site is optimized with the Yoast SEO plugin v26.6 - https:\/\/yoast.com\/wordpress\/plugins\/seo\/ -->\n<title>Reconstrucci\u00f3n De Senos | Nills Aesthetic<\/title>\n<meta name=\"robots\" content=\"index, follow, max-snippet:-1, max-image-preview:large, max-video-preview:-1\" \/>\n<link rel=\"canonical\" href=\"https:\/\/nillsestheticcenter.com\/es\/reconstruccion-de-senos\/\" \/>\n<meta property=\"og:locale\" content=\"tr_TR\" \/>\n<meta property=\"og:type\" content=\"article\" \/>\n<meta property=\"og:title\" content=\"Reconstrucci\u00f3n De Senos | Nills Aesthetic\" \/>\n<meta property=\"og:description\" content=\"Reconstrucci\u00f3n De Senos El tipo m\u00e1s com\u00fan de c\u00e1ncer en las mujeres es el c\u00e1ncer de mama.En las mujeres que sobreviven a esta enfermedad, puede ser necesario extirpar el tejido tumoral de la mama o, a veces, extirpar toda la mama.Esto puede llevar a algunas consecuencias traum\u00e1ticas.Las personas pueden sentirse incompletas o sentir que no [&hellip;]\" \/>\n<meta property=\"og:url\" content=\"https:\/\/nillsestheticcenter.com\/es\/reconstruccion-de-senos\/\" \/>\n<meta property=\"og:site_name\" content=\"Nills Aesthetic\" \/>\n<meta property=\"article:modified_time\" content=\"2020-04-18T13:32:34+00:00\" \/>\n<meta name=\"twitter:card\" content=\"summary_large_image\" \/>\n<meta name=\"twitter:label1\" content=\"Tahmini okuma s\u00fcresi\" \/>\n\t<meta name=\"twitter:data1\" content=\"4 dakika\" \/>\n<script type=\"application\/ld+json\" class=\"yoast-schema-graph\">{\"@context\":\"https:\/\/schema.org\",\"@graph\":[{\"@type\":\"WebPage\",\"@id\":\"https:\/\/nillsestheticcenter.com\/es\/reconstruccion-de-senos\/\",\"url\":\"https:\/\/nillsestheticcenter.com\/es\/reconstruccion-de-senos\/\",\"name\":\"Reconstrucci\u00f3n De Senos | Nills Aesthetic\",\"isPartOf\":{\"@id\":\"https:\/\/nillsestheticcenter.com\/es\/#website\"},\"datePublished\":\"2020-03-11T10:09:57+00:00\",\"dateModified\":\"2020-04-18T13:32:34+00:00\",\"breadcrumb\":{\"@id\":\"https:\/\/nillsestheticcenter.com\/es\/reconstruccion-de-senos\/#breadcrumb\"},\"inLanguage\":\"tr\",\"potentialAction\":[{\"@type\":\"ReadAction\",\"target\":[\"https:\/\/nillsestheticcenter.com\/es\/reconstruccion-de-senos\/\"]}]},{\"@type\":\"BreadcrumbList\",\"@id\":\"https:\/\/nillsestheticcenter.com\/es\/reconstruccion-de-senos\/#breadcrumb\",\"itemListElement\":[{\"@type\":\"ListItem\",\"position\":1,\"name\":\"Home\",\"item\":\"https:\/\/nillsestheticcenter.com\/es\/\"},{\"@type\":\"ListItem\",\"position\":2,\"name\":\"Reconstrucci\u00f3n De Senos\"}]},{\"@type\":\"WebSite\",\"@id\":\"https:\/\/nillsestheticcenter.com\/es\/#website\",\"url\":\"https:\/\/nillsestheticcenter.com\/es\/\",\"name\":\"Nills Aesthetic\",\"description\":\"\",\"publisher\":{\"@id\":\"https:\/\/nillsestheticcenter.com\/es\/#organization\"},\"potentialAction\":[{\"@type\":\"SearchAction\",\"target\":{\"@type\":\"EntryPoint\",\"urlTemplate\":\"https:\/\/nillsestheticcenter.com\/es\/?s={search_term_string}\"},\"query-input\":{\"@type\":\"PropertyValueSpecification\",\"valueRequired\":true,\"valueName\":\"search_term_string\"}}],\"inLanguage\":\"tr\"},{\"@type\":\"Organization\",\"@id\":\"https:\/\/nillsestheticcenter.com\/es\/#organization\",\"name\":\"Nills Aesthetic\",\"url\":\"https:\/\/nillsestheticcenter.com\/es\/\",\"logo\":{\"@type\":\"ImageObject\",\"inLanguage\":\"tr\",\"@id\":\"https:\/\/nillsestheticcenter.com\/es\/#\/schema\/logo\/image\/\",\"url\":\"https:\/\/nillsestheticcenter.com\/es\/wp-content\/uploads\/2020\/03\/logo.png\",\"contentUrl\":\"https:\/\/nillsestheticcenter.com\/es\/wp-content\/uploads\/2020\/03\/logo.png\",\"width\":267,\"height\":93,\"caption\":\"Nills Aesthetic\"},\"image\":{\"@id\":\"https:\/\/nillsestheticcenter.com\/es\/#\/schema\/logo\/image\/\"}}]}<\/script>\n<!-- \/ Yoast SEO plugin. -->","yoast_head_json":{"title":"Reconstrucci\u00f3n De Senos | Nills Aesthetic","robots":{"index":"index","follow":"follow","max-snippet":"max-snippet:-1","max-image-preview":"max-image-preview:large","max-video-preview":"max-video-preview:-1"},"canonical":"https:\/\/nillsestheticcenter.com\/es\/reconstruccion-de-senos\/","og_locale":"tr_TR","og_type":"article","og_title":"Reconstrucci\u00f3n De Senos | Nills Aesthetic","og_description":"Reconstrucci\u00f3n De Senos El tipo m\u00e1s com\u00fan de c\u00e1ncer en las mujeres es el c\u00e1ncer de mama.En las mujeres que sobreviven a esta enfermedad, puede ser necesario extirpar el tejido tumoral de la mama o, a veces, extirpar toda la mama.Esto puede llevar a algunas consecuencias traum\u00e1ticas.Las personas pueden sentirse incompletas o sentir que no [&hellip;]","og_url":"https:\/\/nillsestheticcenter.com\/es\/reconstruccion-de-senos\/","og_site_name":"Nills Aesthetic","article_modified_time":"2020-04-18T13:32:34+00:00","twitter_card":"summary_large_image","twitter_misc":{"Tahmini okuma s\u00fcresi":"4 dakika"},"schema":{"@context":"https:\/\/schema.org","@graph":[{"@type":"WebPage","@id":"https:\/\/nillsestheticcenter.com\/es\/reconstruccion-de-senos\/","url":"https:\/\/nillsestheticcenter.com\/es\/reconstruccion-de-senos\/","name":"Reconstrucci\u00f3n De Senos | Nills Aesthetic","isPartOf":{"@id":"https:\/\/nillsestheticcenter.com\/es\/#website"},"datePublished":"2020-03-11T10:09:57+00:00","dateModified":"2020-04-18T13:32:34+00:00","breadcrumb":{"@id":"https:\/\/nillsestheticcenter.com\/es\/reconstruccion-de-senos\/#breadcrumb"},"inLanguage":"tr","potentialAction":[{"@type":"ReadAction","target":["https:\/\/nillsestheticcenter.com\/es\/reconstruccion-de-senos\/"]}]},{"@type":"BreadcrumbList","@id":"https:\/\/nillsestheticcenter.com\/es\/reconstruccion-de-senos\/#breadcrumb","itemListElement":[{"@type":"ListItem","position":1,"name":"Home","item":"https:\/\/nillsestheticcenter.com\/es\/"},{"@type":"ListItem","position":2,"name":"Reconstrucci\u00f3n De Senos"}]},{"@type":"WebSite","@id":"https:\/\/nillsestheticcenter.com\/es\/#website","url":"https:\/\/nillsestheticcenter.com\/es\/","name":"Nills Aesthetic","description":"","publisher":{"@id":"https:\/\/nillsestheticcenter.com\/es\/#organization"},"potentialAction":[{"@type":"SearchAction","target":{"@type":"EntryPoint","urlTemplate":"https:\/\/nillsestheticcenter.com\/es\/?s={search_term_string}"},"query-input":{"@type":"PropertyValueSpecification","valueRequired":true,"valueName":"search_term_string"}}],"inLanguage":"tr"},{"@type":"Organization","@id":"https:\/\/nillsestheticcenter.com\/es\/#organization","name":"Nills Aesthetic","url":"https:\/\/nillsestheticcenter.com\/es\/","logo":{"@type":"ImageObject","inLanguage":"tr","@id":"https:\/\/nillsestheticcenter.com\/es\/#\/schema\/logo\/image\/","url":"https:\/\/nillsestheticcenter.com\/es\/wp-content\/uploads\/2020\/03\/logo.png","contentUrl":"https:\/\/nillsestheticcenter.com\/es\/wp-content\/uploads\/2020\/03\/logo.png","width":267,"height":93,"caption":"Nills Aesthetic"},"image":{"@id":"https:\/\/nillsestheticcenter.com\/es\/#\/schema\/logo\/image\/"}}]}},"_links":{"self":[{"href":"https:\/\/nillsestheticcenter.com\/es\/wp-json\/wp\/v2\/pages\/4392","targetHints":{"allow":["GET"]}}],"collection":[{"href":"https:\/\/nillsestheticcenter.com\/es\/wp-json\/wp\/v2\/pages"}],"about":[{"href":"https:\/\/nillsestheticcenter.com\/es\/wp-json\/wp\/v2\/types\/page"}],"author":[{"embeddable":true,"href":"https:\/\/nillsestheticcenter.com\/es\/wp-json\/wp\/v2\/users\/2"}],"replies":[{"embeddable":true,"href":"https:\/\/nillsestheticcenter.com\/es\/wp-json\/wp\/v2\/comments?post=4392"}],"version-history":[{"count":7,"href":"https:\/\/nillsestheticcenter.com\/es\/wp-json\/wp\/v2\/pages\/4392\/revisions"}],"predecessor-version":[{"id":5099,"href":"https:\/\/nillsestheticcenter.com\/es\/wp-json\/wp\/v2\/pages\/4392\/revisions\/5099"}],"wp:attachment":[{"href":"https:\/\/nillsestheticcenter.com\/es\/wp-json\/wp\/v2\/media?parent=4392"}],"curies":[{"name":"wp","href":"https:\/\/api.w.org\/{rel}","templated":true}]}}