{"id":4396,"date":"2020-03-11T13:10:28","date_gmt":"2020-03-11T10:10:28","guid":{"rendered":"https:\/\/nillsestheticcenter.com\/es\/?page_id=4396"},"modified":"2020-04-18T16:42:39","modified_gmt":"2020-04-18T13:42:39","slug":"brazo-elevador","status":"publish","type":"page","link":"https:\/\/nillsestheticcenter.com\/es\/brazo-elevador\/","title":{"rendered":"Brazo Elevador"},"content":{"rendered":"\t\t<div data-elementor-type=\"wp-post\" data-elementor-id=\"4396\" class=\"elementor elementor-4396\" data-elementor-settings=\"[]\">\n\t\t\t<div class=\"elementor-inner\">\n\t\t\t\t<div class=\"elementor-section-wrap\">\n\t\t\t\t\t\t\t<section class=\"elementor-element elementor-element-d5b672e elementor-section-content-top ov-h elementor-section-boxed elementor-section-height-default elementor-section-height-default elementor-section elementor-top-section\" data-id=\"d5b672e\" data-element_type=\"section\" data-settings=\"{&quot;ekit_section_parallax_multi&quot;:&quot;yes&quot;,&quot;ekit_section_parallax_multi_items&quot;:[{&quot;parallax_style&quot;:&quot;onscroll&quot;,&quot;item_source&quot;:&quot;image&quot;,&quot;image&quot;:{&quot;url&quot;:&quot;https:\\\/\\\/nillsestheticcenter.com\\\/es\\\/wp-content\\\/uploads\\\/2019\\\/09\\\/about-info-bg-left.png&quot;,&quot;id&quot;:1722},&quot;shape&quot;:null,&quot;shape_color&quot;:null,&quot;width_type&quot;:&quot;&quot;,&quot;width_type_tablet&quot;:&quot;&quot;,&quot;width_type_mobile&quot;:&quot;&quot;,&quot;custom_width&quot;:null,&quot;custom_width_tablet&quot;:null,&quot;custom_width_mobile&quot;:null,&quot;source_rotate&quot;:{&quot;unit&quot;:&quot;deg&quot;,&quot;size&quot;:0,&quot;sizes&quot;:[]},&quot;source_rotate_tablet&quot;:{&quot;unit&quot;:&quot;px&quot;,&quot;size&quot;:&quot;&quot;,&quot;sizes&quot;:[]},&quot;source_rotate_mobile&quot;:{&quot;unit&quot;:&quot;px&quot;,&quot;size&quot;:&quot;&quot;,&quot;sizes&quot;:[]},&quot;pos_x&quot;:{&quot;unit&quot;:&quot;%&quot;,&quot;size&quot;:0,&quot;sizes&quot;:[]},&quot;pos_x_tablet&quot;:{&quot;unit&quot;:&quot;px&quot;,&quot;size&quot;:&quot;&quot;,&quot;sizes&quot;:[]},&quot;pos_x_mobile&quot;:{&quot;unit&quot;:&quot;px&quot;,&quot;size&quot;:&quot;&quot;,&quot;sizes&quot;:[]},&quot;pos_y&quot;:{&quot;unit&quot;:&quot;%&quot;,&quot;size&quot;:0,&quot;sizes&quot;:[]},&quot;pos_y_tablet&quot;:{&quot;unit&quot;:&quot;px&quot;,&quot;size&quot;:&quot;&quot;,&quot;sizes&quot;:[]},&quot;pos_y_mobile&quot;:{&quot;unit&quot;:&quot;px&quot;,&quot;size&quot;:&quot;&quot;,&quot;sizes&quot;:[]},&quot;animation&quot;:null,&quot;animation_tablet&quot;:null,&quot;animation_mobile&quot;:null,&quot;item_opacity&quot;:&quot;1&quot;,&quot;animation_speed&quot;:null,&quot;animation_iteration_count&quot;:null,&quot;animation_direction&quot;:null,&quot;parallax_speed&quot;:null,&quot;parallax_transform&quot;:&quot;translateY&quot;,&quot;parallax_transform_value&quot;:&quot;250&quot;,&quot;smoothness&quot;:&quot;700&quot;,&quot;offsettop&quot;:&quot;0&quot;,&quot;offsetbottom&quot;:&quot;0&quot;,&quot;maxtilt&quot;:null,&quot;scale&quot;:null,&quot;disableaxis&quot;:null,&quot;zindex&quot;:0,&quot;_id&quot;:&quot;3eee3c3&quot;,&quot;parallax_blur_effect&quot;:{&quot;unit&quot;:&quot;px&quot;,&quot;size&quot;:0,&quot;sizes&quot;:[]},&quot;parallax_blur_effect_tablet&quot;:{&quot;unit&quot;:&quot;px&quot;,&quot;size&quot;:&quot;&quot;,&quot;sizes&quot;:[]},&quot;parallax_blur_effect_mobile&quot;:{&quot;unit&quot;:&quot;px&quot;,&quot;size&quot;:&quot;&quot;,&quot;sizes&quot;:[]}},{&quot;parallax_style&quot;:&quot;onscroll&quot;,&quot;item_source&quot;:&quot;image&quot;,&quot;image&quot;:{&quot;url&quot;:&quot;https:\\\/\\\/nillsestheticcenter.com\\\/es\\\/wp-content\\\/uploads\\\/2019\\\/09\\\/about-info-bg-right.png&quot;,&quot;id&quot;:1721},&quot;shape&quot;:null,&quot;shape_color&quot;:null,&quot;width_type&quot;:&quot;&quot;,&quot;width_type_tablet&quot;:&quot;&quot;,&quot;width_type_mobile&quot;:&quot;&quot;,&quot;custom_width&quot;:null,&quot;custom_width_tablet&quot;:null,&quot;custom_width_mobile&quot;:null,&quot;source_rotate&quot;:{&quot;unit&quot;:&quot;deg&quot;,&quot;size&quot;:0,&quot;sizes&quot;:[]},&quot;source_rotate_tablet&quot;:{&quot;unit&quot;:&quot;px&quot;,&quot;size&quot;:&quot;&quot;,&quot;sizes&quot;:[]},&quot;source_rotate_mobile&quot;:{&quot;unit&quot;:&quot;px&quot;,&quot;size&quot;:&quot;&quot;,&quot;sizes&quot;:[]},&quot;pos_x&quot;:{&quot;unit&quot;:&quot;%&quot;,&quot;size&quot;:90,&quot;sizes&quot;:[]},&quot;pos_x_tablet&quot;:{&quot;unit&quot;:&quot;px&quot;,&quot;size&quot;:&quot;&quot;,&quot;sizes&quot;:[]},&quot;pos_x_mobile&quot;:{&quot;unit&quot;:&quot;px&quot;,&quot;size&quot;:&quot;&quot;,&quot;sizes&quot;:[]},&quot;pos_y&quot;:{&quot;unit&quot;:&quot;px&quot;,&quot;size&quot;:-120,&quot;sizes&quot;:[]},&quot;pos_y_tablet&quot;:{&quot;unit&quot;:&quot;px&quot;,&quot;size&quot;:&quot;&quot;,&quot;sizes&quot;:[]},&quot;pos_y_mobile&quot;:{&quot;unit&quot;:&quot;px&quot;,&quot;size&quot;:&quot;&quot;,&quot;sizes&quot;:[]},&quot;animation&quot;:null,&quot;animation_tablet&quot;:null,&quot;animation_mobile&quot;:null,&quot;item_opacity&quot;:&quot;1&quot;,&quot;animation_speed&quot;:null,&quot;animation_iteration_count&quot;:null,&quot;animation_direction&quot;:null,&quot;parallax_speed&quot;:null,&quot;parallax_transform&quot;:&quot;translateY&quot;,&quot;parallax_transform_value&quot;:&quot;250&quot;,&quot;smoothness&quot;:&quot;700&quot;,&quot;offsettop&quot;:&quot;0&quot;,&quot;offsetbottom&quot;:&quot;0&quot;,&quot;maxtilt&quot;:null,&quot;scale&quot;:null,&quot;disableaxis&quot;:null,&quot;zindex&quot;:0,&quot;_id&quot;:&quot;44a7be1&quot;,&quot;parallax_blur_effect&quot;:{&quot;unit&quot;:&quot;px&quot;,&quot;size&quot;:0,&quot;sizes&quot;:[]},&quot;parallax_blur_effect_tablet&quot;:{&quot;unit&quot;:&quot;px&quot;,&quot;size&quot;:&quot;&quot;,&quot;sizes&quot;:[]},&quot;parallax_blur_effect_mobile&quot;:{&quot;unit&quot;:&quot;px&quot;,&quot;size&quot;:&quot;&quot;,&quot;sizes&quot;:[]}}]}\">\n\t\t\t\t\t\t<div class=\"elementor-container elementor-column-gap-default\">\n\t\t\t\t<div class=\"elementor-row\">\n\t\t\t\t<div class=\"elementor-element elementor-element-ac65cc9 elementor-invisible elementor-column elementor-col-100 elementor-top-column\" data-id=\"ac65cc9\" data-element_type=\"column\" data-settings=\"{&quot;animation&quot;:&quot;fadeInUp&quot;,&quot;animation_delay&quot;:300}\">\n\t\t\t<div class=\"elementor-column-wrap  elementor-element-populated\">\n\t\t\t\t\t<div class=\"elementor-widget-wrap\">\n\t\t\t\t<div class=\"elementor-element elementor-element-65a4666 elementor-widget elementor-widget-heading\" data-id=\"65a4666\" data-element_type=\"widget\" data-widget_type=\"heading.default\">\n\t\t\t\t<div class=\"elementor-widget-container\">\n\t\t\t<h2 class=\"elementor-heading-title elementor-size-default\">Brazo Elevador<\/h2>\t\t<\/div>\n\t\t\t\t<\/div>\n\t\t\t\t<div class=\"elementor-element elementor-element-27da09d short_desc elementor-widget elementor-widget-text-editor\" data-id=\"27da09d\" data-element_type=\"widget\" data-widget_type=\"text-editor.default\">\n\t\t\t\t<div class=\"elementor-widget-container\">\n\t\t\t\t\t<div class=\"elementor-text-editor elementor-clearfix\"><p>Estiramiento del brazo o la braquioplastia consiste en retirar el brazo extra del brazo superior, recontornando la forma para obtener una apariencia m\u00e1satractiva. Las fluctuaciones en el peso, el envejecimiento y la herencia pueden hacer que la parte superior de los brazos tenga una apariencia ca\u00edda o ca\u00edda. Esta es una condici\u00f3n que no se puede corregir a trav\u00e9s del ejercicio.<\/p><\/div>\n\t\t\t\t<\/div>\n\t\t\t\t<\/div>\n\t\t\t\t\t\t<\/div>\n\t\t\t<\/div>\n\t\t<\/div>\n\t\t\t\t\t\t<\/div>\n\t\t\t<\/div>\n\t\t<\/section>\n\t\t\t\t\t\t<\/div>\n\t\t\t<\/div>\n\t\t<\/div>\n\t\t","protected":false},"excerpt":{"rendered":"<p>Brazo Elevador Estiramiento del brazo o la braquioplastia consiste en retirar el brazo extra del brazo superior, recontornando la forma para obtener una apariencia m\u00e1satractiva. Las fluctuaciones en el peso, el envejecimiento y la herencia pueden hacer que la parte superior de los brazos tenga una apariencia ca\u00edda o ca\u00edda. Esta es una condici\u00f3n que [&hellip;]<\/p>\n","protected":false},"author":2,"featured_media":0,"parent":0,"menu_order":0,"comment_status":"closed","ping_status":"closed","template":"template\/template-page.php","meta":{"footnotes":""},"class_list":["post-4396","page","type-page","status-publish","hentry"],"yoast_head":"<!-- This site is optimized with the Yoast SEO plugin v26.6 - https:\/\/yoast.com\/wordpress\/plugins\/seo\/ -->\n<title>Brazo Elevador | Nills Aesthetic<\/title>\n<meta name=\"robots\" content=\"index, follow, max-snippet:-1, max-image-preview:large, max-video-preview:-1\" \/>\n<link rel=\"canonical\" href=\"https:\/\/nillsestheticcenter.com\/es\/brazo-elevador\/\" \/>\n<meta property=\"og:locale\" content=\"tr_TR\" \/>\n<meta property=\"og:type\" content=\"article\" \/>\n<meta property=\"og:title\" content=\"Brazo Elevador | Nills Aesthetic\" \/>\n<meta property=\"og:description\" content=\"Brazo Elevador Estiramiento del brazo o la braquioplastia consiste en retirar el brazo extra del brazo superior, recontornando la forma para obtener una apariencia m\u00e1satractiva. Las fluctuaciones en el peso, el envejecimiento y la herencia pueden hacer que la parte superior de los brazos tenga una apariencia ca\u00edda o ca\u00edda. Esta es una condici\u00f3n que [&hellip;]\" \/>\n<meta property=\"og:url\" content=\"https:\/\/nillsestheticcenter.com\/es\/brazo-elevador\/\" \/>\n<meta property=\"og:site_name\" content=\"Nills Aesthetic\" \/>\n<meta property=\"article:modified_time\" content=\"2020-04-18T13:42:39+00:00\" \/>\n<meta name=\"twitter:card\" content=\"summary_large_image\" \/>\n<script type=\"application\/ld+json\" class=\"yoast-schema-graph\">{\"@context\":\"https:\/\/schema.org\",\"@graph\":[{\"@type\":\"WebPage\",\"@id\":\"https:\/\/nillsestheticcenter.com\/es\/brazo-elevador\/\",\"url\":\"https:\/\/nillsestheticcenter.com\/es\/brazo-elevador\/\",\"name\":\"Brazo Elevador | Nills Aesthetic\",\"isPartOf\":{\"@id\":\"https:\/\/nillsestheticcenter.com\/es\/#website\"},\"datePublished\":\"2020-03-11T10:10:28+00:00\",\"dateModified\":\"2020-04-18T13:42:39+00:00\",\"breadcrumb\":{\"@id\":\"https:\/\/nillsestheticcenter.com\/es\/brazo-elevador\/#breadcrumb\"},\"inLanguage\":\"tr\",\"potentialAction\":[{\"@type\":\"ReadAction\",\"target\":[\"https:\/\/nillsestheticcenter.com\/es\/brazo-elevador\/\"]}]},{\"@type\":\"BreadcrumbList\",\"@id\":\"https:\/\/nillsestheticcenter.com\/es\/brazo-elevador\/#breadcrumb\",\"itemListElement\":[{\"@type\":\"ListItem\",\"position\":1,\"name\":\"Home\",\"item\":\"https:\/\/nillsestheticcenter.com\/es\/\"},{\"@type\":\"ListItem\",\"position\":2,\"name\":\"Brazo Elevador\"}]},{\"@type\":\"WebSite\",\"@id\":\"https:\/\/nillsestheticcenter.com\/es\/#website\",\"url\":\"https:\/\/nillsestheticcenter.com\/es\/\",\"name\":\"Nills Aesthetic\",\"description\":\"\",\"publisher\":{\"@id\":\"https:\/\/nillsestheticcenter.com\/es\/#organization\"},\"potentialAction\":[{\"@type\":\"SearchAction\",\"target\":{\"@type\":\"EntryPoint\",\"urlTemplate\":\"https:\/\/nillsestheticcenter.com\/es\/?s={search_term_string}\"},\"query-input\":{\"@type\":\"PropertyValueSpecification\",\"valueRequired\":true,\"valueName\":\"search_term_string\"}}],\"inLanguage\":\"tr\"},{\"@type\":\"Organization\",\"@id\":\"https:\/\/nillsestheticcenter.com\/es\/#organization\",\"name\":\"Nills Aesthetic\",\"url\":\"https:\/\/nillsestheticcenter.com\/es\/\",\"logo\":{\"@type\":\"ImageObject\",\"inLanguage\":\"tr\",\"@id\":\"https:\/\/nillsestheticcenter.com\/es\/#\/schema\/logo\/image\/\",\"url\":\"https:\/\/nillsestheticcenter.com\/es\/wp-content\/uploads\/2020\/03\/logo.png\",\"contentUrl\":\"https:\/\/nillsestheticcenter.com\/es\/wp-content\/uploads\/2020\/03\/logo.png\",\"width\":267,\"height\":93,\"caption\":\"Nills Aesthetic\"},\"image\":{\"@id\":\"https:\/\/nillsestheticcenter.com\/es\/#\/schema\/logo\/image\/\"}}]}<\/script>\n<!-- \/ Yoast SEO plugin. -->","yoast_head_json":{"title":"Brazo Elevador | Nills Aesthetic","robots":{"index":"index","follow":"follow","max-snippet":"max-snippet:-1","max-image-preview":"max-image-preview:large","max-video-preview":"max-video-preview:-1"},"canonical":"https:\/\/nillsestheticcenter.com\/es\/brazo-elevador\/","og_locale":"tr_TR","og_type":"article","og_title":"Brazo Elevador | Nills Aesthetic","og_description":"Brazo Elevador Estiramiento del brazo o la braquioplastia consiste en retirar el brazo extra del brazo superior, recontornando la forma para obtener una apariencia m\u00e1satractiva. Las fluctuaciones en el peso, el envejecimiento y la herencia pueden hacer que la parte superior de los brazos tenga una apariencia ca\u00edda o ca\u00edda. Esta es una condici\u00f3n que [&hellip;]","og_url":"https:\/\/nillsestheticcenter.com\/es\/brazo-elevador\/","og_site_name":"Nills Aesthetic","article_modified_time":"2020-04-18T13:42:39+00:00","twitter_card":"summary_large_image","schema":{"@context":"https:\/\/schema.org","@graph":[{"@type":"WebPage","@id":"https:\/\/nillsestheticcenter.com\/es\/brazo-elevador\/","url":"https:\/\/nillsestheticcenter.com\/es\/brazo-elevador\/","name":"Brazo Elevador | Nills Aesthetic","isPartOf":{"@id":"https:\/\/nillsestheticcenter.com\/es\/#website"},"datePublished":"2020-03-11T10:10:28+00:00","dateModified":"2020-04-18T13:42:39+00:00","breadcrumb":{"@id":"https:\/\/nillsestheticcenter.com\/es\/brazo-elevador\/#breadcrumb"},"inLanguage":"tr","potentialAction":[{"@type":"ReadAction","target":["https:\/\/nillsestheticcenter.com\/es\/brazo-elevador\/"]}]},{"@type":"BreadcrumbList","@id":"https:\/\/nillsestheticcenter.com\/es\/brazo-elevador\/#breadcrumb","itemListElement":[{"@type":"ListItem","position":1,"name":"Home","item":"https:\/\/nillsestheticcenter.com\/es\/"},{"@type":"ListItem","position":2,"name":"Brazo Elevador"}]},{"@type":"WebSite","@id":"https:\/\/nillsestheticcenter.com\/es\/#website","url":"https:\/\/nillsestheticcenter.com\/es\/","name":"Nills Aesthetic","description":"","publisher":{"@id":"https:\/\/nillsestheticcenter.com\/es\/#organization"},"potentialAction":[{"@type":"SearchAction","target":{"@type":"EntryPoint","urlTemplate":"https:\/\/nillsestheticcenter.com\/es\/?s={search_term_string}"},"query-input":{"@type":"PropertyValueSpecification","valueRequired":true,"valueName":"search_term_string"}}],"inLanguage":"tr"},{"@type":"Organization","@id":"https:\/\/nillsestheticcenter.com\/es\/#organization","name":"Nills Aesthetic","url":"https:\/\/nillsestheticcenter.com\/es\/","logo":{"@type":"ImageObject","inLanguage":"tr","@id":"https:\/\/nillsestheticcenter.com\/es\/#\/schema\/logo\/image\/","url":"https:\/\/nillsestheticcenter.com\/es\/wp-content\/uploads\/2020\/03\/logo.png","contentUrl":"https:\/\/nillsestheticcenter.com\/es\/wp-content\/uploads\/2020\/03\/logo.png","width":267,"height":93,"caption":"Nills Aesthetic"},"image":{"@id":"https:\/\/nillsestheticcenter.com\/es\/#\/schema\/logo\/image\/"}}]}},"_links":{"self":[{"href":"https:\/\/nillsestheticcenter.com\/es\/wp-json\/wp\/v2\/pages\/4396","targetHints":{"allow":["GET"]}}],"collection":[{"href":"https:\/\/nillsestheticcenter.com\/es\/wp-json\/wp\/v2\/pages"}],"about":[{"href":"https:\/\/nillsestheticcenter.com\/es\/wp-json\/wp\/v2\/types\/page"}],"author":[{"embeddable":true,"href":"https:\/\/nillsestheticcenter.com\/es\/wp-json\/wp\/v2\/users\/2"}],"replies":[{"embeddable":true,"href":"https:\/\/nillsestheticcenter.com\/es\/wp-json\/wp\/v2\/comments?post=4396"}],"version-history":[{"count":7,"href":"https:\/\/nillsestheticcenter.com\/es\/wp-json\/wp\/v2\/pages\/4396\/revisions"}],"predecessor-version":[{"id":5111,"href":"https:\/\/nillsestheticcenter.com\/es\/wp-json\/wp\/v2\/pages\/4396\/revisions\/5111"}],"wp:attachment":[{"href":"https:\/\/nillsestheticcenter.com\/es\/wp-json\/wp\/v2\/media?parent=4396"}],"curies":[{"name":"wp","href":"https:\/\/api.w.org\/{rel}","templated":true}]}}