{"id":4412,"date":"2020-03-11T13:13:26","date_gmt":"2020-03-11T10:13:26","guid":{"rendered":"https:\/\/nillsestheticcenter.com\/es\/?page_id=4412"},"modified":"2020-04-20T09:40:34","modified_gmt":"2020-04-20T06:40:34","slug":"prp","status":"publish","type":"page","link":"https:\/\/nillsestheticcenter.com\/es\/prp\/","title":{"rendered":"PRP"},"content":{"rendered":"\t\t<div data-elementor-type=\"wp-post\" data-elementor-id=\"4412\" class=\"elementor elementor-4412\" data-elementor-settings=\"[]\">\n\t\t\t<div class=\"elementor-inner\">\n\t\t\t\t<div class=\"elementor-section-wrap\">\n\t\t\t\t\t\t\t<section class=\"elementor-element elementor-element-d5b672e elementor-section-content-top ov-h elementor-section-boxed elementor-section-height-default elementor-section-height-default elementor-section elementor-top-section\" data-id=\"d5b672e\" data-element_type=\"section\" data-settings=\"{&quot;ekit_section_parallax_multi&quot;:&quot;yes&quot;,&quot;ekit_section_parallax_multi_items&quot;:[{&quot;parallax_style&quot;:&quot;onscroll&quot;,&quot;item_source&quot;:&quot;image&quot;,&quot;image&quot;:{&quot;url&quot;:&quot;https:\\\/\\\/nillsestheticcenter.com\\\/es\\\/wp-content\\\/uploads\\\/2019\\\/09\\\/about-info-bg-left.png&quot;,&quot;id&quot;:1722},&quot;shape&quot;:null,&quot;shape_color&quot;:null,&quot;width_type&quot;:&quot;&quot;,&quot;width_type_tablet&quot;:&quot;&quot;,&quot;width_type_mobile&quot;:&quot;&quot;,&quot;custom_width&quot;:null,&quot;custom_width_tablet&quot;:null,&quot;custom_width_mobile&quot;:null,&quot;source_rotate&quot;:{&quot;unit&quot;:&quot;deg&quot;,&quot;size&quot;:0,&quot;sizes&quot;:[]},&quot;source_rotate_tablet&quot;:{&quot;unit&quot;:&quot;px&quot;,&quot;size&quot;:&quot;&quot;,&quot;sizes&quot;:[]},&quot;source_rotate_mobile&quot;:{&quot;unit&quot;:&quot;px&quot;,&quot;size&quot;:&quot;&quot;,&quot;sizes&quot;:[]},&quot;pos_x&quot;:{&quot;unit&quot;:&quot;%&quot;,&quot;size&quot;:0,&quot;sizes&quot;:[]},&quot;pos_x_tablet&quot;:{&quot;unit&quot;:&quot;px&quot;,&quot;size&quot;:&quot;&quot;,&quot;sizes&quot;:[]},&quot;pos_x_mobile&quot;:{&quot;unit&quot;:&quot;px&quot;,&quot;size&quot;:&quot;&quot;,&quot;sizes&quot;:[]},&quot;pos_y&quot;:{&quot;unit&quot;:&quot;%&quot;,&quot;size&quot;:0,&quot;sizes&quot;:[]},&quot;pos_y_tablet&quot;:{&quot;unit&quot;:&quot;px&quot;,&quot;size&quot;:&quot;&quot;,&quot;sizes&quot;:[]},&quot;pos_y_mobile&quot;:{&quot;unit&quot;:&quot;px&quot;,&quot;size&quot;:&quot;&quot;,&quot;sizes&quot;:[]},&quot;animation&quot;:null,&quot;animation_tablet&quot;:null,&quot;animation_mobile&quot;:null,&quot;item_opacity&quot;:&quot;1&quot;,&quot;animation_speed&quot;:null,&quot;animation_iteration_count&quot;:null,&quot;animation_direction&quot;:null,&quot;parallax_speed&quot;:null,&quot;parallax_transform&quot;:&quot;translateY&quot;,&quot;parallax_transform_value&quot;:&quot;250&quot;,&quot;smoothness&quot;:&quot;700&quot;,&quot;offsettop&quot;:&quot;0&quot;,&quot;offsetbottom&quot;:&quot;0&quot;,&quot;maxtilt&quot;:null,&quot;scale&quot;:null,&quot;disableaxis&quot;:null,&quot;zindex&quot;:0,&quot;_id&quot;:&quot;3eee3c3&quot;,&quot;parallax_blur_effect&quot;:{&quot;unit&quot;:&quot;px&quot;,&quot;size&quot;:0,&quot;sizes&quot;:[]},&quot;parallax_blur_effect_tablet&quot;:{&quot;unit&quot;:&quot;px&quot;,&quot;size&quot;:&quot;&quot;,&quot;sizes&quot;:[]},&quot;parallax_blur_effect_mobile&quot;:{&quot;unit&quot;:&quot;px&quot;,&quot;size&quot;:&quot;&quot;,&quot;sizes&quot;:[]}},{&quot;parallax_style&quot;:&quot;onscroll&quot;,&quot;item_source&quot;:&quot;image&quot;,&quot;image&quot;:{&quot;url&quot;:&quot;https:\\\/\\\/nillsestheticcenter.com\\\/es\\\/wp-content\\\/uploads\\\/2019\\\/09\\\/about-info-bg-right.png&quot;,&quot;id&quot;:1721},&quot;shape&quot;:null,&quot;shape_color&quot;:null,&quot;width_type&quot;:&quot;&quot;,&quot;width_type_tablet&quot;:&quot;&quot;,&quot;width_type_mobile&quot;:&quot;&quot;,&quot;custom_width&quot;:null,&quot;custom_width_tablet&quot;:null,&quot;custom_width_mobile&quot;:null,&quot;source_rotate&quot;:{&quot;unit&quot;:&quot;deg&quot;,&quot;size&quot;:0,&quot;sizes&quot;:[]},&quot;source_rotate_tablet&quot;:{&quot;unit&quot;:&quot;px&quot;,&quot;size&quot;:&quot;&quot;,&quot;sizes&quot;:[]},&quot;source_rotate_mobile&quot;:{&quot;unit&quot;:&quot;px&quot;,&quot;size&quot;:&quot;&quot;,&quot;sizes&quot;:[]},&quot;pos_x&quot;:{&quot;unit&quot;:&quot;%&quot;,&quot;size&quot;:90,&quot;sizes&quot;:[]},&quot;pos_x_tablet&quot;:{&quot;unit&quot;:&quot;px&quot;,&quot;size&quot;:&quot;&quot;,&quot;sizes&quot;:[]},&quot;pos_x_mobile&quot;:{&quot;unit&quot;:&quot;px&quot;,&quot;size&quot;:&quot;&quot;,&quot;sizes&quot;:[]},&quot;pos_y&quot;:{&quot;unit&quot;:&quot;px&quot;,&quot;size&quot;:-120,&quot;sizes&quot;:[]},&quot;pos_y_tablet&quot;:{&quot;unit&quot;:&quot;px&quot;,&quot;size&quot;:&quot;&quot;,&quot;sizes&quot;:[]},&quot;pos_y_mobile&quot;:{&quot;unit&quot;:&quot;px&quot;,&quot;size&quot;:&quot;&quot;,&quot;sizes&quot;:[]},&quot;animation&quot;:null,&quot;animation_tablet&quot;:null,&quot;animation_mobile&quot;:null,&quot;item_opacity&quot;:&quot;1&quot;,&quot;animation_speed&quot;:null,&quot;animation_iteration_count&quot;:null,&quot;animation_direction&quot;:null,&quot;parallax_speed&quot;:null,&quot;parallax_transform&quot;:&quot;translateY&quot;,&quot;parallax_transform_value&quot;:&quot;250&quot;,&quot;smoothness&quot;:&quot;700&quot;,&quot;offsettop&quot;:&quot;0&quot;,&quot;offsetbottom&quot;:&quot;0&quot;,&quot;maxtilt&quot;:null,&quot;scale&quot;:null,&quot;disableaxis&quot;:null,&quot;zindex&quot;:0,&quot;_id&quot;:&quot;44a7be1&quot;,&quot;parallax_blur_effect&quot;:{&quot;unit&quot;:&quot;px&quot;,&quot;size&quot;:0,&quot;sizes&quot;:[]},&quot;parallax_blur_effect_tablet&quot;:{&quot;unit&quot;:&quot;px&quot;,&quot;size&quot;:&quot;&quot;,&quot;sizes&quot;:[]},&quot;parallax_blur_effect_mobile&quot;:{&quot;unit&quot;:&quot;px&quot;,&quot;size&quot;:&quot;&quot;,&quot;sizes&quot;:[]}}]}\">\n\t\t\t\t\t\t<div class=\"elementor-container elementor-column-gap-default\">\n\t\t\t\t<div class=\"elementor-row\">\n\t\t\t\t<div class=\"elementor-element elementor-element-ac65cc9 elementor-invisible elementor-column elementor-col-100 elementor-top-column\" data-id=\"ac65cc9\" data-element_type=\"column\" data-settings=\"{&quot;animation&quot;:&quot;fadeInUp&quot;,&quot;animation_delay&quot;:300}\">\n\t\t\t<div class=\"elementor-column-wrap  elementor-element-populated\">\n\t\t\t\t\t<div class=\"elementor-widget-wrap\">\n\t\t\t\t<div class=\"elementor-element elementor-element-65a4666 elementor-widget elementor-widget-heading\" data-id=\"65a4666\" data-element_type=\"widget\" data-widget_type=\"heading.default\">\n\t\t\t\t<div class=\"elementor-widget-container\">\n\t\t\t<h2 class=\"elementor-heading-title elementor-size-default\">PRP<\/h2>\t\t<\/div>\n\t\t\t\t<\/div>\n\t\t\t\t<div class=\"elementor-element elementor-element-27da09d short_desc elementor-widget elementor-widget-text-editor\" data-id=\"27da09d\" data-element_type=\"widget\" data-widget_type=\"text-editor.default\">\n\t\t\t\t<div class=\"elementor-widget-container\">\n\t\t\t\t\t<div class=\"elementor-text-editor elementor-clearfix\"><div class=\"wpb_text_column wpb_content_element \"><div class=\"wpb_wrapper\"><p>El PRP se puede utilizar solo o en combinaci\u00f3n con otros m\u00e9todos de regeneraci\u00f3n para la flacidez, arrugas, cicatrices, cicatrices de acn\u00e9 y tratamiento capilar.<\/p><table width=\"971\"><tbody><tr><td width=\"473\">\u00bfC\u00f3mo se administra el tratamiento de PRP?<\/td><\/tr><tr><td width=\"473\">El plasma derivado de la propia sangre se utiliza en el tratamiento de la PRP.<\/td><\/tr><tr><td width=\"473\">Este plasma se inyecta debajo de la piel con la ayuda de peque\u00f1as agujas.<\/td><\/tr><tr><td width=\"473\">Despu\u00e9s de aplicar l\u00e1ser fraccional, radiofrecuencia fraccional y microagujas, se aplica suero PRP en la piel.<\/td><\/tr><tr><td width=\"473\">Debido a la apertura de los poros, el suero PRP es f\u00e1cilmente absorbido por la piel.<\/td><\/tr><tr><td width=\"473\">\u00bfCon qu\u00e9 frecuencia se puede administrar el PRP?<\/td><\/tr><tr><td width=\"473\">El tratamiento de PRP se realiza durante 3-4 sesiones y deja un intervalo de 2-4 semanas entre sesiones.<\/td><\/tr><tr><td width=\"473\">Se puede repetir 3-6 meses despu\u00e9s de la aplicaci\u00f3n.<\/td><\/tr><tr><td width=\"473\">\u00bfA qui\u00e9n no se aplica el PRP?<\/td><\/tr><tr><td width=\"473\">El tratamiento de PRP no se aplica a las personas embarazadas y lactantes que usan anticoagulantes y que tienen antecedentes de enfermedad de la sangre, c\u00e1ncer, infecci\u00f3n e inflamaci\u00f3n en el \u00e1rea a tratar.<\/td><\/tr><tr><td width=\"473\">\u00bfCu\u00e1nto tiempo tarda el PRP?<\/td><\/tr><tr><td width=\"473\">La preparaci\u00f3n del PRP toma aproximadamente de 8 a 15 minutos despu\u00e9s de la extracci\u00f3n de sangre.<\/td><\/tr><tr><td width=\"473\">La aplicaci\u00f3n de PRP a la piel toma entre 10 y 20 minutos.<\/td><\/tr><tr><td width=\"473\">\u00bfSe siente dolor durante la administraci\u00f3n del PRP?<\/td><\/tr><tr><td width=\"473\">Antes de la administraci\u00f3n de PRP, se aplica anestesia local y se anestesia con una crema anest\u00e9sica.<\/td><\/tr><tr><td width=\"473\">Como el PRP se administra con agujas diminutas, el dolor no se siente mucho.<\/td><\/tr><tr><td width=\"473\">\u00bfDurante cu\u00e1nto tiempo se presentar\u00e1n los resultados del tratamiento con PRP?<\/td><\/tr><tr><td width=\"473\">Inmediatamente despu\u00e9s del tratamiento de PRP, el efecto de brillo y renacimiento del color de la piel puede ser notado inmediatamente.<\/td><\/tr><tr><td width=\"473\">Tomar\u00e1 tiempo para que los resultados del tratamiento sean revelados completamente.<\/td><\/tr><tr><td width=\"473\">La raz\u00f3n principal de esto es que el tratamiento con PRP se basa en la renovaci\u00f3n de la piel misma.<\/td><\/tr><tr><td width=\"473\">\u00bfExisten efectos secundarios de la PRP?<\/td><\/tr><tr><td width=\"473\">No se esperan efectos secundarios en la administraci\u00f3n de PRP.<\/td><\/tr><tr><td width=\"473\">Esto se debe a que la aplicaci\u00f3n se hace con la propia sangre.<\/td><\/tr><tr><td width=\"473\">Asimismo, el riesgo de alergias es muy bajo.<\/td><\/tr><tr><td width=\"473\">\u00bfAfecta el PRP a la vida laboral y social?<\/td><\/tr><tr><td width=\"473\">Inmediatamente despu\u00e9s del tratamiento de PRP, la persona puede regresar a su vida normal.<\/td><\/tr><tr><td width=\"473\">Una imagen que puede dificultar la vida social ciertamente no se forma, pero al d\u00eda siguiente del procedimiento, se pueden formar peque\u00f1os moretones temporales en el lugar de la aplicaci\u00f3n.<\/td><\/tr><tr><td width=\"473\">Usar cremas con vitaminas K y aplicar fr\u00edo despu\u00e9s del procedimiento y mitigar estos efectos.<\/td><\/tr><tr><td width=\"473\">Adem\u00e1s, estos moretones se pueden cubrir f\u00e1cilmente con maquillaje corrector.<\/td><\/tr><tr><td width=\"473\">\u00bfCu\u00e1nto dura el efecto del tratamiento con PRP?<\/td><\/tr><tr><td width=\"473\">El efecto positivo del tratamiento de PRP en su piel ocurre en 3-6 meses y dura de 1-1.5 a\u00f1os.<\/td><\/tr><tr><td width=\"473\">\u00bfSe puede utilizar con PRP y otros m\u00e9todos de rejuvenecimiento cut\u00e1neo?<\/td><\/tr><tr><td width=\"473\">El PRP se aplica junto con l\u00e1ser, radiofrecuencia, tratamientos de luz, mesoterapia y microagujas.<\/td><\/tr><tr><td width=\"473\">Adem\u00e1s, se sabe que estos m\u00e9todos aumentan la eficacia del PRP y acortan los tiempos de recuperaci\u00f3n.<\/td><\/tr><tr><td width=\"473\">\u00bfCu\u00e1les son las cosas que hay que tener en cuenta despu\u00e9s del PRP?<\/td><\/tr><tr><td width=\"473\">Las personas deben estar protegidas del sol durante el procedimiento de PRP y no deben tomar un ba\u00f1o caliente.<\/td><\/tr><\/tbody><\/table><\/div><\/div><\/div>\n\t\t\t\t<\/div>\n\t\t\t\t<\/div>\n\t\t\t\t\t\t<\/div>\n\t\t\t<\/div>\n\t\t<\/div>\n\t\t\t\t\t\t<\/div>\n\t\t\t<\/div>\n\t\t<\/section>\n\t\t\t\t\t\t<\/div>\n\t\t\t<\/div>\n\t\t<\/div>\n\t\t","protected":false},"excerpt":{"rendered":"<p>PRP El PRP se puede utilizar solo o en combinaci\u00f3n con otros m\u00e9todos de regeneraci\u00f3n para la flacidez, arrugas, cicatrices, cicatrices de acn\u00e9 y tratamiento capilar. \u00bfC\u00f3mo se administra el tratamiento de PRP? El plasma derivado de la propia sangre se utiliza en el tratamiento de la PRP. Este plasma se inyecta debajo de la [&hellip;]<\/p>\n","protected":false},"author":2,"featured_media":0,"parent":0,"menu_order":0,"comment_status":"closed","ping_status":"closed","template":"template\/template-page.php","meta":{"footnotes":""},"class_list":["post-4412","page","type-page","status-publish","hentry"],"yoast_head":"<!-- This site is optimized with the Yoast SEO plugin v26.6 - https:\/\/yoast.com\/wordpress\/plugins\/seo\/ -->\n<title>PRP | Nills Aesthetic<\/title>\n<meta name=\"robots\" content=\"index, follow, max-snippet:-1, max-image-preview:large, max-video-preview:-1\" \/>\n<link rel=\"canonical\" href=\"https:\/\/nillsestheticcenter.com\/es\/prp\/\" \/>\n<meta property=\"og:locale\" content=\"tr_TR\" \/>\n<meta property=\"og:type\" content=\"article\" \/>\n<meta property=\"og:title\" content=\"PRP | Nills Aesthetic\" \/>\n<meta property=\"og:description\" content=\"PRP El PRP se puede utilizar solo o en combinaci\u00f3n con otros m\u00e9todos de regeneraci\u00f3n para la flacidez, arrugas, cicatrices, cicatrices de acn\u00e9 y tratamiento capilar. \u00bfC\u00f3mo se administra el tratamiento de PRP? El plasma derivado de la propia sangre se utiliza en el tratamiento de la PRP. Este plasma se inyecta debajo de la [&hellip;]\" \/>\n<meta property=\"og:url\" content=\"https:\/\/nillsestheticcenter.com\/es\/prp\/\" \/>\n<meta property=\"og:site_name\" content=\"Nills Aesthetic\" \/>\n<meta property=\"article:modified_time\" content=\"2020-04-20T06:40:34+00:00\" \/>\n<meta name=\"twitter:card\" content=\"summary_large_image\" \/>\n<meta name=\"twitter:label1\" content=\"Tahmini okuma s\u00fcresi\" \/>\n\t<meta name=\"twitter:data1\" content=\"3 dakika\" \/>\n<script type=\"application\/ld+json\" class=\"yoast-schema-graph\">{\"@context\":\"https:\/\/schema.org\",\"@graph\":[{\"@type\":\"WebPage\",\"@id\":\"https:\/\/nillsestheticcenter.com\/es\/prp\/\",\"url\":\"https:\/\/nillsestheticcenter.com\/es\/prp\/\",\"name\":\"PRP | Nills Aesthetic\",\"isPartOf\":{\"@id\":\"https:\/\/nillsestheticcenter.com\/es\/#website\"},\"datePublished\":\"2020-03-11T10:13:26+00:00\",\"dateModified\":\"2020-04-20T06:40:34+00:00\",\"breadcrumb\":{\"@id\":\"https:\/\/nillsestheticcenter.com\/es\/prp\/#breadcrumb\"},\"inLanguage\":\"tr\",\"potentialAction\":[{\"@type\":\"ReadAction\",\"target\":[\"https:\/\/nillsestheticcenter.com\/es\/prp\/\"]}]},{\"@type\":\"BreadcrumbList\",\"@id\":\"https:\/\/nillsestheticcenter.com\/es\/prp\/#breadcrumb\",\"itemListElement\":[{\"@type\":\"ListItem\",\"position\":1,\"name\":\"Home\",\"item\":\"https:\/\/nillsestheticcenter.com\/es\/\"},{\"@type\":\"ListItem\",\"position\":2,\"name\":\"PRP\"}]},{\"@type\":\"WebSite\",\"@id\":\"https:\/\/nillsestheticcenter.com\/es\/#website\",\"url\":\"https:\/\/nillsestheticcenter.com\/es\/\",\"name\":\"Nills Aesthetic\",\"description\":\"\",\"publisher\":{\"@id\":\"https:\/\/nillsestheticcenter.com\/es\/#organization\"},\"potentialAction\":[{\"@type\":\"SearchAction\",\"target\":{\"@type\":\"EntryPoint\",\"urlTemplate\":\"https:\/\/nillsestheticcenter.com\/es\/?s={search_term_string}\"},\"query-input\":{\"@type\":\"PropertyValueSpecification\",\"valueRequired\":true,\"valueName\":\"search_term_string\"}}],\"inLanguage\":\"tr\"},{\"@type\":\"Organization\",\"@id\":\"https:\/\/nillsestheticcenter.com\/es\/#organization\",\"name\":\"Nills Aesthetic\",\"url\":\"https:\/\/nillsestheticcenter.com\/es\/\",\"logo\":{\"@type\":\"ImageObject\",\"inLanguage\":\"tr\",\"@id\":\"https:\/\/nillsestheticcenter.com\/es\/#\/schema\/logo\/image\/\",\"url\":\"https:\/\/nillsestheticcenter.com\/es\/wp-content\/uploads\/2020\/03\/logo.png\",\"contentUrl\":\"https:\/\/nillsestheticcenter.com\/es\/wp-content\/uploads\/2020\/03\/logo.png\",\"width\":267,\"height\":93,\"caption\":\"Nills Aesthetic\"},\"image\":{\"@id\":\"https:\/\/nillsestheticcenter.com\/es\/#\/schema\/logo\/image\/\"}}]}<\/script>\n<!-- \/ Yoast SEO plugin. -->","yoast_head_json":{"title":"PRP | Nills Aesthetic","robots":{"index":"index","follow":"follow","max-snippet":"max-snippet:-1","max-image-preview":"max-image-preview:large","max-video-preview":"max-video-preview:-1"},"canonical":"https:\/\/nillsestheticcenter.com\/es\/prp\/","og_locale":"tr_TR","og_type":"article","og_title":"PRP | Nills Aesthetic","og_description":"PRP El PRP se puede utilizar solo o en combinaci\u00f3n con otros m\u00e9todos de regeneraci\u00f3n para la flacidez, arrugas, cicatrices, cicatrices de acn\u00e9 y tratamiento capilar. \u00bfC\u00f3mo se administra el tratamiento de PRP? El plasma derivado de la propia sangre se utiliza en el tratamiento de la PRP. Este plasma se inyecta debajo de la [&hellip;]","og_url":"https:\/\/nillsestheticcenter.com\/es\/prp\/","og_site_name":"Nills Aesthetic","article_modified_time":"2020-04-20T06:40:34+00:00","twitter_card":"summary_large_image","twitter_misc":{"Tahmini okuma s\u00fcresi":"3 dakika"},"schema":{"@context":"https:\/\/schema.org","@graph":[{"@type":"WebPage","@id":"https:\/\/nillsestheticcenter.com\/es\/prp\/","url":"https:\/\/nillsestheticcenter.com\/es\/prp\/","name":"PRP | Nills Aesthetic","isPartOf":{"@id":"https:\/\/nillsestheticcenter.com\/es\/#website"},"datePublished":"2020-03-11T10:13:26+00:00","dateModified":"2020-04-20T06:40:34+00:00","breadcrumb":{"@id":"https:\/\/nillsestheticcenter.com\/es\/prp\/#breadcrumb"},"inLanguage":"tr","potentialAction":[{"@type":"ReadAction","target":["https:\/\/nillsestheticcenter.com\/es\/prp\/"]}]},{"@type":"BreadcrumbList","@id":"https:\/\/nillsestheticcenter.com\/es\/prp\/#breadcrumb","itemListElement":[{"@type":"ListItem","position":1,"name":"Home","item":"https:\/\/nillsestheticcenter.com\/es\/"},{"@type":"ListItem","position":2,"name":"PRP"}]},{"@type":"WebSite","@id":"https:\/\/nillsestheticcenter.com\/es\/#website","url":"https:\/\/nillsestheticcenter.com\/es\/","name":"Nills Aesthetic","description":"","publisher":{"@id":"https:\/\/nillsestheticcenter.com\/es\/#organization"},"potentialAction":[{"@type":"SearchAction","target":{"@type":"EntryPoint","urlTemplate":"https:\/\/nillsestheticcenter.com\/es\/?s={search_term_string}"},"query-input":{"@type":"PropertyValueSpecification","valueRequired":true,"valueName":"search_term_string"}}],"inLanguage":"tr"},{"@type":"Organization","@id":"https:\/\/nillsestheticcenter.com\/es\/#organization","name":"Nills Aesthetic","url":"https:\/\/nillsestheticcenter.com\/es\/","logo":{"@type":"ImageObject","inLanguage":"tr","@id":"https:\/\/nillsestheticcenter.com\/es\/#\/schema\/logo\/image\/","url":"https:\/\/nillsestheticcenter.com\/es\/wp-content\/uploads\/2020\/03\/logo.png","contentUrl":"https:\/\/nillsestheticcenter.com\/es\/wp-content\/uploads\/2020\/03\/logo.png","width":267,"height":93,"caption":"Nills Aesthetic"},"image":{"@id":"https:\/\/nillsestheticcenter.com\/es\/#\/schema\/logo\/image\/"}}]}},"_links":{"self":[{"href":"https:\/\/nillsestheticcenter.com\/es\/wp-json\/wp\/v2\/pages\/4412","targetHints":{"allow":["GET"]}}],"collection":[{"href":"https:\/\/nillsestheticcenter.com\/es\/wp-json\/wp\/v2\/pages"}],"about":[{"href":"https:\/\/nillsestheticcenter.com\/es\/wp-json\/wp\/v2\/types\/page"}],"author":[{"embeddable":true,"href":"https:\/\/nillsestheticcenter.com\/es\/wp-json\/wp\/v2\/users\/2"}],"replies":[{"embeddable":true,"href":"https:\/\/nillsestheticcenter.com\/es\/wp-json\/wp\/v2\/comments?post=4412"}],"version-history":[{"count":7,"href":"https:\/\/nillsestheticcenter.com\/es\/wp-json\/wp\/v2\/pages\/4412\/revisions"}],"predecessor-version":[{"id":5122,"href":"https:\/\/nillsestheticcenter.com\/es\/wp-json\/wp\/v2\/pages\/4412\/revisions\/5122"}],"wp:attachment":[{"href":"https:\/\/nillsestheticcenter.com\/es\/wp-json\/wp\/v2\/media?parent=4412"}],"curies":[{"name":"wp","href":"https:\/\/api.w.org\/{rel}","templated":true}]}}