{"id":4414,"date":"2020-03-11T13:13:46","date_gmt":"2020-03-11T10:13:46","guid":{"rendered":"https:\/\/nillsestheticcenter.com\/fr\/?page_id=4414"},"modified":"2020-04-18T08:28:32","modified_gmt":"2020-04-18T05:28:32","slug":"traitement-de-ladn-de-saumon","status":"publish","type":"page","link":"https:\/\/nillsestheticcenter.com\/fr\/traitement-de-ladn-de-saumon\/","title":{"rendered":"Traitement de l&#8217;ADN de saumon"},"content":{"rendered":"\t\t<div data-elementor-type=\"wp-post\" data-elementor-id=\"4414\" class=\"elementor elementor-4414\" data-elementor-settings=\"[]\">\n\t\t\t<div class=\"elementor-inner\">\n\t\t\t\t<div class=\"elementor-section-wrap\">\n\t\t\t\t\t\t\t<section class=\"elementor-element elementor-element-d5b672e elementor-section-content-top ov-h elementor-section-boxed elementor-section-height-default elementor-section-height-default elementor-section elementor-top-section\" data-id=\"d5b672e\" data-element_type=\"section\" data-settings=\"{&quot;ekit_section_parallax_multi&quot;:&quot;yes&quot;,&quot;ekit_section_parallax_multi_items&quot;:[{&quot;parallax_style&quot;:&quot;onscroll&quot;,&quot;item_source&quot;:&quot;image&quot;,&quot;image&quot;:{&quot;url&quot;:&quot;https:\\\/\\\/nillsestheticcenter.com\\\/fr\\\/wp-content\\\/uploads\\\/2019\\\/09\\\/about-info-bg-left.png&quot;,&quot;id&quot;:1722},&quot;shape&quot;:null,&quot;shape_color&quot;:null,&quot;width_type&quot;:&quot;&quot;,&quot;width_type_tablet&quot;:&quot;&quot;,&quot;width_type_mobile&quot;:&quot;&quot;,&quot;custom_width&quot;:null,&quot;custom_width_tablet&quot;:null,&quot;custom_width_mobile&quot;:null,&quot;source_rotate&quot;:{&quot;unit&quot;:&quot;deg&quot;,&quot;size&quot;:0,&quot;sizes&quot;:[]},&quot;source_rotate_tablet&quot;:{&quot;unit&quot;:&quot;px&quot;,&quot;size&quot;:&quot;&quot;,&quot;sizes&quot;:[]},&quot;source_rotate_mobile&quot;:{&quot;unit&quot;:&quot;px&quot;,&quot;size&quot;:&quot;&quot;,&quot;sizes&quot;:[]},&quot;pos_x&quot;:{&quot;unit&quot;:&quot;%&quot;,&quot;size&quot;:0,&quot;sizes&quot;:[]},&quot;pos_x_tablet&quot;:{&quot;unit&quot;:&quot;px&quot;,&quot;size&quot;:&quot;&quot;,&quot;sizes&quot;:[]},&quot;pos_x_mobile&quot;:{&quot;unit&quot;:&quot;px&quot;,&quot;size&quot;:&quot;&quot;,&quot;sizes&quot;:[]},&quot;pos_y&quot;:{&quot;unit&quot;:&quot;%&quot;,&quot;size&quot;:0,&quot;sizes&quot;:[]},&quot;pos_y_tablet&quot;:{&quot;unit&quot;:&quot;px&quot;,&quot;size&quot;:&quot;&quot;,&quot;sizes&quot;:[]},&quot;pos_y_mobile&quot;:{&quot;unit&quot;:&quot;px&quot;,&quot;size&quot;:&quot;&quot;,&quot;sizes&quot;:[]},&quot;animation&quot;:null,&quot;animation_tablet&quot;:null,&quot;animation_mobile&quot;:null,&quot;item_opacity&quot;:&quot;1&quot;,&quot;animation_speed&quot;:null,&quot;animation_iteration_count&quot;:null,&quot;animation_direction&quot;:null,&quot;parallax_speed&quot;:null,&quot;parallax_transform&quot;:&quot;translateY&quot;,&quot;parallax_transform_value&quot;:&quot;250&quot;,&quot;smoothness&quot;:&quot;700&quot;,&quot;offsettop&quot;:&quot;0&quot;,&quot;offsetbottom&quot;:&quot;0&quot;,&quot;maxtilt&quot;:null,&quot;scale&quot;:null,&quot;disableaxis&quot;:null,&quot;zindex&quot;:0,&quot;_id&quot;:&quot;3eee3c3&quot;,&quot;parallax_blur_effect&quot;:{&quot;unit&quot;:&quot;px&quot;,&quot;size&quot;:0,&quot;sizes&quot;:[]},&quot;parallax_blur_effect_tablet&quot;:{&quot;unit&quot;:&quot;px&quot;,&quot;size&quot;:&quot;&quot;,&quot;sizes&quot;:[]},&quot;parallax_blur_effect_mobile&quot;:{&quot;unit&quot;:&quot;px&quot;,&quot;size&quot;:&quot;&quot;,&quot;sizes&quot;:[]}},{&quot;parallax_style&quot;:&quot;onscroll&quot;,&quot;item_source&quot;:&quot;image&quot;,&quot;image&quot;:{&quot;url&quot;:&quot;https:\\\/\\\/nillsestheticcenter.com\\\/fr\\\/wp-content\\\/uploads\\\/2019\\\/09\\\/about-info-bg-right.png&quot;,&quot;id&quot;:1721},&quot;shape&quot;:null,&quot;shape_color&quot;:null,&quot;width_type&quot;:&quot;&quot;,&quot;width_type_tablet&quot;:&quot;&quot;,&quot;width_type_mobile&quot;:&quot;&quot;,&quot;custom_width&quot;:null,&quot;custom_width_tablet&quot;:null,&quot;custom_width_mobile&quot;:null,&quot;source_rotate&quot;:{&quot;unit&quot;:&quot;deg&quot;,&quot;size&quot;:0,&quot;sizes&quot;:[]},&quot;source_rotate_tablet&quot;:{&quot;unit&quot;:&quot;px&quot;,&quot;size&quot;:&quot;&quot;,&quot;sizes&quot;:[]},&quot;source_rotate_mobile&quot;:{&quot;unit&quot;:&quot;px&quot;,&quot;size&quot;:&quot;&quot;,&quot;sizes&quot;:[]},&quot;pos_x&quot;:{&quot;unit&quot;:&quot;%&quot;,&quot;size&quot;:90,&quot;sizes&quot;:[]},&quot;pos_x_tablet&quot;:{&quot;unit&quot;:&quot;px&quot;,&quot;size&quot;:&quot;&quot;,&quot;sizes&quot;:[]},&quot;pos_x_mobile&quot;:{&quot;unit&quot;:&quot;px&quot;,&quot;size&quot;:&quot;&quot;,&quot;sizes&quot;:[]},&quot;pos_y&quot;:{&quot;unit&quot;:&quot;px&quot;,&quot;size&quot;:-120,&quot;sizes&quot;:[]},&quot;pos_y_tablet&quot;:{&quot;unit&quot;:&quot;px&quot;,&quot;size&quot;:&quot;&quot;,&quot;sizes&quot;:[]},&quot;pos_y_mobile&quot;:{&quot;unit&quot;:&quot;px&quot;,&quot;size&quot;:&quot;&quot;,&quot;sizes&quot;:[]},&quot;animation&quot;:null,&quot;animation_tablet&quot;:null,&quot;animation_mobile&quot;:null,&quot;item_opacity&quot;:&quot;1&quot;,&quot;animation_speed&quot;:null,&quot;animation_iteration_count&quot;:null,&quot;animation_direction&quot;:null,&quot;parallax_speed&quot;:null,&quot;parallax_transform&quot;:&quot;translateY&quot;,&quot;parallax_transform_value&quot;:&quot;250&quot;,&quot;smoothness&quot;:&quot;700&quot;,&quot;offsettop&quot;:&quot;0&quot;,&quot;offsetbottom&quot;:&quot;0&quot;,&quot;maxtilt&quot;:null,&quot;scale&quot;:null,&quot;disableaxis&quot;:null,&quot;zindex&quot;:0,&quot;_id&quot;:&quot;44a7be1&quot;,&quot;parallax_blur_effect&quot;:{&quot;unit&quot;:&quot;px&quot;,&quot;size&quot;:0,&quot;sizes&quot;:[]},&quot;parallax_blur_effect_tablet&quot;:{&quot;unit&quot;:&quot;px&quot;,&quot;size&quot;:&quot;&quot;,&quot;sizes&quot;:[]},&quot;parallax_blur_effect_mobile&quot;:{&quot;unit&quot;:&quot;px&quot;,&quot;size&quot;:&quot;&quot;,&quot;sizes&quot;:[]}}]}\">\n\t\t\t\t\t\t<div class=\"elementor-container elementor-column-gap-default\">\n\t\t\t\t<div class=\"elementor-row\">\n\t\t\t\t<div class=\"elementor-element elementor-element-ac65cc9 elementor-invisible elementor-column elementor-col-100 elementor-top-column\" data-id=\"ac65cc9\" data-element_type=\"column\" data-settings=\"{&quot;animation&quot;:&quot;fadeInUp&quot;,&quot;animation_delay&quot;:300}\">\n\t\t\t<div class=\"elementor-column-wrap  elementor-element-populated\">\n\t\t\t\t\t<div class=\"elementor-widget-wrap\">\n\t\t\t\t<div class=\"elementor-element elementor-element-65a4666 elementor-widget elementor-widget-heading\" data-id=\"65a4666\" data-element_type=\"widget\" data-widget_type=\"heading.default\">\n\t\t\t\t<div class=\"elementor-widget-container\">\n\t\t\t<h2 class=\"elementor-heading-title elementor-size-default\">Traitement de l'ADN de saumon\n<\/h2>\t\t<\/div>\n\t\t\t\t<\/div>\n\t\t\t\t<div class=\"elementor-element elementor-element-27da09d short_desc elementor-widget elementor-widget-text-editor\" data-id=\"27da09d\" data-element_type=\"widget\" data-widget_type=\"text-editor.default\">\n\t\t\t\t<div class=\"elementor-widget-container\">\n\t\t\t\t\t<div class=\"elementor-text-editor elementor-clearfix\"><p>Notre peau vieillit en raison des facteurs environnementaux et du temps. En cons\u00e9quence, il semble plus terne et plus sec et perd de son \u00e9lasticit\u00e9. Les rides, le jaunissement et la p\u00e2leur deviennent plus visibles. Les recherches montrent que la cause fondamentale de ces sympt\u00f4mes est la diminution du taux de prot\u00e9ines dans la peau. L\u2019ADN du saumon est l\u2019une des meilleures sources qui composent les prot\u00e9ines de la peau en raison de sa ressemblance avec l\u2019ADN humain. L\u2019ADN de saumon est tr\u00e8s efficace pour la r\u00e9cup\u00e9ration de l\u2019humidit\u00e9 d\u00e9gressive de la peau gr\u00e2ce \u00e0 sa capacit\u00e9 de r\u00e9tention de l\u2019humidit\u00e9 qui est mille fois plus volumineuse. Le vaccin \u00e0 base d\u2019ADN de saumon aide la peau \u00e0 retrouver son hydratation d\u00e9gressive et agit comme un m\u00e9canisme de d\u00e9fense contre les effets du vieillissement. Le vaccin consiste en un s\u00e9rum de lait de saumon appliqu\u00e9 par injection hypodermique. Le vaccin \u00e0 base d\u2019ADN de saumon renverse les effets du vieillissement et r\u00e9g\u00e9n\u00e8re la peau naturellement.<\/p><p>Qu\u2019est-ce que l\u2019ADN du saumon ?<br \/>L\u2019ADN du saumon est une substance appel\u00e9e polynucl\u00e9otide qui soutient la cytogen\u00e8se. Il est obtenu \u00e0 partir de saumon et est utilis\u00e9 pour la r\u00e9g\u00e9n\u00e9ration de la peau.<\/p><p>Comment l\u2019ADN du saumon est-il vaccin\u00e9 ?<br \/>Avant la vaccination, une cr\u00e8me anesth\u00e9sique locale est appliqu\u00e9e sur la peau nettoy\u00e9e. Apr\u00e8s avoir attendu 20 minutes, l\u2019ADN de saumon est inject\u00e9 dans le m\u00e9soderme \u00e0 faible dose.<\/p><p>Combien de temps dure le processus de vaccination ?<br \/>Cela prend environ 10 ou 20 minutes. Il est \u00e9galement possible que l\u2019injection soit faite en conjonction avec un traitement \u00e0 la LED. Les meilleurs r\u00e9sultats sont obtenus lorsque le patient re\u00e7oit ce traitement 3 ou 6 fois selon ses besoins. Si ce traitement est appliqu\u00e9 deux fois par an sous forme de cure, les r\u00e9sultats obtenus deviennent permanents et plus efficaces.<\/p><p>Comment fonctionne le vaccin ADN saumon ?<br \/>L\u2019ADN de saumon r\u00e9g\u00e9n\u00e8re les cellules et augmente le collag\u00e8ne et les fibres \u00e9lastiques afin d\u2019emp\u00eacher l\u2019affaissement de la peau. Il r\u00e9duit les plis sur la peau et la perte d\u2019\u00e9lasticit\u00e9.<\/p><p>\u00c0 quelle fr\u00e9quence le traitement par le vaccin Salmon DNA doit-il \u00eatre re\u00e7u ?<br \/>La fr\u00e9quence du traitement est d\u00e9termin\u00e9e en fonction des besoins de la peau du patient. Il est administr\u00e9 toutes les 1 ou 3 semaines en 1 ou 5 s\u00e9ances au total.<\/p><p>Y aura-t-il des r\u00e9sultats pouvant affecter n\u00e9gativement la vie des affaires et la vie sociale ?<br \/>Le patient peut continuer sa vie sociale et professionnelle apr\u00e8s avoir re\u00e7u le traitement. Des rougeurs et des taches pourpres caus\u00e9es par des aiguilles peuvent \u00eatre observ\u00e9es sur la peau, mais elles peuvent toutes \u00eatre recouvertes de produits cosm\u00e9tiques.<\/p><p>Le traitement vaccinal ADN Salmon peut-il \u00eatre re\u00e7u en m\u00eame temps que les autres applications esth\u00e9tiques et anti-\u00e2ge ?<br \/>Des r\u00e9sultats plus satisfaisants peuvent \u00eatre obtenus si ce traitement est re\u00e7u en association avec un laser et une radiofr\u00e9quence. Il \u00e9vite l\u2019affaissement et la formation de plis, m\u00eame s\u2019il est re\u00e7u en m\u00eame temps que des remplissages esth\u00e9tiques.<\/p><p>Qui ne peut recevoir le traitement vaccinal \u00e0 l\u2019ADN du saumon ?<br \/>Le traitement vaccinal \u00e0 l\u2019ADN du saumon ne provoque donc pas de r\u00e9actions allergiques ; il fait appel \u00e0 presque tout le monde. Il est d\u00e9conseill\u00e9 de l\u2019utiliser chez les femmes enceintes et \/ ou atteintes de diab\u00e8te, d\u2019embolie, de paralysie, de troubles de la coagulation.<\/p><\/div>\n\t\t\t\t<\/div>\n\t\t\t\t<\/div>\n\t\t\t\t\t\t<\/div>\n\t\t\t<\/div>\n\t\t<\/div>\n\t\t\t\t\t\t<\/div>\n\t\t\t<\/div>\n\t\t<\/section>\n\t\t\t\t\t\t<\/div>\n\t\t\t<\/div>\n\t\t<\/div>\n\t\t","protected":false},"excerpt":{"rendered":"<p>Traitement de l&#8217;ADN de saumon Notre peau vieillit en raison des facteurs environnementaux et du temps. En cons\u00e9quence, il semble plus terne et plus sec et perd de son \u00e9lasticit\u00e9. Les rides, le jaunissement et la p\u00e2leur deviennent plus visibles. Les recherches montrent que la cause fondamentale de ces sympt\u00f4mes est la diminution du taux [&hellip;]<\/p>\n","protected":false},"author":2,"featured_media":0,"parent":0,"menu_order":0,"comment_status":"closed","ping_status":"closed","template":"template\/template-page.php","meta":{"footnotes":""},"class_list":["post-4414","page","type-page","status-publish","hentry"],"yoast_head":"<!-- This site is optimized with the Yoast SEO plugin v26.6 - https:\/\/yoast.com\/wordpress\/plugins\/seo\/ -->\n<title>Traitement de l&#039;ADN de saumon | Nills Aesthetic<\/title>\n<meta name=\"robots\" content=\"index, follow, max-snippet:-1, max-image-preview:large, max-video-preview:-1\" \/>\n<link rel=\"canonical\" href=\"https:\/\/nillsestheticcenter.com\/fr\/traitement-de-ladn-de-saumon\/\" \/>\n<meta property=\"og:locale\" content=\"tr_TR\" \/>\n<meta property=\"og:type\" content=\"article\" \/>\n<meta property=\"og:title\" content=\"Traitement de l&#039;ADN de saumon | Nills Aesthetic\" \/>\n<meta property=\"og:description\" content=\"Traitement de l&#8217;ADN de saumon Notre peau vieillit en raison des facteurs environnementaux et du temps. En cons\u00e9quence, il semble plus terne et plus sec et perd de son \u00e9lasticit\u00e9. Les rides, le jaunissement et la p\u00e2leur deviennent plus visibles. Les recherches montrent que la cause fondamentale de ces sympt\u00f4mes est la diminution du taux [&hellip;]\" \/>\n<meta property=\"og:url\" content=\"https:\/\/nillsestheticcenter.com\/fr\/traitement-de-ladn-de-saumon\/\" \/>\n<meta property=\"og:site_name\" content=\"Nills Aesthetic\" \/>\n<meta property=\"article:modified_time\" content=\"2020-04-18T05:28:32+00:00\" \/>\n<meta name=\"twitter:card\" content=\"summary_large_image\" \/>\n<meta name=\"twitter:label1\" content=\"Tahmini okuma s\u00fcresi\" \/>\n\t<meta name=\"twitter:data1\" content=\"3 dakika\" \/>\n<script type=\"application\/ld+json\" class=\"yoast-schema-graph\">{\"@context\":\"https:\/\/schema.org\",\"@graph\":[{\"@type\":\"WebPage\",\"@id\":\"https:\/\/nillsestheticcenter.com\/fr\/traitement-de-ladn-de-saumon\/\",\"url\":\"https:\/\/nillsestheticcenter.com\/fr\/traitement-de-ladn-de-saumon\/\",\"name\":\"Traitement de l'ADN de saumon | Nills Aesthetic\",\"isPartOf\":{\"@id\":\"https:\/\/nillsestheticcenter.com\/fr\/#website\"},\"datePublished\":\"2020-03-11T10:13:46+00:00\",\"dateModified\":\"2020-04-18T05:28:32+00:00\",\"breadcrumb\":{\"@id\":\"https:\/\/nillsestheticcenter.com\/fr\/traitement-de-ladn-de-saumon\/#breadcrumb\"},\"inLanguage\":\"tr\",\"potentialAction\":[{\"@type\":\"ReadAction\",\"target\":[\"https:\/\/nillsestheticcenter.com\/fr\/traitement-de-ladn-de-saumon\/\"]}]},{\"@type\":\"BreadcrumbList\",\"@id\":\"https:\/\/nillsestheticcenter.com\/fr\/traitement-de-ladn-de-saumon\/#breadcrumb\",\"itemListElement\":[{\"@type\":\"ListItem\",\"position\":1,\"name\":\"Home\",\"item\":\"https:\/\/nillsestheticcenter.com\/fr\/\"},{\"@type\":\"ListItem\",\"position\":2,\"name\":\"Traitement de l&#8217;ADN de saumon\"}]},{\"@type\":\"WebSite\",\"@id\":\"https:\/\/nillsestheticcenter.com\/fr\/#website\",\"url\":\"https:\/\/nillsestheticcenter.com\/fr\/\",\"name\":\"Nills Aesthetic\",\"description\":\"\",\"publisher\":{\"@id\":\"https:\/\/nillsestheticcenter.com\/fr\/#organization\"},\"potentialAction\":[{\"@type\":\"SearchAction\",\"target\":{\"@type\":\"EntryPoint\",\"urlTemplate\":\"https:\/\/nillsestheticcenter.com\/fr\/?s={search_term_string}\"},\"query-input\":{\"@type\":\"PropertyValueSpecification\",\"valueRequired\":true,\"valueName\":\"search_term_string\"}}],\"inLanguage\":\"tr\"},{\"@type\":\"Organization\",\"@id\":\"https:\/\/nillsestheticcenter.com\/fr\/#organization\",\"name\":\"Nills Aesthetic\",\"url\":\"https:\/\/nillsestheticcenter.com\/fr\/\",\"logo\":{\"@type\":\"ImageObject\",\"inLanguage\":\"tr\",\"@id\":\"https:\/\/nillsestheticcenter.com\/fr\/#\/schema\/logo\/image\/\",\"url\":\"https:\/\/nillsestheticcenter.com\/fr\/wp-content\/uploads\/2020\/03\/logo.png\",\"contentUrl\":\"https:\/\/nillsestheticcenter.com\/fr\/wp-content\/uploads\/2020\/03\/logo.png\",\"width\":267,\"height\":93,\"caption\":\"Nills Aesthetic\"},\"image\":{\"@id\":\"https:\/\/nillsestheticcenter.com\/fr\/#\/schema\/logo\/image\/\"}}]}<\/script>\n<!-- \/ Yoast SEO plugin. -->","yoast_head_json":{"title":"Traitement de l'ADN de saumon | Nills Aesthetic","robots":{"index":"index","follow":"follow","max-snippet":"max-snippet:-1","max-image-preview":"max-image-preview:large","max-video-preview":"max-video-preview:-1"},"canonical":"https:\/\/nillsestheticcenter.com\/fr\/traitement-de-ladn-de-saumon\/","og_locale":"tr_TR","og_type":"article","og_title":"Traitement de l'ADN de saumon | Nills Aesthetic","og_description":"Traitement de l&#8217;ADN de saumon Notre peau vieillit en raison des facteurs environnementaux et du temps. En cons\u00e9quence, il semble plus terne et plus sec et perd de son \u00e9lasticit\u00e9. Les rides, le jaunissement et la p\u00e2leur deviennent plus visibles. Les recherches montrent que la cause fondamentale de ces sympt\u00f4mes est la diminution du taux [&hellip;]","og_url":"https:\/\/nillsestheticcenter.com\/fr\/traitement-de-ladn-de-saumon\/","og_site_name":"Nills Aesthetic","article_modified_time":"2020-04-18T05:28:32+00:00","twitter_card":"summary_large_image","twitter_misc":{"Tahmini okuma s\u00fcresi":"3 dakika"},"schema":{"@context":"https:\/\/schema.org","@graph":[{"@type":"WebPage","@id":"https:\/\/nillsestheticcenter.com\/fr\/traitement-de-ladn-de-saumon\/","url":"https:\/\/nillsestheticcenter.com\/fr\/traitement-de-ladn-de-saumon\/","name":"Traitement de l'ADN de saumon | Nills Aesthetic","isPartOf":{"@id":"https:\/\/nillsestheticcenter.com\/fr\/#website"},"datePublished":"2020-03-11T10:13:46+00:00","dateModified":"2020-04-18T05:28:32+00:00","breadcrumb":{"@id":"https:\/\/nillsestheticcenter.com\/fr\/traitement-de-ladn-de-saumon\/#breadcrumb"},"inLanguage":"tr","potentialAction":[{"@type":"ReadAction","target":["https:\/\/nillsestheticcenter.com\/fr\/traitement-de-ladn-de-saumon\/"]}]},{"@type":"BreadcrumbList","@id":"https:\/\/nillsestheticcenter.com\/fr\/traitement-de-ladn-de-saumon\/#breadcrumb","itemListElement":[{"@type":"ListItem","position":1,"name":"Home","item":"https:\/\/nillsestheticcenter.com\/fr\/"},{"@type":"ListItem","position":2,"name":"Traitement de l&#8217;ADN de saumon"}]},{"@type":"WebSite","@id":"https:\/\/nillsestheticcenter.com\/fr\/#website","url":"https:\/\/nillsestheticcenter.com\/fr\/","name":"Nills Aesthetic","description":"","publisher":{"@id":"https:\/\/nillsestheticcenter.com\/fr\/#organization"},"potentialAction":[{"@type":"SearchAction","target":{"@type":"EntryPoint","urlTemplate":"https:\/\/nillsestheticcenter.com\/fr\/?s={search_term_string}"},"query-input":{"@type":"PropertyValueSpecification","valueRequired":true,"valueName":"search_term_string"}}],"inLanguage":"tr"},{"@type":"Organization","@id":"https:\/\/nillsestheticcenter.com\/fr\/#organization","name":"Nills Aesthetic","url":"https:\/\/nillsestheticcenter.com\/fr\/","logo":{"@type":"ImageObject","inLanguage":"tr","@id":"https:\/\/nillsestheticcenter.com\/fr\/#\/schema\/logo\/image\/","url":"https:\/\/nillsestheticcenter.com\/fr\/wp-content\/uploads\/2020\/03\/logo.png","contentUrl":"https:\/\/nillsestheticcenter.com\/fr\/wp-content\/uploads\/2020\/03\/logo.png","width":267,"height":93,"caption":"Nills Aesthetic"},"image":{"@id":"https:\/\/nillsestheticcenter.com\/fr\/#\/schema\/logo\/image\/"}}]}},"_links":{"self":[{"href":"https:\/\/nillsestheticcenter.com\/fr\/wp-json\/wp\/v2\/pages\/4414","targetHints":{"allow":["GET"]}}],"collection":[{"href":"https:\/\/nillsestheticcenter.com\/fr\/wp-json\/wp\/v2\/pages"}],"about":[{"href":"https:\/\/nillsestheticcenter.com\/fr\/wp-json\/wp\/v2\/types\/page"}],"author":[{"embeddable":true,"href":"https:\/\/nillsestheticcenter.com\/fr\/wp-json\/wp\/v2\/users\/2"}],"replies":[{"embeddable":true,"href":"https:\/\/nillsestheticcenter.com\/fr\/wp-json\/wp\/v2\/comments?post=4414"}],"version-history":[{"count":7,"href":"https:\/\/nillsestheticcenter.com\/fr\/wp-json\/wp\/v2\/pages\/4414\/revisions"}],"predecessor-version":[{"id":5124,"href":"https:\/\/nillsestheticcenter.com\/fr\/wp-json\/wp\/v2\/pages\/4414\/revisions\/5124"}],"wp:attachment":[{"href":"https:\/\/nillsestheticcenter.com\/fr\/wp-json\/wp\/v2\/media?parent=4414"}],"curies":[{"name":"wp","href":"https:\/\/api.w.org\/{rel}","templated":true}]}}